{"id":2108,"date":"2017-12-30T21:01:45","date_gmt":"2017-12-30T21:01:45","guid":{"rendered":"http:\/\/biblian.is\/biblian\/s%c2%87lmarnir-13-kafli\/"},"modified":"2020-05-30T18:12:27","modified_gmt":"2020-05-30T18:12:27","slug":"salmarnir-13-kafli","status":"publish","type":"page","link":"https:\/\/biblian.is\/biblian\/salmarnir-13-kafli\/","title":{"rendered":"S\u00e1lmarnir 13. kafli"},"content":{"rendered":"<p><a name=\"1\"><span class=\"versanumer_2007\">1<\/span><\/a> Til s\u00f6ngstj\u00f3rans. Dav\u00ed\u00f0ss\u00e1lmur.<br \/> <span class=\"ljodatexti\"> <a name=\"2\"><span class=\"versanumer_ljod\">2<\/span><\/a>Hve lengi, Drottinn, \u00e6tlar \u00fe\u00fa a\u00f0 gleyma m\u00e9r me\u00f0 \u00f6llu?<br \/>Hve lengi \u00e6tlar \u00fe\u00fa a\u00f0 hylja auglit \u00feitt fyrir m\u00e9r?<br \/> <\/span> <span class=\"ljodatexti\"> <a name=\"3\"><span class=\"versanumer_ljod\">3<\/span><\/a>Hve lengi \u00e1 \u00e9g a\u00f0 hafa beyg \u00ed brj\u00f3sti,<br \/>sorg \u00ed hjarta dag fr\u00e1 degi?<br \/>Hve lengi \u00e1 fjandma\u00f0ur minn a\u00f0 hr\u00f3sa sigri yfir m\u00e9r?<br \/> <\/span> <span class=\"ljodatexti\"> <a name=\"4\"><span class=\"versanumer_ljod\">4<\/span><\/a>L\u00edt til m\u00edn, svara m\u00e9r, Drottinn, Gu\u00f0 minn.<br \/>Tendra lj\u00f3s augna minna <br \/>svo a\u00f0 \u00e9g sofni ekki svefni dau\u00f0ans<br \/> <\/span> <span class=\"ljodatexti\"> <a name=\"5\"><span class=\"versanumer_ljod\">5<\/span><\/a>og fjandma\u00f0ur minn geti ekki sagt: \u201e\u00c9g hef sigrast \u00e1 honum,\u201c<br \/>og \u00f3vinir m\u00ednir fagni ekki yfir \u00fev\u00ed a\u00f0 m\u00e9r skrika\u00f0i f\u00f3tur. <br \/> <\/span> <span class=\"ljodatexti\"> <a name=\"6\"><span class=\"versanumer_ljod\">6<\/span><\/a>\u00c9g treysti g\u00e6sku \u00feinni, hjarta mitt gle\u00f0st yfir hj\u00e1lp \u00feinni.<br \/>\u00c9g vil syngja Drottni lof<br \/>\u00fev\u00ed a\u00f0 hann hefur gert vel til m\u00edn. <\/span> <\/p>\n","protected":false},"excerpt":{"rendered":"<p>1 Til s\u00f6ngstj\u00f3rans. Dav\u00ed\u00f0ss\u00e1lmur. 2Hve lengi, Drottinn, \u00e6tlar \u00fe\u00fa a\u00f0 gleyma m\u00e9r me\u00f0 \u00f6llu?Hve lengi \u00e6tlar \u00fe\u00fa a\u00f0 hylja auglit \u00feitt fyrir m\u00e9r? 3Hve lengi \u00e1 \u00e9g a\u00f0 hafa beyg \u00ed brj\u00f3sti,sorg \u00ed hjarta dag fr\u00e1 degi?Hve lengi \u00e1 fjandma\u00f0ur minn a\u00f0 hr\u00f3sa sigri yfir m\u00e9r? 4L\u00edt til m\u00edn, svara m\u00e9r, Drottinn, Gu\u00f0 minn.Tendra lj\u00f3s augna minna svo a\u00f0 \u00e9g sofni ekki svefni dau\u00f0ans 5og fjandma\u00f0ur minn geti ekki sagt: \u201e\u00c9g hef sigrast \u00e1 honum,\u201cog \u00f3vinir m\u00ednir fagni ekki yfir \u00fev\u00ed a\u00f0 m\u00e9r skrika\u00f0i f\u00f3tur. 6\u00c9g treysti g\u00e6sku \u00feinni, hjarta mitt gle\u00f0st yfir hj\u00e1lp \u00feinni.\u00c9g vil syngja Drottni lof\u00fev\u00ed a\u00f0 <a href=\"https:\/\/biblian.is\/biblian\/salmarnir-13-kafli\/\"> [&#8230;]<\/a><\/p>\n","protected":false},"author":1,"featured_media":0,"parent":0,"menu_order":0,"comment_status":"open","ping_status":"open","template":"bibliukaflar_salmarnir.php","meta":{"footnotes":""},"class_list":["post-2108","page","type-page","status-publish","hentry"],"_links":{"self":[{"href":"https:\/\/biblian.is\/biblian\/wp-json\/wp\/v2\/pages\/2108","targetHints":{"allow":["GET"]}}],"collection":[{"href":"https:\/\/biblian.is\/biblian\/wp-json\/wp\/v2\/pages"}],"about":[{"href":"https:\/\/biblian.is\/biblian\/wp-json\/wp\/v2\/types\/page"}],"author":[{"embeddable":true,"href":"https:\/\/biblian.is\/biblian\/wp-json\/wp\/v2\/users\/1"}],"replies":[{"embeddable":true,"href":"https:\/\/biblian.is\/biblian\/wp-json\/wp\/v2\/comments?post=2108"}],"version-history":[{"count":0,"href":"https:\/\/biblian.is\/biblian\/wp-json\/wp\/v2\/pages\/2108\/revisions"}],"wp:attachment":[{"href":"https:\/\/biblian.is\/biblian\/wp-json\/wp\/v2\/media?parent=2108"}],"curies":[{"name":"wp","href":"https:\/\/api.w.org\/{rel}","templated":true}]}}