{"id":2107,"date":"2017-12-30T21:01:45","date_gmt":"2017-12-30T21:01:45","guid":{"rendered":"http:\/\/biblian.is\/biblian\/s%c2%87lmarnir-12-kafli\/"},"modified":"2020-05-30T18:12:25","modified_gmt":"2020-05-30T18:12:25","slug":"salmarnir-12-kafli","status":"publish","type":"page","link":"https:\/\/biblian.is\/biblian\/salmarnir-12-kafli\/","title":{"rendered":"S\u00e1lmarnir 12. kafli"},"content":{"rendered":"<p><a name=\"1\"><span class=\"versanumer_2007\">1<\/span><\/a> Til s\u00f6ngstj\u00f3rans. \u00c1 \u00e1ttstrengja\u00f0 hlj\u00f3\u00f0f\u00e6ri. Dav\u00ed\u00f0ss\u00e1lmur.<br \/> <span class=\"ljodatexti\"> <a name=\"2\"><span class=\"versanumer_ljod\">2<\/span><\/a>Hj\u00e1lpa \u00fe\u00fa, Drottinn, \u00fev\u00ed a\u00f0 hinir gu\u00f0r\u00e6knu eru \u00e1 brott,<br \/>trygg\u00f0in er horfin fr\u00e1 m\u00f6nnum.<br \/> <\/span> <span class=\"ljodatexti\"> <a name=\"3\"><span class=\"versanumer_ljod\">3<\/span><\/a>\u00deeir lj\u00faga hver a\u00f0 \u00f6\u00f0rum,<br \/>me\u00f0 svik \u00ed munni og fals \u00ed hjarta tala \u00feeir.<br \/> <\/span> <span class=\"ljodatexti\"> <a name=\"4\"><span class=\"versanumer_ljod\">4<\/span><\/a>Drottinn ey\u00f0i \u00f6llum svikulum v\u00f6rum,<br \/>hverri tungu sem fer me\u00f0 g\u00edfuryr\u00f0i,<br \/> <\/span> <span class=\"ljodatexti\"> <a name=\"5\"><span class=\"versanumer_ljod\">5<\/span><\/a>\u00feeim sem segja: \u201eTungan veitir oss styrk, <br \/>varirnar eru afl vort, hver drottnar yfir oss?\u201c<br \/> <\/span> <span class=\"ljodatexti\"> <a name=\"6\"><span class=\"versanumer_ljod\">6<\/span><\/a>\u201eVegna k\u00fagunar l\u00edtilmagnanna, <br \/>vegna andvarpa hinna f\u00e1t\u00e6ku <br \/>r\u00eds \u00e9g n\u00fa upp,\u201c segir Drottinn,<br \/>\u201eog hj\u00e1lpa \u00feeim sem \u00fejaka\u00f0ir eru.\u201c <br \/> <\/span> <span class=\"ljodatexti\"> <a name=\"7\"><span class=\"versanumer_ljod\">7<\/span><\/a>Or\u00f0 Drottins eru hrein,<br \/>sk\u00edrt silfur, <br \/>sj\u00f6hreinsa\u00f0 gull.<br \/> <\/span> <span class=\"ljodatexti\"> <a name=\"8\"><span class=\"versanumer_ljod\">8<\/span><\/a>\u00de\u00fa, Drottinn, munt vernda oss, <br \/>\u00fe\u00fa var\u00f0veitir oss a\u00f0 eil\u00edfu fyrir \u00feessari kynsl\u00f3\u00f0 <br \/> <\/span> <span class=\"ljodatexti\"> <a name=\"9\"><span class=\"versanumer_ljod\">9<\/span><\/a>\u00fear sem gu\u00f0lausir reika um<br \/>og l\u00edtilmennska er \u00ed h\u00e1vegum h\u00f6f\u00f0 me\u00f0al manna. <\/span> <\/p>\n","protected":false},"excerpt":{"rendered":"<p>1 Til s\u00f6ngstj\u00f3rans. \u00c1 \u00e1ttstrengja\u00f0 hlj\u00f3\u00f0f\u00e6ri. Dav\u00ed\u00f0ss\u00e1lmur. 2Hj\u00e1lpa \u00fe\u00fa, Drottinn, \u00fev\u00ed a\u00f0 hinir gu\u00f0r\u00e6knu eru \u00e1 brott,trygg\u00f0in er horfin fr\u00e1 m\u00f6nnum. 3\u00deeir lj\u00faga hver a\u00f0 \u00f6\u00f0rum,me\u00f0 svik \u00ed munni og fals \u00ed hjarta tala \u00feeir. 4Drottinn ey\u00f0i \u00f6llum svikulum v\u00f6rum,hverri tungu sem fer me\u00f0 g\u00edfuryr\u00f0i, 5\u00feeim sem segja: \u201eTungan veitir oss styrk, varirnar eru afl vort, hver drottnar yfir oss?\u201c 6\u201eVegna k\u00fagunar l\u00edtilmagnanna, vegna andvarpa hinna f\u00e1t\u00e6ku r\u00eds \u00e9g n\u00fa upp,\u201c segir Drottinn,\u201eog hj\u00e1lpa \u00feeim sem \u00fejaka\u00f0ir eru.\u201c 7Or\u00f0 Drottins eru hrein,sk\u00edrt silfur, sj\u00f6hreinsa\u00f0 gull. 8\u00de\u00fa, Drottinn, munt vernda oss, \u00fe\u00fa var\u00f0veitir oss a\u00f0 eil\u00edfu fyrir \u00feessari kynsl\u00f3\u00f0 9\u00fear sem <a href=\"https:\/\/biblian.is\/biblian\/salmarnir-12-kafli\/\"> [&#8230;]<\/a><\/p>\n","protected":false},"author":1,"featured_media":0,"parent":0,"menu_order":0,"comment_status":"open","ping_status":"open","template":"bibliukaflar_salmarnir.php","meta":{"footnotes":""},"class_list":["post-2107","page","type-page","status-publish","hentry"],"_links":{"self":[{"href":"https:\/\/biblian.is\/biblian\/wp-json\/wp\/v2\/pages\/2107","targetHints":{"allow":["GET"]}}],"collection":[{"href":"https:\/\/biblian.is\/biblian\/wp-json\/wp\/v2\/pages"}],"about":[{"href":"https:\/\/biblian.is\/biblian\/wp-json\/wp\/v2\/types\/page"}],"author":[{"embeddable":true,"href":"https:\/\/biblian.is\/biblian\/wp-json\/wp\/v2\/users\/1"}],"replies":[{"embeddable":true,"href":"https:\/\/biblian.is\/biblian\/wp-json\/wp\/v2\/comments?post=2107"}],"version-history":[{"count":0,"href":"https:\/\/biblian.is\/biblian\/wp-json\/wp\/v2\/pages\/2107\/revisions"}],"wp:attachment":[{"href":"https:\/\/biblian.is\/biblian\/wp-json\/wp\/v2\/media?parent=2107"}],"curies":[{"name":"wp","href":"https:\/\/api.w.org\/{rel}","templated":true}]}}