{"id":2106,"date":"2017-12-30T21:01:45","date_gmt":"2017-12-30T21:01:45","guid":{"rendered":"http:\/\/biblian.is\/biblian\/s%c2%87lmarnir-11-kafli\/"},"modified":"2020-05-30T18:12:23","modified_gmt":"2020-05-30T18:12:23","slug":"salmarnir-11-kafli","status":"publish","type":"page","link":"https:\/\/biblian.is\/biblian\/salmarnir-11-kafli\/","title":{"rendered":"S\u00e1lmarnir 11. kafli"},"content":{"rendered":"<p><a name=\"1\"><span class=\"versanumer_2007\">1<\/span><\/a> Til s\u00f6ngstj\u00f3rans. Dav\u00ed\u00f0ss\u00e1lmur.<br \/> <span class=\"ljodatexti\"> Hj\u00e1 Drottni leita \u00e9g h\u00e6lis,<br \/>hvernig geti\u00f0 \u00fe\u00e9r sagt vi\u00f0 mig:<br \/>\u201eFlj\u00fag\u00f0u sem fugl til fjalla.\u201c<br \/> <\/span> <span class=\"ljodatexti\"> <a name=\"2\"><span class=\"versanumer_ljod\">2<\/span><\/a>Sj\u00e1, hinir \u00f3gu\u00f0legu hafa spennt boga,<br \/>lagt \u00f6rvar \u00e1 streng til a\u00f0 h\u00e6fa hina hjartahreinu \u00ed skj\u00f3li myrkurs.<br \/> <a name=\"3\"><span class=\"versanumer_ljod\">3<\/span><\/a>S\u00e9 grunnurinn brostinn,<br \/>hva\u00f0 megnar \u00fe\u00e1 hinn r\u00e9ttl\u00e1ti?<br \/> <a name=\"4\"><span class=\"versanumer_ljod\">4<\/span><\/a>Drottinn er \u00ed s\u00ednu heilaga musteri,<br \/>h\u00e1s\u00e6ti Drottins er \u00e1 himnum.<br \/>Augu hans sj\u00e1,<br \/>sj\u00f3nir hans reyna mannanna b\u00f6rn.<br \/> <a name=\"5\"><span class=\"versanumer_ljod\">5<\/span><\/a>Drottinn reynir r\u00e9ttl\u00e1tan og rangl\u00e1tan,<br \/>hann hatar \u00feann sem elskar ofr\u00edki.<br \/> <a name=\"6\"><span class=\"versanumer_ljod\">6<\/span><\/a>Yfir \u00f3gu\u00f0lega l\u00e6tur hann rigna gl\u00f3andi kolum;<br \/>eldur, brennisteinn og gl\u00f3\u00f0heitur vindur er hlutskipti \u00feeirra<br \/> <a name=\"7\"><span class=\"versanumer_ljod\">7<\/span><\/a>\u00fev\u00ed a\u00f0 Drottinn er r\u00e9ttl\u00e1tur, hann elskar r\u00e9tta breytni,<br \/>hinn r\u00e1\u00f0vandi f\u00e6r a\u00f0 sj\u00e1 auglit hans. <\/span> <\/p>\n","protected":false},"excerpt":{"rendered":"<p>1 Til s\u00f6ngstj\u00f3rans. Dav\u00ed\u00f0ss\u00e1lmur. Hj\u00e1 Drottni leita \u00e9g h\u00e6lis,hvernig geti\u00f0 \u00fe\u00e9r sagt vi\u00f0 mig:\u201eFlj\u00fag\u00f0u sem fugl til fjalla.\u201c 2Sj\u00e1, hinir \u00f3gu\u00f0legu hafa spennt boga,lagt \u00f6rvar \u00e1 streng til a\u00f0 h\u00e6fa hina hjartahreinu \u00ed skj\u00f3li myrkurs. 3S\u00e9 grunnurinn brostinn,hva\u00f0 megnar \u00fe\u00e1 hinn r\u00e9ttl\u00e1ti? 4Drottinn er \u00ed s\u00ednu heilaga musteri,h\u00e1s\u00e6ti Drottins er \u00e1 himnum.Augu hans sj\u00e1,sj\u00f3nir hans reyna mannanna b\u00f6rn. 5Drottinn reynir r\u00e9ttl\u00e1tan og rangl\u00e1tan,hann hatar \u00feann sem elskar ofr\u00edki. 6Yfir \u00f3gu\u00f0lega l\u00e6tur hann rigna gl\u00f3andi kolum;eldur, brennisteinn og gl\u00f3\u00f0heitur vindur er hlutskipti \u00feeirra 7\u00fev\u00ed a\u00f0 Drottinn er r\u00e9ttl\u00e1tur, hann elskar r\u00e9tta breytni,hinn r\u00e1\u00f0vandi f\u00e6r a\u00f0 sj\u00e1 auglit hans.<\/p>\n","protected":false},"author":1,"featured_media":0,"parent":0,"menu_order":0,"comment_status":"open","ping_status":"open","template":"bibliukaflar_salmarnir.php","meta":{"footnotes":""},"class_list":["post-2106","page","type-page","status-publish","hentry"],"_links":{"self":[{"href":"https:\/\/biblian.is\/biblian\/wp-json\/wp\/v2\/pages\/2106","targetHints":{"allow":["GET"]}}],"collection":[{"href":"https:\/\/biblian.is\/biblian\/wp-json\/wp\/v2\/pages"}],"about":[{"href":"https:\/\/biblian.is\/biblian\/wp-json\/wp\/v2\/types\/page"}],"author":[{"embeddable":true,"href":"https:\/\/biblian.is\/biblian\/wp-json\/wp\/v2\/users\/1"}],"replies":[{"embeddable":true,"href":"https:\/\/biblian.is\/biblian\/wp-json\/wp\/v2\/comments?post=2106"}],"version-history":[{"count":0,"href":"https:\/\/biblian.is\/biblian\/wp-json\/wp\/v2\/pages\/2106\/revisions"}],"wp:attachment":[{"href":"https:\/\/biblian.is\/biblian\/wp-json\/wp\/v2\/media?parent=2106"}],"curies":[{"name":"wp","href":"https:\/\/api.w.org\/{rel}","templated":true}]}}