{"id":2104,"date":"2017-12-30T21:01:45","date_gmt":"2017-12-30T21:01:45","guid":{"rendered":"http:\/\/biblian.is\/biblian\/s%c2%87lmarnir-9-kafli\/"},"modified":"2020-05-30T18:12:51","modified_gmt":"2020-05-30T18:12:51","slug":"salmarnir-9-kafli","status":"publish","type":"page","link":"https:\/\/biblian.is\/biblian\/salmarnir-9-kafli\/","title":{"rendered":"S\u00e1lmarnir 9. kafli"},"content":{"rendered":"<p><a name=\"1\"><span class=\"versanumer_2007\">1<\/span><\/a> Til s\u00f6ngstj\u00f3rans. Alm\u00fat labben.<span class=\"nedan_mal\" title=\"T\u00f3nfr\u00e6\u00f0iheiti, merking \u00f3lj\u00f3s.\">[<\/span> Dav\u00ed\u00f0ss\u00e1lmur.<br \/> <span class=\"ljodatexti\"> <a name=\"2\"><span class=\"versanumer_ljod\">2<\/span><\/a>\u00c9g vil \u00feakka \u00fe\u00e9r, Drottinn, af \u00f6llu hjarta,<br \/>kunngj\u00f6ra \u00f6ll m\u00e1ttarverk \u00fe\u00edn.<br \/> <\/span> <span class=\"ljodatexti\"> <a name=\"3\"><span class=\"versanumer_ljod\">3<\/span><\/a>\u00c9g vil gle\u00f0jast og fagna yfir \u00fe\u00e9r,<br \/>lofsyngja nafni \u00fe\u00ednu, \u00fe\u00fa Hinn h\u00e6sti.<br \/> <\/span> <span class=\"ljodatexti\"> <a name=\"4\"><span class=\"versanumer_ljod\">4<\/span><\/a>\u00deegar fjandmenn m\u00ednir h\u00f6rfu\u00f0u<br \/>hr\u00f6su\u00f0u \u00feeir og f\u00f3rust fyrir augliti \u00fe\u00ednu.<br \/> <\/span> <span class=\"ljodatexti\"> <a name=\"5\"><span class=\"versanumer_ljod\">5<\/span><\/a>\u00de\u00fa l\u00e9st mig n\u00e1 r\u00e9tti m\u00ednum og d\u00e6mdir m\u00e9r \u00ed hag, <br \/>settist \u00ed h\u00e1s\u00e6ti \u00feitt sem r\u00e9ttl\u00e1tur d\u00f3mari.<br \/> <\/span> <span class=\"ljodatexti\"> <a name=\"6\"><span class=\"versanumer_ljod\">6<\/span><\/a>\u00de\u00fa \u00f3gna\u00f0ir \u00fej\u00f3\u00f0um, eyddir \u00f3gu\u00f0legum,<br \/>afm\u00e1\u00f0ir nafn \u00feeirra um aldur og \u00e6vi.<br \/> <\/span> <span class=\"ljodatexti\"> <a name=\"7\"><span class=\"versanumer_ljod\">7<\/span><\/a>Fjandmanninum er eytt, tort\u00edmt a\u00f0 eil\u00edfu,<br \/>\u00fe\u00fa hefur broti\u00f0 borgir, enginn minnist \u00feeirra.<br \/> <\/span> <span class=\"ljodatexti\"> <a name=\"8\"><span class=\"versanumer_ljod\">8<\/span><\/a>Drottinn er sestur a\u00f0 v\u00f6ldum a\u00f0 eil\u00edfu, <br \/>hann hefur reist h\u00e1s\u00e6ti sitt til d\u00f3ms.<br \/> <\/span> <span class=\"ljodatexti\"> <a name=\"9\"><span class=\"versanumer_ljod\">9<\/span><\/a>Hann d\u00e6mir heiminn me\u00f0 r\u00e9ttv\u00edsi,<br \/>fellir r\u00e9ttl\u00e1tan d\u00f3m yfir \u00fej\u00f3\u00f0unum.<br \/> <\/span> <span class=\"ljodatexti\"> <a name=\"10\"><span class=\"versanumer_ljod\">10<\/span><\/a>Drottinn er v\u00f6rn hinum k\u00faga\u00f0a,<br \/>v\u00edgi \u00e1 ney\u00f0art\u00edmum,<br \/> <\/span> <span class=\"ljodatexti\"> <a name=\"11\"><span class=\"versanumer_ljod\">11<\/span><\/a>\u00feeir sem \u00feekkja nafn \u00feitt treysta \u00fe\u00e9r<br \/>\u00fev\u00ed a\u00f0 \u00fe\u00fa, Drottinn, bregst ekki \u00feeim sem til \u00fe\u00edn leita. <br \/> <\/span> <span class=\"ljodatexti\"> <a name=\"12\"><span class=\"versanumer_ljod\">12<\/span><\/a>Lofsyngi\u00f0 Drottni sem b\u00fdr \u00e1 S\u00edon,<br \/>kunngj\u00f6ri\u00f0 st\u00f3rvirki hans \u00e1 me\u00f0al \u00fej\u00f3\u00f0anna<br \/> <\/span> <span class=\"ljodatexti\"> <a name=\"13\"><span class=\"versanumer_ljod\">13<\/span><\/a>\u00fev\u00ed a\u00f0 hann, sem bl\u00f3\u00f0s hefnir, hefur minnst \u00feeirra,<br \/>hann gleymir ekki hr\u00f3pi hinna hrj\u00e1\u00f0u.<br \/> <\/span> <span class=\"ljodatexti\"> <a name=\"14\"><span class=\"versanumer_ljod\">14<\/span><\/a>Vertu m\u00e9r miskunnsamur, Drottinn.<br \/>Sj\u00e1\u00f0u eymdina sem \u00f3vinir m\u00ednir valda m\u00e9r,<br \/>\u00fe\u00fa, sem lyftir m\u00e9r upp fr\u00e1 hli\u00f0um dau\u00f0ans<br \/> <\/span> <span class=\"ljodatexti\"> <a name=\"15\"><span class=\"versanumer_ljod\">15<\/span><\/a>svo a\u00f0 \u00e9g geti raki\u00f0 \u00f6ll st\u00f3rvirki \u00fe\u00edn,<br \/>fagna\u00f0 yfir hj\u00e1lp \u00feinni \u00ed hli\u00f0um d\u00f3tturinnar S\u00edonar.<br \/> <\/span> <span class=\"ljodatexti\"> <a name=\"16\"><span class=\"versanumer_ljod\">16<\/span><\/a>\u00dej\u00f3\u00f0ir f\u00e9llu \u00ed \u00fe\u00e1 gryfju sem \u00fe\u00e6r gr\u00f3fu,<br \/>f\u00f3tur \u00feeirra fl\u00e6ktist \u00ed netinu sem \u00fe\u00e6r l\u00f6g\u00f0u. (Strengjaleikur. Sela)<br \/> <\/span> <span class=\"ljodatexti\"> <a name=\"17\"><span class=\"versanumer_ljod\">17<\/span><\/a>Drottinn ger\u00f0i sig kunnan, hann setti r\u00e9tt,<br \/>hinn \u00f3gu\u00f0legi festist \u00ed eigin sn\u00f6ru. (Sela)<br \/> <\/span> <span class=\"ljodatexti\"> <a name=\"18\"><span class=\"versanumer_ljod\">18<\/span><\/a>Gu\u00f0lausir hrapa til heljar,<br \/>allar \u00fej\u00f3\u00f0ir sem gleyma Gu\u00f0i. <br \/> <\/span> <span class=\"ljodatexti\"> <a name=\"19\"><span class=\"versanumer_ljod\">19<\/span><\/a>En hinn snau\u00f0i er ekki gleymdur a\u00f0 eil\u00edfu,<br \/>von hinna hrj\u00e1\u00f0u bregst ekki s\u00edfellt.<br \/> <\/span> <span class=\"ljodatexti\"> <a name=\"20\"><span class=\"versanumer_ljod\">20<\/span><\/a>R\u00eds upp, Drottinn, l\u00e1t ekki mennina n\u00e1 v\u00f6ldum,<br \/>l\u00e1t \u00fej\u00f3\u00f0irnar hlj\u00f3ta d\u00f3m fyrir augliti \u00fe\u00ednu.<br \/> <\/span> <span class=\"ljodatexti\"> <a name=\"21\"><span class=\"versanumer_ljod\">21<\/span><\/a>L\u00e1t \u00f3tta yfir \u00fe\u00e6r koma, Drottinn,<br \/>ger\u00f0u \u00feeim lj\u00f3st a\u00f0 \u00fe\u00e6r eru dau\u00f0legar. <\/span> <\/p>\n","protected":false},"excerpt":{"rendered":"<p>1 Til s\u00f6ngstj\u00f3rans. Alm\u00fat labben.[ Dav\u00ed\u00f0ss\u00e1lmur. 2\u00c9g vil \u00feakka \u00fe\u00e9r, Drottinn, af \u00f6llu hjarta,kunngj\u00f6ra \u00f6ll m\u00e1ttarverk \u00fe\u00edn. 3\u00c9g vil gle\u00f0jast og fagna yfir \u00fe\u00e9r,lofsyngja nafni \u00fe\u00ednu, \u00fe\u00fa Hinn h\u00e6sti. 4\u00deegar fjandmenn m\u00ednir h\u00f6rfu\u00f0uhr\u00f6su\u00f0u \u00feeir og f\u00f3rust fyrir augliti \u00fe\u00ednu. 5\u00de\u00fa l\u00e9st mig n\u00e1 r\u00e9tti m\u00ednum og d\u00e6mdir m\u00e9r \u00ed hag, settist \u00ed h\u00e1s\u00e6ti \u00feitt sem r\u00e9ttl\u00e1tur d\u00f3mari. 6\u00de\u00fa \u00f3gna\u00f0ir \u00fej\u00f3\u00f0um, eyddir \u00f3gu\u00f0legum,afm\u00e1\u00f0ir nafn \u00feeirra um aldur og \u00e6vi. 7Fjandmanninum er eytt, tort\u00edmt a\u00f0 eil\u00edfu,\u00fe\u00fa hefur broti\u00f0 borgir, enginn minnist \u00feeirra. 8Drottinn er sestur a\u00f0 v\u00f6ldum a\u00f0 eil\u00edfu, hann hefur reist h\u00e1s\u00e6ti sitt til d\u00f3ms. 9Hann d\u00e6mir heiminn me\u00f0 r\u00e9ttv\u00edsi,fellir r\u00e9ttl\u00e1tan <a href=\"https:\/\/biblian.is\/biblian\/salmarnir-9-kafli\/\"> [&#8230;]<\/a><\/p>\n","protected":false},"author":1,"featured_media":0,"parent":0,"menu_order":0,"comment_status":"open","ping_status":"open","template":"bibliukaflar_salmarnir.php","meta":{"footnotes":""},"class_list":["post-2104","page","type-page","status-publish","hentry"],"_links":{"self":[{"href":"https:\/\/biblian.is\/biblian\/wp-json\/wp\/v2\/pages\/2104","targetHints":{"allow":["GET"]}}],"collection":[{"href":"https:\/\/biblian.is\/biblian\/wp-json\/wp\/v2\/pages"}],"about":[{"href":"https:\/\/biblian.is\/biblian\/wp-json\/wp\/v2\/types\/page"}],"author":[{"embeddable":true,"href":"https:\/\/biblian.is\/biblian\/wp-json\/wp\/v2\/users\/1"}],"replies":[{"embeddable":true,"href":"https:\/\/biblian.is\/biblian\/wp-json\/wp\/v2\/comments?post=2104"}],"version-history":[{"count":0,"href":"https:\/\/biblian.is\/biblian\/wp-json\/wp\/v2\/pages\/2104\/revisions"}],"wp:attachment":[{"href":"https:\/\/biblian.is\/biblian\/wp-json\/wp\/v2\/media?parent=2104"}],"curies":[{"name":"wp","href":"https:\/\/api.w.org\/{rel}","templated":true}]}}