{"id":2103,"date":"2017-12-30T21:01:45","date_gmt":"2017-12-30T21:01:45","guid":{"rendered":"http:\/\/biblian.is\/biblian\/s%c2%87lmarnir-8-kafli\/"},"modified":"2020-05-30T18:12:49","modified_gmt":"2020-05-30T18:12:49","slug":"salmarnir-8-kafli","status":"publish","type":"page","link":"https:\/\/biblian.is\/biblian\/salmarnir-8-kafli\/","title":{"rendered":"S\u00e1lmarnir 8. kafli"},"content":{"rendered":"<p><a name=\"1\"><span class=\"versanumer_2007\">1<\/span><\/a> Til s\u00f6ngstj\u00f3rans. \u00c1 gitt\u00edt.<span class=\"nedan_mal\" title=\" T\u00f3nfr\u00e6\u00f0iheiti, merking \u00feess er \u00f3kunn.\">[<\/span> Dav\u00ed\u00f0ss\u00e1lmur.<br \/> <span class=\"ljodatexti\"> <a name=\"2\"><span class=\"versanumer_ljod\">2<\/span><\/a>Drottinn, Gu\u00f0 vor,<br \/>hversu d\u00fdrlegt er nafn \u00feitt um alla j\u00f6r\u00f0ina.<br \/>\u00de\u00fa brei\u00f0ir lj\u00f3ma \u00feinn yfir himininn. <span class=\"nedan_mal\" title=\" \u00d6nnur hugsanleg \u00fe\u00fd\u00f0ing: \u00c9g vil syngja um himneska h\u00e1tign \u00fe\u00edna.\">[<\/span> <br \/> <\/span> <span class=\"ljodatexti\"> <a name=\"3\"><span class=\"versanumer_ljod\">3<\/span><\/a>Af munni barna og brj\u00f3stmylkinga hefur \u00fe\u00fa gert \u00fe\u00e9r v\u00edgi<br \/>til varnar gegn andst\u00e6\u00f0ingum \u00fe\u00ednum,<br \/>til a\u00f0 st\u00f6\u00f0va fjandmenn og hefnigjarna.<br \/> <\/span> <span class=\"ljodatexti\"> <a name=\"4\"><span class=\"versanumer_ljod\">4<\/span><\/a>\u00deegar \u00e9g horfi \u00e1 himininn, verk handa <span class=\"nedan_mal\" title=\" Or\u00f0r\u00e9tt: fingra.\">[<\/span> \u00feinna,<br \/>tungli\u00f0 og stj\u00f6rnurnar, sem \u00fe\u00fa settir \u00fear,<br \/> <\/span> <span class=\"ljodatexti\"> <a name=\"5\"><span class=\"versanumer_ljod\">5<\/span><\/a>hva\u00f0 er \u00fe\u00e1 ma\u00f0urinn \u00feess a\u00f0 \u00fe\u00fa minnist hans,<br \/>og mannsins barn a\u00f0 \u00fe\u00fa vitjir \u00feess?<br \/> <\/span> <span class=\"ljodatexti\"> <a name=\"6\"><span class=\"versanumer_ljod\">6<\/span><\/a>\u00de\u00fa ger\u00f0ir hann litlu minni en Gu\u00f0,<br \/>kr\u00fdndir hann h\u00e1tign og hei\u00f0ri,<br \/> <\/span> <span class=\"ljodatexti\"> <a name=\"7\"><span class=\"versanumer_ljod\">7<\/span><\/a>l\u00e9st hann r\u00edkja yfir handaverkum \u00fe\u00ednum,<br \/>lag\u00f0ir allt a\u00f0 f\u00f3tum hans:<br \/> <\/span> <span class=\"ljodatexti\"> <a name=\"8\"><span class=\"versanumer_ljod\">8<\/span><\/a>sau\u00f0f\u00e9na\u00f0 allan og uxa<br \/>og auk \u00feess d\u00fdr merkurinnar,<br \/> <\/span> <span class=\"ljodatexti\"> <a name=\"9\"><span class=\"versanumer_ljod\">9<\/span><\/a>fugla himins og fiska hafsins,<br \/>allt sem fer hafsins vegu.<br \/> <\/span> <span class=\"ljodatexti\"> <a name=\"10\"><span class=\"versanumer_ljod\">10<\/span><\/a>Drottinn, Gu\u00f0 vor,<br \/>hversu d\u00fdrlegt er nafn \u00feitt um alla j\u00f6r\u00f0ina. <\/span> <\/p>\n","protected":false},"excerpt":{"rendered":"<p>1 Til s\u00f6ngstj\u00f3rans. \u00c1 gitt\u00edt.[ Dav\u00ed\u00f0ss\u00e1lmur. 2Drottinn, Gu\u00f0 vor,hversu d\u00fdrlegt er nafn \u00feitt um alla j\u00f6r\u00f0ina.\u00de\u00fa brei\u00f0ir lj\u00f3ma \u00feinn yfir himininn. [ 3Af munni barna og brj\u00f3stmylkinga hefur \u00fe\u00fa gert \u00fe\u00e9r v\u00edgitil varnar gegn andst\u00e6\u00f0ingum \u00fe\u00ednum,til a\u00f0 st\u00f6\u00f0va fjandmenn og hefnigjarna. 4\u00deegar \u00e9g horfi \u00e1 himininn, verk handa [ \u00feinna,tungli\u00f0 og stj\u00f6rnurnar, sem \u00fe\u00fa settir \u00fear, 5hva\u00f0 er \u00fe\u00e1 ma\u00f0urinn \u00feess a\u00f0 \u00fe\u00fa minnist hans,og mannsins barn a\u00f0 \u00fe\u00fa vitjir \u00feess? 6\u00de\u00fa ger\u00f0ir hann litlu minni en Gu\u00f0,kr\u00fdndir hann h\u00e1tign og hei\u00f0ri, 7l\u00e9st hann r\u00edkja yfir handaverkum \u00fe\u00ednum,lag\u00f0ir allt a\u00f0 f\u00f3tum hans: 8sau\u00f0f\u00e9na\u00f0 allan og uxaog auk \u00feess d\u00fdr merkurinnar, <a href=\"https:\/\/biblian.is\/biblian\/salmarnir-8-kafli\/\"> [&#8230;]<\/a><\/p>\n","protected":false},"author":1,"featured_media":0,"parent":0,"menu_order":0,"comment_status":"open","ping_status":"open","template":"bibliukaflar_salmarnir.php","meta":{"footnotes":""},"class_list":["post-2103","page","type-page","status-publish","hentry"],"_links":{"self":[{"href":"https:\/\/biblian.is\/biblian\/wp-json\/wp\/v2\/pages\/2103","targetHints":{"allow":["GET"]}}],"collection":[{"href":"https:\/\/biblian.is\/biblian\/wp-json\/wp\/v2\/pages"}],"about":[{"href":"https:\/\/biblian.is\/biblian\/wp-json\/wp\/v2\/types\/page"}],"author":[{"embeddable":true,"href":"https:\/\/biblian.is\/biblian\/wp-json\/wp\/v2\/users\/1"}],"replies":[{"embeddable":true,"href":"https:\/\/biblian.is\/biblian\/wp-json\/wp\/v2\/comments?post=2103"}],"version-history":[{"count":0,"href":"https:\/\/biblian.is\/biblian\/wp-json\/wp\/v2\/pages\/2103\/revisions"}],"wp:attachment":[{"href":"https:\/\/biblian.is\/biblian\/wp-json\/wp\/v2\/media?parent=2103"}],"curies":[{"name":"wp","href":"https:\/\/api.w.org\/{rel}","templated":true}]}}