{"id":2102,"date":"2017-12-30T21:01:45","date_gmt":"2017-12-30T21:01:45","guid":{"rendered":"http:\/\/biblian.is\/biblian\/s%c2%87lmarnir-7-kafli\/"},"modified":"2020-05-30T18:12:46","modified_gmt":"2020-05-30T18:12:46","slug":"salmarnir-7-kafli","status":"publish","type":"page","link":"https:\/\/biblian.is\/biblian\/salmarnir-7-kafli\/","title":{"rendered":"S\u00e1lmarnir 7. kafli"},"content":{"rendered":"<p><a name=\"1\"><span class=\"versanumer_2007\">1<\/span><\/a> Dav\u00ed\u00f0ss\u00e1lmur er hann kva\u00f0 fyrir Drottni sakir K\u00fass Benjam\u00edn\u00edta.<br \/> <span class=\"ljodatexti\"> <a name=\"2\"><span class=\"versanumer_ljod\">2<\/span><\/a>Drottinn, Gu\u00f0 minn, hj\u00e1 \u00fe\u00e9r leita \u00e9g h\u00e6lis,<br \/>hj\u00e1lpa m\u00e9r fr\u00e1 \u00f6llum ofs\u00e6kjendum m\u00ednum og bjarga m\u00e9r<br \/> <\/span> <span class=\"ljodatexti\"> <a name=\"3\"><span class=\"versanumer_ljod\">3<\/span><\/a>svo a\u00f0 enginn r\u00edfi mig sundur eins og lj\u00f3n,<br \/>dragi mig burt, \u00feanga\u00f0 sem enginn hj\u00e1lpar.<br \/> <\/span> <span class=\"ljodatexti\"> <a name=\"4\"><span class=\"versanumer_ljod\">4<\/span><\/a>Drottinn, Gu\u00f0 minn, hafi \u00e9g gert \u00feetta<br \/>lo\u00f0ir rangl\u00e6ti vi\u00f0 hendur m\u00ednar,<br \/> <\/span> <span class=\"ljodatexti\"> <a name=\"5\"><span class=\"versanumer_ljod\">5<\/span><\/a>hafi \u00e9g gert vinveittum illt<br \/>e\u00f0a r\u00fai\u00f0 \u00f3vin minn \u00f6llu a\u00f0 \u00e1st\u00e6\u00f0ulausu <br \/> <\/span> <span class=\"ljodatexti\"> <a name=\"6\"><span class=\"versanumer_ljod\">6<\/span><\/a>\u00fe\u00e1 m\u00e1 fjandma\u00f0ur minn elta mig og n\u00e1 m\u00e9r,<br \/>tra\u00f0ka \u00e1 l\u00edfi m\u00ednu og tro\u00f0a s\u00e6md m\u00edna ni\u00f0ur \u00ed sva\u00f0i\u00f0. (Sela)<br \/> <\/span> <span class=\"ljodatexti\"> <a name=\"7\"><span class=\"versanumer_ljod\">7<\/span><\/a>Reis \u00feig, Drottinn, \u00ed rei\u00f0i \u00feinni,<br \/>hef \u00feig gegn ofsa fjandmanna minna.<br \/>Vakna, Gu\u00f0 minn, \u00fe\u00fa hefur kalla\u00f0 til d\u00f3ms.<br \/> <\/span> <span class=\"ljodatexti\"> <a name=\"8\"><span class=\"versanumer_ljod\">8<\/span><\/a>\u00dej\u00f3\u00f0irnar safnist umhverfis \u00feig,<br \/>sestu \u00ed h\u00e1s\u00e6ti ofar \u00feeim. <span class=\"nedan_mal\" title=\" Annar lesh\u00e1ttur: sn\u00fa\u00f0u aftur upp yfir \u00fe\u00e6r til himins.\">[<\/span> <br \/> <\/span> <span class=\"ljodatexti\"> <a name=\"9\"><span class=\"versanumer_ljod\">9<\/span><\/a>Drottinn d\u00e6mir \u00fej\u00f3\u00f0irnar.<br \/>L\u00e1t mig n\u00e1 r\u00e9tti m\u00ednum, Drottinn,<br \/>\u00fev\u00ed a\u00f0 \u00e9g er r\u00e9ttl\u00e1tur og saklaus.<br \/> <\/span> <span class=\"ljodatexti\"> <a name=\"10\"><span class=\"versanumer_ljod\">10<\/span><\/a>St\u00f6\u00f0va illsku \u00f3gu\u00f0legra<br \/>en styrk r\u00e9ttl\u00e1ta,<br \/>\u00fe\u00fa, sem rannsakar hj\u00f6rtun og n\u00fdrun, <span class=\"nedan_mal\" title=\" \u00de.e. pr\u00f3far \u00fea\u00f0 sem innra me\u00f0 manninum b\u00fdr.\">[<\/span> <br \/>r\u00e9ttl\u00e1ti Gu\u00f0.<br \/> <\/span> <span class=\"ljodatexti\"> <a name=\"11\"><span class=\"versanumer_ljod\">11<\/span><\/a>Gu\u00f0 er skj\u00f6ldur minn,<br \/>hj\u00e1lpar hjartahreinum.<br \/> <\/span> <span class=\"ljodatexti\"> <a name=\"12\"><span class=\"versanumer_ljod\">12<\/span><\/a>Gu\u00f0 er r\u00e9ttl\u00e1tur d\u00f3mari,<br \/>Gu\u00f0 sem rei\u00f0ist hvern dag.<br \/> <\/span> <span class=\"ljodatexti\"> <a name=\"13\"><span class=\"versanumer_ljod\">13<\/span><\/a>I\u00f0rist \u00feeir ekki<br \/>hvessir hann sver\u00f0 sitt.<br \/>Hann spennir boga sinn og mi\u00f0ar,<br \/> <\/span> <span class=\"ljodatexti\"> <a name=\"14\"><span class=\"versanumer_ljod\">14<\/span><\/a>beinir banv\u00e6num vopnum gegn hinum \u00f3gu\u00f0legu,<br \/>logandi \u00f6rvum.<br \/> <\/span> <span class=\"ljodatexti\"> <a name=\"15\"><span class=\"versanumer_ljod\">15<\/span><\/a>S\u00e1 sem er \u00feunga\u00f0ur af illsku<br \/>gengur me\u00f0 \u00f3g\u00e6fu og f\u00e6\u00f0ir svik.<br \/> <\/span> <span class=\"ljodatexti\"> <a name=\"16\"><span class=\"versanumer_ljod\">16<\/span><\/a>Hann grefur gryfju, mokar upp \u00far henni<br \/>en fellur \u00ed eigin gr\u00f6f.<br \/> <\/span> <span class=\"ljodatexti\"> <a name=\"17\"><span class=\"versanumer_ljod\">17<\/span><\/a>Rangl\u00e6ti hans kemur honum \u00ed koll,<br \/>illvirki hans yfir h\u00f6fu\u00f0 honum.<br \/> <\/span> <span class=\"ljodatexti\"> <a name=\"18\"><span class=\"versanumer_ljod\">18<\/span><\/a>\u00c9g \u00feakka Drottni r\u00e9ttl\u00e6ti hans,<br \/>lofsyng nafni Drottins, Hins h\u00e6sta. <\/span> <\/p>\n","protected":false},"excerpt":{"rendered":"<p>1 Dav\u00ed\u00f0ss\u00e1lmur er hann kva\u00f0 fyrir Drottni sakir K\u00fass Benjam\u00edn\u00edta. 2Drottinn, Gu\u00f0 minn, hj\u00e1 \u00fe\u00e9r leita \u00e9g h\u00e6lis,hj\u00e1lpa m\u00e9r fr\u00e1 \u00f6llum ofs\u00e6kjendum m\u00ednum og bjarga m\u00e9r 3svo a\u00f0 enginn r\u00edfi mig sundur eins og lj\u00f3n,dragi mig burt, \u00feanga\u00f0 sem enginn hj\u00e1lpar. 4Drottinn, Gu\u00f0 minn, hafi \u00e9g gert \u00feettalo\u00f0ir rangl\u00e6ti vi\u00f0 hendur m\u00ednar, 5hafi \u00e9g gert vinveittum illte\u00f0a r\u00fai\u00f0 \u00f3vin minn \u00f6llu a\u00f0 \u00e1st\u00e6\u00f0ulausu 6\u00fe\u00e1 m\u00e1 fjandma\u00f0ur minn elta mig og n\u00e1 m\u00e9r,tra\u00f0ka \u00e1 l\u00edfi m\u00ednu og tro\u00f0a s\u00e6md m\u00edna ni\u00f0ur \u00ed sva\u00f0i\u00f0. (Sela) 7Reis \u00feig, Drottinn, \u00ed rei\u00f0i \u00feinni,hef \u00feig gegn ofsa fjandmanna minna.Vakna, Gu\u00f0 minn, \u00fe\u00fa hefur kalla\u00f0 til <a href=\"https:\/\/biblian.is\/biblian\/salmarnir-7-kafli\/\"> [&#8230;]<\/a><\/p>\n","protected":false},"author":1,"featured_media":0,"parent":0,"menu_order":0,"comment_status":"open","ping_status":"open","template":"bibliukaflar_salmarnir.php","meta":{"footnotes":""},"class_list":["post-2102","page","type-page","status-publish","hentry"],"_links":{"self":[{"href":"https:\/\/biblian.is\/biblian\/wp-json\/wp\/v2\/pages\/2102","targetHints":{"allow":["GET"]}}],"collection":[{"href":"https:\/\/biblian.is\/biblian\/wp-json\/wp\/v2\/pages"}],"about":[{"href":"https:\/\/biblian.is\/biblian\/wp-json\/wp\/v2\/types\/page"}],"author":[{"embeddable":true,"href":"https:\/\/biblian.is\/biblian\/wp-json\/wp\/v2\/users\/1"}],"replies":[{"embeddable":true,"href":"https:\/\/biblian.is\/biblian\/wp-json\/wp\/v2\/comments?post=2102"}],"version-history":[{"count":0,"href":"https:\/\/biblian.is\/biblian\/wp-json\/wp\/v2\/pages\/2102\/revisions"}],"wp:attachment":[{"href":"https:\/\/biblian.is\/biblian\/wp-json\/wp\/v2\/media?parent=2102"}],"curies":[{"name":"wp","href":"https:\/\/api.w.org\/{rel}","templated":true}]}}