{"id":2101,"date":"2017-12-30T21:01:45","date_gmt":"2017-12-30T21:01:45","guid":{"rendered":"http:\/\/biblian.is\/biblian\/s%c2%87lmarnir-6-kafli\/"},"modified":"2020-05-30T18:12:43","modified_gmt":"2020-05-30T18:12:43","slug":"salmarnir-6-kafli","status":"publish","type":"page","link":"https:\/\/biblian.is\/biblian\/salmarnir-6-kafli\/","title":{"rendered":"S\u00e1lmarnir 6. kafli"},"content":{"rendered":"<p><a name=\"1\"><span class=\"versanumer_2007\">1<\/span><\/a> Til s\u00f6ngstj\u00f3rans. Me\u00f0 strengjaleik \u00e1 \u00e1ttstrengja\u00f0 hlj\u00f3\u00f0f\u00e6ri. Dav\u00ed\u00f0ss\u00e1lmur.<span class=\"nedan_mal\" title=\" Sj\u00f6tti s\u00e1lmur er hinn fyrsti sj\u00f6 kirkjulegra i\u00f0runars\u00e1lma. Hinir eru 32., 38., 51., 102., 130. og 143. s\u00e1lmur.\">[<\/span> <br \/> <span class=\"ljodatexti\"> <a name=\"2\"><span class=\"versanumer_ljod\">2<\/span><\/a>Drottinn, refsa m\u00e9r ekki \u00ed rei\u00f0i \u00feinni,<br \/>tyfta mig ekki \u00ed heift \u00feinni.<br \/> <\/span> <span class=\"ljodatexti\"> <a name=\"3\"><span class=\"versanumer_ljod\">3<\/span><\/a>L\u00edkna m\u00e9r, Drottinn, \u00fev\u00ed a\u00f0 \u00e9g er magn\u00ferota,<br \/>l\u00e6kna mig, Drottinn, \u00fev\u00ed a\u00f0 bein m\u00edn t\u00e6rast af \u00f3tta.<br \/> <\/span> <span class=\"ljodatexti\"> <a name=\"4\"><span class=\"versanumer_ljod\">4<\/span><\/a>S\u00e1l m\u00edn er skelfingu lostin,<br \/>Drottinn, hversu lengi?<br \/> <\/span> <span class=\"ljodatexti\"> <a name=\"5\"><span class=\"versanumer_ljod\">5<\/span><\/a>Sn\u00fa \u00fe\u00fa aftur, Drottinn, bjarga l\u00edfi m\u00ednu,<br \/>hj\u00e1lpa m\u00e9r sakir elsku \u00feinnar.<br \/> <\/span> <span class=\"ljodatexti\"> <a name=\"6\"><span class=\"versanumer_ljod\">6<\/span><\/a>\u00dear sem enginn minnist \u00fe\u00edn \u00ed d\u00e1narheimum,<br \/>hver lofar \u00feig \u00fe\u00e1 \u00ed helju?<br \/> <\/span> <span class=\"ljodatexti\"> <a name=\"7\"><span class=\"versanumer_ljod\">7<\/span><\/a>\u00c9g er \u00farvinda af andv\u00f6rpum m\u00ednum,<br \/>lauga rekkju m\u00edna t\u00e1rum hverja n\u00f3tt,<br \/>v\u00e6ti hv\u00edlu m\u00edna t\u00e1rafl\u00f3\u00f0i.<br \/> <\/span> <span class=\"ljodatexti\"> <a name=\"8\"><span class=\"versanumer_ljod\">8<\/span><\/a>Augu m\u00edn eru d\u00f6pur af harmi,<br \/>slj\u00f3 vegna allra \u00f3vina minna.<br \/> <\/span> <span class=\"ljodatexti\"> <a name=\"9\"><span class=\"versanumer_ljod\">9<\/span><\/a>V\u00edki\u00f0 fr\u00e1 m\u00e9r, allir illvirkjar,<br \/>\u00fev\u00ed a\u00f0 Drottinn hefur heyrt gr\u00e1t minn,<br \/> <\/span> <span class=\"ljodatexti\"> <a name=\"10\"><span class=\"versanumer_ljod\">10<\/span><\/a>Drottinn hefur hlusta\u00f0 \u00e1 \u00e1kall mitt,<br \/>Drottinn hefur b\u00e6nheyrt mig.<br \/> <\/span> <span class=\"ljodatexti\"> <a name=\"11\"><span class=\"versanumer_ljod\">11<\/span><\/a>Allir fjandmenn m\u00ednir ver\u00f0a til skammar og skelfast,<br \/>hra\u00f0a s\u00e9r sneyptir burt. <\/span> <\/p>\n","protected":false},"excerpt":{"rendered":"<p>1 Til s\u00f6ngstj\u00f3rans. Me\u00f0 strengjaleik \u00e1 \u00e1ttstrengja\u00f0 hlj\u00f3\u00f0f\u00e6ri. Dav\u00ed\u00f0ss\u00e1lmur.[ 2Drottinn, refsa m\u00e9r ekki \u00ed rei\u00f0i \u00feinni,tyfta mig ekki \u00ed heift \u00feinni. 3L\u00edkna m\u00e9r, Drottinn, \u00fev\u00ed a\u00f0 \u00e9g er magn\u00ferota,l\u00e6kna mig, Drottinn, \u00fev\u00ed a\u00f0 bein m\u00edn t\u00e6rast af \u00f3tta. 4S\u00e1l m\u00edn er skelfingu lostin,Drottinn, hversu lengi? 5Sn\u00fa \u00fe\u00fa aftur, Drottinn, bjarga l\u00edfi m\u00ednu,hj\u00e1lpa m\u00e9r sakir elsku \u00feinnar. 6\u00dear sem enginn minnist \u00fe\u00edn \u00ed d\u00e1narheimum,hver lofar \u00feig \u00fe\u00e1 \u00ed helju? 7\u00c9g er \u00farvinda af andv\u00f6rpum m\u00ednum,lauga rekkju m\u00edna t\u00e1rum hverja n\u00f3tt,v\u00e6ti hv\u00edlu m\u00edna t\u00e1rafl\u00f3\u00f0i. 8Augu m\u00edn eru d\u00f6pur af harmi,slj\u00f3 vegna allra \u00f3vina minna. 9V\u00edki\u00f0 fr\u00e1 m\u00e9r, allir illvirkjar,\u00fev\u00ed a\u00f0 Drottinn hefur <a href=\"https:\/\/biblian.is\/biblian\/salmarnir-6-kafli\/\"> [&#8230;]<\/a><\/p>\n","protected":false},"author":1,"featured_media":0,"parent":0,"menu_order":0,"comment_status":"open","ping_status":"open","template":"bibliukaflar_salmarnir.php","meta":{"footnotes":""},"class_list":["post-2101","page","type-page","status-publish","hentry"],"_links":{"self":[{"href":"https:\/\/biblian.is\/biblian\/wp-json\/wp\/v2\/pages\/2101","targetHints":{"allow":["GET"]}}],"collection":[{"href":"https:\/\/biblian.is\/biblian\/wp-json\/wp\/v2\/pages"}],"about":[{"href":"https:\/\/biblian.is\/biblian\/wp-json\/wp\/v2\/types\/page"}],"author":[{"embeddable":true,"href":"https:\/\/biblian.is\/biblian\/wp-json\/wp\/v2\/users\/1"}],"replies":[{"embeddable":true,"href":"https:\/\/biblian.is\/biblian\/wp-json\/wp\/v2\/comments?post=2101"}],"version-history":[{"count":0,"href":"https:\/\/biblian.is\/biblian\/wp-json\/wp\/v2\/pages\/2101\/revisions"}],"wp:attachment":[{"href":"https:\/\/biblian.is\/biblian\/wp-json\/wp\/v2\/media?parent=2101"}],"curies":[{"name":"wp","href":"https:\/\/api.w.org\/{rel}","templated":true}]}}