{"id":2099,"date":"2017-12-30T21:01:45","date_gmt":"2017-12-30T21:01:45","guid":{"rendered":"http:\/\/biblian.is\/biblian\/s%c2%87lmarnir-4-kafli\/"},"modified":"2020-05-30T18:12:38","modified_gmt":"2020-05-30T18:12:38","slug":"salmarnir-4-kafli","status":"publish","type":"page","link":"https:\/\/biblian.is\/biblian\/salmarnir-4-kafli\/","title":{"rendered":"S\u00e1lmarnir 4. kafli"},"content":{"rendered":"<p><a name=\"1\"><span class=\"versanumer_2007\">1<\/span><\/a> Til s\u00f6ngstj\u00f3rans. Me\u00f0 strengjaleik. Dav\u00ed\u00f0ss\u00e1lmur.<br \/> <span class=\"ljodatexti\"> <a name=\"2\"><span class=\"versanumer_ljod\">2<\/span><\/a>Svara m\u00e9r \u00feegar \u00e9g hr\u00f3pa,<br \/>\u00fe\u00fa, Gu\u00f0 r\u00e9ttl\u00e6tis m\u00edns.<br \/>\u00de\u00e1 er a\u00f0 m\u00e9r \u00ferengdi r\u00fdmka\u00f0ir \u00fe\u00fa um mig.<br \/>Miskunna m\u00e9r og heyr b\u00e6n m\u00edna.<br \/> <\/span> <span class=\"ljodatexti\"> <a name=\"3\"><span class=\"versanumer_ljod\">3<\/span><\/a>\u00de\u00e9r menn: Hve lengi hyggist \u00fe\u00e9r veitast a\u00f0 s\u00e6md minni,<br \/>elska h\u00e9g\u00f3mann og leita til lyginnar? (Sela)<br \/> <\/span> <span class=\"ljodatexti\"> <a name=\"4\"><span class=\"versanumer_ljod\">4<\/span><\/a>Viti\u00f0 a\u00f0 Drottinn er n\u00e1\u00f0ugur \u00feeim sem honum er tr\u00far, <br \/>Drottinn heyrir er \u00e9g hr\u00f3pa til hans.<br \/> <\/span> <span class=\"ljodatexti\"> <a name=\"5\"><span class=\"versanumer_ljod\">5<\/span><\/a>Skelfist en syndgi\u00f0 ekki,<br \/>huglei\u00f0i\u00f0 \u00feetta \u00ed hv\u00edlum y\u00f0ar og veri\u00f0 hlj\u00f3\u00f0ir. (Sela)<br \/> <\/span> <span class=\"ljodatexti\"> <a name=\"6\"><span class=\"versanumer_ljod\">6<\/span><\/a>F\u00e6ri\u00f0 r\u00e9ttar f\u00f3rnir <br \/>og treysti\u00f0 Drottni.<br \/> <\/span> <span class=\"ljodatexti\"> <a name=\"7\"><span class=\"versanumer_ljod\">7<\/span><\/a>Margir segja: \u201eHver l\u00e6tur oss hamingju l\u00edta?\u201c<br \/>Drottinn, l\u00e1t lj\u00f3s auglitis \u00fe\u00edns l\u00fdsa yfir oss.<br \/> <\/span> <span class=\"ljodatexti\"> <a name=\"8\"><span class=\"versanumer_ljod\">8<\/span><\/a>\u00de\u00fa hefur glatt hjarta mitt<br \/>meira en a\u00f0rir gle\u00f0jast yfir gn\u00e6g\u00f0 korns og v\u00edns.<br \/> <\/span> <span class=\"ljodatexti\"> <a name=\"9\"><span class=\"versanumer_ljod\">9<\/span><\/a>\u00cd fri\u00f0i leggst \u00e9g til hv\u00edldar og sofna<br \/>\u00fev\u00ed a\u00f0 \u00fe\u00fa einn, Drottinn,<br \/>l\u00e6tur mig hv\u00edla \u00f3hultan \u00ed n\u00e1\u00f0um. <\/span> <\/p>\n","protected":false},"excerpt":{"rendered":"<p>1 Til s\u00f6ngstj\u00f3rans. Me\u00f0 strengjaleik. Dav\u00ed\u00f0ss\u00e1lmur. 2Svara m\u00e9r \u00feegar \u00e9g hr\u00f3pa,\u00fe\u00fa, Gu\u00f0 r\u00e9ttl\u00e6tis m\u00edns.\u00de\u00e1 er a\u00f0 m\u00e9r \u00ferengdi r\u00fdmka\u00f0ir \u00fe\u00fa um mig.Miskunna m\u00e9r og heyr b\u00e6n m\u00edna. 3\u00de\u00e9r menn: Hve lengi hyggist \u00fe\u00e9r veitast a\u00f0 s\u00e6md minni,elska h\u00e9g\u00f3mann og leita til lyginnar? (Sela) 4Viti\u00f0 a\u00f0 Drottinn er n\u00e1\u00f0ugur \u00feeim sem honum er tr\u00far, Drottinn heyrir er \u00e9g hr\u00f3pa til hans. 5Skelfist en syndgi\u00f0 ekki,huglei\u00f0i\u00f0 \u00feetta \u00ed hv\u00edlum y\u00f0ar og veri\u00f0 hlj\u00f3\u00f0ir. (Sela) 6F\u00e6ri\u00f0 r\u00e9ttar f\u00f3rnir og treysti\u00f0 Drottni. 7Margir segja: \u201eHver l\u00e6tur oss hamingju l\u00edta?\u201cDrottinn, l\u00e1t lj\u00f3s auglitis \u00fe\u00edns l\u00fdsa yfir oss. 8\u00de\u00fa hefur glatt hjarta mittmeira en a\u00f0rir gle\u00f0jast <a href=\"https:\/\/biblian.is\/biblian\/salmarnir-4-kafli\/\"> [&#8230;]<\/a><\/p>\n","protected":false},"author":1,"featured_media":0,"parent":0,"menu_order":0,"comment_status":"open","ping_status":"open","template":"bibliukaflar_salmarnir.php","meta":{"footnotes":""},"class_list":["post-2099","page","type-page","status-publish","hentry"],"_links":{"self":[{"href":"https:\/\/biblian.is\/biblian\/wp-json\/wp\/v2\/pages\/2099","targetHints":{"allow":["GET"]}}],"collection":[{"href":"https:\/\/biblian.is\/biblian\/wp-json\/wp\/v2\/pages"}],"about":[{"href":"https:\/\/biblian.is\/biblian\/wp-json\/wp\/v2\/types\/page"}],"author":[{"embeddable":true,"href":"https:\/\/biblian.is\/biblian\/wp-json\/wp\/v2\/users\/1"}],"replies":[{"embeddable":true,"href":"https:\/\/biblian.is\/biblian\/wp-json\/wp\/v2\/comments?post=2099"}],"version-history":[{"count":0,"href":"https:\/\/biblian.is\/biblian\/wp-json\/wp\/v2\/pages\/2099\/revisions"}],"wp:attachment":[{"href":"https:\/\/biblian.is\/biblian\/wp-json\/wp\/v2\/media?parent=2099"}],"curies":[{"name":"wp","href":"https:\/\/api.w.org\/{rel}","templated":true}]}}