{"id":2095,"date":"2017-12-30T21:01:40","date_gmt":"2017-12-30T21:01:40","guid":{"rendered":"http:\/\/biblian.is\/biblian\/jobsb%c2%97k-42-kafli\/"},"modified":"2024-06-27T02:38:46","modified_gmt":"2024-06-27T02:38:46","slug":"jobsbok-42-kafli","status":"publish","type":"page","link":"https:\/\/biblian.is\/biblian\/jobsbok-42-kafli\/","title":{"rendered":"Jobsb\u00f3k 42. kafli"},"content":{"rendered":"<h3 class=\"millifyrirsogn_2007\"> Lokasvar Jobs<\/h3>\n<p><a name=\"1\"><span class=\"versanumer_2007\">1<\/span><\/a> Job svara\u00f0i Drottni og sag\u00f0i:<br \/> <span class=\"ljodatexti\"> <a name=\"2\"><span class=\"versanumer_ljod\">2<\/span><\/a>N\u00fa skil \u00e9g a\u00f0 \u00fe\u00fa getur allt,<br \/>ekkert, sem \u00fe\u00fa vilt, er \u00fe\u00e9r um megn.<br \/> <\/span> <span class=\"ljodatexti\"> <a name=\"3\"><span class=\"versanumer_ljod\">3<\/span><\/a>Hver myrkvar r\u00e1\u00f0s\u00e1lyktunina \u00e1n \u00feekkingar?<br \/>\u00c9g hef tala\u00f0 af skilningsleysi<br \/>um undursamleg kraftaverk.<br \/> <\/span> <span class=\"ljodatexti\"> <a name=\"4\"><span class=\"versanumer_ljod\">4<\/span><\/a>Hlusta\u00f0u, n\u00fa \u00e6tla \u00e9g a\u00f0 tala,<br \/>\u00e9g \u00e6tla a\u00f0 spyrja, \u00fe\u00fa skalt svara.<br \/> <\/span> <span class=\"ljodatexti\"> <a name=\"5\"><span class=\"versanumer_ljod\">5<\/span><\/a>\u00c9g \u00feekkti \u00feig af afspurn<br \/>en n\u00fa hefur auga mitt liti\u00f0 \u00feig.<br \/> <\/span> <span class=\"ljodatexti\"> <a name=\"6\"><span class=\"versanumer_ljod\">6<\/span><\/a>\u00deess vegna tek \u00e9g or\u00f0 m\u00edn aftur<br \/>og i\u00f0rast \u00ed dufti og \u00f6sku. <\/span> <\/p>\n<h3 class=\"millifyrirsogn_2007\">Eftirm\u00e1li<\/h3>\n<p><a name=\"7\"><span class=\"versanumer_2007\">7<\/span><\/a> \u00deegar Drottinn haf\u00f0i m\u00e6lt \u00feessum or\u00f0um til Jobs sag\u00f0i hann vi\u00f0 El\u00edfas fr\u00e1 Teman: \u201eRei\u00f0i m\u00edn logar gegn \u00fe\u00e9r og b\u00e1\u00f0um vinum \u00fe\u00ednum \u00fev\u00ed a\u00f0 \u00fe\u00e9r hafi\u00f0 ekki sagt satt um mig eins og Job, \u00fej\u00f3nn minn. <a name=\"8\"><span class=\"versanumer_2007\">8<\/span><\/a> Taki\u00f0 n\u00fa sj\u00f6 naut<br \/>og sj\u00f6 geithafra, fari\u00f0 til Jobs, \u00fej\u00f3ns m\u00edns, og f\u00e6ri\u00f0 brennif\u00f3rn fyrir y\u00f0ur. Job, \u00fej\u00f3nn minn, mun bi\u00f0ja fyrir y\u00f0ur. Hans vegna mun \u00e9g hl\u00edfa y\u00f0ur vi\u00f0 sm\u00e1n \u00fev\u00ed a\u00f0 \u00fe\u00e9r s\u00f6g\u00f0u\u00f0 ekki satt um mig eins og Job, \u00fej\u00f3nn minn.\u201c<br \/> <a name=\"9\"><span class=\"versanumer_2007\">9<\/span><\/a> \u00de\u00e1 f\u00f3ru El\u00edfas fr\u00e1 Teman, Bildad fr\u00e1 S\u00faa og S\u00f3far fr\u00e1 Naama og ger\u00f0u \u00fea\u00f0 sem Drottinn haf\u00f0i bo\u00f0i\u00f0 og Drottinn b\u00e6nheyr\u00f0i Job. <a name=\"10\"><span class=\"versanumer_2007\">10<\/span><\/a> Drottinn sneri vi\u00f0 h\u00f6gum Jobs \u00fev\u00ed a\u00f0 hann haf\u00f0i be\u00f0i\u00f0 fyrir vinum s\u00ednum, og Drottinn gaf Job tv\u00f6falt \u00fea\u00f0 sem hann haf\u00f0i \u00e1\u00f0ur \u00e1tt.<br \/> <a name=\"11\"><span class=\"versanumer_2007\">11<\/span><\/a> S\u00ed\u00f0an komu allir br\u00e6\u00f0ur Jobs og systur og allir kunningjar hans fr\u00e1 fyrri t\u00ed\u00f0 og sn\u00e6ddu me\u00f0 honum \u00ed h\u00fasi hans, s\u00fdndu honum sam\u00fa\u00f0 vegna alls \u00feess b\u00f6ls sem Drottinn haf\u00f0i l\u00e1ti\u00f0 koma yfir hann. \u00deau huggu\u00f0u hann og s\u00e9rhvert \u00feeirra gaf honum einn kes\u00edta og nefhring \u00far gulli.<br \/> <a name=\"12\"><span class=\"versanumer_2007\">12<\/span><\/a> Drottinn blessa\u00f0i s\u00ed\u00f0ari \u00e6vi\u00e1r Jobs meira en hin fyrri. Hann eigna\u00f0ist fj\u00f3rt\u00e1n \u00fe\u00fasund fj\u00e1r, sex \u00fe\u00fasund \u00falfalda, \u00fe\u00fasund sameyki nauta og \u00fe\u00fasund \u00f6snur. <a name=\"13\"><span class=\"versanumer_2007\">13<\/span><\/a> Hann eigna\u00f0ist einnig sj\u00f6 syni og \u00ferj\u00e1r d\u00e6tur. <a name=\"14\"><span class=\"versanumer_2007\">14<\/span><\/a> Hann gaf \u00feeirri fyrstu nafni\u00f0 Jem\u00edma, annarri Kes\u00eda og \u00feeirri \u00feri\u00f0ju Keren Happ\u00fak. <a name=\"15\"><span class=\"versanumer_2007\">15<\/span><\/a> Fegurri konur en d\u00e6tur Jobs fundust hvergi \u00ed \u00f6llu landinu og fa\u00f0ir \u00feeirra f\u00e9kk \u00feeim erf\u00f0ahlut me\u00f0 br\u00e6\u00f0rum \u00feeirra.<br \/> <a name=\"16\"><span class=\"versanumer_2007\">16<\/span><\/a> Eftir \u00feetta lif\u00f0i Job \u00ed hundra\u00f0 og fj\u00f6rut\u00edu \u00e1r og s\u00e1 b\u00f6rn s\u00edn og barnab\u00f6rn \u00ed fj\u00f3ra \u00e6ttli\u00f0i. <a name=\"17\"><span class=\"versanumer_2007\">17<\/span><\/a> Og Job d\u00f3 gamall og saddur l\u00edfdaga.<\/p>\n","protected":false},"excerpt":{"rendered":"<p>Lokasvar Jobs 1 Job svara\u00f0i Drottni og sag\u00f0i: 2N\u00fa skil \u00e9g a\u00f0 \u00fe\u00fa getur allt,ekkert, sem \u00fe\u00fa vilt, er \u00fe\u00e9r um megn. 3Hver myrkvar r\u00e1\u00f0s\u00e1lyktunina \u00e1n \u00feekkingar?\u00c9g hef tala\u00f0 af skilningsleysium undursamleg kraftaverk. 4Hlusta\u00f0u, n\u00fa \u00e6tla \u00e9g a\u00f0 tala,\u00e9g \u00e6tla a\u00f0 spyrja, \u00fe\u00fa skalt svara. 5\u00c9g \u00feekkti \u00feig af afspurnen n\u00fa hefur auga mitt liti\u00f0 \u00feig. 6\u00deess vegna tek \u00e9g or\u00f0 m\u00edn afturog i\u00f0rast \u00ed dufti og \u00f6sku. Eftirm\u00e1li 7 \u00deegar Drottinn haf\u00f0i m\u00e6lt \u00feessum or\u00f0um til Jobs sag\u00f0i hann vi\u00f0 El\u00edfas fr\u00e1 Teman: \u201eRei\u00f0i m\u00edn logar gegn \u00fe\u00e9r og b\u00e1\u00f0um vinum \u00fe\u00ednum \u00fev\u00ed a\u00f0 \u00fe\u00e9r hafi\u00f0 ekki sagt satt <a href=\"https:\/\/biblian.is\/biblian\/jobsbok-42-kafli\/\"> [&#8230;]<\/a><\/p>\n","protected":false},"author":1,"featured_media":0,"parent":0,"menu_order":0,"comment_status":"open","ping_status":"open","template":"bibliukaflar_NT.php","meta":{"footnotes":""},"class_list":["post-2095","page","type-page","status-publish","hentry"],"_links":{"self":[{"href":"https:\/\/biblian.is\/biblian\/wp-json\/wp\/v2\/pages\/2095","targetHints":{"allow":["GET"]}}],"collection":[{"href":"https:\/\/biblian.is\/biblian\/wp-json\/wp\/v2\/pages"}],"about":[{"href":"https:\/\/biblian.is\/biblian\/wp-json\/wp\/v2\/types\/page"}],"author":[{"embeddable":true,"href":"https:\/\/biblian.is\/biblian\/wp-json\/wp\/v2\/users\/1"}],"replies":[{"embeddable":true,"href":"https:\/\/biblian.is\/biblian\/wp-json\/wp\/v2\/comments?post=2095"}],"version-history":[{"count":0,"href":"https:\/\/biblian.is\/biblian\/wp-json\/wp\/v2\/pages\/2095\/revisions"}],"wp:attachment":[{"href":"https:\/\/biblian.is\/biblian\/wp-json\/wp\/v2\/media?parent=2095"}],"curies":[{"name":"wp","href":"https:\/\/api.w.org\/{rel}","templated":true}]}}