{"id":2094,"date":"2017-12-30T21:01:40","date_gmt":"2017-12-30T21:01:40","guid":{"rendered":"http:\/\/biblian.is\/biblian\/jobsb%c2%97k-41-kafli\/"},"modified":"2024-06-27T02:38:45","modified_gmt":"2024-06-27T02:38:45","slug":"jobsbok-41-kafli","status":"publish","type":"page","link":"https:\/\/biblian.is\/biblian\/jobsbok-41-kafli\/","title":{"rendered":"Jobsb\u00f3k 41. kafli"},"content":{"rendered":"<p><span class=\"ljodatexti\"> <a name=\"1\"><span class=\"versanumer_ljod\">1<\/span><\/a>Nei, \u00f6ll von manna bregst,<br \/>\u00fea\u00f0 eitt a\u00f0 sj\u00e1 hann leggur \u00fe\u00e1 a\u00f0 velli.<br \/> <\/span> <span class=\"ljodatexti\"> <a name=\"2\"><span class=\"versanumer_ljod\">2<\/span><\/a>Enginn dirfist a\u00f0 egna hann.<br \/>Hver getur sta\u00f0i\u00f0 fyrir augliti hans?<br \/> <\/span> <span class=\"ljodatexti\"> <a name=\"3\"><span class=\"versanumer_ljod\">3<\/span><\/a>Hver r\u00e6\u00f0st gegn honum og sleppur heill fr\u00e1 \u00fev\u00ed?<br \/>Ekki nokkur, neins sta\u00f0ar undir himninum.<br \/> <\/span> <span class=\"ljodatexti\"> <a name=\"4\"><span class=\"versanumer_ljod\">4<\/span><\/a>\u00c9g \u00e6tla ekki a\u00f0 \u00feegja um limi hans,<br \/>afl hans og fagran v\u00f6xt.<br \/> <\/span> <span class=\"ljodatexti\"> <a name=\"5\"><span class=\"versanumer_ljod\">5<\/span><\/a>Hver hefur svipt hann ytri kl\u00e6\u00f0um s\u00ednum,<br \/>brotist gegnum tv\u00f6falda brynju hans?<br \/> <\/span> <span class=\"ljodatexti\"> <a name=\"6\"><span class=\"versanumer_ljod\">6<\/span><\/a>Hver hefur opna\u00f0 hli\u00f0in a\u00f0 gini hans?<br \/>Tennur hans vekja skelfingu.<br \/> <\/span> <span class=\"ljodatexti\"> <a name=\"7\"><span class=\"versanumer_ljod\">7<\/span><\/a>Hryggur hans er skjaldar\u00f6\u00f0,<br \/>fest me\u00f0 innsigli \u00far k\u00edsilsteini,<br \/> <\/span> <span class=\"ljodatexti\"> <a name=\"8\"><span class=\"versanumer_ljod\">8<\/span><\/a>hver skj\u00f6ldur liggur a\u00f0 \u00f6\u00f0rum<br \/>svo a\u00f0 loft kemst hvergi \u00e1 milli,<br \/> <\/span> <span class=\"ljodatexti\"> <a name=\"9\"><span class=\"versanumer_ljod\">9<\/span><\/a>einn er greyptur \u00ed \u00feann n\u00e6sta,<br \/>\u00feeir eru og ver\u00f0a ekki skildir a\u00f0.<br \/> <\/span> <span class=\"ljodatexti\"> <a name=\"10\"><span class=\"versanumer_ljod\">10<\/span><\/a>Hnerri hans kveikir eld<br \/>og augu hans l\u00edkjast hv\u00f6rmum morgunro\u00f0ans.<br \/> <\/span> <span class=\"ljodatexti\"> <a name=\"11\"><span class=\"versanumer_ljod\">11<\/span><\/a>Logar standa \u00far gini hans,<br \/>neistar flj\u00faga \u00fat \u00far honum,<br \/> <\/span> <span class=\"ljodatexti\"> <a name=\"12\"><span class=\"versanumer_ljod\">12<\/span><\/a>\u00far n\u00f6sum hans stendur eimur<br \/>eins og \u00far gl\u00f3heitum, sj\u00f3\u00f0andi potti.<br \/> <\/span> <span class=\"ljodatexti\"> <a name=\"13\"><span class=\"versanumer_ljod\">13<\/span><\/a>Andgustur hans kyndir \u00ed kolum,<br \/>\u00far gini hans stendur eldslogi.<br \/> <\/span> <span class=\"ljodatexti\"> <a name=\"14\"><span class=\"versanumer_ljod\">14<\/span><\/a>Kraftur situr \u00ed hnakka hans<br \/>og \u00f3ttinn stekkur \u00e1 undan honum.<br \/> <\/span> <span class=\"ljodatexti\"> <a name=\"15\"><span class=\"versanumer_ljod\">15<\/span><\/a>Kvi\u00f0v\u00f6\u00f0var hans eru stinnir,<br \/>steyptir \u00e1 hann og hr\u00e6rast ekki.<br \/> <\/span> <span class=\"ljodatexti\"> <a name=\"16\"><span class=\"versanumer_ljod\">16<\/span><\/a>Hjarta hans er hart sem steinn,<br \/>st\u00f6\u00f0ugt eins og ne\u00f0ri kvarnarsteinn.<br \/> <\/span> <span class=\"ljodatexti\"> <a name=\"17\"><span class=\"versanumer_ljod\">17<\/span><\/a>\u00deegar hann reisir sig skelfast jafnvel gu\u00f0ir<br \/>og h\u00f6rfa af \u00f3tta.<br \/> <\/span> <span class=\"ljodatexti\"> <a name=\"18\"><span class=\"versanumer_ljod\">18<\/span><\/a>Sver\u00f0 vinnur ekki \u00e1 honum,<br \/>n\u00e9 lensa, spj\u00f3t e\u00f0a \u00f6r.<br \/> <\/span> <span class=\"ljodatexti\"> <a name=\"19\"><span class=\"versanumer_ljod\">19<\/span><\/a>Hann metur j\u00e1rn sem h\u00e1lmstr\u00e1,<br \/>eir eins og ma\u00f0ksmoginn vi\u00f0.<br \/> <\/span> <span class=\"ljodatexti\"> <a name=\"20\"><span class=\"versanumer_ljod\">20<\/span><\/a>\u00d6rin rekur hann ekki \u00e1 fl\u00f3tta,<br \/>gegn honum ver\u00f0a sl\u00f6ngvusteinar a\u00f0 h\u00e1lmi,<br \/> <\/span> <span class=\"ljodatexti\"> <a name=\"21\"><span class=\"versanumer_ljod\">21<\/span><\/a>kylfan er honum str\u00e1,<br \/>hann hl\u00e6r a\u00f0 vopnabraki.<br \/> <\/span> <span class=\"ljodatexti\"> <a name=\"22\"><span class=\"versanumer_ljod\">22<\/span><\/a> Kvi\u00f0ur hans er alsettur hv\u00f6ssum broddum,<br \/>hann myndar brei\u00f0 f\u00f6r \u00ed e\u00f0juna eins og \u00fereskisle\u00f0i.<br \/> <\/span> <span class=\"ljodatexti\"> <a name=\"23\"><span class=\"versanumer_ljod\">23<\/span><\/a> Hann l\u00e6tur dj\u00fapi\u00f0 vella eins og ketil,<br \/>hafi\u00f0 gerir hann a\u00f0 smyrslapotti,<br \/> <\/span> <span class=\"ljodatexti\"> <a name=\"24\"><span class=\"versanumer_ljod\">24<\/span><\/a> r\u00e1kin \u00e1 eftir honum glitrar,<br \/>hafdj\u00fapi\u00f0 l\u00edkist silfurh\u00e6rum.<br \/> <\/span> <span class=\"ljodatexti\"> <a name=\"25\"><span class=\"versanumer_ljod\">25<\/span><\/a> Enginn er jafnoki hans \u00e1 j\u00f6r\u00f0u,<br \/>hann var skapa\u00f0ur \u00f3ttalaus.<br \/> <\/span> <span class=\"ljodatexti\"> <a name=\"26\"><span class=\"versanumer_ljod\">26<\/span><\/a> Hann horfir \u00e1 allt sem er h\u00e1tt,<br \/>er konungur allra stoltra d\u00fdra. <\/span> <\/p>\n","protected":false},"excerpt":{"rendered":"<p>1Nei, \u00f6ll von manna bregst,\u00fea\u00f0 eitt a\u00f0 sj\u00e1 hann leggur \u00fe\u00e1 a\u00f0 velli. 2Enginn dirfist a\u00f0 egna hann.Hver getur sta\u00f0i\u00f0 fyrir augliti hans? 3Hver r\u00e6\u00f0st gegn honum og sleppur heill fr\u00e1 \u00fev\u00ed?Ekki nokkur, neins sta\u00f0ar undir himninum. 4\u00c9g \u00e6tla ekki a\u00f0 \u00feegja um limi hans,afl hans og fagran v\u00f6xt. 5Hver hefur svipt hann ytri kl\u00e6\u00f0um s\u00ednum,brotist gegnum tv\u00f6falda brynju hans? 6Hver hefur opna\u00f0 hli\u00f0in a\u00f0 gini hans?Tennur hans vekja skelfingu. 7Hryggur hans er skjaldar\u00f6\u00f0,fest me\u00f0 innsigli \u00far k\u00edsilsteini, 8hver skj\u00f6ldur liggur a\u00f0 \u00f6\u00f0rumsvo a\u00f0 loft kemst hvergi \u00e1 milli, 9einn er greyptur \u00ed \u00feann n\u00e6sta,\u00feeir eru og ver\u00f0a ekki skildir <a href=\"https:\/\/biblian.is\/biblian\/jobsbok-41-kafli\/\"> [&#8230;]<\/a><\/p>\n","protected":false},"author":1,"featured_media":0,"parent":0,"menu_order":0,"comment_status":"open","ping_status":"open","template":"bibliukaflar_NT.php","meta":{"footnotes":""},"class_list":["post-2094","page","type-page","status-publish","hentry"],"_links":{"self":[{"href":"https:\/\/biblian.is\/biblian\/wp-json\/wp\/v2\/pages\/2094","targetHints":{"allow":["GET"]}}],"collection":[{"href":"https:\/\/biblian.is\/biblian\/wp-json\/wp\/v2\/pages"}],"about":[{"href":"https:\/\/biblian.is\/biblian\/wp-json\/wp\/v2\/types\/page"}],"author":[{"embeddable":true,"href":"https:\/\/biblian.is\/biblian\/wp-json\/wp\/v2\/users\/1"}],"replies":[{"embeddable":true,"href":"https:\/\/biblian.is\/biblian\/wp-json\/wp\/v2\/comments?post=2094"}],"version-history":[{"count":0,"href":"https:\/\/biblian.is\/biblian\/wp-json\/wp\/v2\/pages\/2094\/revisions"}],"wp:attachment":[{"href":"https:\/\/biblian.is\/biblian\/wp-json\/wp\/v2\/media?parent=2094"}],"curies":[{"name":"wp","href":"https:\/\/api.w.org\/{rel}","templated":true}]}}