{"id":2093,"date":"2017-12-30T21:01:40","date_gmt":"2017-12-30T21:01:40","guid":{"rendered":"http:\/\/biblian.is\/biblian\/jobsb%c2%97k-40-kafli\/"},"modified":"2024-06-27T02:38:45","modified_gmt":"2024-06-27T02:38:45","slug":"jobsbok-40-kafli","status":"publish","type":"page","link":"https:\/\/biblian.is\/biblian\/jobsbok-40-kafli\/","title":{"rendered":"Jobsb\u00f3k 40. kafli"},"content":{"rendered":"<p><a name=\"1\"><span class=\"versanumer_2007\">1<\/span><\/a> Drottinn m\u00e6lti til Jobs og sag\u00f0i:<br \/> <span class=\"ljodatexti\"> <a name=\"2\"><span class=\"versanumer_ljod\">2<\/span><\/a>\u00c6tlar \u00e1m\u00e6lisma\u00f0urinn a\u00f0 deila vi\u00f0 Hinn alm\u00e1ttka?<br \/>S\u00e1 sem \u00e1sakar Gu\u00f0 svari \u00feessu. <\/span> <\/p>\n<h3 class=\"millifyrirsogn_2007\">Svar Jobs<\/h3>\n<p> <a name=\"3\"><span class=\"versanumer_2007\">3<\/span><\/a> Job svara\u00f0i Drottni og sag\u00f0i:<br \/> <span class=\"ljodatexti\"> <a name=\"4\"><span class=\"versanumer_ljod\">4<\/span><\/a>Nei, \u00e9g er l\u00e9ttv\u00e6gur, hverju get \u00e9g svara\u00f0 \u00fe\u00e9r?<br \/>\u00c9g legg h\u00f6nd m\u00e9r \u00e1 munn.<br \/> <\/span> <span class=\"ljodatexti\"> <a name=\"5\"><span class=\"versanumer_ljod\">5<\/span><\/a>Einu sinni hef \u00e9g tala\u00f0 og svara ekki,<br \/>tvisvar og endurtek \u00fea\u00f0 ekki. <\/span> <\/p>\n<h3 class=\"millifyrirsogn_2007\">\u00d6nnur r\u00e6\u00f0a Drottins<\/h3>\n<p> <a name=\"6\"><span class=\"versanumer_2007\">6<\/span><\/a> Drottinn svara\u00f0i Job \u00far storminum og sag\u00f0i:<br \/> <span class=\"ljodatexti\"> <a name=\"7\"><span class=\"versanumer_ljod\">7<\/span><\/a>Gyrtu n\u00fa lendar \u00fe\u00ednar eins og ma\u00f0ur.<br \/>N\u00fa \u00e6tla \u00e9g a\u00f0 spyrja \u00feig, \u00fe\u00fa skalt svara m\u00e9r.<br \/> <a name=\"8\"><span class=\"versanumer_ljod\">8<\/span><\/a>\u00c6tlar\u00f0u a\u00f0 hafa d\u00f3m minn a\u00f0 engu,<br \/>d\u00e6ma mig sekan svo a\u00f0 \u00fe\u00fa ver\u00f0ir r\u00e9ttl\u00e6ttur?<br \/> <a name=\"9\"><span class=\"versanumer_ljod\">9<\/span><\/a>Er armur \u00feinn eins og armur Gu\u00f0s,<br \/>getur\u00f0u \u00feruma\u00f0 me\u00f0 s\u00f6mu raust og hann?<br \/> <a name=\"10\"><span class=\"versanumer_ljod\">10<\/span><\/a>Skr\u00fdddu \u00feig n\u00fa h\u00e1tign og m\u00e6tti<br \/>og kl\u00e6\u00f0stu d\u00fdr\u00f0 og lj\u00f3ma,<br \/> <a name=\"11\"><span class=\"versanumer_ljod\">11<\/span><\/a>helltu \u00far sk\u00e1lum rei\u00f0i \u00feinnar,<br \/>l\u00edttu \u00e1 hrokagikkinn og ni\u00f0url\u00e6g\u00f0u hann,<br \/> <a name=\"12\"><span class=\"versanumer_ljod\">12<\/span><\/a>l\u00edttu \u00e1 hrokagikkinn og au\u00f0m\u00fdktu hann,<br \/>tra\u00f0ka\u00f0u \u00f3gu\u00f0lega ni\u00f0ur hvar sem \u00feeir eru,<br \/> <a name=\"13\"><span class=\"versanumer_ljod\">13<\/span><\/a>hyl \u00fe\u00e1 mold, alla sem einn,<br \/>loka\u00f0u \u00fe\u00e1 inni \u00e1 leyndum sta\u00f0<br \/> <a name=\"14\"><span class=\"versanumer_ljod\">14<\/span><\/a>og \u00e9g skal lofa \u00feig.<br \/> <a name=\"15\"><span class=\"versanumer_ljod\">15<\/span><\/a>L\u00edttu \u00e1 fl\u00f3\u00f0hestinn sem \u00e9g skapa\u00f0i eins og \u00feig,<br \/>hann b\u00edtur gras eins og naut.<br \/> <a name=\"16\"><span class=\"versanumer_ljod\">16<\/span><\/a>Sj\u00e1\u00f0u afli\u00f0 \u00ed lendum hans<br \/>og kraftinn \u00ed kvi\u00f0v\u00f6\u00f0vum hans.<br \/> <a name=\"17\"><span class=\"versanumer_ljod\">17<\/span><\/a>Hann sperrir halann eins og sedrustr\u00e9,<br \/>sinarnar \u00ed l\u00e6rum hans eru samantvinna\u00f0ar,<br \/> <a name=\"18\"><span class=\"versanumer_ljod\">18<\/span><\/a>beinin eru eirp\u00edpur,<br \/>leggirnir j\u00e1rnstengur.<br \/> <a name=\"19\"><span class=\"versanumer_ljod\">19<\/span><\/a>Hann er frumsk\u00f6pun Gu\u00f0s,<br \/>skapari hans einn getur n\u00e1lgast hann me\u00f0 sver\u00f0i<br \/> <a name=\"20\"><span class=\"versanumer_ljod\">20<\/span><\/a>en fj\u00f6llin f\u00e6ra honum afrakstur sinn<br \/>og \u00fear eru villtu d\u00fdrin a\u00f0 leik.<br \/> <a name=\"21\"><span class=\"versanumer_ljod\">21<\/span><\/a>Hann liggur undir l\u00f3tusrunnum,<br \/>falinn \u00ed sefi og m\u00fdrarkeldum,<br \/> <a name=\"22\"><span class=\"versanumer_ljod\">22<\/span><\/a> l\u00f3tusrunnar hylja hann skugga,<br \/>p\u00edlvi\u00f0ir \u00e1 \u00e1rbakka umlykja hann.<br \/> <a name=\"23\"><span class=\"versanumer_ljod\">23<\/span><\/a> Hann hr\u00f6kklast ekki burt \u00fe\u00f3tt flj\u00f3ti\u00f0 vaxi,<br \/>hann er \u00f3hultur \u00feegar J\u00f3rdan fl\u00e6\u00f0ir \u00ed gin hans.<br \/> <a name=\"24\"><span class=\"versanumer_ljod\">24<\/span><\/a> Hver getur blinda\u00f0 hann og fanga\u00f0,<br \/>sett kr\u00f3ka \u00ed nasir hans?<br \/> <a name=\"25\"><span class=\"versanumer_ljod\">25<\/span><\/a> Getur\u00f0u veitt kr\u00f3k\u00f3d\u00edlinn \u00e1 \u00f6ngul,<br \/>\u00fer\u00fdst ni\u00f0ur tungu hans me\u00f0 f\u00e6ri,<br \/> <a name=\"26\"><span class=\"versanumer_ljod\">26<\/span><\/a> dregi\u00f0 sefreipi gegnum nasir hans<br \/>og stungi\u00f0 kr\u00f3k gegnum kj\u00e1lka hans?<br \/> <a name=\"27\"><span class=\"versanumer_ljod\">27<\/span><\/a> S\u00e1rb\u00e6nir hann \u00feig um miskunn<br \/>e\u00f0a talar hann vinsamlega til \u00fe\u00edn?<br \/> <a name=\"28\"><span class=\"versanumer_ljod\">28<\/span><\/a> Gerir hann samning vi\u00f0 \u00feig<br \/>um a\u00f0 \u00fe\u00fa gerir hann a\u00f0 \u00fer\u00e6li \u00fe\u00ednum \u00e6vinlega?<br \/> <a name=\"29\"><span class=\"versanumer_ljod\">29<\/span><\/a> Leikur\u00f0u vi\u00f0 hann eins og sm\u00e1fugl,<br \/>bindur hann fastan handa st\u00falkub\u00f6rnum \u00fe\u00ednum?<br \/> <a name=\"30\"><span class=\"versanumer_ljod\">30<\/span><\/a> \u00dejarka st\u00f3rkaupmenn um hann<br \/>og skipta honum me\u00f0al sm\u00e1sala?<br \/> <a name=\"31\"><span class=\"versanumer_ljod\">31<\/span><\/a> Getur\u00f0u \u00feaki\u00f0 h\u00fa\u00f0 hans skutlum,<br \/>haus hans kastspj\u00f3tum?<br \/> <a name=\"32\"><span class=\"versanumer_ljod\">32<\/span><\/a> Legg\u00f0u l\u00f3fa \u00feinn \u00e1 hann,<br \/>settu \u00fe\u00e9r bardagann fyrir sj\u00f3nir, \u00fe\u00fa gerir \u00fea\u00f0 ekki aftur. <\/p>\n","protected":false},"excerpt":{"rendered":"<p>1 Drottinn m\u00e6lti til Jobs og sag\u00f0i: 2\u00c6tlar \u00e1m\u00e6lisma\u00f0urinn a\u00f0 deila vi\u00f0 Hinn alm\u00e1ttka?S\u00e1 sem \u00e1sakar Gu\u00f0 svari \u00feessu. Svar Jobs 3 Job svara\u00f0i Drottni og sag\u00f0i: 4Nei, \u00e9g er l\u00e9ttv\u00e6gur, hverju get \u00e9g svara\u00f0 \u00fe\u00e9r?\u00c9g legg h\u00f6nd m\u00e9r \u00e1 munn. 5Einu sinni hef \u00e9g tala\u00f0 og svara ekki,tvisvar og endurtek \u00fea\u00f0 ekki. \u00d6nnur r\u00e6\u00f0a Drottins 6 Drottinn svara\u00f0i Job \u00far storminum og sag\u00f0i: 7Gyrtu n\u00fa lendar \u00fe\u00ednar eins og ma\u00f0ur.N\u00fa \u00e6tla \u00e9g a\u00f0 spyrja \u00feig, \u00fe\u00fa skalt svara m\u00e9r. 8\u00c6tlar\u00f0u a\u00f0 hafa d\u00f3m minn a\u00f0 engu,d\u00e6ma mig sekan svo a\u00f0 \u00fe\u00fa ver\u00f0ir r\u00e9ttl\u00e6ttur? 9Er armur \u00feinn eins og armur <a href=\"https:\/\/biblian.is\/biblian\/jobsbok-40-kafli\/\"> [&#8230;]<\/a><\/p>\n","protected":false},"author":1,"featured_media":0,"parent":0,"menu_order":0,"comment_status":"open","ping_status":"open","template":"bibliukaflar_NT.php","meta":{"footnotes":""},"class_list":["post-2093","page","type-page","status-publish","hentry"],"_links":{"self":[{"href":"https:\/\/biblian.is\/biblian\/wp-json\/wp\/v2\/pages\/2093","targetHints":{"allow":["GET"]}}],"collection":[{"href":"https:\/\/biblian.is\/biblian\/wp-json\/wp\/v2\/pages"}],"about":[{"href":"https:\/\/biblian.is\/biblian\/wp-json\/wp\/v2\/types\/page"}],"author":[{"embeddable":true,"href":"https:\/\/biblian.is\/biblian\/wp-json\/wp\/v2\/users\/1"}],"replies":[{"embeddable":true,"href":"https:\/\/biblian.is\/biblian\/wp-json\/wp\/v2\/comments?post=2093"}],"version-history":[{"count":0,"href":"https:\/\/biblian.is\/biblian\/wp-json\/wp\/v2\/pages\/2093\/revisions"}],"wp:attachment":[{"href":"https:\/\/biblian.is\/biblian\/wp-json\/wp\/v2\/media?parent=2093"}],"curies":[{"name":"wp","href":"https:\/\/api.w.org\/{rel}","templated":true}]}}