{"id":2092,"date":"2017-12-30T21:01:40","date_gmt":"2017-12-30T21:01:40","guid":{"rendered":"http:\/\/biblian.is\/biblian\/jobsb%c2%97k-39-kafli\/"},"modified":"2024-06-27T02:38:45","modified_gmt":"2024-06-27T02:38:45","slug":"jobsbok-39-kafli","status":"publish","type":"page","link":"https:\/\/biblian.is\/biblian\/jobsbok-39-kafli\/","title":{"rendered":"Jobsb\u00f3k 39. kafli"},"content":{"rendered":"<p><span class=\"ljodatexti\"> <a name=\"1\"><span class=\"versanumer_ljod\">1<\/span><\/a>Veistu hven\u00e6r steingeitur bera,<br \/>fylgistu me\u00f0 f\u00e6\u00f0ingarhr\u00ed\u00f0um hinda?<br \/> <\/span> <span class=\"ljodatexti\"> <a name=\"2\"><span class=\"versanumer_ljod\">2<\/span><\/a>Telur\u00f0u m\u00e1nu\u00f0ina sem \u00fe\u00e6r ganga me\u00f0<br \/>og veistu hven\u00e6r \u00fe\u00e6r bera?<br \/> <\/span> <span class=\"ljodatexti\"> <a name=\"3\"><span class=\"versanumer_ljod\">3<\/span><\/a>\u00de\u00e6r hnipra sig saman, bera k\u00e1lfum s\u00ednum<br \/>og losna vi\u00f0 hr\u00ed\u00f0arnar.<br \/> <\/span> <span class=\"ljodatexti\"> <a name=\"4\"><span class=\"versanumer_ljod\">4<\/span><\/a>K\u00e1lfarnir styrkjast og dafna \u00ed haganum,<br \/>hlaupa burt og koma ekki aftur til \u00feeirra.<br \/> <\/span> <span class=\"ljodatexti\"> <a name=\"5\"><span class=\"versanumer_ljod\">5<\/span><\/a>Hver sleppti villiasnanum lausum<br \/>og hver leysti fj\u00f6tra sl\u00e9ttuasnans?<br \/> <\/span> <span class=\"ljodatexti\"> <a name=\"6\"><span class=\"versanumer_ljod\">6<\/span><\/a>\u00c9g ger\u00f0i au\u00f0nina a\u00f0 heimkynnum hans<br \/>og saltsl\u00e9ttuna a\u00f0 b\u00fasta\u00f0 hans.<br \/> <\/span> <span class=\"ljodatexti\"> <a name=\"7\"><span class=\"versanumer_ljod\">7<\/span><\/a>Hann hl\u00e6r a\u00f0 skarkala borgarinnar<br \/>og heyrir ekki k\u00f6ll smalanna,<br \/> <\/span> <span class=\"ljodatexti\"> <a name=\"8\"><span class=\"versanumer_ljod\">8<\/span><\/a>hann leitar haga \u00ed fj\u00f6llunum,<br \/>s\u00e6kir \u00ed allt gr\u00e6nt.<br \/> <\/span> <span class=\"ljodatexti\"> <a name=\"9\"><span class=\"versanumer_ljod\">9<\/span><\/a>Vill villinauti\u00f0 \u00fer\u00e6la fyrir \u00feig,<br \/>stendur \u00fea\u00f0 n\u00e6turlangt vi\u00f0 j\u00f6tu \u00fe\u00edna?<br \/> <\/span> <span class=\"ljodatexti\"> <a name=\"10\"><span class=\"versanumer_ljod\">10<\/span><\/a>Getur\u00f0u bundi\u00f0 villinauti\u00f0 \u00ed pl\u00f3gfarinu me\u00f0 reipum,<br \/>pl\u00e6gir \u00fea\u00f0 dalgrundirnar \u00e1 eftir \u00fe\u00e9r?<br \/> <\/span> <span class=\"ljodatexti\"> <a name=\"11\"><span class=\"versanumer_ljod\">11<\/span><\/a>Treystir\u00f0u \u00fev\u00ed af \u00fev\u00ed a\u00f0 afl \u00feess er miki\u00f0<br \/>og l\u00e6tur \u00fea\u00f0 erfi\u00f0a fyrir \u00feig?<br \/> <\/span> <span class=\"ljodatexti\"> <a name=\"12\"><span class=\"versanumer_ljod\">12<\/span><\/a>Treystir\u00f0u \u00fev\u00ed til a\u00f0 flytja korn \u00feitt<br \/>og safna \u00fev\u00ed \u00e1 \u00fereskiv\u00f6ll \u00feinn?<br \/> <\/span> <span class=\"ljodatexti\"> <a name=\"13\"><span class=\"versanumer_ljod\">13<\/span><\/a>V\u00e6ngjablak str\u00fatsh\u00e6nunnar er skoplegt,<br \/>ver\u00f0ur v\u00e6ngjum hennar l\u00edkt vi\u00f0 flugfja\u00f0rir storks og f\u00e1lka?<br \/> <\/span> <span class=\"ljodatexti\"> <a name=\"14\"><span class=\"versanumer_ljod\">14<\/span><\/a>\u00deegar h\u00fan skilur egg s\u00edn eftir \u00e1 j\u00f6r\u00f0inni<br \/>svo a\u00f0 \u00feau haldist heit \u00ed sandinum<br \/> <\/span> <span class=\"ljodatexti\"> <a name=\"15\"><span class=\"versanumer_ljod\">15<\/span><\/a>gleymir h\u00fan a\u00f0 f\u00f3tur getur krami\u00f0 \u00feau<br \/>og villid\u00fdr tro\u00f0i\u00f0 \u00feau \u00ed sundur.<br \/> <\/span> <span class=\"ljodatexti\"> <a name=\"16\"><span class=\"versanumer_ljod\">16<\/span><\/a>H\u00fan beitir unga s\u00edna h\u00f6r\u00f0u eins og h\u00fan \u00e6tti \u00fe\u00e1 ekki.<br \/>\u00de\u00f3tt erfi\u00f0i hennar s\u00e9 til einskis stendur henni \u00e1 sama<br \/> <\/span> <span class=\"ljodatexti\"> <a name=\"17\"><span class=\"versanumer_ljod\">17<\/span><\/a>\u00fev\u00ed a\u00f0 Gu\u00f0 synja\u00f0i henni um skynsemi<br \/>og veitti henni enga hlutdeild \u00ed skilningi.<br \/> <\/span> <span class=\"ljodatexti\"> <a name=\"18\"><span class=\"versanumer_ljod\">18<\/span><\/a>En \u00feegar h\u00fan stekkur upp, ba\u00f0ar v\u00e6ngjum,<br \/>hl\u00e6r h\u00fan a\u00f0 hesti og riddara.<br \/> <\/span> <span class=\"ljodatexti\"> <a name=\"19\"><span class=\"versanumer_ljod\">19<\/span><\/a>Gafstu hestinum afl,<br \/>kl\u00e6ddir\u00f0u makka hans faxi,<br \/> <\/span> <span class=\"ljodatexti\"> <a name=\"20\"><span class=\"versanumer_ljod\">20<\/span><\/a>l\u00e6tur\u00f0u hann st\u00f6kkva eins og engisprettu?<br \/>Tignarlegt hnegg hans er \u00f3gnvekjandi.<br \/> <\/span> <span class=\"ljodatexti\"> <a name=\"21\"><span class=\"versanumer_ljod\">21<\/span><\/a>Hann krafsar upp grundina og gle\u00f0st,<br \/>sterkur ve\u00f0ur hann gegn vopnum,<br \/> <\/span> <span class=\"ljodatexti\"> <a name=\"22\"><span class=\"versanumer_ljod\">22<\/span><\/a> hl\u00e6r a\u00f0 hr\u00e6\u00f0slu, \u00f3ttast ekkert<br \/>og hopar ekki fyrir sver\u00f0i.<br \/> <\/span> <span class=\"ljodatexti\"> <a name=\"23\"><span class=\"versanumer_ljod\">23<\/span><\/a> \u00c1 baki hans glamrar \u00ed \u00f6rvam\u00e6li,<br \/>spj\u00f3t og bj\u00fagsver\u00f0 leiftra,<br \/> <\/span> <span class=\"ljodatexti\"> <a name=\"24\"><span class=\"versanumer_ljod\">24<\/span><\/a> me\u00f0 h\u00e1va\u00f0a og harki \u00fe\u00fdtur hann yfir landi\u00f0,<br \/>stansar ekki vi\u00f0 horna\u00feyt.<br \/> <\/span> <span class=\"ljodatexti\"> <a name=\"25\"><span class=\"versanumer_ljod\">25<\/span><\/a> Hann hneggjar \u00feegar horn er \u00feeytt,<br \/>hefur ve\u00f0ur af bardaga langt a\u00f0,<br \/>k\u00f6llum li\u00f0sforingja og her\u00f3pum.<br \/> <\/span> <span class=\"ljodatexti\"> <a name=\"26\"><span class=\"versanumer_ljod\">26<\/span><\/a> Er \u00fea\u00f0 fyrir \u00fe\u00edna visku sem f\u00e1lkinn fl\u00fdgur upp<br \/>og \u00feenur v\u00e6ngina til su\u00f0urs?<br \/> <\/span> <span class=\"ljodatexti\"> <a name=\"27\"><span class=\"versanumer_ljod\">27<\/span><\/a> Hefur \u00f6rninn sig til flugs eftir \u00feinni skipun<br \/>og gerir s\u00e9r hrei\u00f0ur h\u00e1tt uppi?<br \/> <\/span> <span class=\"ljodatexti\"> <a name=\"28\"><span class=\"versanumer_ljod\">28<\/span><\/a> Hann b\u00fdr \u00ed bj\u00f6rgum og n\u00e1ttar \u00fear<br \/>\u00e1 klettagn\u00edpum og fjallatindum,<br \/> <\/span> <span class=\"ljodatexti\"> <a name=\"29\"><span class=\"versanumer_ljod\">29<\/span><\/a> \u00fea\u00f0an skyggnist hann eftir br\u00e1\u00f0,<br \/>augu hans horfa langt \u00ed fjarska.<br \/> <\/span> <span class=\"ljodatexti\"> <a name=\"30\"><span class=\"versanumer_ljod\">30<\/span><\/a> Unga hans \u00feyrstir \u00ed bl\u00f3\u00f0<br \/>og \u00fear sem fallnir liggja<br \/>er hann kominn. <\/span> <\/p>\n","protected":false},"excerpt":{"rendered":"<p>1Veistu hven\u00e6r steingeitur bera,fylgistu me\u00f0 f\u00e6\u00f0ingarhr\u00ed\u00f0um hinda? 2Telur\u00f0u m\u00e1nu\u00f0ina sem \u00fe\u00e6r ganga me\u00f0og veistu hven\u00e6r \u00fe\u00e6r bera? 3\u00de\u00e6r hnipra sig saman, bera k\u00e1lfum s\u00ednumog losna vi\u00f0 hr\u00ed\u00f0arnar. 4K\u00e1lfarnir styrkjast og dafna \u00ed haganum,hlaupa burt og koma ekki aftur til \u00feeirra. 5Hver sleppti villiasnanum lausumog hver leysti fj\u00f6tra sl\u00e9ttuasnans? 6\u00c9g ger\u00f0i au\u00f0nina a\u00f0 heimkynnum hansog saltsl\u00e9ttuna a\u00f0 b\u00fasta\u00f0 hans. 7Hann hl\u00e6r a\u00f0 skarkala borgarinnarog heyrir ekki k\u00f6ll smalanna, 8hann leitar haga \u00ed fj\u00f6llunum,s\u00e6kir \u00ed allt gr\u00e6nt. 9Vill villinauti\u00f0 \u00fer\u00e6la fyrir \u00feig,stendur \u00fea\u00f0 n\u00e6turlangt vi\u00f0 j\u00f6tu \u00fe\u00edna? 10Getur\u00f0u bundi\u00f0 villinauti\u00f0 \u00ed pl\u00f3gfarinu me\u00f0 reipum,pl\u00e6gir \u00fea\u00f0 dalgrundirnar \u00e1 eftir \u00fe\u00e9r? 11Treystir\u00f0u \u00fev\u00ed af <a href=\"https:\/\/biblian.is\/biblian\/jobsbok-39-kafli\/\"> [&#8230;]<\/a><\/p>\n","protected":false},"author":1,"featured_media":0,"parent":0,"menu_order":0,"comment_status":"open","ping_status":"open","template":"bibliukaflar_NT.php","meta":{"footnotes":""},"class_list":["post-2092","page","type-page","status-publish","hentry"],"_links":{"self":[{"href":"https:\/\/biblian.is\/biblian\/wp-json\/wp\/v2\/pages\/2092","targetHints":{"allow":["GET"]}}],"collection":[{"href":"https:\/\/biblian.is\/biblian\/wp-json\/wp\/v2\/pages"}],"about":[{"href":"https:\/\/biblian.is\/biblian\/wp-json\/wp\/v2\/types\/page"}],"author":[{"embeddable":true,"href":"https:\/\/biblian.is\/biblian\/wp-json\/wp\/v2\/users\/1"}],"replies":[{"embeddable":true,"href":"https:\/\/biblian.is\/biblian\/wp-json\/wp\/v2\/comments?post=2092"}],"version-history":[{"count":0,"href":"https:\/\/biblian.is\/biblian\/wp-json\/wp\/v2\/pages\/2092\/revisions"}],"wp:attachment":[{"href":"https:\/\/biblian.is\/biblian\/wp-json\/wp\/v2\/media?parent=2092"}],"curies":[{"name":"wp","href":"https:\/\/api.w.org\/{rel}","templated":true}]}}