{"id":2090,"date":"2017-12-30T21:01:40","date_gmt":"2017-12-30T21:01:40","guid":{"rendered":"http:\/\/biblian.is\/biblian\/jobsb%c2%97k-37-kafli\/"},"modified":"2024-06-27T02:38:44","modified_gmt":"2024-06-27T02:38:44","slug":"jobsbok-37-kafli","status":"publish","type":"page","link":"https:\/\/biblian.is\/biblian\/jobsbok-37-kafli\/","title":{"rendered":"Jobsb\u00f3k 37. kafli"},"content":{"rendered":"<p><span class=\"ljodatexti\"> <a name=\"1\"><span class=\"versanumer_ljod\">1<\/span><\/a>\u00deess vegna skelfur hjarta mitt<br \/>og berst \u00ed brj\u00f3sti m\u00e9r.<br \/> <\/span> <span class=\"ljodatexti\"> <a name=\"2\"><span class=\"versanumer_ljod\">2<\/span><\/a>Hlusti\u00f0, heyri\u00f0 \u00ferumuraust hans,<br \/>drununa \u00far munni hans.<br \/> <\/span> <span class=\"ljodatexti\"> <a name=\"3\"><span class=\"versanumer_ljod\">3<\/span><\/a>Hann \u00feeytir henni um himin allan<br \/>og sendir leiftur sitt til endimarka jar\u00f0ar.<br \/> <\/span> <span class=\"ljodatexti\"> <a name=\"4\"><span class=\"versanumer_ljod\">4<\/span><\/a>\u00dev\u00ed n\u00e6st drynur \u00feruma,<br \/>hann \u00ferumar tignarlegri raust<br \/>og heldur ekki aftur af eldingunum<br \/>\u00feegar r\u00f6dd hans heyrist.<br \/> <\/span> <span class=\"ljodatexti\"> <a name=\"5\"><span class=\"versanumer_ljod\">5<\/span><\/a>Me\u00f0 \u00ferumuraust sinni gerir Gu\u00f0 kraftaverk<br \/>og vinnur st\u00f3rvirki sem v\u00e9r skiljum ekki.<br \/> <\/span> <span class=\"ljodatexti\"> <a name=\"6\"><span class=\"versanumer_ljod\">6<\/span><\/a>Hann segir vi\u00f0 snj\u00f3inn: \u201e\u00de\u00fa skalt falla \u00e1 j\u00f6r\u00f0ina,\u201c<br \/>og vi\u00f0 regni\u00f0: \u201e\u00de\u00fa skalt falla \u00ed str\u00ed\u00f0um straumum.\u201c<br \/> <\/span> <span class=\"ljodatexti\"> <a name=\"7\"><span class=\"versanumer_ljod\">7<\/span><\/a>Hann innsiglar hendur s\u00e9rhvers manns<br \/>svo a\u00f0 \u00f6llum s\u00e9 lj\u00f3st a\u00f0 \u00feetta eru verk hans.<br \/> <\/span> <span class=\"ljodatexti\"> <a name=\"8\"><span class=\"versanumer_ljod\">8<\/span><\/a>Villid\u00fdr leita skj\u00f3ls<br \/>og b\u00e6la sig \u00ed holum s\u00ednum.<br \/> <\/span> <span class=\"ljodatexti\"> <a name=\"9\"><span class=\"versanumer_ljod\">9<\/span><\/a>Stormurinn kemur \u00far for\u00f0ab\u00farinu<br \/>og kuldinn fylgir nor\u00f0anvindinum.<br \/> <\/span> <span class=\"ljodatexti\"> <a name=\"10\"><span class=\"versanumer_ljod\">10<\/span><\/a>\u00cdsinn ver\u00f0ur til fyrir andgust Gu\u00f0s<br \/>og hin v\u00ed\u00f0u v\u00f6tn leggur.<br \/> <\/span> <span class=\"ljodatexti\"> <a name=\"11\"><span class=\"versanumer_ljod\">11<\/span><\/a>Sk\u00fdin hle\u00f0ur hann v\u00e6tu,<br \/>dreifir b\u00f3lstrum me\u00f0 eldingu sinni.<br \/> <\/span> <span class=\"ljodatexti\"> <a name=\"12\"><span class=\"versanumer_ljod\">12<\/span><\/a>Sk\u00fdin rekur \u00ed allar \u00e1ttir,<br \/>\u00feau veltast um undir stj\u00f3rn hans<br \/>til a\u00f0 gera \u00fea\u00f0 sem hann skipar<br \/>um alla hina bygg\u00f0u j\u00f6r\u00f0.<br \/> <\/span> <span class=\"ljodatexti\"> <a name=\"13\"><span class=\"versanumer_ljod\">13<\/span><\/a>Hann beinir \u00feeim \u00fdmist sem refsivendi<br \/>e\u00f0a \u00ed \u00fe\u00e1gu lands s\u00edns,<br \/>e\u00f0a til a\u00f0 au\u00f0s\u00fdna n\u00e1\u00f0.<br \/> <\/span> <span class=\"ljodatexti\"> <a name=\"14\"><span class=\"versanumer_ljod\">14<\/span><\/a>Hl\u00fdddu \u00e1 \u00feetta, Job,<br \/>stattu n\u00fa kyrr og gef\u00f0u gaum a\u00f0 m\u00e1ttarverkum Gu\u00f0s.<br \/> <\/span> <span class=\"ljodatexti\"> <a name=\"15\"><span class=\"versanumer_ljod\">15<\/span><\/a>Skilur\u00f0u hvernig Gu\u00f0 gefur \u00feeim fyrirm\u00e6li,<br \/>hvernig elding leiftrar \u00ed sk\u00fdjum hans,<br \/> <\/span> <span class=\"ljodatexti\"> <a name=\"16\"><span class=\"versanumer_ljod\">16<\/span><\/a>skilur\u00f0u hvernig sk\u00fdin sv\u00edfa um,<br \/>\u00fea\u00f0 er kraftaverk Hins alvitra,<br \/> <\/span> <span class=\"ljodatexti\"> <a name=\"17\"><span class=\"versanumer_ljod\">17<\/span><\/a>\u00fe\u00fa sem stiknar af hita, alkl\u00e6ddur,<br \/>\u00ed logni og breiskju \u00e1 j\u00f6r\u00f0inni?<br \/> <\/span> <span class=\"ljodatexti\"> <a name=\"18\"><span class=\"versanumer_ljod\">18<\/span><\/a>Hle\u00f0ur \u00fe\u00fa me\u00f0 honum sk\u00fdjab\u00f3lstra<br \/>sem eru fastm\u00f3ta\u00f0ir og l\u00edkjast steyptum spegli?<br \/> <\/span> <span class=\"ljodatexti\"> <a name=\"19\"><span class=\"versanumer_ljod\">19<\/span><\/a>Seg\u00f0u oss hva\u00f0 vi\u00f0 eigum a\u00f0 segja vi\u00f0 hann.<br \/>Vegna myrkurs h\u00f6fum vi\u00f0 ekkert fram a\u00f0 f\u00e6ra.<br \/> <\/span> <span class=\"ljodatexti\"> <a name=\"20\"><span class=\"versanumer_ljod\">20<\/span><\/a>\u00dearf a\u00f0 segja honum a\u00f0 \u00e9g \u00e6tli a\u00f0 tala<br \/>e\u00f0a \u00fearf einhver a\u00f0 sk\u00fdra honum fr\u00e1 svo a\u00f0 hann f\u00e1i fr\u00e9ttir?<br \/> <\/span> <span class=\"ljodatexti\"> <a name=\"21\"><span class=\"versanumer_ljod\">21<\/span><\/a>N\u00fa sj\u00e1 menn ekki lj\u00f3s lj\u00f3ma \u00e1 bak vi\u00f0 sk\u00fd<br \/>en vindgustur bl\u00e6s og s\u00f3par \u00feeim burt.<br \/> <\/span> <span class=\"ljodatexti\"> <a name=\"22\"><span class=\"versanumer_ljod\">22<\/span><\/a> \u00dar nor\u00f0ri kemur gullinn bjarmi,<br \/>\u00f3gnvekjandi lj\u00f3mi umhverfis Gu\u00f0.<br \/> <\/span> <span class=\"ljodatexti\"> <a name=\"23\"><span class=\"versanumer_ljod\">23<\/span><\/a> V\u00e9r n\u00e1um ekki til Hins alm\u00e1ttka<br \/>sem er upphafinn og mikill a\u00f0 m\u00e6tti og r\u00e9ttl\u00e6ti,<br \/>r\u00e9ttl\u00e6ti hans er miki\u00f0, hann k\u00fagar engan,<br \/> <\/span> <span class=\"ljodatexti\"> <a name=\"24\"><span class=\"versanumer_ljod\">24<\/span><\/a> \u00feess vegna \u00f3ttast menn hann,<br \/>hann l\u00edtur ekki vi\u00f0 \u00feeim sem hafa viturt hjarta. <\/span> <\/p>\n","protected":false},"excerpt":{"rendered":"<p>1\u00deess vegna skelfur hjarta mittog berst \u00ed brj\u00f3sti m\u00e9r. 2Hlusti\u00f0, heyri\u00f0 \u00ferumuraust hans,drununa \u00far munni hans. 3Hann \u00feeytir henni um himin allanog sendir leiftur sitt til endimarka jar\u00f0ar. 4\u00dev\u00ed n\u00e6st drynur \u00feruma,hann \u00ferumar tignarlegri raustog heldur ekki aftur af eldingunum\u00feegar r\u00f6dd hans heyrist. 5Me\u00f0 \u00ferumuraust sinni gerir Gu\u00f0 kraftaverkog vinnur st\u00f3rvirki sem v\u00e9r skiljum ekki. 6Hann segir vi\u00f0 snj\u00f3inn: \u201e\u00de\u00fa skalt falla \u00e1 j\u00f6r\u00f0ina,\u201cog vi\u00f0 regni\u00f0: \u201e\u00de\u00fa skalt falla \u00ed str\u00ed\u00f0um straumum.\u201c 7Hann innsiglar hendur s\u00e9rhvers mannssvo a\u00f0 \u00f6llum s\u00e9 lj\u00f3st a\u00f0 \u00feetta eru verk hans. 8Villid\u00fdr leita skj\u00f3lsog b\u00e6la sig \u00ed holum s\u00ednum. 9Stormurinn kemur \u00far for\u00f0ab\u00farinuog kuldinn fylgir <a href=\"https:\/\/biblian.is\/biblian\/jobsbok-37-kafli\/\"> [&#8230;]<\/a><\/p>\n","protected":false},"author":1,"featured_media":0,"parent":0,"menu_order":0,"comment_status":"open","ping_status":"open","template":"bibliukaflar_NT.php","meta":{"footnotes":""},"class_list":["post-2090","page","type-page","status-publish","hentry"],"_links":{"self":[{"href":"https:\/\/biblian.is\/biblian\/wp-json\/wp\/v2\/pages\/2090","targetHints":{"allow":["GET"]}}],"collection":[{"href":"https:\/\/biblian.is\/biblian\/wp-json\/wp\/v2\/pages"}],"about":[{"href":"https:\/\/biblian.is\/biblian\/wp-json\/wp\/v2\/types\/page"}],"author":[{"embeddable":true,"href":"https:\/\/biblian.is\/biblian\/wp-json\/wp\/v2\/users\/1"}],"replies":[{"embeddable":true,"href":"https:\/\/biblian.is\/biblian\/wp-json\/wp\/v2\/comments?post=2090"}],"version-history":[{"count":0,"href":"https:\/\/biblian.is\/biblian\/wp-json\/wp\/v2\/pages\/2090\/revisions"}],"wp:attachment":[{"href":"https:\/\/biblian.is\/biblian\/wp-json\/wp\/v2\/media?parent=2090"}],"curies":[{"name":"wp","href":"https:\/\/api.w.org\/{rel}","templated":true}]}}