{"id":2089,"date":"2017-12-30T21:01:40","date_gmt":"2017-12-30T21:01:40","guid":{"rendered":"http:\/\/biblian.is\/biblian\/jobsb%c2%97k-36-kafli\/"},"modified":"2024-06-27T02:38:44","modified_gmt":"2024-06-27T02:38:44","slug":"jobsbok-36-kafli","status":"publish","type":"page","link":"https:\/\/biblian.is\/biblian\/jobsbok-36-kafli\/","title":{"rendered":"Jobsb\u00f3k 36. kafli"},"content":{"rendered":"<h3 class=\"millifyrirsogn_2007\"> Fj\u00f3r\u00f0a r\u00e6\u00f0a El\u00edh\u00fa<\/h3>\n<p><a name=\"1\"><span class=\"versanumer_2007\">1<\/span><\/a> El\u00edh\u00fa t\u00f3k enn til m\u00e1ls og sag\u00f0i:<br \/> <span class=\"ljodatexti\"> <a name=\"2\"><span class=\"versanumer_ljod\">2<\/span><\/a>Andartak, \u00e9g \u00e6tla a\u00f0 segja \u00fe\u00e9r d\u00e1l\u00edti\u00f0,<br \/>enn er margt \u00f3sagt um Gu\u00f0.<br \/> <\/span> <span class=\"ljodatexti\"> <a name=\"3\"><span class=\"versanumer_ljod\">3<\/span><\/a>\u00deekkingu m\u00edna \u00e6tla \u00e9g a\u00f0 draga langt a\u00f0<br \/>og s\u00fdna fram \u00e1 r\u00e9ttl\u00e6ti skapara m\u00edns.<br \/> <\/span> <span class=\"ljodatexti\"> <a name=\"4\"><span class=\"versanumer_ljod\">4<\/span><\/a>Or\u00f0 m\u00edn eru sannarlega engin lygi,<br \/>hj\u00e1 \u00fe\u00e9r er s\u00e1 sem b\u00fdr yfir fullkominni \u00feekkingu.<br \/> <\/span> <span class=\"ljodatexti\"> <a name=\"5\"><span class=\"versanumer_ljod\">5<\/span><\/a>Gu\u00f0 er voldugur en fyrirl\u00edtur engan,<br \/>hann er voldugur a\u00f0 m\u00e6tti og speki.<br \/> <\/span> <span class=\"ljodatexti\"> <a name=\"6\"><span class=\"versanumer_ljod\">6<\/span><\/a>Hann gefur ekki \u00f3gu\u00f0legum l\u00edf<br \/>en l\u00e6tur umkomulausa n\u00e1 r\u00e9tti s\u00ednum.<br \/> <\/span> <span class=\"ljodatexti\"> <a name=\"7\"><span class=\"versanumer_ljod\">7<\/span><\/a>Hann hefur ekki augun af r\u00e9ttl\u00e1tum<br \/>en setur \u00fe\u00e1 \u00ed h\u00e1s\u00e6ti me\u00f0 konungum, \u00e6vinlega,<br \/>og \u00feeir ver\u00f0a mikils metnir.<br \/> <\/span> <span class=\"ljodatexti\"> <a name=\"8\"><span class=\"versanumer_ljod\">8<\/span><\/a>En hafi \u00feeir veri\u00f0 lag\u00f0ir \u00ed hlekki,<br \/>reyr\u00f0ir \u00ed reipi \u00fej\u00e1ningarinnar,<br \/> <\/span> <span class=\"ljodatexti\"> <a name=\"9\"><span class=\"versanumer_ljod\">9<\/span><\/a>setur hann \u00feeim verk \u00feeirra fyrir sj\u00f3nir<br \/>og misgj\u00f6r\u00f0ir \u00fev\u00ed a\u00f0 \u00feeir hreyktu s\u00e9r.<br \/> <\/span> <span class=\"ljodatexti\"> <a name=\"10\"><span class=\"versanumer_ljod\">10<\/span><\/a>Hann opnar eyru \u00feeirra og vandar um vi\u00f0 \u00fe\u00e1,<br \/>hvetur \u00fe\u00e1 til a\u00f0 hverfa fr\u00e1 vonsku sinni.<br \/> <\/span> <span class=\"ljodatexti\"> <a name=\"11\"><span class=\"versanumer_ljod\">11<\/span><\/a>Ef \u00feeir hl\u00fd\u00f0a og \u00fej\u00f3na honum<br \/>l\u00fdkur \u00e6vid\u00f6gum \u00feeirra \u00ed vels\u00e6ld<br \/>og \u00e1rum \u00feeirra \u00ed una\u00f0i.<br \/> <\/span> <span class=\"ljodatexti\"> <a name=\"12\"><span class=\"versanumer_ljod\">12<\/span><\/a>En hl\u00fd\u00f0i \u00feeir ekki fara \u00feeir yfir flj\u00f3ti\u00f0 til undirheima<br \/>og deyja \u00ed van\u00feekkingu.<br \/> <\/span> <span class=\"ljodatexti\"> <a name=\"13\"><span class=\"versanumer_ljod\">13<\/span><\/a>Gu\u00f0lausir \u00ed hjarta ala \u00e1 heift,<br \/>\u00feeir hr\u00f3pa ekki \u00e1 hj\u00e1lp \u00feegar hann fj\u00f6trar \u00fe\u00e1.<br \/> <\/span> <span class=\"ljodatexti\"> <a name=\"14\"><span class=\"versanumer_ljod\">14<\/span><\/a>\u00c6vi \u00feeirra l\u00fdkur \u00ed \u00e6skubl\u00f3ma<br \/>og l\u00edfi \u00feeirra l\u00fdkur me\u00f0al h\u00f3rsveina.<br \/> <\/span> <span class=\"ljodatexti\"> <a name=\"15\"><span class=\"versanumer_ljod\">15<\/span><\/a>Gu\u00f0 bjargar hinum \u00fej\u00e1\u00f0a me\u00f0 \u00fej\u00e1ningum hans,<br \/>opnar eyra hans me\u00f0 \u00e1\u00fej\u00e1n.<br \/> <\/span> <span class=\"ljodatexti\"> <a name=\"16\"><span class=\"versanumer_ljod\">16<\/span><\/a>\u00deig dr\u00f3 hann einnig \u00far gini \u00fej\u00e1ninga,<br \/>\u00fat \u00e1 v\u00ed\u00f0lendi \u00fear sem engin \u00ferenging er.<br \/>Bor\u00f0 \u00feitt er hla\u00f0i\u00f0 feitmeti<br \/> <\/span> <span class=\"ljodatexti\"> <a name=\"17\"><span class=\"versanumer_ljod\">17<\/span><\/a>en \u00fe\u00fa f\u00e6r\u00f0 fylli \u00fe\u00edna af sama d\u00f3mi og gu\u00f0lausir,<br \/>d\u00f3mur og r\u00e9ttl\u00e6ti halda \u00fe\u00e9r \u00ed skefjum.<br \/> <\/span> <span class=\"ljodatexti\"> <a name=\"18\"><span class=\"versanumer_ljod\">18<\/span><\/a>En g\u00e6ttu \u00fe\u00edn, l\u00e1ttu ekki ginnast af allsn\u00e6gtum<br \/>og ekki t\u00e6last af m\u00fatum.<br \/> <\/span> <span class=\"ljodatexti\"> <a name=\"19\"><span class=\"versanumer_ljod\">19<\/span><\/a>Mun au\u00f0ur \u00feinn leysa \u00feig \u00far nau\u00f0um<br \/>e\u00f0a afl \u00feitt reynt til fulls?<br \/> <\/span> <span class=\"ljodatexti\"> <a name=\"20\"><span class=\"versanumer_ljod\">20<\/span><\/a>\u00der\u00e1\u00f0u ekki n\u00f3ttina<br \/>\u00feegar \u00fej\u00f3\u00f0ir ver\u00f0a a\u00f0 halda fr\u00e1 bygg\u00f0um s\u00ednum.<br \/> <\/span> <span class=\"ljodatexti\"> <a name=\"21\"><span class=\"versanumer_ljod\">21<\/span><\/a>G\u00e6ttu \u00fe\u00edn, sn\u00fa\u00f0u \u00fe\u00e9r ekki a\u00f0 illu<br \/>\u00fev\u00ed a\u00f0 \u00feess vegna varstu reyndur me\u00f0 \u00fej\u00e1ningu.<br \/> <\/span> <span class=\"ljodatexti\"> <a name=\"22\"><span class=\"versanumer_ljod\">22<\/span><\/a> Gu\u00f0 er upphafinn \u00ed m\u00e6tti s\u00ednum,<br \/>hver getur kennt eins og hann?<br \/> <\/span> <span class=\"ljodatexti\"> <a name=\"23\"><span class=\"versanumer_ljod\">23<\/span><\/a> Hver getur v\u00edsa\u00f0 honum til vegar?<br \/>Og hver getur sagt vi\u00f0 hann: \u201e\u00de\u00fa hefur breytt rangt.\u201c<br \/> <\/span> <span class=\"ljodatexti\"> <a name=\"24\"><span class=\"versanumer_ljod\">24<\/span><\/a> Mundu a\u00f0 tigna verk hans<br \/>sem menn syngja lof.<br \/> <\/span> <span class=\"ljodatexti\"> <a name=\"25\"><span class=\"versanumer_ljod\">25<\/span><\/a> Allir menn horfa fagnandi \u00e1 \u00fea\u00f0,<br \/>hinn dau\u00f0legi s\u00e9r \u00fea\u00f0 \u00far fjarska.<br \/> <\/span> <span class=\"ljodatexti\"> <a name=\"26\"><span class=\"versanumer_ljod\">26<\/span><\/a> Gu\u00f0 er meiri en v\u00e9r getum skili\u00f0,<br \/>\u00f3teljandi eru \u00e1r hans.<br \/> <\/span> <span class=\"ljodatexti\"> <a name=\"27\"><span class=\"versanumer_ljod\">27<\/span><\/a> Hann safnar saman vatnsdropum,<br \/>\u00feeir hreinsast og ver\u00f0a regn<br \/> <\/span> <span class=\"ljodatexti\"> <a name=\"28\"><span class=\"versanumer_ljod\">28<\/span><\/a> sem streymir \u00far sk\u00fdjunum<br \/>og fellur yfir mannfj\u00f6ldann.<br \/> <\/span> <span class=\"ljodatexti\"> <a name=\"29\"><span class=\"versanumer_ljod\">29<\/span><\/a> Hver skilur rek sk\u00fdjanna<br \/>og \u00ferumugn\u00fdinn fr\u00e1 b\u00fasta\u00f0 hans?<br \/> <\/span> <span class=\"ljodatexti\"> <a name=\"30\"><span class=\"versanumer_ljod\">30<\/span><\/a> Hann brei\u00f0ir um sig birtu s\u00edna<br \/>og hylur botn hafsins.<br \/> <\/span> <span class=\"ljodatexti\"> <a name=\"31\"><span class=\"versanumer_ljod\">31<\/span><\/a> \u00dev\u00ed a\u00f0 \u00feannig d\u00e6mir hann \u00fej\u00f3\u00f0irnar,<br \/>gefur \u00feeim gn\u00e6g\u00f0 matar.<br \/> <\/span> <span class=\"ljodatexti\"> <a name=\"32\"><span class=\"versanumer_ljod\">32<\/span><\/a> Leiftrandi elding hylur l\u00f3fa hans<br \/>og skipun hans beinir henni \u00ed mark.<br \/> <\/span> <span class=\"ljodatexti\"> <a name=\"33\"><span class=\"versanumer_ljod\">33<\/span><\/a> \u00deruma hennar segir fr\u00e1 honum<br \/>og b\u00faf\u00e9\u00f0 bo\u00f0ar komu hans. <\/span> <\/p>\n","protected":false},"excerpt":{"rendered":"<p>Fj\u00f3r\u00f0a r\u00e6\u00f0a El\u00edh\u00fa 1 El\u00edh\u00fa t\u00f3k enn til m\u00e1ls og sag\u00f0i: 2Andartak, \u00e9g \u00e6tla a\u00f0 segja \u00fe\u00e9r d\u00e1l\u00edti\u00f0,enn er margt \u00f3sagt um Gu\u00f0. 3\u00deekkingu m\u00edna \u00e6tla \u00e9g a\u00f0 draga langt a\u00f0og s\u00fdna fram \u00e1 r\u00e9ttl\u00e6ti skapara m\u00edns. 4Or\u00f0 m\u00edn eru sannarlega engin lygi,hj\u00e1 \u00fe\u00e9r er s\u00e1 sem b\u00fdr yfir fullkominni \u00feekkingu. 5Gu\u00f0 er voldugur en fyrirl\u00edtur engan,hann er voldugur a\u00f0 m\u00e6tti og speki. 6Hann gefur ekki \u00f3gu\u00f0legum l\u00edfen l\u00e6tur umkomulausa n\u00e1 r\u00e9tti s\u00ednum. 7Hann hefur ekki augun af r\u00e9ttl\u00e1tumen setur \u00fe\u00e1 \u00ed h\u00e1s\u00e6ti me\u00f0 konungum, \u00e6vinlega,og \u00feeir ver\u00f0a mikils metnir. 8En hafi \u00feeir veri\u00f0 lag\u00f0ir \u00ed hlekki,reyr\u00f0ir \u00ed reipi \u00fej\u00e1ningarinnar, <a href=\"https:\/\/biblian.is\/biblian\/jobsbok-36-kafli\/\"> [&#8230;]<\/a><\/p>\n","protected":false},"author":1,"featured_media":0,"parent":0,"menu_order":0,"comment_status":"open","ping_status":"open","template":"bibliukaflar_NT.php","meta":{"footnotes":""},"class_list":["post-2089","page","type-page","status-publish","hentry"],"_links":{"self":[{"href":"https:\/\/biblian.is\/biblian\/wp-json\/wp\/v2\/pages\/2089","targetHints":{"allow":["GET"]}}],"collection":[{"href":"https:\/\/biblian.is\/biblian\/wp-json\/wp\/v2\/pages"}],"about":[{"href":"https:\/\/biblian.is\/biblian\/wp-json\/wp\/v2\/types\/page"}],"author":[{"embeddable":true,"href":"https:\/\/biblian.is\/biblian\/wp-json\/wp\/v2\/users\/1"}],"replies":[{"embeddable":true,"href":"https:\/\/biblian.is\/biblian\/wp-json\/wp\/v2\/comments?post=2089"}],"version-history":[{"count":0,"href":"https:\/\/biblian.is\/biblian\/wp-json\/wp\/v2\/pages\/2089\/revisions"}],"wp:attachment":[{"href":"https:\/\/biblian.is\/biblian\/wp-json\/wp\/v2\/media?parent=2089"}],"curies":[{"name":"wp","href":"https:\/\/api.w.org\/{rel}","templated":true}]}}