{"id":2087,"date":"2017-12-30T21:01:40","date_gmt":"2017-12-30T21:01:40","guid":{"rendered":"http:\/\/biblian.is\/biblian\/jobsb%c2%97k-34-kafli\/"},"modified":"2024-06-27T02:38:44","modified_gmt":"2024-06-27T02:38:44","slug":"jobsbok-34-kafli","status":"publish","type":"page","link":"https:\/\/biblian.is\/biblian\/jobsbok-34-kafli\/","title":{"rendered":"Jobsb\u00f3k 34. kafli"},"content":{"rendered":"<h3 class=\"millifyrirsogn_2007\"> \u00d6nnur r\u00e6\u00f0a El\u00edh\u00fa<\/h3>\n<p><a name=\"1\"><span class=\"versanumer_2007\">1<\/span><\/a> El\u00edh\u00fa t\u00f3k til m\u00e1ls og sag\u00f0i:<br \/> <span class=\"ljodatexti\"> <a name=\"2\"><span class=\"versanumer_ljod\">2<\/span><\/a>Hlusti\u00f0 \u00e1 or\u00f0 m\u00edn, spekingar,<br \/>hl\u00fd\u00f0i\u00f0 \u00e1 mig, vitmenn.<br \/> <\/span> <span class=\"ljodatexti\"> <a name=\"3\"><span class=\"versanumer_ljod\">3<\/span><\/a>Eyra\u00f0 pr\u00f3far or\u00f0<br \/>og g\u00f3murinn brag\u00f0ar mat<br \/> <\/span> <span class=\"ljodatexti\"> <a name=\"4\"><span class=\"versanumer_ljod\">4<\/span><\/a>en v\u00e9r skulum velja hi\u00f0 r\u00e9tta,<br \/>komast a\u00f0 raun um hva\u00f0 gott er.<br \/> <\/span> <span class=\"ljodatexti\"> <a name=\"5\"><span class=\"versanumer_ljod\">5<\/span><\/a>Job hefur sagt: \u201e\u00c9g hef r\u00e9tt fyrir m\u00e9r<br \/>en Gu\u00f0 hefur svipt mig r\u00e9tti m\u00ednum.<br \/> <\/span> <span class=\"ljodatexti\"> <a name=\"6\"><span class=\"versanumer_ljod\">6<\/span><\/a>\u00de\u00f3tt \u00e9g hafi \u00e1 r\u00e9ttu a\u00f0 standa er \u00e9g talinn lygari,<br \/>\u00f6r s\u00e6r\u00f0i mig banv\u00e6nu s\u00e1ri \u00fe\u00f3 a\u00f0 \u00e9g hafi ekki broti\u00f0 af m\u00e9r.\u201c<br \/> <\/span> <span class=\"ljodatexti\"> <a name=\"7\"><span class=\"versanumer_ljod\">7<\/span><\/a>Hva\u00f0a ma\u00f0ur l\u00edkist Job,<br \/>sem svelgir \u00ed sig lastm\u00e6li eins og vatn,<br \/> <\/span> <span class=\"ljodatexti\"> <a name=\"8\"><span class=\"versanumer_ljod\">8<\/span><\/a>leitar samf\u00e9lags vi\u00f0 illvirkja<br \/>og umgengst gu\u00f0leysingja?<br \/> <\/span> <span class=\"ljodatexti\"> <a name=\"9\"><span class=\"versanumer_ljod\">9<\/span><\/a>Hann sag\u00f0i jafnvel: \u201e\u00dea\u00f0 er engum \u00e1vinningur<br \/>a\u00f0 vera \u00ed vinfengi vi\u00f0 Gu\u00f0.\u201c<br \/> <\/span> <span class=\"ljodatexti\"> <a name=\"10\"><span class=\"versanumer_ljod\">10<\/span><\/a>Hlusti\u00f0 \u00fev\u00ed \u00e1 mig, vitru menn.<br \/>Fjarri fer \u00fev\u00ed a\u00f0 Gu\u00f0 breyti ranglega<br \/>og Hinn alm\u00e1ttki a\u00f0hafist illt,<br \/> <\/span> <span class=\"ljodatexti\"> <a name=\"11\"><span class=\"versanumer_ljod\">11<\/span><\/a>heldur endurgeldur hann manninum verk hans<br \/>og l\u00e6tur hann gjalda breytni sinnar.<br \/> <\/span> <span class=\"ljodatexti\"> <a name=\"12\"><span class=\"versanumer_ljod\">12<\/span><\/a>Nei, vissulega breytir Gu\u00f0 ekki ranglega<br \/>og Hinn alm\u00e1ttki hallar ekki r\u00e9ttinum.<br \/> <\/span> <span class=\"ljodatexti\"> <a name=\"13\"><span class=\"versanumer_ljod\">13<\/span><\/a>Hver tr\u00fa\u00f0i honum fyrir j\u00f6r\u00f0inni<br \/>og hver f\u00e9kk honum heiminn \u00ed hendur?<br \/> <\/span> <span class=\"ljodatexti\"> <a name=\"14\"><span class=\"versanumer_ljod\">14<\/span><\/a>Ef hann hugsa\u00f0i a\u00f0eins um sj\u00e1lfan sig,<br \/>t\u00e6ki aftur til s\u00edn anda sinn og l\u00edfskraft,<br \/> <\/span> <span class=\"ljodatexti\"> <a name=\"15\"><span class=\"versanumer_ljod\">15<\/span><\/a>\u00fe\u00e1 mundi allt sem lifir deyja<br \/>og ma\u00f0urinn hverfa aftur til moldarinnar.<br \/> <\/span> <span class=\"ljodatexti\"> <a name=\"16\"><span class=\"versanumer_ljod\">16<\/span><\/a>Hlusta\u00f0u \u00fe\u00e1, hafir \u00fe\u00fa skilning,<br \/>legg\u00f0u hlustir vi\u00f0 \u00fev\u00ed sem \u00e9g hef a\u00f0 segja.<br \/> <\/span> <span class=\"ljodatexti\"> <a name=\"17\"><span class=\"versanumer_ljod\">17<\/span><\/a>Getur s\u00e1 stj\u00f3rna\u00f0 sem hatar r\u00e9ttinn,<br \/>getur \u00fe\u00fa sakfellt hinn r\u00e9ttl\u00e1ta og volduga,<br \/> <\/span> <span class=\"ljodatexti\"> <a name=\"18\"><span class=\"versanumer_ljod\">18<\/span><\/a>\u00feann sem segir vi\u00f0 konung: \u201emannleysa,\u201c<br \/>vi\u00f0 h\u00f6f\u00f0ingjann: \u201e\u00f3gu\u00f0legur,\u201c<br \/> <\/span> <span class=\"ljodatexti\"> <a name=\"19\"><span class=\"versanumer_ljod\">19<\/span><\/a>sem ekki dregur taum h\u00f6f\u00f0ingja<br \/>og gerir r\u00edkum ekki h\u00e6rra undir h\u00f6f\u00f0i en f\u00e1t\u00e6kum<br \/>\u00fev\u00ed a\u00f0 allir eru \u00feeir verk handa hans?<br \/> <\/span> <span class=\"ljodatexti\"> <a name=\"20\"><span class=\"versanumer_ljod\">20<\/span><\/a>\u00deeir deyja skyndilega um mi\u00f0ja n\u00f3tt,<br \/>m\u00f6nnum er brug\u00f0i\u00f0 og \u00feeir hverfa \u00e1 braut,<br \/>voldugir v\u00edkja en ekki fyrir mannshendi.<br \/> <\/span> <span class=\"ljodatexti\"> <a name=\"21\"><span class=\"versanumer_ljod\">21<\/span><\/a>Augu Gu\u00f0s hv\u00edla \u00e1 vegfer\u00f0 mannsins,<br \/>hann horfir \u00e1 hvert hans spor,<br \/> <\/span> <span class=\"ljodatexti\"> <a name=\"22\"><span class=\"versanumer_ljod\">22<\/span><\/a> ekkert \u00fea\u00f0 myrkur er til e\u00f0a ni\u00f0dimma<br \/>\u00fear sem illvirkinn geti falist.<br \/> <\/span> <span class=\"ljodatexti\"> <a name=\"23\"><span class=\"versanumer_ljod\">23<\/span><\/a> Hann \u00e1kve\u00f0ur engum manni t\u00edma<br \/>til a\u00f0 koma fyrir d\u00f3m Gu\u00f0s.<br \/> <\/span> <span class=\"ljodatexti\"> <a name=\"24\"><span class=\"versanumer_ljod\">24<\/span><\/a> Hann molar hina voldugu \u00e1n ranns\u00f3knar<br \/>og setur a\u00f0ra \u00ed \u00feeirra sta\u00f0.<br \/> <\/span> <span class=\"ljodatexti\"> <a name=\"25\"><span class=\"versanumer_ljod\">25<\/span><\/a> Hann gj\u00f6r\u00feekkir verk \u00feeirra,<br \/>steypir \u00feeim um n\u00f3tt og \u00feeir kremjast.<br \/> <\/span> <span class=\"ljodatexti\"> <a name=\"26\"><span class=\"versanumer_ljod\">26<\/span><\/a> Hann hirtir \u00fe\u00e1 fyrir illvirkin<br \/>\u00ed augs\u00fdn allra<br \/> <\/span> <span class=\"ljodatexti\"> <a name=\"27\"><span class=\"versanumer_ljod\">27<\/span><\/a> \u00fev\u00ed a\u00f0 \u00feeir viku fr\u00e1 honum<br \/>og g\u00e1fu ekki gaum a\u00f0 vegum hans<br \/> <\/span> <span class=\"ljodatexti\"> <a name=\"28\"><span class=\"versanumer_ljod\">28<\/span><\/a> svo a\u00f0 hr\u00f3p nau\u00f0staddra b\u00e1rust til hans<br \/>og hann heyr\u00f0i kvein hinna snau\u00f0u.<br \/> <\/span> <span class=\"ljodatexti\"> <a name=\"29\"><span class=\"versanumer_ljod\">29<\/span><\/a> En hafist hann ekki a\u00f0, hver getur \u00fe\u00e1 sakfellt hann<br \/>og hver ver\u00f0ur hans var byrgi hann auglit sitt?<br \/>En hann vakir yfir \u00fej\u00f3\u00f0um og m\u00f6nnum<br \/> <\/span> <span class=\"ljodatexti\"> <a name=\"30\"><span class=\"versanumer_ljod\">30<\/span><\/a> svo a\u00f0 enginn \u00f3gu\u00f0legur skuli drottna<br \/>og ver\u00f0a \u00fej\u00f3\u00f0inni snara.<br \/> <\/span> <span class=\"ljodatexti\"> <a name=\"31\"><span class=\"versanumer_ljod\">31<\/span><\/a> En getur nokkur sagt vi\u00f0 Gu\u00f0:<br \/>\u201eM\u00e9r er refsa\u00f0 \u00e1n \u00feess a\u00f0 \u00e9g hafi breytt ranglega.<br \/> <\/span> <span class=\"ljodatexti\"> <a name=\"32\"><span class=\"versanumer_ljod\">32<\/span><\/a> \u00de\u00fa skalt kenna m\u00e9r \u00fea\u00f0 sem \u00e9g hef ekki s\u00e9\u00f0,<br \/>hafi \u00e9g gert rangt geri \u00e9g \u00fea\u00f0 ekki aftur.\u201c<br \/> <\/span> <span class=\"ljodatexti\"> <a name=\"33\"><span class=\"versanumer_ljod\">33<\/span><\/a> \u00c1 hann a\u00f0 endurgjalda eftir \u00fe\u00ednum ge\u00f0\u00fe\u00f3tta<br \/>\u00fear sem \u00fe\u00fa hefur hafna\u00f0 \u00farskur\u00f0i hans?<br \/>\u00de\u00fa \u00e1tt a\u00f0 velja, ekki \u00e9g,<br \/>og seg\u00f0u n\u00fa fr\u00e1 \u00fev\u00ed sem \u00fe\u00fa veist.<br \/> <\/span> <span class=\"ljodatexti\"> <a name=\"34\"><span class=\"versanumer_ljod\">34<\/span><\/a> Skynsamir menn munu segja vi\u00f0 mig,<br \/>vitrir menn sem hafa hlusta\u00f0 \u00e1 mig:<br \/> <\/span> <span class=\"ljodatexti\"> <a name=\"35\"><span class=\"versanumer_ljod\">35<\/span><\/a> \u201eJob tala\u00f0i ekki af \u00feekkingu<br \/>og umm\u00e6li hans eru ekki skynsamleg.\u201c<br \/> <\/span> <span class=\"ljodatexti\"> <a name=\"36\"><span class=\"versanumer_ljod\">36<\/span><\/a> En Job ver\u00f0ur reyndur \u00e1fram<br \/>\u00fev\u00ed a\u00f0 hann hefur tala\u00f0 eins og vondur ma\u00f0ur.<br \/> <\/span> <span class=\"ljodatexti\"> <a name=\"37\"><span class=\"versanumer_ljod\">37<\/span><\/a> Hann b\u00e6tir misgj\u00f6r\u00f0um ofan \u00e1 synd s\u00edna,<br \/>l\u00e6tur h\u00e1\u00f0syr\u00f0i falla me\u00f0al vor<br \/>og s\u00fdnir m\u00f3t\u00fer\u00f3a. <\/span> <\/p>\n","protected":false},"excerpt":{"rendered":"<p>\u00d6nnur r\u00e6\u00f0a El\u00edh\u00fa 1 El\u00edh\u00fa t\u00f3k til m\u00e1ls og sag\u00f0i: 2Hlusti\u00f0 \u00e1 or\u00f0 m\u00edn, spekingar,hl\u00fd\u00f0i\u00f0 \u00e1 mig, vitmenn. 3Eyra\u00f0 pr\u00f3far or\u00f0og g\u00f3murinn brag\u00f0ar mat 4en v\u00e9r skulum velja hi\u00f0 r\u00e9tta,komast a\u00f0 raun um hva\u00f0 gott er. 5Job hefur sagt: \u201e\u00c9g hef r\u00e9tt fyrir m\u00e9ren Gu\u00f0 hefur svipt mig r\u00e9tti m\u00ednum. 6\u00de\u00f3tt \u00e9g hafi \u00e1 r\u00e9ttu a\u00f0 standa er \u00e9g talinn lygari,\u00f6r s\u00e6r\u00f0i mig banv\u00e6nu s\u00e1ri \u00fe\u00f3 a\u00f0 \u00e9g hafi ekki broti\u00f0 af m\u00e9r.\u201c 7Hva\u00f0a ma\u00f0ur l\u00edkist Job,sem svelgir \u00ed sig lastm\u00e6li eins og vatn, 8leitar samf\u00e9lags vi\u00f0 illvirkjaog umgengst gu\u00f0leysingja? 9Hann sag\u00f0i jafnvel: \u201e\u00dea\u00f0 er engum \u00e1vinningura\u00f0 vera \u00ed vinfengi <a href=\"https:\/\/biblian.is\/biblian\/jobsbok-34-kafli\/\"> [&#8230;]<\/a><\/p>\n","protected":false},"author":1,"featured_media":0,"parent":0,"menu_order":0,"comment_status":"open","ping_status":"open","template":"bibliukaflar_NT.php","meta":{"footnotes":""},"class_list":["post-2087","page","type-page","status-publish","hentry"],"_links":{"self":[{"href":"https:\/\/biblian.is\/biblian\/wp-json\/wp\/v2\/pages\/2087","targetHints":{"allow":["GET"]}}],"collection":[{"href":"https:\/\/biblian.is\/biblian\/wp-json\/wp\/v2\/pages"}],"about":[{"href":"https:\/\/biblian.is\/biblian\/wp-json\/wp\/v2\/types\/page"}],"author":[{"embeddable":true,"href":"https:\/\/biblian.is\/biblian\/wp-json\/wp\/v2\/users\/1"}],"replies":[{"embeddable":true,"href":"https:\/\/biblian.is\/biblian\/wp-json\/wp\/v2\/comments?post=2087"}],"version-history":[{"count":0,"href":"https:\/\/biblian.is\/biblian\/wp-json\/wp\/v2\/pages\/2087\/revisions"}],"wp:attachment":[{"href":"https:\/\/biblian.is\/biblian\/wp-json\/wp\/v2\/media?parent=2087"}],"curies":[{"name":"wp","href":"https:\/\/api.w.org\/{rel}","templated":true}]}}