{"id":2086,"date":"2017-12-30T21:01:40","date_gmt":"2017-12-30T21:01:40","guid":{"rendered":"http:\/\/biblian.is\/biblian\/jobsb%c2%97k-33-kafli\/"},"modified":"2024-06-27T02:38:44","modified_gmt":"2024-06-27T02:38:44","slug":"jobsbok-33-kafli","status":"publish","type":"page","link":"https:\/\/biblian.is\/biblian\/jobsbok-33-kafli\/","title":{"rendered":"Jobsb\u00f3k 33. kafli"},"content":{"rendered":"<p><span class=\"ljodatexti\"> <a name=\"1\"><span class=\"versanumer_ljod\">1<\/span><\/a>Hl\u00fdddu n\u00fa \u00e1 r\u00e6\u00f0u m\u00edna, Job,<br \/>lj\u00e1\u00f0u or\u00f0um m\u00ednum eyra.<br \/> <\/span> <span class=\"ljodatexti\"> <a name=\"2\"><span class=\"versanumer_ljod\">2<\/span><\/a>\u00c9g hef loki\u00f0 upp munni m\u00ednum,<br \/>tungan talar \u00ed g\u00f3mi m\u00ednum.<br \/> <\/span> <span class=\"ljodatexti\"> <a name=\"3\"><span class=\"versanumer_ljod\">3<\/span><\/a>\u00c9g tala af hjartans einl\u00e6gni<br \/>og \u00fea\u00f0 sem \u00e9g veit segi \u00e9g \u00ed hreinskilni.<br \/> <\/span> <span class=\"ljodatexti\"> <a name=\"4\"><span class=\"versanumer_ljod\">4<\/span><\/a>Andi Gu\u00f0s skapa\u00f0i mig<br \/>og l\u00edfsandi Hins alm\u00e1ttka gefur m\u00e9r l\u00edf.<br \/> <\/span> <span class=\"ljodatexti\"> <a name=\"5\"><span class=\"versanumer_ljod\">5<\/span><\/a>Svara\u00f0u m\u00e9r ef \u00fe\u00fa getur,<br \/>gakktu fram og flyttu m\u00e1l \u00feitt.<br \/> <\/span> <span class=\"ljodatexti\"> <a name=\"6\"><span class=\"versanumer_ljod\">6<\/span><\/a>Frammi fyrir Gu\u00f0i er \u00e9g eins og \u00fe\u00fa,<br \/>\u00e9g var l\u00edka m\u00f3ta\u00f0ur \u00far leir.<br \/> <\/span> <span class=\"ljodatexti\"> <a name=\"7\"><span class=\"versanumer_ljod\">7<\/span><\/a>\u00d3tti vi\u00f0 mig \u00fearf ekki a\u00f0 skelfa \u00feig<br \/>og \u00fevingun fr\u00e1 m\u00e9r ekki a\u00f0 \u00fejaka \u00feig.<br \/> <\/span> <span class=\"ljodatexti\"> <a name=\"8\"><span class=\"versanumer_ljod\">8<\/span><\/a>En \u00fe\u00fa sag\u00f0ir \u00ed eyru m\u00edn<br \/>og \u00e9g heyr\u00f0i hlj\u00f3m or\u00f0anna:<br \/> <\/span> <span class=\"ljodatexti\"> <a name=\"9\"><span class=\"versanumer_ljod\">9<\/span><\/a>\u201e\u00c9g er hreinn og syndlaus,<br \/>flekklaus og \u00e1n sektar.<br \/> <\/span> <span class=\"ljodatexti\"> <a name=\"10\"><span class=\"versanumer_ljod\">10<\/span><\/a>Gu\u00f0 fann \u00e1tyllu til a\u00f0 \u00e1saka mig<br \/>og telur mig \u00f3vin sinn,<br \/> <\/span> <span class=\"ljodatexti\"> <a name=\"11\"><span class=\"versanumer_ljod\">11<\/span><\/a>hann setti f\u00e6tur m\u00edna \u00ed gapastokk<br \/>og fylgist me\u00f0 allri breytni minni.\u201c<br \/> <\/span> <span class=\"ljodatexti\"> <a name=\"12\"><span class=\"versanumer_ljod\">12<\/span><\/a>\u00cd \u00feessu efni hefur\u00f0u ekki r\u00e9tt fyrir \u00fe\u00e9r, svara \u00e9g,<br \/> \u00fev\u00ed a\u00f0 Gu\u00f0 er meiri en ma\u00f0ur.<br \/> <\/span> <span class=\"ljodatexti\"> <a name=\"13\"><span class=\"versanumer_ljod\">13<\/span><\/a>Hvers vegna hefur\u00f0u deilt vi\u00f0 hann?<br \/>Hann svarar or\u00f0um mannsins engu.<br \/> <\/span> <span class=\"ljodatexti\"> <a name=\"14\"><span class=\"versanumer_ljod\">14<\/span><\/a>Gu\u00f0 getur tala\u00f0 \u00e1 einn m\u00e1ta,<br \/>jafnvel tvo, \u00e1n \u00feess a\u00f0 menn gefi \u00fev\u00ed gaum.<br \/> <\/span> <span class=\"ljodatexti\"> <a name=\"15\"><span class=\"versanumer_ljod\">15<\/span><\/a>\u00cd draumi, \u00ed s\u00fdn um n\u00f3tt,<br \/>\u00feegar menn sofa dj\u00fapum svefni \u00ed r\u00famum s\u00ednum,<br \/> <\/span> <span class=\"ljodatexti\"> <a name=\"16\"><span class=\"versanumer_ljod\">16<\/span><\/a>opnar hann eyru manna<br \/>og skelfir \u00fe\u00e1 me\u00f0 vi\u00f0v\u00f6run<br \/> <\/span> <span class=\"ljodatexti\"> <a name=\"17\"><span class=\"versanumer_ljod\">17<\/span><\/a>til a\u00f0 hindra manninn \u00ed st\u00f6rfum s\u00ednum<br \/>og for\u00f0a honum fr\u00e1 hroka.<br \/> <\/span> <span class=\"ljodatexti\"> <a name=\"18\"><span class=\"versanumer_ljod\">18<\/span><\/a>Hann bjargar l\u00edfi hans fr\u00e1 gr\u00f6finni,<br \/>fr\u00e1 \u00fev\u00ed a\u00f0 fara yfir flj\u00f3ti\u00f0 til undirheima.<br \/> <\/span> <span class=\"ljodatexti\"> <a name=\"19\"><span class=\"versanumer_ljod\">19<\/span><\/a>Einnig er ma\u00f0urinn \u00e1minntur me\u00f0 kv\u00f6lum \u00ed r\u00fami s\u00ednu<br \/>og s\u00edfelldu str\u00ed\u00f0i \u00ed beinum s\u00ednum.<br \/> <\/span> <span class=\"ljodatexti\"> <a name=\"20\"><span class=\"versanumer_ljod\">20<\/span><\/a>Hann f\u00e6r \u00f3ge\u00f0 \u00e1 mat,<br \/>missir lystina \u00e1 eftirl\u00e6tisr\u00e9tti s\u00ednum,<br \/> <\/span> <span class=\"ljodatexti\"> <a name=\"21\"><span class=\"versanumer_ljod\">21<\/span><\/a>hold hans t\u00e6rist og s\u00e9st varla<br \/>og holdlausir limir hans sj\u00e1st ekki lengur.<br \/> <\/span> <span class=\"ljodatexti\"> <a name=\"22\"><span class=\"versanumer_ljod\">22<\/span><\/a> L\u00edf hans f\u00e6rist n\u00e6r gr\u00f6finni,<br \/>hann n\u00e1lgast sta\u00f0 dau\u00f0ra.<br \/> <\/span> <span class=\"ljodatexti\"> <a name=\"23\"><span class=\"versanumer_ljod\">23<\/span><\/a> En s\u00e9 engill hj\u00e1 honum,<br \/>talsma\u00f0ur, einn af \u00fe\u00fasund<br \/> sem bo\u00f0a m\u00f6nnunum hi\u00f0 r\u00e9tta,<br \/> <\/span> <span class=\"ljodatexti\"> <a name=\"24\"><span class=\"versanumer_ljod\">24<\/span><\/a> og miskunnar sig yfir hann og segir:<br \/>\u201eBjarga\u00f0u honum fr\u00e1 gr\u00f6finni,<br \/>\u00e9g hef fundi\u00f0 lausnargjald,\u201c<br \/> <\/span> <span class=\"ljodatexti\"> <a name=\"25\"><span class=\"versanumer_ljod\">25<\/span><\/a> \u00fe\u00e1 styrkist hold hans af \u00e6sku\u00fer\u00f3tti,<br \/>hann sn\u00fdr aftur til \u00e6skudaga sinna.<br \/> <\/span> <span class=\"ljodatexti\"> <a name=\"26\"><span class=\"versanumer_ljod\">26<\/span><\/a> Hann bi\u00f0ur til Gu\u00f0s og hann miskunnar honum,<br \/>f\u00e6r a\u00f0 sj\u00e1 auglit hans og fagnar<br \/>og Gu\u00f0 gefur hinum dau\u00f0lega aftur r\u00e9ttl\u00e6ti sitt.<br \/> <\/span> <span class=\"ljodatexti\"> <a name=\"27\"><span class=\"versanumer_ljod\">27<\/span><\/a> Hann syngur fyrir menn og segir:<br \/>\u201e\u00c9g syndga\u00f0i og beyg\u00f0i \u00fea\u00f0 sem var beint<br \/>en hann galt ekki l\u00edku l\u00edkt,<br \/> <\/span> <span class=\"ljodatexti\"> <a name=\"28\"><span class=\"versanumer_ljod\">28<\/span><\/a> hann leysti l\u00edf mitt fr\u00e1 gr\u00f6finni,<br \/>\u00e9g lifi og s\u00e9 lj\u00f3si\u00f0.\u201c<br \/> <\/span> <span class=\"ljodatexti\"> <a name=\"29\"><span class=\"versanumer_ljod\">29<\/span><\/a> Allt \u00feetta gerir Gu\u00f0 fyrir manninn,<br \/>tvisvar e\u00f0a \u00ferisvar,<br \/> <\/span><span class=\"ljodatexti\"> <a name=\"30\"><span class=\"versanumer_ljod\">30<\/span><\/a> hann lei\u00f0ir hann lifandi fr\u00e1 gr\u00f6finni<br \/>svo a\u00f0 lj\u00f3s l\u00edfsins l\u00fdsi honum.<br \/> <\/span> <span class=\"ljodatexti\"> <a name=\"31\"><span class=\"versanumer_ljod\">31<\/span><\/a> Hl\u00fdddu \u00e1, Job, hlusta\u00f0u \u00e1 mig,<br \/>vertu n\u00fa hlj\u00f3\u00f0ur svo a\u00f0 \u00e9g megi tala.<br \/> <\/span> <span class=\"ljodatexti\"> <a name=\"32\"><span class=\"versanumer_ljod\">32<\/span><\/a> Hafir\u00f0u eitthva\u00f0 a\u00f0 segja skaltu svara m\u00e9r,<br \/>tala\u00f0u \u00fev\u00ed a\u00f0 \u00e9g vildi a\u00f0 \u00fe\u00fa hef\u00f0ir \u00e1 r\u00e9ttu a\u00f0 standa.<br \/> <\/span> <span class=\"ljodatexti\"> <a name=\"33\"><span class=\"versanumer_ljod\">33<\/span><\/a> En hafir\u00f0u ekkert a\u00f0 segja skaltu hlusta \u00e1 mig,<br \/>vertu hlj\u00f3\u00f0ur og \u00e9g skal kenna \u00fe\u00e9r speki. <\/span> <\/p>\n","protected":false},"excerpt":{"rendered":"<p>1Hl\u00fdddu n\u00fa \u00e1 r\u00e6\u00f0u m\u00edna, Job,lj\u00e1\u00f0u or\u00f0um m\u00ednum eyra. 2\u00c9g hef loki\u00f0 upp munni m\u00ednum,tungan talar \u00ed g\u00f3mi m\u00ednum. 3\u00c9g tala af hjartans einl\u00e6gniog \u00fea\u00f0 sem \u00e9g veit segi \u00e9g \u00ed hreinskilni. 4Andi Gu\u00f0s skapa\u00f0i migog l\u00edfsandi Hins alm\u00e1ttka gefur m\u00e9r l\u00edf. 5Svara\u00f0u m\u00e9r ef \u00fe\u00fa getur,gakktu fram og flyttu m\u00e1l \u00feitt. 6Frammi fyrir Gu\u00f0i er \u00e9g eins og \u00fe\u00fa,\u00e9g var l\u00edka m\u00f3ta\u00f0ur \u00far leir. 7\u00d3tti vi\u00f0 mig \u00fearf ekki a\u00f0 skelfa \u00feigog \u00fevingun fr\u00e1 m\u00e9r ekki a\u00f0 \u00fejaka \u00feig. 8En \u00fe\u00fa sag\u00f0ir \u00ed eyru m\u00ednog \u00e9g heyr\u00f0i hlj\u00f3m or\u00f0anna: 9\u201e\u00c9g er hreinn og syndlaus,flekklaus og \u00e1n sektar. 10Gu\u00f0 fann <a href=\"https:\/\/biblian.is\/biblian\/jobsbok-33-kafli\/\"> [&#8230;]<\/a><\/p>\n","protected":false},"author":1,"featured_media":0,"parent":0,"menu_order":0,"comment_status":"open","ping_status":"open","template":"bibliukaflar_NT.php","meta":{"footnotes":""},"class_list":["post-2086","page","type-page","status-publish","hentry"],"_links":{"self":[{"href":"https:\/\/biblian.is\/biblian\/wp-json\/wp\/v2\/pages\/2086","targetHints":{"allow":["GET"]}}],"collection":[{"href":"https:\/\/biblian.is\/biblian\/wp-json\/wp\/v2\/pages"}],"about":[{"href":"https:\/\/biblian.is\/biblian\/wp-json\/wp\/v2\/types\/page"}],"author":[{"embeddable":true,"href":"https:\/\/biblian.is\/biblian\/wp-json\/wp\/v2\/users\/1"}],"replies":[{"embeddable":true,"href":"https:\/\/biblian.is\/biblian\/wp-json\/wp\/v2\/comments?post=2086"}],"version-history":[{"count":0,"href":"https:\/\/biblian.is\/biblian\/wp-json\/wp\/v2\/pages\/2086\/revisions"}],"wp:attachment":[{"href":"https:\/\/biblian.is\/biblian\/wp-json\/wp\/v2\/media?parent=2086"}],"curies":[{"name":"wp","href":"https:\/\/api.w.org\/{rel}","templated":true}]}}