{"id":2085,"date":"2017-12-30T21:01:40","date_gmt":"2017-12-30T21:01:40","guid":{"rendered":"http:\/\/biblian.is\/biblian\/jobsb%c2%97k-32-kafli\/"},"modified":"2024-06-27T02:38:44","modified_gmt":"2024-06-27T02:38:44","slug":"jobsbok-32-kafli","status":"publish","type":"page","link":"https:\/\/biblian.is\/biblian\/jobsbok-32-kafli\/","title":{"rendered":"Jobsb\u00f3k 32. kafli"},"content":{"rendered":"<h2 class=\"millifyrirsogn_2007\">R\u00e6\u00f0ur El\u00edh\u00fa <\/h2>\n<h3 class=\"millifyrirsogn_2007\">El\u00edh\u00fa kynntur<\/h3>\n<p><a name=\"1\"><span class=\"versanumer_2007\">1<\/span><\/a> N\u00fa h\u00e6ttu \u00feessir \u00fer\u00edr menn a\u00f0 svara Job \u00fev\u00ed a\u00f0 hann var r\u00e9ttl\u00e1tur \u00ed eigin augum. <a name=\"2\"><span class=\"versanumer_2007\">2<\/span><\/a> En rei\u00f0i blossa\u00f0i upp \u00ed El\u00edh\u00fa Barakelssyni fr\u00e1 B\u00fas af Rams \u00e6tt. <a name=\"3\"><span class=\"versanumer_2007\">3<\/span><\/a> Rei\u00f0i hans brann einnig gegn \u00feessum \u00feremur vinum hans vegna \u00feess a\u00f0 \u00feeir fundu engin sv\u00f6r til a\u00f0 sanna sekt Jobs. <a name=\"4\"><span class=\"versanumer_2007\">4<\/span><\/a> El\u00edh\u00fa haf\u00f0i hika\u00f0 vi\u00f0 a\u00f0 tala til Jobs \u00fev\u00ed a\u00f0 vinir hans voru eldri en hann. <a name=\"5\"><span class=\"versanumer_2007\">5<\/span><\/a> En \u00feegar El\u00edh\u00fa s\u00e1 a\u00f0 \u00feessir \u00fer\u00edr menn \u00e1ttu engin \u00f6nnur sv\u00f6r blossa\u00f0i rei\u00f0i hans upp.<\/p>\n<h3 class=\"millifyrirsogn_2007\">Fyrsta r\u00e6\u00f0a<\/h3>\n<p><a name=\"6\"><span class=\"versanumer_2007\">6<\/span><\/a> \u00de\u00e1 t\u00f3k El\u00edh\u00fa Barakelsson B\u00fas\u00edti til m\u00e1ls og sag\u00f0i:<br \/> <span class=\"ljodatexti\"> Enn er \u00e9g ungur a\u00f0 \u00e1rum<br \/>en \u00fe\u00e9r eru\u00f0 gamlir,<br \/>\u00feess vegna hika\u00f0i \u00e9g og \u00f3tta\u00f0ist<br \/>a\u00f0 mi\u00f0la y\u00f0ur af \u00feekkingu minni.<br \/> <\/span> <span class=\"ljodatexti\"> <a name=\"7\"><span class=\"versanumer_ljod\">7<\/span><\/a>\u00c9g hugsa\u00f0i: \u201eAldurinn tali,<br \/>\u00e1rafj\u00f6ldinn kunngj\u00f6ri speki.\u201c<br \/> <\/span> <span class=\"ljodatexti\"> <a name=\"8\"><span class=\"versanumer_ljod\">8<\/span><\/a>En \u00fea\u00f0 er andinn \u00ed m\u00f6nnunum,<br \/>innbl\u00e1stur fr\u00e1 Hinum alm\u00e1ttka, sem veitir \u00feeim skilning.<br \/> <\/span> <span class=\"ljodatexti\"> <a name=\"9\"><span class=\"versanumer_ljod\">9<\/span><\/a>Aldra\u00f0ir \u00feurfa ekki a\u00f0 vera vitrir,<br \/>\u00f6ldungar skilja ekki alltaf hva\u00f0 r\u00e9tt er.<br \/> <\/span> <span class=\"ljodatexti\"> <a name=\"10\"><span class=\"versanumer_ljod\">10<\/span><\/a>\u00dev\u00ed segi \u00e9g: Hlusti\u00f0 \u00e1 mig,<br \/>n\u00fa \u00e6tla \u00e9g a\u00f0 mi\u00f0la y\u00f0ur \u00feekkingu minni.<br \/> <\/span> <span class=\"ljodatexti\"> <a name=\"11\"><span class=\"versanumer_ljod\">11<\/span><\/a>\u00c9g bei\u00f0 eftir r\u00e6\u00f0um y\u00f0ar,<br \/>lag\u00f0i hlustir vi\u00f0 r\u00f6ksemdum y\u00f0ar<br \/>\u00feanga\u00f0 til \u00fe\u00e9r fundu\u00f0 vi\u00f0eigandi or\u00f0.<br \/> <\/span> <span class=\"ljodatexti\"> <a name=\"12\"><span class=\"versanumer_ljod\">12<\/span><\/a>\u00c9g fylgdist me\u00f0 y\u00f0ur af athygli<br \/>en enginn y\u00f0ar gat andm\u00e6lt Job,<br \/>enginn y\u00f0ar gat svara\u00f0 or\u00f0um hans.<br \/> <\/span> <span class=\"ljodatexti\"> <a name=\"13\"><span class=\"versanumer_ljod\">13<\/span><\/a>Segi\u00f0 ekki: \u201eV\u00e9r h\u00f6fum fundi\u00f0 spekina.<br \/>Gu\u00f0 einn f\u00e6r sigra\u00f0 hann, ekki ma\u00f0urinn.\u201c<br \/> <\/span> <span class=\"ljodatexti\"> <a name=\"14\"><span class=\"versanumer_ljod\">14<\/span><\/a>Or\u00f0um hans var ekki beint gegn m\u00e9r<br \/>og \u00e9g svara honum ekki me\u00f0 y\u00f0ar or\u00f0um.<br \/> <\/span> <span class=\"ljodatexti\"> <a name=\"15\"><span class=\"versanumer_ljod\">15<\/span><\/a>\u00deeir hafa gefist upp, svara engu,<br \/>\u00feeim er or\u00f0a vant.<br \/> <\/span> <span class=\"ljodatexti\"> <a name=\"16\"><span class=\"versanumer_ljod\">16<\/span><\/a>\u00c1 \u00e9g \u00fe\u00e1 a\u00f0 b\u00ed\u00f0a me\u00f0an \u00feeir \u00feegja<br \/>\u00fev\u00ed a\u00f0 \u00feeir standa \u00fearna og geta engu svara\u00f0?<br \/> <\/span> <span class=\"ljodatexti\"> <a name=\"17\"><span class=\"versanumer_ljod\">17<\/span><\/a>\u00c9g \u00e6tla a\u00f0 svara fyrir mig,<br \/>\u00e9g \u00e6tla einnig a\u00f0 mi\u00f0la \u00feekkingu minni<br \/> <\/span> <span class=\"ljodatexti\"> <a name=\"18\"><span class=\"versanumer_ljod\">18<\/span><\/a>\u00fev\u00ed a\u00f0 \u00e9g er fullur af or\u00f0um,<br \/>andinn \u00ed brj\u00f3sti m\u00e9r kn\u00fdr mig.<br \/> <\/span> <span class=\"ljodatexti\"> <a name=\"19\"><span class=\"versanumer_ljod\">19<\/span><\/a>J\u00e1, brj\u00f3st mitt er sem v\u00edn \u00ed \u00fe\u00e9ttum belg,<br \/> \u00fea\u00f0 g\u00e6ti brosti\u00f0 eins og n\u00fdir v\u00ednbelgir.<br \/> <\/span> <span class=\"ljodatexti\"> <a name=\"20\"><span class=\"versanumer_ljod\">20<\/span><\/a>\u00c9g ver\u00f0 a\u00f0 tala svo a\u00f0 m\u00e9r l\u00e9tti,<br \/>opna varir m\u00ednar og svara.<br \/> <\/span> <span class=\"ljodatexti\"> <a name=\"21\"><span class=\"versanumer_ljod\">21<\/span><\/a>Hvorki dreg \u00e9g taum nokkurs manns<br \/>n\u00e9 skjalla neinn<br \/> <\/span> <span class=\"ljodatexti\"> <a name=\"22\"><span class=\"versanumer_ljod\">22<\/span><\/a> \u00fev\u00ed a\u00f0 \u00e9g kann ekki a\u00f0 smja\u00f0ra,<br \/>annars mundi skapari minn svipta m\u00e9r burt innan skamms. <\/span> <\/p>\n","protected":false},"excerpt":{"rendered":"<p>R\u00e6\u00f0ur El\u00edh\u00fa El\u00edh\u00fa kynntur 1 N\u00fa h\u00e6ttu \u00feessir \u00fer\u00edr menn a\u00f0 svara Job \u00fev\u00ed a\u00f0 hann var r\u00e9ttl\u00e1tur \u00ed eigin augum. 2 En rei\u00f0i blossa\u00f0i upp \u00ed El\u00edh\u00fa Barakelssyni fr\u00e1 B\u00fas af Rams \u00e6tt. 3 Rei\u00f0i hans brann einnig gegn \u00feessum \u00feremur vinum hans vegna \u00feess a\u00f0 \u00feeir fundu engin sv\u00f6r til a\u00f0 sanna sekt Jobs. 4 El\u00edh\u00fa haf\u00f0i hika\u00f0 vi\u00f0 a\u00f0 tala til Jobs \u00fev\u00ed a\u00f0 vinir hans voru eldri en hann. 5 En \u00feegar El\u00edh\u00fa s\u00e1 a\u00f0 \u00feessir \u00fer\u00edr menn \u00e1ttu engin \u00f6nnur sv\u00f6r blossa\u00f0i rei\u00f0i hans upp. Fyrsta r\u00e6\u00f0a 6 \u00de\u00e1 t\u00f3k El\u00edh\u00fa Barakelsson B\u00fas\u00edti til m\u00e1ls <a href=\"https:\/\/biblian.is\/biblian\/jobsbok-32-kafli\/\"> [&#8230;]<\/a><\/p>\n","protected":false},"author":1,"featured_media":0,"parent":0,"menu_order":0,"comment_status":"open","ping_status":"open","template":"bibliukaflar_NT.php","meta":{"footnotes":""},"class_list":["post-2085","page","type-page","status-publish","hentry"],"_links":{"self":[{"href":"https:\/\/biblian.is\/biblian\/wp-json\/wp\/v2\/pages\/2085","targetHints":{"allow":["GET"]}}],"collection":[{"href":"https:\/\/biblian.is\/biblian\/wp-json\/wp\/v2\/pages"}],"about":[{"href":"https:\/\/biblian.is\/biblian\/wp-json\/wp\/v2\/types\/page"}],"author":[{"embeddable":true,"href":"https:\/\/biblian.is\/biblian\/wp-json\/wp\/v2\/users\/1"}],"replies":[{"embeddable":true,"href":"https:\/\/biblian.is\/biblian\/wp-json\/wp\/v2\/comments?post=2085"}],"version-history":[{"count":0,"href":"https:\/\/biblian.is\/biblian\/wp-json\/wp\/v2\/pages\/2085\/revisions"}],"wp:attachment":[{"href":"https:\/\/biblian.is\/biblian\/wp-json\/wp\/v2\/media?parent=2085"}],"curies":[{"name":"wp","href":"https:\/\/api.w.org\/{rel}","templated":true}]}}