{"id":2084,"date":"2017-12-30T21:01:40","date_gmt":"2017-12-30T21:01:40","guid":{"rendered":"http:\/\/biblian.is\/biblian\/jobsb%c2%97k-31-kafli\/"},"modified":"2024-06-27T02:38:43","modified_gmt":"2024-06-27T02:38:43","slug":"jobsbok-31-kafli","status":"publish","type":"page","link":"https:\/\/biblian.is\/biblian\/jobsbok-31-kafli\/","title":{"rendered":"Jobsb\u00f3k 31. kafli"},"content":{"rendered":"<p><span class=\"ljodatexti\"> <a name=\"1\"><span class=\"versanumer_ljod\">1<\/span><\/a>\u00c9g ger\u00f0i \u00feann s\u00e1ttm\u00e1la vi\u00f0 augu m\u00edn<br \/>a\u00f0 l\u00edta mey ekki girndarauga.<br \/> <\/span> <span class=\"ljodatexti\"> <a name=\"2\"><span class=\"versanumer_ljod\">2<\/span><\/a>Hva\u00f0a hlutskipti kom a\u00f0 ofan, fr\u00e1 Gu\u00f0i,<br \/>erf\u00f0ahluti fr\u00e1 Hinum alm\u00e1ttka fr\u00e1 upph\u00e6\u00f0um?<br \/> <\/span> <span class=\"ljodatexti\"> <a name=\"3\"><span class=\"versanumer_ljod\">3<\/span><\/a>Er \u00fea\u00f0 ekki gl\u00f6tun hins rangl\u00e1ta<br \/>og \u00f3farna\u00f0ur illvirkja?<br \/> <\/span> <span class=\"ljodatexti\"> <a name=\"4\"><span class=\"versanumer_ljod\">4<\/span><\/a>S\u00e9r hann ekki vegfer\u00f0 m\u00edna<br \/>og telur hann ekki \u00f6ll m\u00edn spor?<br \/> <\/span> <span class=\"ljodatexti\"> <a name=\"5\"><span class=\"versanumer_ljod\">5<\/span><\/a>Hafi \u00e9g fari\u00f0 me\u00f0 t\u00e1l<br \/>og f\u00f3tur minn hra\u00f0a\u00f0 s\u00e9r til svika,<br \/> <\/span> <span class=\"ljodatexti\"> <a name=\"6\"><span class=\"versanumer_ljod\">6<\/span><\/a>\u00fe\u00e1 setji Gu\u00f0 mig \u00e1 r\u00e9tta vog<br \/>og hann mun vi\u00f0urkenna sakleysi mitt.<br \/> <\/span> <span class=\"ljodatexti\"> <a name=\"7\"><span class=\"versanumer_ljod\">7<\/span><\/a>Hafi spor m\u00edn viki\u00f0 af vegi,<br \/>hjarta mitt hl\u00fdtt \u00fev\u00ed sem augun s\u00e1u<br \/>svo a\u00f0 hendur m\u00ednar flekku\u00f0ust,<br \/> <\/span> <span class=\"ljodatexti\"> <a name=\"8\"><span class=\"versanumer_ljod\">8<\/span><\/a>\u00fe\u00e1 neyti annar \u00feess sem \u00e9g s\u00e1\u00f0i til<br \/>og \u00fea\u00f0 sem \u00f3x handa m\u00e9r skal uppr\u00e6tt.<br \/> <\/span> <span class=\"ljodatexti\"> <a name=\"9\"><span class=\"versanumer_ljod\">9<\/span><\/a>Hafi hjarta mitt l\u00e1ti\u00f0 t\u00e6last af annars manns konu<br \/>og hafi \u00e9g legi\u00f0 \u00e1 hleri vi\u00f0 dyr n\u00e1unga m\u00edns,<br \/> <\/span> <span class=\"ljodatexti\"> <a name=\"10\"><span class=\"versanumer_ljod\">10<\/span><\/a>skal kona m\u00edn mala fyrir annan<br \/>og a\u00f0rir menn leggjast me\u00f0 henni<br \/> <\/span> <span class=\"ljodatexti\"> <a name=\"11\"><span class=\"versanumer_ljod\">11<\/span><\/a>\u00fev\u00ed a\u00f0 \u00fea\u00f0 v\u00e6ri sk\u00f6mm<br \/>og refsivert brot,<br \/> <\/span> <span class=\"ljodatexti\"> <a name=\"12\"><span class=\"versanumer_ljod\">12<\/span><\/a>\u00fea\u00f0 v\u00e6ri eldur sem gleypti allt ni\u00f0ur a\u00f0 r\u00f3tum<br \/>og uppr\u00e6tti allar eigur m\u00ednar.<br \/> <\/span> <span class=\"ljodatexti\"> <a name=\"13\"><span class=\"versanumer_ljod\">13<\/span><\/a>Hafi \u00e9g vanvirt r\u00e9tt \u00fer\u00e6ls m\u00edns og amb\u00e1ttar<br \/>\u00feegar \u00feau deildu vi\u00f0 mig,<br \/> <\/span> <span class=\"ljodatexti\"> <a name=\"14\"><span class=\"versanumer_ljod\">14<\/span><\/a>hva\u00f0 g\u00e6ti \u00e9g \u00fe\u00e1 gert ef Gu\u00f0 risi upp<br \/>og yfirheyr\u00f0i mig, hverju mundi \u00e9g svara?<br \/> <\/span> <span class=\"ljodatexti\"> <a name=\"15\"><span class=\"versanumer_ljod\">15<\/span><\/a>Var \u00fea\u00f0 ekki skapari minn sem skapa\u00f0i \u00fer\u00e6linn \u00ed m\u00f3\u00f0url\u00edfi,<br \/>var \u00fea\u00f0 ekki s\u00e1 sami sem m\u00f3ta\u00f0i okkur \u00ed m\u00f3\u00f0urkvi\u00f0i?<br \/> <\/span> <span class=\"ljodatexti\"> <a name=\"16\"><span class=\"versanumer_ljod\">16<\/span><\/a>Hafi \u00e9g synja\u00f0 b\u00f3n \u00feurfandi manns<br \/>og gert augu ekkjunnar d\u00f6pur,<br \/> <\/span> <span class=\"ljodatexti\"> <a name=\"17\"><span class=\"versanumer_ljod\">17<\/span><\/a>hafi \u00e9g bor\u00f0a\u00f0 bitann minn einn<br \/>\u00e1n \u00feess a\u00f0 deila honum me\u00f0 muna\u00f0arleysingjanum,<br \/> <\/span> <span class=\"ljodatexti\"> <a name=\"18\"><span class=\"versanumer_ljod\">18<\/span><\/a>nei, fr\u00e1 barn\u00e6sku hef \u00e9g veri\u00f0 honum sem fa\u00f0ir<br \/>og stutt ekkjuna allt fr\u00e1 m\u00f3\u00f0url\u00edfi,<br \/> <\/span> <span class=\"ljodatexti\"> <a name=\"19\"><span class=\"versanumer_ljod\">19<\/span><\/a>hafi \u00e9g s\u00e9\u00f0 kl\u00e6\u00f0lausan mann a\u00f0 dau\u00f0a kominn<br \/>og snau\u00f0an mann \u00e1n \u00e1brei\u00f0u,<br \/> <\/span> <span class=\"ljodatexti\"> <a name=\"20\"><span class=\"versanumer_ljod\">20<\/span><\/a>hafi lendar hans ekki blessa\u00f0 mig<br \/>og ullin af l\u00f6mbum m\u00ednum ekki haldi\u00f0 \u00e1 honum hita,<br \/> <\/span> <span class=\"ljodatexti\"> <a name=\"21\"><span class=\"versanumer_ljod\">21<\/span><\/a>hafi \u00e9g slegi\u00f0 hendi til muna\u00f0arleysingja<br \/>\u00feegar \u00e9g s\u00e1 a\u00f0 \u00e9g haf\u00f0i stu\u00f0ning \u00ed borgarhli\u00f0inu,<br \/> <\/span> <span class=\"ljodatexti\"> <a name=\"22\"><span class=\"versanumer_ljod\">22<\/span><\/a> \u00fe\u00e1 losni her\u00f0abl\u00f6\u00f0 m\u00edn fr\u00e1 \u00f6xlunum<br \/>og armur minn brotni \u00ed li\u00f0num.<br \/> <\/span> <span class=\"ljodatexti\"> <a name=\"23\"><span class=\"versanumer_ljod\">23<\/span><\/a> J\u00e1, tort\u00edming fr\u00e1 Gu\u00f0i var skelfing<br \/>og fyrir h\u00e1tign hans megna \u00e9g ekkert.<br \/> <\/span> <span class=\"ljodatexti\"> <a name=\"24\"><span class=\"versanumer_ljod\">24<\/span><\/a> Hafi \u00e9g sett von m\u00edna \u00e1 gull<br \/>og sagt a\u00f0 sk\u00edragull v\u00e6ri sto\u00f0 m\u00edn,<br \/> <\/span> <span class=\"ljodatexti\"> <a name=\"25\"><span class=\"versanumer_ljod\">25<\/span><\/a> hafi \u00e9g gla\u00f0st yfir miklum au\u00f0i<br \/>\u00fev\u00ed a\u00f0 h\u00f6nd m\u00edn afla\u00f0i mikils,<br \/> <\/span> <span class=\"ljodatexti\"> <a name=\"26\"><span class=\"versanumer_ljod\">26<\/span><\/a> hafi \u00e9g liti\u00f0 skin s\u00f3larinnar<br \/>og tungli\u00f0 sem \u00f3\u00f0 d\u00fdrlega \u00e1fram,<br \/> <\/span> <span class=\"ljodatexti\"> <a name=\"27\"><span class=\"versanumer_ljod\">27<\/span><\/a> og hafi hjarta mitt l\u00e1ti\u00f0 t\u00e6last \u00e1 laun<br \/>og \u00e9g sent handkoss, <span class=\"nedan_mal\" title=\" Or\u00f0r\u00e9tt: h\u00f6nd m\u00edn kysst munn minn.\">[<\/span> <br \/> <\/span> <span class=\"ljodatexti\"> <a name=\"28\"><span class=\"versanumer_ljod\">28<\/span><\/a> \u00fe\u00e1 v\u00e6ri \u00fea\u00f0 refsivert brot<br \/>af \u00fev\u00ed a\u00f0 \u00e9g hef\u00f0i afneita\u00f0 Gu\u00f0i \u00ed upph\u00e6\u00f0um.<br \/> <\/span> <span class=\"ljodatexti\"> <a name=\"29\"><span class=\"versanumer_ljod\">29<\/span><\/a> Hafi \u00e9g gla\u00f0st yfir \u00f3f\u00f6rum \u00f3vinar m\u00edns<br \/>og hlakka\u00f0 yfir b\u00f6li hans,<br \/> <\/span> <span class=\"ljodatexti\"> <a name=\"30\"><span class=\"versanumer_ljod\">30<\/span><\/a> leyf\u00f0i \u00e9g munni m\u00ednum ekki a\u00f0 syndga<br \/>me\u00f0 \u00fev\u00ed a\u00f0 s\u00e6kjast eftir l\u00edfi hans me\u00f0 form\u00e6lingum.<br \/> <\/span> <span class=\"ljodatexti\"> <a name=\"31\"><span class=\"versanumer_ljod\">31<\/span><\/a> Hafa \u00edb\u00faar tjalds m\u00edns ekki sagt:<br \/>\u201eHver var\u00f0 ekki saddur af kj\u00f6ti hans?\u201c<br \/> <\/span> <span class=\"ljodatexti\"> <a name=\"32\"><span class=\"versanumer_ljod\">32<\/span><\/a> Enginn a\u00f0komuma\u00f0ur \u00feurfti a\u00f0 n\u00e1tta utan dyra,<br \/>\u00e9g lauk \u00feeim upp fyrir vegfarendum.<br \/> <\/span> <span class=\"ljodatexti\"> <a name=\"33\"><span class=\"versanumer_ljod\">33<\/span><\/a> Hafi \u00e9g duli\u00f0 misgj\u00f6r\u00f0ir m\u00ednar eins og a\u00f0rir<br \/>og fali\u00f0 sektina \u00ed brj\u00f3sti m\u00ednu<br \/> <\/span> <span class=\"ljodatexti\"> <a name=\"34\"><span class=\"versanumer_ljod\">34<\/span><\/a> \u00fear sem \u00e9g \u00f3tta\u00f0ist m\u00faginn og fyrirlitning \u00e6ttanna skelfdi mig,<br \/>\u00feag\u00f0i \u00e9g og f\u00f3r ekki \u00fat fyrir dyr.<br \/> <\/span> <span class=\"ljodatexti\"> <a name=\"35\"><span class=\"versanumer_ljod\">35<\/span><\/a> \u00d3, a\u00f0 einhver hlusta\u00f0i \u00e1 mig.<br \/>H\u00e9r er undirskrift m\u00edn, Hinn alm\u00e1ttki svari m\u00e9r.<br \/>Hef\u00f0i andst\u00e6\u00f0ingur minn skrifa\u00f0 \u00e1k\u00e6ru<br \/> <\/span> <span class=\"ljodatexti\"> <a name=\"36\"><span class=\"versanumer_ljod\">36<\/span><\/a> setti \u00e9g hana \u00e1 \u00f6xl m\u00e9r<br \/>og b\u00e6ri hana eins og bl\u00f3msveig.<br \/> <\/span> <span class=\"ljodatexti\"> <a name=\"37\"><span class=\"versanumer_ljod\">37<\/span><\/a> \u00c9g mundi gera honum grein fyrir hverju spori m\u00ednu<br \/>og ganga fram fyrir hann sem h\u00f6f\u00f0ingi.<br \/> <\/span> <span class=\"ljodatexti\"> <a name=\"38\"><span class=\"versanumer_ljod\">38<\/span><\/a> Hafi akurland mitt hr\u00f3pa\u00f0 gegn m\u00e9r<br \/>og \u00f6ll pl\u00f3gf\u00f6r \u00feess gr\u00e1ti\u00f0 \u00ed einu,<br \/> <\/span> <span class=\"ljodatexti\"> <a name=\"39\"><span class=\"versanumer_ljod\">39<\/span><\/a> hafi \u00e9g neytt uppskerunnar \u00e1n endurgjalds<br \/>og svipt r\u00e9ttan eiganda \u00feess l\u00edfi,<br \/> <\/span> <span class=\"ljodatexti\"> <a name=\"40\"><span class=\"versanumer_ljod\">40<\/span><\/a> skal \u00fea\u00f0 bera \u00feyrna \u00ed sta\u00f0 hveitis,<br \/>illgresi fyrir bygg. <\/span> <\/p>\n","protected":false},"excerpt":{"rendered":"<p>1\u00c9g ger\u00f0i \u00feann s\u00e1ttm\u00e1la vi\u00f0 augu m\u00edna\u00f0 l\u00edta mey ekki girndarauga. 2Hva\u00f0a hlutskipti kom a\u00f0 ofan, fr\u00e1 Gu\u00f0i,erf\u00f0ahluti fr\u00e1 Hinum alm\u00e1ttka fr\u00e1 upph\u00e6\u00f0um? 3Er \u00fea\u00f0 ekki gl\u00f6tun hins rangl\u00e1taog \u00f3farna\u00f0ur illvirkja? 4S\u00e9r hann ekki vegfer\u00f0 m\u00ednaog telur hann ekki \u00f6ll m\u00edn spor? 5Hafi \u00e9g fari\u00f0 me\u00f0 t\u00e1log f\u00f3tur minn hra\u00f0a\u00f0 s\u00e9r til svika, 6\u00fe\u00e1 setji Gu\u00f0 mig \u00e1 r\u00e9tta vogog hann mun vi\u00f0urkenna sakleysi mitt. 7Hafi spor m\u00edn viki\u00f0 af vegi,hjarta mitt hl\u00fdtt \u00fev\u00ed sem augun s\u00e1usvo a\u00f0 hendur m\u00ednar flekku\u00f0ust, 8\u00fe\u00e1 neyti annar \u00feess sem \u00e9g s\u00e1\u00f0i tilog \u00fea\u00f0 sem \u00f3x handa m\u00e9r skal uppr\u00e6tt. 9Hafi hjarta mitt l\u00e1ti\u00f0 <a href=\"https:\/\/biblian.is\/biblian\/jobsbok-31-kafli\/\"> [&#8230;]<\/a><\/p>\n","protected":false},"author":1,"featured_media":0,"parent":0,"menu_order":0,"comment_status":"open","ping_status":"open","template":"bibliukaflar_NT.php","meta":{"footnotes":""},"class_list":["post-2084","page","type-page","status-publish","hentry"],"_links":{"self":[{"href":"https:\/\/biblian.is\/biblian\/wp-json\/wp\/v2\/pages\/2084","targetHints":{"allow":["GET"]}}],"collection":[{"href":"https:\/\/biblian.is\/biblian\/wp-json\/wp\/v2\/pages"}],"about":[{"href":"https:\/\/biblian.is\/biblian\/wp-json\/wp\/v2\/types\/page"}],"author":[{"embeddable":true,"href":"https:\/\/biblian.is\/biblian\/wp-json\/wp\/v2\/users\/1"}],"replies":[{"embeddable":true,"href":"https:\/\/biblian.is\/biblian\/wp-json\/wp\/v2\/comments?post=2084"}],"version-history":[{"count":0,"href":"https:\/\/biblian.is\/biblian\/wp-json\/wp\/v2\/pages\/2084\/revisions"}],"wp:attachment":[{"href":"https:\/\/biblian.is\/biblian\/wp-json\/wp\/v2\/media?parent=2084"}],"curies":[{"name":"wp","href":"https:\/\/api.w.org\/{rel}","templated":true}]}}