{"id":2083,"date":"2017-12-30T21:01:40","date_gmt":"2017-12-30T21:01:40","guid":{"rendered":"http:\/\/biblian.is\/biblian\/jobsb%c2%97k-30-kafli\/"},"modified":"2024-06-27T02:38:43","modified_gmt":"2024-06-27T02:38:43","slug":"jobsbok-30-kafli","status":"publish","type":"page","link":"https:\/\/biblian.is\/biblian\/jobsbok-30-kafli\/","title":{"rendered":"Jobsb\u00f3k 30. kafli"},"content":{"rendered":"<p><span class=\"ljodatexti\"> <a name=\"1\"><span class=\"versanumer_ljod\">1<\/span><\/a>En n\u00fa hl\u00e6ja \u00feeir a\u00f0 m\u00e9r<br \/>sem eru m\u00e9r yngri a\u00f0 \u00e1rum,<br \/>m\u00e9r \u00fe\u00f3ttu fe\u00f0ur \u00feeirra ekki ver\u00f0ir \u00feess<br \/>a\u00f0 vera me\u00f0 fj\u00e1rhundum m\u00ednum.<br \/> <\/span> <span class=\"ljodatexti\"> <a name=\"2\"><span class=\"versanumer_ljod\">2<\/span><\/a>A\u00f0 hva\u00f0a gagni kom m\u00e9r kraftur \u00feeirra?<br \/>\u00der\u00f3ttur \u00feeirra var \u00feorrinn,<br \/> <\/span> <span class=\"ljodatexti\"> <a name=\"3\"><span class=\"versanumer_ljod\">3<\/span><\/a>\u00f6rmagna af skorti og a\u00f0\u00ferengdir af hungri<br \/>n\u00f6gu\u00f0u \u00feeir skr\u00e6l\u00feurrt landi\u00f0<br \/>sem \u00ed g\u00e6r var au\u00f0n og ey\u00f0im\u00f6rk.<br \/> <\/span> <span class=\"ljodatexti\"> <a name=\"4\"><span class=\"versanumer_ljod\">4<\/span><\/a>\u00deeir s\u00f6fnu\u00f0u hr\u00edmbl\u00f6\u00f0ku vi\u00f0 \u00feyrnirunna<br \/>og h\u00f6f\u00f0u r\u00e6tur til matar,<br \/> <\/span> <span class=\"ljodatexti\"> <a name=\"5\"><span class=\"versanumer_ljod\">5<\/span><\/a>voru fl\u00e6mdir \u00far samf\u00e9laginu<br \/>og \u00e1 eftir \u00feeim var hr\u00f3pa\u00f0 eins og \u00fej\u00f3fum.<br \/> <\/span> <span class=\"ljodatexti\"> <a name=\"6\"><span class=\"versanumer_ljod\">6<\/span><\/a>\u00cd hl\u00ed\u00f0um fjallanna h\u00edrast \u00feeir<br \/>\u00ed holum og hellum.<br \/> <\/span> <span class=\"ljodatexti\"> <a name=\"7\"><span class=\"versanumer_ljod\">7<\/span><\/a>\u00deeir kveina milli runnanna,<br \/>h\u00f3past saman undir \u00feistlunum.<br \/> <\/span> <span class=\"ljodatexti\"> <a name=\"8\"><span class=\"versanumer_ljod\">8<\/span><\/a>\u00deetta er \u00e6rulaust f\u00f3lk, nafnlaust f\u00f3lk,<br \/>sem var hraki\u00f0 \u00fat \u00far landinu.<br \/> <\/span> <span class=\"ljodatexti\"> <a name=\"9\"><span class=\"versanumer_ljod\">9<\/span><\/a>En n\u00fa kve\u00f0ur \u00fea\u00f0 um mig n\u00ed\u00f0v\u00edsur<br \/>og fleiprar um mig.<br \/> <\/span> <span class=\"ljodatexti\"> <a name=\"10\"><span class=\"versanumer_ljod\">10<\/span><\/a>\u00dea\u00f0 hefur \u00f3beit \u00e1 m\u00e9r, for\u00f0ast mig,<br \/>hikar ekki vi\u00f0 a\u00f0 hr\u00e6kja framan \u00ed mig.<br \/> <\/span> <span class=\"ljodatexti\"> <a name=\"11\"><span class=\"versanumer_ljod\">11<\/span><\/a>\u00dear sem Gu\u00f0 losa\u00f0i bogastreng minn og ni\u00f0url\u00e6g\u00f0i mig<br \/>sleppti \u00fea\u00f0 fram af s\u00e9r beislinu frammi fyrir m\u00e9r.<br \/> <\/span> <span class=\"ljodatexti\"> <a name=\"12\"><span class=\"versanumer_ljod\">12<\/span><\/a>Fr\u00e1 h\u00e6gri reis skari gegn m\u00e9r,<br \/>kippti undan m\u00e9r f\u00f3tunum og lag\u00f0i gegn m\u00e9r \u00f3heillabrautir s\u00ednar.<br \/> <\/span> <span class=\"ljodatexti\"> <a name=\"13\"><span class=\"versanumer_ljod\">13<\/span><\/a>\u00deeir rufu st\u00edg minn, unnu a\u00f0 falli m\u00ednu<br \/>og enginn aftra\u00f0i \u00feeim,<br \/> <\/span> <span class=\"ljodatexti\"> <a name=\"14\"><span class=\"versanumer_ljod\">14<\/span><\/a>\u00feeir komu eins og gegnum breitt m\u00farskar\u00f0<br \/>og byltust sem \u00f6ldur innan um r\u00fastirnar.<br \/> <\/span> <span class=\"ljodatexti\"> <a name=\"15\"><span class=\"versanumer_ljod\">15<\/span><\/a>Skelfingar hafa sn\u00faist gegn m\u00e9r,<br \/>vir\u00f0ingu minni var feykt burt eins og \u00ed stormi<br \/>og g\u00e6fa m\u00edn hvarf eins og sk\u00fd.<br \/> <\/span> <span class=\"ljodatexti\"> <a name=\"16\"><span class=\"versanumer_ljod\">16<\/span><\/a>N\u00fa fjarar l\u00edf mitt \u00fat,<br \/>dagar eymdarinnar hremma mig,<br \/> <\/span> <span class=\"ljodatexti\"> <a name=\"17\"><span class=\"versanumer_ljod\">17<\/span><\/a>um n\u00e6tur n\u00edstast bein m\u00edn sundur,<br \/>nagandi kv\u00f6lunum linnir ekki.<br \/> <\/span> <span class=\"ljodatexti\"> <a name=\"18\"><span class=\"versanumer_ljod\">18<\/span><\/a>Gu\u00f0 \u00fereif \u00ed kl\u00e6\u00f0i m\u00edn af \u00f6llu afli,<br \/>herti a\u00f0 m\u00e9r eins og h\u00e1lsm\u00e1l kyrtils,<br \/> <\/span> <span class=\"ljodatexti\"> <a name=\"19\"><span class=\"versanumer_ljod\">19<\/span><\/a>kasta\u00f0i m\u00e9r ni\u00f0ur \u00ed e\u00f0juna<br \/>og \u00e9g var\u00f0 eins og mold og aska.<br \/> <\/span> <span class=\"ljodatexti\"> <a name=\"20\"><span class=\"versanumer_ljod\">20<\/span><\/a>\u00c9g hr\u00f3pa til \u00fe\u00edn en \u00fe\u00fa svarar ekki,<br \/>\u00e9g stend kyrr en \u00fe\u00fa ver\u00f0ur m\u00edn ekki var.<br \/> <\/span> <span class=\"ljodatexti\"> <a name=\"21\"><span class=\"versanumer_ljod\">21<\/span><\/a>\u00de\u00fa ert or\u00f0inn grimmur vi\u00f0 mig,<br \/>r\u00e6\u00f0st gegn m\u00e9r af alefli,<br \/> <\/span> <span class=\"ljodatexti\"> <a name=\"22\"><span class=\"versanumer_ljod\">22<\/span><\/a> \u00fe\u00fa setur mig \u00e1 bak vindinum<br \/>og l\u00e6tur hann bera mig burt.<br \/> <\/span> <span class=\"ljodatexti\"> <a name=\"23\"><span class=\"versanumer_ljod\">23<\/span><\/a> \u00c9g veit a\u00f0 \u00fe\u00fa sendir mig \u00ed dau\u00f0ann,<br \/>\u00e1 \u00e1kv\u00f6r\u00f0unarsta\u00f0 allra sem lifa.<br \/> <\/span> <span class=\"ljodatexti\"> <a name=\"24\"><span class=\"versanumer_ljod\">24<\/span><\/a> En r\u00e9tta menn ekki \u00fat h\u00f6ndina \u00feegar allt hrynur,<br \/>hr\u00f3pa menn ekki \u00e1 hj\u00e1lp \u00ed ney\u00f0 sinni?<br \/> <\/span> <span class=\"ljodatexti\"> <a name=\"25\"><span class=\"versanumer_ljod\">25<\/span><\/a> Gr\u00e9t \u00e9g ekki yfir \u00feeim sem \u00e1ttu illa \u00e6vi,<br \/>haf\u00f0i \u00e9g ekki me\u00f0aumkun me\u00f0 f\u00e1t\u00e6klingum?<br \/> <\/span> <span class=\"ljodatexti\"> <a name=\"26\"><span class=\"versanumer_ljod\">26<\/span><\/a> \u00deegar \u00e9g bj\u00f3st vi\u00f0 g\u00f3\u00f0u kom illt,<br \/>\u00e9g v\u00e6nti lj\u00f3ss en \u00fe\u00e1 kom myrkur.<br \/> <\/span> <span class=\"ljodatexti\"> <a name=\"27\"><span class=\"versanumer_ljod\">27<\/span><\/a> Innyfli m\u00edn \u00f3lga linnulaust,<br \/>eymdardagar b\u00ed\u00f0a m\u00edn.<br \/> <\/span> <span class=\"ljodatexti\"> <a name=\"28\"><span class=\"versanumer_ljod\">28<\/span><\/a> \u00c9g geng um svartur en \u00fe\u00f3 ekki svi\u00f0inn af s\u00f3l,<br \/>\u00e9g r\u00eds \u00e1 f\u00e6tur \u00ed s\u00f6fnu\u00f0inum og hr\u00f3pa \u00e1 hj\u00e1lp.<br \/> <\/span> <span class=\"ljodatexti\"> <a name=\"29\"><span class=\"versanumer_ljod\">29<\/span><\/a> \u00c9g ver\u00f0 br\u00f3\u00f0ir sjakala,<br \/>f\u00e9lagi str\u00fatsins.<br \/> <\/span> <span class=\"ljodatexti\"> <a name=\"30\"><span class=\"versanumer_ljod\">30<\/span><\/a> H\u00f6rund mitt er or\u00f0i\u00f0 svart<br \/>og beinin gl\u00f3andi af s\u00f3tthita.<br \/> <\/span> <span class=\"ljodatexti\"> <a name=\"31\"><span class=\"versanumer_ljod\">31<\/span><\/a> H\u00f6rpuleikur minn var\u00f0 a\u00f0 sorgarlj\u00f3\u00f0i,<br \/>flautuleikurinn harmakvein. <\/span> <\/p>\n","protected":false},"excerpt":{"rendered":"<p>1En n\u00fa hl\u00e6ja \u00feeir a\u00f0 m\u00e9rsem eru m\u00e9r yngri a\u00f0 \u00e1rum,m\u00e9r \u00fe\u00f3ttu fe\u00f0ur \u00feeirra ekki ver\u00f0ir \u00feessa\u00f0 vera me\u00f0 fj\u00e1rhundum m\u00ednum. 2A\u00f0 hva\u00f0a gagni kom m\u00e9r kraftur \u00feeirra?\u00der\u00f3ttur \u00feeirra var \u00feorrinn, 3\u00f6rmagna af skorti og a\u00f0\u00ferengdir af hungrin\u00f6gu\u00f0u \u00feeir skr\u00e6l\u00feurrt landi\u00f0sem \u00ed g\u00e6r var au\u00f0n og ey\u00f0im\u00f6rk. 4\u00deeir s\u00f6fnu\u00f0u hr\u00edmbl\u00f6\u00f0ku vi\u00f0 \u00feyrnirunnaog h\u00f6f\u00f0u r\u00e6tur til matar, 5voru fl\u00e6mdir \u00far samf\u00e9laginuog \u00e1 eftir \u00feeim var hr\u00f3pa\u00f0 eins og \u00fej\u00f3fum. 6\u00cd hl\u00ed\u00f0um fjallanna h\u00edrast \u00feeir\u00ed holum og hellum. 7\u00deeir kveina milli runnanna,h\u00f3past saman undir \u00feistlunum. 8\u00deetta er \u00e6rulaust f\u00f3lk, nafnlaust f\u00f3lk,sem var hraki\u00f0 \u00fat \u00far landinu. 9En n\u00fa kve\u00f0ur \u00fea\u00f0 um mig <a href=\"https:\/\/biblian.is\/biblian\/jobsbok-30-kafli\/\"> [&#8230;]<\/a><\/p>\n","protected":false},"author":1,"featured_media":0,"parent":0,"menu_order":0,"comment_status":"open","ping_status":"open","template":"bibliukaflar_NT.php","meta":{"footnotes":""},"class_list":["post-2083","page","type-page","status-publish","hentry"],"_links":{"self":[{"href":"https:\/\/biblian.is\/biblian\/wp-json\/wp\/v2\/pages\/2083","targetHints":{"allow":["GET"]}}],"collection":[{"href":"https:\/\/biblian.is\/biblian\/wp-json\/wp\/v2\/pages"}],"about":[{"href":"https:\/\/biblian.is\/biblian\/wp-json\/wp\/v2\/types\/page"}],"author":[{"embeddable":true,"href":"https:\/\/biblian.is\/biblian\/wp-json\/wp\/v2\/users\/1"}],"replies":[{"embeddable":true,"href":"https:\/\/biblian.is\/biblian\/wp-json\/wp\/v2\/comments?post=2083"}],"version-history":[{"count":0,"href":"https:\/\/biblian.is\/biblian\/wp-json\/wp\/v2\/pages\/2083\/revisions"}],"wp:attachment":[{"href":"https:\/\/biblian.is\/biblian\/wp-json\/wp\/v2\/media?parent=2083"}],"curies":[{"name":"wp","href":"https:\/\/api.w.org\/{rel}","templated":true}]}}