{"id":2082,"date":"2017-12-30T21:01:40","date_gmt":"2017-12-30T21:01:40","guid":{"rendered":"http:\/\/biblian.is\/biblian\/jobsb%c2%97k-29-kafli\/"},"modified":"2024-06-27T02:38:43","modified_gmt":"2024-06-27T02:38:43","slug":"jobsbok-29-kafli","status":"publish","type":"page","link":"https:\/\/biblian.is\/biblian\/jobsbok-29-kafli\/","title":{"rendered":"Jobsb\u00f3k 29. kafli"},"content":{"rendered":"<h3 class=\"millifyrirsogn_2007\"> Lokar\u00e6\u00f0a Jobs<\/h3>\n<p><a name=\"1\"><span class=\"versanumer_2007\">1<\/span><\/a> Job h\u00e9lt \u00e1fram r\u00e6\u00f0u sinni og sag\u00f0i:<br \/> <span class=\"ljodatexti\"> <a name=\"2\"><span class=\"versanumer_ljod\">2<\/span><\/a>\u00c9g vildi a\u00f0 \u00e9g v\u00e6ri eins og \u00e1\u00f0ur fyrr<br \/>\u00feegar Gu\u00f0 vernda\u00f0i mig,<br \/> <\/span> <span class=\"ljodatexti\"> <a name=\"3\"><span class=\"versanumer_ljod\">3<\/span><\/a>\u00feegar hann l\u00e9t lampa sinn l\u00fdsa yfir h\u00f6f\u00f0i m\u00e9r<br \/>og \u00e9g gekk vi\u00f0 lj\u00f3s hans \u00ed myrkri.<br \/> <\/span> <span class=\"ljodatexti\"> <a name=\"4\"><span class=\"versanumer_ljod\">4<\/span><\/a>Eins og \u00feegar \u00e9g var \u00e1 besta aldri,<br \/>\u00feegar Gu\u00f0 sk\u00fdldi tjaldi m\u00ednu<br \/> <\/span> <span class=\"ljodatexti\"> <a name=\"5\"><span class=\"versanumer_ljod\">5<\/span><\/a>og Hinn alm\u00e1ttki var enn me\u00f0 m\u00e9r<br \/>og b\u00f6rnin m\u00edn voru \u00ed kringum mig,<br \/> <\/span> <span class=\"ljodatexti\"> <a name=\"6\"><span class=\"versanumer_ljod\">6<\/span><\/a>\u00feegar \u00e9g \u00fevo\u00f0i f\u00e6tur m\u00edna \u00ed mj\u00f3lk<br \/>og \u00f3l\u00edfuol\u00edan streymdi til m\u00edn \u00far klettunum.<br \/> <\/span> <span class=\"ljodatexti\"> <a name=\"7\"><span class=\"versanumer_ljod\">7<\/span><\/a>\u00deegar \u00e9g gekk um hli\u00f0 mitt til borgarinnar<br \/>og settist \u00ed s\u00e6ti mitt \u00e1 torginu<br \/> <\/span> <span class=\"ljodatexti\"> <a name=\"8\"><span class=\"versanumer_ljod\">8<\/span><\/a>dr\u00f3gu \u00e6skumenn sig \u00ed hl\u00e9 \u00feegar \u00feeir s\u00e1u mig<br \/>og \u00f6ldungar risu \u00e1 f\u00e6tur og st\u00f3\u00f0u kyrrir,<br \/> <\/span> <span class=\"ljodatexti\"> <a name=\"9\"><span class=\"versanumer_ljod\">9<\/span><\/a>h\u00f6f\u00f0ingjar g\u00e6ttu tungu sinnar<br \/>og l\u00f6g\u00f0u h\u00f6nd \u00e1 munn s\u00e9r,<br \/> <\/span> <span class=\"ljodatexti\"> <a name=\"10\"><span class=\"versanumer_ljod\">10<\/span><\/a>tignarmenn l\u00e6kku\u00f0u r\u00f3minn<br \/>og tunga \u00feeirra loddi vi\u00f0 g\u00f3minn.<br \/> <\/span> <span class=\"ljodatexti\"> <a name=\"11\"><span class=\"versanumer_ljod\">11<\/span><\/a>S\u00e1 sem hlusta\u00f0i \u00e1 mig lofa\u00f0i mig,<br \/>hver sem s\u00e1 mig h\u00e6ldi m\u00e9r<br \/> <\/span> <span class=\"ljodatexti\"> <a name=\"12\"><span class=\"versanumer_ljod\">12<\/span><\/a>\u00fev\u00ed a\u00f0 \u00e9g bjarga\u00f0i snau\u00f0um sem hr\u00f3pa\u00f0i \u00e1 hj\u00e1lp<br \/>og muna\u00f0arlausum sem enginn li\u00f0sinnti.<br \/> <\/span> <span class=\"ljodatexti\"> <a name=\"13\"><span class=\"versanumer_ljod\">13<\/span><\/a>S\u00e1 sem var h\u00e6tt kominn blessa\u00f0i mig<br \/>og \u00e9g fyllti hjarta ekkjunnar f\u00f6gnu\u00f0i.<br \/> <\/span> <span class=\"ljodatexti\"> <a name=\"14\"><span class=\"versanumer_ljod\">14<\/span><\/a>\u00c9g kl\u00e6ddist r\u00e9ttl\u00e6ti,<br \/>r\u00e1\u00f0vendni m\u00edn f\u00f3r m\u00e9r vel eins og k\u00e1pa og vefjarh\u00f6ttur.<br \/> <\/span> <span class=\"ljodatexti\"> <a name=\"15\"><span class=\"versanumer_ljod\">15<\/span><\/a>\u00c9g var\u00f0 blindum augu<br \/>og l\u00f6mu\u00f0um f\u00e6tur.<br \/> <\/span> <span class=\"ljodatexti\"> <a name=\"16\"><span class=\"versanumer_ljod\">16<\/span><\/a>\u00c9g var\u00f0 snau\u00f0um fa\u00f0ir,<br \/>kanna\u00f0i deilur m\u00e9r \u00f3\u00feekktra manna,<br \/> <\/span> <span class=\"ljodatexti\"> <a name=\"17\"><span class=\"versanumer_ljod\">17<\/span><\/a>braut kj\u00e1lka illmennis<br \/>og reif br\u00e1\u00f0ina \u00far t\u00f6nnum \u00feess.<br \/> <\/span> <span class=\"ljodatexti\"> <a name=\"18\"><span class=\"versanumer_ljod\">18<\/span><\/a>\u00c9g sag\u00f0i: \u201e\u00c9g mun farast \u00ed hrei\u00f0ri m\u00ednu<br \/>og lifa lengi eins og fuglinn F\u00f6nix.<br \/> <\/span> <span class=\"ljodatexti\"> <a name=\"19\"><span class=\"versanumer_ljod\">19<\/span><\/a>R\u00f3t m\u00edn n\u00e6r til vatns<br \/>og limi\u00f0 er d\u00f6ggva\u00f0 um n\u00e6tur.<br \/> <\/span> <span class=\"ljodatexti\"> <a name=\"20\"><span class=\"versanumer_ljod\">20<\/span><\/a>\u00c6ran endurn\u00fdjast m\u00e9r s\u00edfellt<br \/>og boginn yngist \u00ed hendi m\u00e9r.\u201c<br \/> <\/span> <span class=\"ljodatexti\"> <a name=\"21\"><span class=\"versanumer_ljod\">21<\/span><\/a>Menn hlustu\u00f0u \u00e1 mig og bi\u00f0u<br \/>og hl\u00fdddu \u00feegjandi \u00e1 r\u00e1\u00f0 mitt.<br \/> <\/span> <span class=\"ljodatexti\"> <a name=\"22\"><span class=\"versanumer_ljod\">22<\/span><\/a> \u00deegar \u00e9g haf\u00f0i tala\u00f0 t\u00f3k enginn til m\u00e1ls,<br \/>or\u00f0 m\u00edn drupu \u00e1 \u00fe\u00e1,<br \/> <\/span> <span class=\"ljodatexti\"> <a name=\"23\"><span class=\"versanumer_ljod\">23<\/span><\/a> \u00feeir bi\u00f0u m\u00edn eins og regns,<br \/>opnu\u00f0u munninn og vonu\u00f0ust eftir vorsk\u00far.<br \/> <\/span> <span class=\"ljodatexti\"> <a name=\"24\"><span class=\"versanumer_ljod\">24<\/span><\/a> Brosti \u00e9g vi\u00f0 \u00feeim fengu \u00feeir kjark,<br \/>ef andlit mitt lj\u00f3ma\u00f0i voru \u00feeir ekki lengur ni\u00f0url\u00fatir.<br \/> <\/span> <span class=\"ljodatexti\"> <a name=\"25\"><span class=\"versanumer_ljod\">25<\/span><\/a> \u00c9g \u00e1kva\u00f0 \u00feeim lei\u00f0, sat \u00ed h\u00f6f\u00f0ingjas\u00e6tinu,<br \/>dvaldist sem konungur me\u00f0al hersveitanna,<br \/>eins og s\u00e1 sem huggar sorgm\u00e6dda. <\/span> <\/p>\n","protected":false},"excerpt":{"rendered":"<p>Lokar\u00e6\u00f0a Jobs 1 Job h\u00e9lt \u00e1fram r\u00e6\u00f0u sinni og sag\u00f0i: 2\u00c9g vildi a\u00f0 \u00e9g v\u00e6ri eins og \u00e1\u00f0ur fyrr\u00feegar Gu\u00f0 vernda\u00f0i mig, 3\u00feegar hann l\u00e9t lampa sinn l\u00fdsa yfir h\u00f6f\u00f0i m\u00e9rog \u00e9g gekk vi\u00f0 lj\u00f3s hans \u00ed myrkri. 4Eins og \u00feegar \u00e9g var \u00e1 besta aldri,\u00feegar Gu\u00f0 sk\u00fdldi tjaldi m\u00ednu 5og Hinn alm\u00e1ttki var enn me\u00f0 m\u00e9rog b\u00f6rnin m\u00edn voru \u00ed kringum mig, 6\u00feegar \u00e9g \u00fevo\u00f0i f\u00e6tur m\u00edna \u00ed mj\u00f3lkog \u00f3l\u00edfuol\u00edan streymdi til m\u00edn \u00far klettunum. 7\u00deegar \u00e9g gekk um hli\u00f0 mitt til borgarinnarog settist \u00ed s\u00e6ti mitt \u00e1 torginu 8dr\u00f3gu \u00e6skumenn sig \u00ed hl\u00e9 \u00feegar \u00feeir s\u00e1u migog \u00f6ldungar <a href=\"https:\/\/biblian.is\/biblian\/jobsbok-29-kafli\/\"> [&#8230;]<\/a><\/p>\n","protected":false},"author":1,"featured_media":0,"parent":0,"menu_order":0,"comment_status":"open","ping_status":"open","template":"bibliukaflar_NT.php","meta":{"footnotes":""},"class_list":["post-2082","page","type-page","status-publish","hentry"],"_links":{"self":[{"href":"https:\/\/biblian.is\/biblian\/wp-json\/wp\/v2\/pages\/2082","targetHints":{"allow":["GET"]}}],"collection":[{"href":"https:\/\/biblian.is\/biblian\/wp-json\/wp\/v2\/pages"}],"about":[{"href":"https:\/\/biblian.is\/biblian\/wp-json\/wp\/v2\/types\/page"}],"author":[{"embeddable":true,"href":"https:\/\/biblian.is\/biblian\/wp-json\/wp\/v2\/users\/1"}],"replies":[{"embeddable":true,"href":"https:\/\/biblian.is\/biblian\/wp-json\/wp\/v2\/comments?post=2082"}],"version-history":[{"count":0,"href":"https:\/\/biblian.is\/biblian\/wp-json\/wp\/v2\/pages\/2082\/revisions"}],"wp:attachment":[{"href":"https:\/\/biblian.is\/biblian\/wp-json\/wp\/v2\/media?parent=2082"}],"curies":[{"name":"wp","href":"https:\/\/api.w.org\/{rel}","templated":true}]}}