{"id":2080,"date":"2017-12-30T21:01:40","date_gmt":"2017-12-30T21:01:40","guid":{"rendered":"http:\/\/biblian.is\/biblian\/jobsb%c2%97k-27-kafli\/"},"modified":"2024-06-27T02:38:43","modified_gmt":"2024-06-27T02:38:43","slug":"jobsbok-27-kafli","status":"publish","type":"page","link":"https:\/\/biblian.is\/biblian\/jobsbok-27-kafli\/","title":{"rendered":"Jobsb\u00f3k 27. kafli"},"content":{"rendered":"<p><a name=\"1\"><span class=\"versanumer_2007\">1<\/span><\/a> Job h\u00e9lt \u00e1fram r\u00e6\u00f0u sinni og sag\u00f0i:<br \/> <span class=\"ljodatexti\"> <a name=\"2\"><span class=\"versanumer_ljod\">2<\/span><\/a>Svo sannarlega sem Gu\u00f0 lifir sem svipti mig r\u00e9tti m\u00ednum,<br \/>Hinn alm\u00e1ttki sem hefur fyllt l\u00edf mitt beiskju,<br \/> <\/span> <span class=\"ljodatexti\"> <a name=\"3\"><span class=\"versanumer_ljod\">3<\/span><\/a>svo lengi sem \u00e9g dreg l\u00edfsanda<br \/>og andi Gu\u00f0s er \u00ed n\u00f6sum m\u00ednum,<br \/> <\/span> <span class=\"ljodatexti\"> <a name=\"4\"><span class=\"versanumer_ljod\">4<\/span><\/a>skal \u00f3satt or\u00f0 ekki fara um varir m\u00ednar<br \/>og tunga m\u00edn ekki fara me\u00f0 lygi.<br \/> <\/span> <span class=\"ljodatexti\"> <a name=\"5\"><span class=\"versanumer_ljod\">5<\/span><\/a>\u00dea\u00f0 s\u00e9 m\u00e9r fjarri a\u00f0 j\u00e1ta a\u00f0 \u00fe\u00e9r hafi\u00f0 \u00e1 r\u00e9ttu a\u00f0 standa,<br \/>\u00e9g stend vi\u00f0 sakleysi mitt \u00fear til \u00e9g dey,<br \/> <\/span> <span class=\"ljodatexti\"> <a name=\"6\"><span class=\"versanumer_ljod\">6<\/span><\/a>\u00e9g ver r\u00e9tt minn og sleppi honum ekki,<br \/>hjarta mitt \u00e1telur mig ekki fyrir neinn af d\u00f6gum m\u00ednum.<br \/> <\/span> <span class=\"ljodatexti\"> <a name=\"7\"><span class=\"versanumer_ljod\">7<\/span><\/a>Fjandmanni m\u00ednum farnist sem gu\u00f0leysingja,<br \/>andst\u00e6\u00f0ingi m\u00ednum sem illmenni.<br \/> <\/span> <span class=\"ljodatexti\"> <a name=\"8\"><span class=\"versanumer_ljod\">8<\/span><\/a>J\u00e1, hver er von hins \u00f3gu\u00f0lega \u00feegar skori\u00f0 er \u00e1 \u00fer\u00e1\u00f0inn,<br \/>\u00feegar Gu\u00f0 hr\u00edfur burt l\u00edf hans?<br \/> <\/span> <span class=\"ljodatexti\"> <a name=\"9\"><span class=\"versanumer_ljod\">9<\/span><\/a>Heyrir Gu\u00f0 ney\u00f0ar\u00f3p hans<br \/>\u00feegar a\u00f0 honum \u00ferengir?<br \/> <\/span> <span class=\"ljodatexti\"> <a name=\"10\"><span class=\"versanumer_ljod\">10<\/span><\/a>Er Hinn alm\u00e1ttki yndi hans,<br \/>\u00e1kallar hann Gu\u00f0 hven\u00e6r sem er?<br \/> <\/span> <span class=\"ljodatexti\"> <a name=\"11\"><span class=\"versanumer_ljod\">11<\/span><\/a>\u00c9g skal fr\u00e6\u00f0a y\u00f0ur um m\u00e1tt Gu\u00f0s,<br \/>leyna engu sem Hinn alm\u00e1ttki hefur \u00ed huga.<br \/> <\/span> <span class=\"ljodatexti\"> <a name=\"12\"><span class=\"versanumer_ljod\">12<\/span><\/a>\u00de\u00e9r hafi\u00f0 allir s\u00e9\u00f0 \u00feetta,<br \/>hvers vegna fari\u00f0 \u00fe\u00e9r \u00fe\u00e1 me\u00f0 eint\u00f3man \u00fev\u00e6tting?<br \/> <\/span> <span class=\"ljodatexti\"> <a name=\"13\"><span class=\"versanumer_ljod\">13<\/span><\/a>\u00deetta er hlutskipti \u00f3gu\u00f0legs manns hj\u00e1 Gu\u00f0i,<br \/>arfur ofbeldismanna fr\u00e1 Hinum alm\u00e1ttka.<br \/> <\/span> <span class=\"ljodatexti\"> <a name=\"14\"><span class=\"versanumer_ljod\">14<\/span><\/a>Ver\u00f0i synir hans margir eru \u00feeir \u00e6tla\u00f0ir sver\u00f0inu<br \/>og b\u00f6rn hans mettast ekki af brau\u00f0i.<br \/> <\/span> <span class=\"ljodatexti\"> <a name=\"15\"><span class=\"versanumer_ljod\">15<\/span><\/a>Dau\u00f0inn grefur \u00fe\u00e1 sem undan komast<br \/>og ekkjurnar gr\u00e1ta ekki.<br \/> <\/span> <span class=\"ljodatexti\"> <a name=\"16\"><span class=\"versanumer_ljod\">16<\/span><\/a>Ef hann hr\u00fagar saman silfri eins og sandi<br \/>og safnar a\u00f0 s\u00e9r kl\u00e6\u00f0um eins og leir,<br \/> <\/span> <span class=\"ljodatexti\"> <a name=\"17\"><span class=\"versanumer_ljod\">17<\/span><\/a>safnar hann a\u00f0 v\u00edsu en r\u00e9ttl\u00e1tur ma\u00f0ur mun ganga \u00ed \u00feeim<br \/>og saklausir skipta me\u00f0 s\u00e9r silfrinu.<br \/> <\/span> <span class=\"ljodatexti\"> <a name=\"18\"><span class=\"versanumer_ljod\">18<\/span><\/a>Hann bygg\u00f0i h\u00fas sitt eins og k\u00f6ngurl\u00f3arvef,<br \/>eins og sk\u00fdli sem var\u00f0ma\u00f0ur reisir s\u00e9r.<br \/> <\/span> <span class=\"ljodatexti\"> <a name=\"19\"><span class=\"versanumer_ljod\">19<\/span><\/a>R\u00edkur leggst hann til svefns en gerir \u00fea\u00f0 ekki aftur.<br \/>\u00deegar hann opnar augun er ekkert eftir.<br \/> <\/span> <span class=\"ljodatexti\"> <a name=\"20\"><span class=\"versanumer_ljod\">20<\/span><\/a>Skelfingar hellast yfir hann eins og vatnsflaumur,<br \/>stormsveipur ber hann burt um n\u00f3tt,<br \/> <\/span> <span class=\"ljodatexti\"> <a name=\"21\"><span class=\"versanumer_ljod\">21<\/span><\/a>austanvindurinn hefur hann \u00e1 loft svo a\u00f0 hann berst af sta\u00f0,<br \/>feykir honum a\u00f0 heiman.<br \/> <\/span> <span class=\"ljodatexti\"> <a name=\"22\"><span class=\"versanumer_ljod\">22<\/span><\/a> Hann r\u00e6\u00f0st v\u00e6g\u00f0arlaust gegn honum,<br \/>hann reynir a\u00f0 komast undan \u00e1 fl\u00f3tta.<br \/> <\/span> <span class=\"ljodatexti\"> <a name=\"23\"><span class=\"versanumer_ljod\">23<\/span><\/a> Menn klappa saman l\u00f3fum yfir honum<br \/>og flauta h\u00e1\u00f0slega \u00e1 eftir honum fr\u00e1 b\u00fasta\u00f0 hans. <\/span> <\/p>\n","protected":false},"excerpt":{"rendered":"<p>1 Job h\u00e9lt \u00e1fram r\u00e6\u00f0u sinni og sag\u00f0i: 2Svo sannarlega sem Gu\u00f0 lifir sem svipti mig r\u00e9tti m\u00ednum,Hinn alm\u00e1ttki sem hefur fyllt l\u00edf mitt beiskju, 3svo lengi sem \u00e9g dreg l\u00edfsandaog andi Gu\u00f0s er \u00ed n\u00f6sum m\u00ednum, 4skal \u00f3satt or\u00f0 ekki fara um varir m\u00ednarog tunga m\u00edn ekki fara me\u00f0 lygi. 5\u00dea\u00f0 s\u00e9 m\u00e9r fjarri a\u00f0 j\u00e1ta a\u00f0 \u00fe\u00e9r hafi\u00f0 \u00e1 r\u00e9ttu a\u00f0 standa,\u00e9g stend vi\u00f0 sakleysi mitt \u00fear til \u00e9g dey, 6\u00e9g ver r\u00e9tt minn og sleppi honum ekki,hjarta mitt \u00e1telur mig ekki fyrir neinn af d\u00f6gum m\u00ednum. 7Fjandmanni m\u00ednum farnist sem gu\u00f0leysingja,andst\u00e6\u00f0ingi m\u00ednum sem illmenni. 8J\u00e1, hver er <a href=\"https:\/\/biblian.is\/biblian\/jobsbok-27-kafli\/\"> [&#8230;]<\/a><\/p>\n","protected":false},"author":1,"featured_media":0,"parent":0,"menu_order":0,"comment_status":"open","ping_status":"open","template":"bibliukaflar_NT.php","meta":{"footnotes":""},"class_list":["post-2080","page","type-page","status-publish","hentry"],"_links":{"self":[{"href":"https:\/\/biblian.is\/biblian\/wp-json\/wp\/v2\/pages\/2080","targetHints":{"allow":["GET"]}}],"collection":[{"href":"https:\/\/biblian.is\/biblian\/wp-json\/wp\/v2\/pages"}],"about":[{"href":"https:\/\/biblian.is\/biblian\/wp-json\/wp\/v2\/types\/page"}],"author":[{"embeddable":true,"href":"https:\/\/biblian.is\/biblian\/wp-json\/wp\/v2\/users\/1"}],"replies":[{"embeddable":true,"href":"https:\/\/biblian.is\/biblian\/wp-json\/wp\/v2\/comments?post=2080"}],"version-history":[{"count":0,"href":"https:\/\/biblian.is\/biblian\/wp-json\/wp\/v2\/pages\/2080\/revisions"}],"wp:attachment":[{"href":"https:\/\/biblian.is\/biblian\/wp-json\/wp\/v2\/media?parent=2080"}],"curies":[{"name":"wp","href":"https:\/\/api.w.org\/{rel}","templated":true}]}}