{"id":2079,"date":"2017-12-30T21:01:40","date_gmt":"2017-12-30T21:01:40","guid":{"rendered":"http:\/\/biblian.is\/biblian\/jobsb%c2%97k-26-kafli\/"},"modified":"2024-06-27T02:38:43","modified_gmt":"2024-06-27T02:38:43","slug":"jobsbok-26-kafli","status":"publish","type":"page","link":"https:\/\/biblian.is\/biblian\/jobsbok-26-kafli\/","title":{"rendered":"Jobsb\u00f3k 26. kafli"},"content":{"rendered":"<h3 class=\"millifyrirsogn_2007\"> Svar Jobs<\/h3>\n<p><a name=\"1\"><span class=\"versanumer_2007\">1<\/span><\/a> Job svara\u00f0i og sag\u00f0i:<br \/> <span class=\"ljodatexti\"> <a name=\"2\"><span class=\"versanumer_ljod\">2<\/span><\/a>Sannarlega styrkir \u00fe\u00fa hinn \u00fer\u00f3ttlausa<br \/>og sty\u00f0ur m\u00e1ttvana arm.<br \/> <\/span> <span class=\"ljodatexti\"> <a name=\"3\"><span class=\"versanumer_ljod\">3<\/span><\/a>\u00de\u00fa gefur f\u00e1v\u00edsum holl r\u00e1\u00f0<br \/>og veitir honum dj\u00fapan skilning.<br \/> <\/span> <span class=\"ljodatexti\"> <a name=\"4\"><span class=\"versanumer_ljod\">4<\/span><\/a>Me\u00f0 fulltingi hvers hefur \u00fe\u00fa tala\u00f0,<br \/>hvers er andinn sem fr\u00e1 \u00fe\u00e9r kemur? <\/span> <\/p>\n<h3 class=\"millifyrirsogn_2007\">Alm\u00e6tti Gu\u00f0s<\/h3>\n<p> <span class=\"ljodatexti\"> <a name=\"5\"><span class=\"versanumer_ljod\">5<\/span><\/a>Andar framli\u00f0inna skj\u00e1lfa hi\u00f0 ne\u00f0ra,<br \/>undir hafdj\u00fapinu, og \u00feeir sem \u00fear b\u00faa.<br \/> <\/span> <span class=\"ljodatexti\"> <a name=\"6\"><span class=\"versanumer_ljod\">6<\/span><\/a>R\u00edki dau\u00f0ra er berskjalda\u00f0 fyrir Gu\u00f0i<br \/>og ekkert hylur undirheima<br \/> <\/span> <span class=\"ljodatexti\"> <a name=\"7\"><span class=\"versanumer_ljod\">7<\/span><\/a>fyrir honum sem \u00feenur nor\u00f0ri\u00f0 yfir t\u00f3mi\u00f0<br \/>og l\u00e6tur j\u00f6r\u00f0ina sv\u00edfa \u00ed geimnum.<br \/> <\/span> <span class=\"ljodatexti\"> <a name=\"8\"><span class=\"versanumer_ljod\">8<\/span><\/a>Hann bindur vatn \u00ed sk\u00fdjum s\u00ednum<br \/>og sk\u00fdin bresta ekki undan \u00fev\u00ed,<br \/> <\/span> <span class=\"ljodatexti\"> <a name=\"9\"><span class=\"versanumer_ljod\">9<\/span><\/a>hann hylur auglit tungls \u00ed fyllingu<br \/>og brei\u00f0ir sk\u00fdfl\u00f3ka s\u00edna fyrir \u00fea\u00f0.<br \/> <\/span> <span class=\"ljodatexti\"> <a name=\"10\"><span class=\"versanumer_ljod\">10<\/span><\/a>Hann dr\u00f3 m\u00f6rk \u00e1 haffl\u00f6tinn<br \/>\u00fear sem lj\u00f3s og myrkur m\u00e6tast.<br \/> <\/span> <span class=\"ljodatexti\"> <a name=\"11\"><span class=\"versanumer_ljod\">11<\/span><\/a>S\u00falur himins skulfu<br \/>og skelfdust \u00f3gnun hans.<br \/> <\/span> <span class=\"ljodatexti\"> <a name=\"12\"><span class=\"versanumer_ljod\">12<\/span><\/a>Me\u00f0 m\u00e6tti s\u00ednum l\u00e6g\u00f0i hann hafi\u00f0,<br \/>me\u00f0 visku sinni mola\u00f0i hann Rahab.<br \/> <\/span> <span class=\"ljodatexti\"> <a name=\"13\"><span class=\"versanumer_ljod\">13<\/span><\/a>Fyrir andgusti hans var\u00f0 himinninn hei\u00f0ur,<br \/>me\u00f0 hendi sinni lag\u00f0i hann hra\u00f0fleygan drekann \u00ed gegn.<br \/> <\/span> <span class=\"ljodatexti\"> <a name=\"14\"><span class=\"versanumer_ljod\">14<\/span><\/a>\u00deetta eru ystu m\u00f6rk verka hans,<br \/>\u00fea\u00f0 sem v\u00e9r heyrum um hann er hv\u00edskur<br \/>en hver f\u00e6r skili\u00f0 \u00ferumu m\u00e1ttar hans? <\/span> <\/p>\n","protected":false},"excerpt":{"rendered":"<p>Svar Jobs 1 Job svara\u00f0i og sag\u00f0i: 2Sannarlega styrkir \u00fe\u00fa hinn \u00fer\u00f3ttlausaog sty\u00f0ur m\u00e1ttvana arm. 3\u00de\u00fa gefur f\u00e1v\u00edsum holl r\u00e1\u00f0og veitir honum dj\u00fapan skilning. 4Me\u00f0 fulltingi hvers hefur \u00fe\u00fa tala\u00f0,hvers er andinn sem fr\u00e1 \u00fe\u00e9r kemur? Alm\u00e6tti Gu\u00f0s 5Andar framli\u00f0inna skj\u00e1lfa hi\u00f0 ne\u00f0ra,undir hafdj\u00fapinu, og \u00feeir sem \u00fear b\u00faa. 6R\u00edki dau\u00f0ra er berskjalda\u00f0 fyrir Gu\u00f0iog ekkert hylur undirheima 7fyrir honum sem \u00feenur nor\u00f0ri\u00f0 yfir t\u00f3mi\u00f0og l\u00e6tur j\u00f6r\u00f0ina sv\u00edfa \u00ed geimnum. 8Hann bindur vatn \u00ed sk\u00fdjum s\u00ednumog sk\u00fdin bresta ekki undan \u00fev\u00ed, 9hann hylur auglit tungls \u00ed fyllinguog brei\u00f0ir sk\u00fdfl\u00f3ka s\u00edna fyrir \u00fea\u00f0. 10Hann dr\u00f3 m\u00f6rk \u00e1 haffl\u00f6tinn\u00fear sem lj\u00f3s og <a href=\"https:\/\/biblian.is\/biblian\/jobsbok-26-kafli\/\"> [&#8230;]<\/a><\/p>\n","protected":false},"author":1,"featured_media":0,"parent":0,"menu_order":0,"comment_status":"open","ping_status":"open","template":"bibliukaflar_NT.php","meta":{"footnotes":""},"class_list":["post-2079","page","type-page","status-publish","hentry"],"_links":{"self":[{"href":"https:\/\/biblian.is\/biblian\/wp-json\/wp\/v2\/pages\/2079","targetHints":{"allow":["GET"]}}],"collection":[{"href":"https:\/\/biblian.is\/biblian\/wp-json\/wp\/v2\/pages"}],"about":[{"href":"https:\/\/biblian.is\/biblian\/wp-json\/wp\/v2\/types\/page"}],"author":[{"embeddable":true,"href":"https:\/\/biblian.is\/biblian\/wp-json\/wp\/v2\/users\/1"}],"replies":[{"embeddable":true,"href":"https:\/\/biblian.is\/biblian\/wp-json\/wp\/v2\/comments?post=2079"}],"version-history":[{"count":0,"href":"https:\/\/biblian.is\/biblian\/wp-json\/wp\/v2\/pages\/2079\/revisions"}],"wp:attachment":[{"href":"https:\/\/biblian.is\/biblian\/wp-json\/wp\/v2\/media?parent=2079"}],"curies":[{"name":"wp","href":"https:\/\/api.w.org\/{rel}","templated":true}]}}