{"id":2078,"date":"2017-12-30T21:01:40","date_gmt":"2017-12-30T21:01:40","guid":{"rendered":"http:\/\/biblian.is\/biblian\/jobsb%c2%97k-25-kafli\/"},"modified":"2024-06-27T02:38:42","modified_gmt":"2024-06-27T02:38:42","slug":"jobsbok-25-kafli","status":"publish","type":"page","link":"https:\/\/biblian.is\/biblian\/jobsbok-25-kafli\/","title":{"rendered":"Jobsb\u00f3k 25. kafli"},"content":{"rendered":"<h3 class=\"millifyrirsogn_2007\"> \u00deri\u00f0ja r\u00e6\u00f0a Bildads<\/h3>\n<p><a name=\"1\"><span class=\"versanumer_2007\">1<\/span><\/a> Bildad fr\u00e1 S\u00faa svara\u00f0i og sag\u00f0i:<br \/> <span class=\"ljodatexti\"> <a name=\"2\"><span class=\"versanumer_ljod\">2<\/span><\/a>Hans er valdi\u00f0 og \u00f3ttinn<br \/>sem l\u00e6tur fri\u00f0 r\u00edkja \u00ed upph\u00e6\u00f0um s\u00ednum.<br \/> <\/span> <span class=\"ljodatexti\"> <a name=\"3\"><span class=\"versanumer_ljod\">3<\/span><\/a>Ver\u00f0a hersveitir hans taldar?<br \/>Yfir hverjum l\u00fdsir ekki lj\u00f3s hans?<br \/> <\/span> <span class=\"ljodatexti\"> <a name=\"4\"><span class=\"versanumer_ljod\">4<\/span><\/a>Hvernig g\u00e6ti dau\u00f0legur ma\u00f0ur haft r\u00e9tt fyrir s\u00e9r frammi fyrir Gu\u00f0i<br \/>og hvernig g\u00e6ti ma\u00f0ur, f\u00e6ddur af konu, veri\u00f0 hreinn?<br \/> <\/span> <span class=\"ljodatexti\"> <a name=\"5\"><span class=\"versanumer_ljod\">5<\/span><\/a>Jafnvel tungli\u00f0 ber ekki birtu<br \/>og stj\u00f6rnurnar lj\u00f3ma ekki \u00ed augum hans,<br \/> <\/span> <span class=\"ljodatexti\"> <a name=\"6\"><span class=\"versanumer_ljod\">6<\/span><\/a>hva\u00f0 \u00fe\u00e1 hinn dau\u00f0legi, ma\u00f0kurinn s\u00e1,<br \/>mannssonurinn, ormurinn. <\/span> <\/p>\n","protected":false},"excerpt":{"rendered":"<p>\u00deri\u00f0ja r\u00e6\u00f0a Bildads 1 Bildad fr\u00e1 S\u00faa svara\u00f0i og sag\u00f0i: 2Hans er valdi\u00f0 og \u00f3ttinnsem l\u00e6tur fri\u00f0 r\u00edkja \u00ed upph\u00e6\u00f0um s\u00ednum. 3Ver\u00f0a hersveitir hans taldar?Yfir hverjum l\u00fdsir ekki lj\u00f3s hans? 4Hvernig g\u00e6ti dau\u00f0legur ma\u00f0ur haft r\u00e9tt fyrir s\u00e9r frammi fyrir Gu\u00f0iog hvernig g\u00e6ti ma\u00f0ur, f\u00e6ddur af konu, veri\u00f0 hreinn? 5Jafnvel tungli\u00f0 ber ekki birtuog stj\u00f6rnurnar lj\u00f3ma ekki \u00ed augum hans, 6hva\u00f0 \u00fe\u00e1 hinn dau\u00f0legi, ma\u00f0kurinn s\u00e1,mannssonurinn, ormurinn.<\/p>\n","protected":false},"author":1,"featured_media":0,"parent":0,"menu_order":0,"comment_status":"open","ping_status":"open","template":"bibliukaflar_NT.php","meta":{"footnotes":""},"class_list":["post-2078","page","type-page","status-publish","hentry"],"_links":{"self":[{"href":"https:\/\/biblian.is\/biblian\/wp-json\/wp\/v2\/pages\/2078","targetHints":{"allow":["GET"]}}],"collection":[{"href":"https:\/\/biblian.is\/biblian\/wp-json\/wp\/v2\/pages"}],"about":[{"href":"https:\/\/biblian.is\/biblian\/wp-json\/wp\/v2\/types\/page"}],"author":[{"embeddable":true,"href":"https:\/\/biblian.is\/biblian\/wp-json\/wp\/v2\/users\/1"}],"replies":[{"embeddable":true,"href":"https:\/\/biblian.is\/biblian\/wp-json\/wp\/v2\/comments?post=2078"}],"version-history":[{"count":0,"href":"https:\/\/biblian.is\/biblian\/wp-json\/wp\/v2\/pages\/2078\/revisions"}],"wp:attachment":[{"href":"https:\/\/biblian.is\/biblian\/wp-json\/wp\/v2\/media?parent=2078"}],"curies":[{"name":"wp","href":"https:\/\/api.w.org\/{rel}","templated":true}]}}