{"id":2077,"date":"2017-12-30T21:01:35","date_gmt":"2017-12-30T21:01:35","guid":{"rendered":"http:\/\/biblian.is\/biblian\/jobsb%c2%97k-24-kafli\/"},"modified":"2024-06-27T02:38:42","modified_gmt":"2024-06-27T02:38:42","slug":"jobsbok-24-kafli","status":"publish","type":"page","link":"https:\/\/biblian.is\/biblian\/jobsbok-24-kafli\/","title":{"rendered":"Jobsb\u00f3k 24. kafli"},"content":{"rendered":"<p><span class=\"ljodatexti\"> <a name=\"1\"><span class=\"versanumer_ljod\">1<\/span><\/a>Hvers vegna \u00e1kve\u00f0ur Hinn alm\u00e1ttki ekki t\u00edmann<br \/>og hv\u00ed sj\u00e1 ekki \u00feeir daga hans sem \u00feekkja hann?<br \/> <\/span> <span class=\"ljodatexti\"> <a name=\"2\"><span class=\"versanumer_ljod\">2<\/span><\/a>Menn f\u00e6ra landamerki \u00far sta\u00f0,<br \/>r\u00e6na hj\u00f6r\u00f0um og halda \u00feeim til beitar,<br \/> <\/span> <span class=\"ljodatexti\"> <a name=\"3\"><span class=\"versanumer_ljod\">3<\/span><\/a>asna muna\u00f0arlausra reka \u00feeir burt<br \/>og taka uxa ekkjunnar a\u00f0 ve\u00f0i,<br \/> <\/span> <span class=\"ljodatexti\"> <a name=\"4\"><span class=\"versanumer_ljod\">4<\/span><\/a>\u00feeir hrekja f\u00e1t\u00e6ka af veginum<br \/>og umkomulausir \u00ed landinu fara \u00ed felur.<br \/> <\/span> <span class=\"ljodatexti\"> <a name=\"5\"><span class=\"versanumer_ljod\">5<\/span><\/a>Eins og villiasnar \u00ed ey\u00f0im\u00f6rk<br \/>ganga \u00feeir til starfa sinna,<br \/>\u00feeir leita f\u00e6\u00f0u \u00e1 gresjunni,<br \/>matar handa b\u00f6rnum s\u00ednum.<br \/> <\/span> <span class=\"ljodatexti\"> <a name=\"6\"><span class=\"versanumer_ljod\">6<\/span><\/a>\u00c1 sl\u00e9ttunni afla \u00feeir f\u00f3\u00f0urs<br \/>og t\u00edna s\u00ed\u00f0ustu berin \u00ed v\u00edngar\u00f0i hins \u00f3gu\u00f0lega.<br \/> <\/span> <span class=\"ljodatexti\"> <a name=\"7\"><span class=\"versanumer_ljod\">7<\/span><\/a>\u00deeir eru naktir um n\u00e6tur, kl\u00e6\u00f0lausir,<br \/>og hafa enga \u00e1brei\u00f0u \u00ed kuldanum,<br \/> <\/span> <span class=\"ljodatexti\"> <a name=\"8\"><span class=\"versanumer_ljod\">8<\/span><\/a>ver\u00f0a gegndrepa \u00ed fjallask\u00farunum<br \/>og h\u00edma skj\u00f3llausir utan \u00ed klettunum.<br \/> <\/span> <span class=\"ljodatexti\"> <a name=\"9\"><span class=\"versanumer_ljod\">9<\/span><\/a>\u00deeir sl\u00edta f\u00f6\u00f0urleysingja fr\u00e1 brj\u00f3sti m\u00f3\u00f0ur<br \/>og brj\u00f3stmylkinga umkomulausra taka \u00feeir a\u00f0 ve\u00f0i.<br \/> <\/span> <span class=\"ljodatexti\"> <a name=\"10\"><span class=\"versanumer_ljod\">10<\/span><\/a>\u00deeir ganga naktir, \u00e1n kl\u00e6\u00f0a,<br \/>og hungra\u00f0ir bera \u00feeir kornknippi.<br \/> <\/span> <span class=\"ljodatexti\"> <a name=\"11\"><span class=\"versanumer_ljod\">11<\/span><\/a>Milli \u00f3l\u00edfutrj\u00e1nna pressa \u00feeir ol\u00edu<br \/>og tro\u00f0a v\u00edn\u00fer\u00f3na kvaldir af \u00feorsta.<br \/> <\/span> <span class=\"ljodatexti\"> <a name=\"12\"><span class=\"versanumer_ljod\">12<\/span><\/a>Deyjandi stynja \u00ed borginni,<br \/>s\u00e6r\u00f0ir hr\u00f3pa \u00e1 hj\u00e1lp<br \/>en Gu\u00f0 b\u00e6nheyrir ekki.<br \/> <\/span> <span class=\"ljodatexti\"> <a name=\"13\"><span class=\"versanumer_ljod\">13<\/span><\/a>Til eru \u00feeir sem r\u00edsa gegn lj\u00f3sinu,<br \/>\u00feeir skynja ekki lei\u00f0ir \u00feess<br \/>og fara ekki vegi \u00feess.<br \/> <\/span> <span class=\"ljodatexti\"> <a name=\"14\"><span class=\"versanumer_ljod\">14<\/span><\/a>Mor\u00f0inginn r\u00eds \u00far rekkju fyrir dagm\u00e1l<br \/>og drepur umkomulausa og snau\u00f0a.<br \/>Og a\u00f0 n\u00e6tur\u00feeli l\u00e6\u00f0ist hann um sem \u00fej\u00f3fur.<br \/> <\/span> <span class=\"ljodatexti\"> <a name=\"15\"><span class=\"versanumer_ljod\">15<\/span><\/a>Auga h\u00f3rkarlsins b\u00ed\u00f0ur r\u00f6kkursins<br \/>og hann hugsar: \u201eEkkert auga s\u00e9r mig,\u201c<br \/>og hylur andlit sitt sk\u00fdlu.<br \/> <\/span> <span class=\"ljodatexti\"> <a name=\"16\"><span class=\"versanumer_ljod\">16<\/span><\/a>Menn brj\u00f3tast inn \u00ed h\u00fas \u00ed myrkri,<br \/>\u00e1 daginn eru \u00feeir \u00ed felum,<br \/>\u00feeir \u00feekkja ekki lj\u00f3si\u00f0.<br \/> <\/span> <span class=\"ljodatexti\"> <a name=\"17\"><span class=\"versanumer_ljod\">17<\/span><\/a>Morgunninn er \u00feeim \u00f6llum myrkur<br \/>\u00fear sem \u00feeir ger\u00feekkja \u00f3gnir myrkursins.<br \/> <\/span> <span class=\"ljodatexti\"> <a name=\"18\"><span class=\"versanumer_ljod\">18<\/span><\/a>\u00deeir eru g\u00e1rur \u00e1 vatni,<br \/>b\u00f6lva\u00f0ur er hlutur \u00feeirra \u00ed landinu<br \/>svo a\u00f0 enginn fer til v\u00edngar\u00f0anna.<br \/> <\/span> <span class=\"ljodatexti\"> <a name=\"19\"><span class=\"versanumer_ljod\">19<\/span><\/a>\u00deurrkur og hiti ey\u00f0a leysingavatni,<br \/>undirheimar \u00feeim sem hafa syndga\u00f0.<br \/> <\/span> <span class=\"ljodatexti\"> <a name=\"20\"><span class=\"versanumer_ljod\">20<\/span><\/a>M\u00f3\u00f0urkvi\u00f0ur gleymir honum,<br \/>ma\u00f0kur g\u00e6\u00f0ir s\u00e9r \u00e1 honum,<br \/>hans ver\u00f0ur aldrei minnst framar,<br \/>rangl\u00e6ti\u00f0 var broti\u00f0 ni\u00f0ur eins og tr\u00e9.<br \/> <\/span> <span class=\"ljodatexti\"> <a name=\"21\"><span class=\"versanumer_ljod\">21<\/span><\/a>Hann f\u00f3r illa me\u00f0 \u00f3byrju sem engin b\u00f6rn elur<br \/>og ger\u00f0i ekkjunni ekkert gott.<br \/> <\/span> <span class=\"ljodatexti\"> <a name=\"22\"><span class=\"versanumer_ljod\">22<\/span><\/a> En Gu\u00f0 sviptir valdsm\u00f6nnum burt me\u00f0 afli s\u00ednu,<br \/>\u00feeir r\u00edsa upp og enginn er \u00f3hultur um l\u00edf sitt.<br \/> <\/span> <span class=\"ljodatexti\"> <a name=\"23\"><span class=\"versanumer_ljod\">23<\/span><\/a> Gu\u00f0 veitir \u00feeim \u00f6ryggi og \u00feeir f\u00e1 stu\u00f0ning<br \/>og augu hans vaka yfir vegum \u00feeirra.<br \/> <\/span> <span class=\"ljodatexti\"> <a name=\"24\"><span class=\"versanumer_ljod\">24<\/span><\/a> \u00deeir eru hafnir til vegs eitt andartak, svo er \u00f6llu loki\u00f0,<br \/>\u00feeir ver\u00f0a beyg\u00f0ir og skreppa saman eins og malurt,<br \/>visna eins og ax \u00e1 kornst\u00f6ng.<br \/> <\/span> <span class=\"ljodatexti\"> <a name=\"25\"><span class=\"versanumer_ljod\">25<\/span><\/a> Og ef \u00fea\u00f0 er eigi svo, hver getur \u00fe\u00e1 sanna\u00f0 a\u00f0 \u00e9g lj\u00fagi<br \/>og gert or\u00f0 m\u00edn a\u00f0 engu? <\/span> <\/p>\n","protected":false},"excerpt":{"rendered":"<p>1Hvers vegna \u00e1kve\u00f0ur Hinn alm\u00e1ttki ekki t\u00edmannog hv\u00ed sj\u00e1 ekki \u00feeir daga hans sem \u00feekkja hann? 2Menn f\u00e6ra landamerki \u00far sta\u00f0,r\u00e6na hj\u00f6r\u00f0um og halda \u00feeim til beitar, 3asna muna\u00f0arlausra reka \u00feeir burtog taka uxa ekkjunnar a\u00f0 ve\u00f0i, 4\u00feeir hrekja f\u00e1t\u00e6ka af veginumog umkomulausir \u00ed landinu fara \u00ed felur. 5Eins og villiasnar \u00ed ey\u00f0im\u00f6rkganga \u00feeir til starfa sinna,\u00feeir leita f\u00e6\u00f0u \u00e1 gresjunni,matar handa b\u00f6rnum s\u00ednum. 6\u00c1 sl\u00e9ttunni afla \u00feeir f\u00f3\u00f0ursog t\u00edna s\u00ed\u00f0ustu berin \u00ed v\u00edngar\u00f0i hins \u00f3gu\u00f0lega. 7\u00deeir eru naktir um n\u00e6tur, kl\u00e6\u00f0lausir,og hafa enga \u00e1brei\u00f0u \u00ed kuldanum, 8ver\u00f0a gegndrepa \u00ed fjallask\u00farunumog h\u00edma skj\u00f3llausir utan \u00ed klettunum. 9\u00deeir sl\u00edta f\u00f6\u00f0urleysingja fr\u00e1 <a href=\"https:\/\/biblian.is\/biblian\/jobsbok-24-kafli\/\"> [&#8230;]<\/a><\/p>\n","protected":false},"author":1,"featured_media":0,"parent":0,"menu_order":0,"comment_status":"open","ping_status":"open","template":"bibliukaflar_NT.php","meta":{"footnotes":""},"class_list":["post-2077","page","type-page","status-publish","hentry"],"_links":{"self":[{"href":"https:\/\/biblian.is\/biblian\/wp-json\/wp\/v2\/pages\/2077","targetHints":{"allow":["GET"]}}],"collection":[{"href":"https:\/\/biblian.is\/biblian\/wp-json\/wp\/v2\/pages"}],"about":[{"href":"https:\/\/biblian.is\/biblian\/wp-json\/wp\/v2\/types\/page"}],"author":[{"embeddable":true,"href":"https:\/\/biblian.is\/biblian\/wp-json\/wp\/v2\/users\/1"}],"replies":[{"embeddable":true,"href":"https:\/\/biblian.is\/biblian\/wp-json\/wp\/v2\/comments?post=2077"}],"version-history":[{"count":0,"href":"https:\/\/biblian.is\/biblian\/wp-json\/wp\/v2\/pages\/2077\/revisions"}],"wp:attachment":[{"href":"https:\/\/biblian.is\/biblian\/wp-json\/wp\/v2\/media?parent=2077"}],"curies":[{"name":"wp","href":"https:\/\/api.w.org\/{rel}","templated":true}]}}