{"id":2076,"date":"2017-12-30T21:01:35","date_gmt":"2017-12-30T21:01:35","guid":{"rendered":"http:\/\/biblian.is\/biblian\/jobsb%c2%97k-23-kafli\/"},"modified":"2024-06-27T02:38:42","modified_gmt":"2024-06-27T02:38:42","slug":"jobsbok-23-kafli","status":"publish","type":"page","link":"https:\/\/biblian.is\/biblian\/jobsbok-23-kafli\/","title":{"rendered":"Jobsb\u00f3k 23. kafli"},"content":{"rendered":"<h3 class=\"millifyrirsogn_2007\"> Svar Jobs<\/h3>\n<p><a name=\"1\"><span class=\"versanumer_2007\">1<\/span><\/a> Job svara\u00f0i og sag\u00f0i:<br \/> <span class=\"ljodatexti\"> <a name=\"2\"><span class=\"versanumer_ljod\">2<\/span><\/a>Enn \u00ed dag m\u00f3tm\u00e6li \u00e9g me\u00f0 kveinst\u00f6fum m\u00ednum,<br \/>h\u00f6nd Gu\u00f0s hv\u00edlir \u00feungt \u00e1 m\u00e9r og \u00e9g andvarpa.<br \/> <\/span> <span class=\"ljodatexti\"> <a name=\"3\"><span class=\"versanumer_ljod\">3<\/span><\/a>\u00c9g vildi a\u00f0 \u00e9g vissi hvar hann er a\u00f0 finna<br \/>og g\u00e6ti komist til b\u00fasta\u00f0ar hans.<br \/> <\/span> <span class=\"ljodatexti\"> <a name=\"4\"><span class=\"versanumer_ljod\">4<\/span><\/a>\u00c9g \u00e6tla a\u00f0 leggja fyrir hann m\u00e1l<br \/>me\u00f0 munninn fullan af r\u00f6ksemdum.<br \/> <\/span> <span class=\"ljodatexti\"> <a name=\"5\"><span class=\"versanumer_ljod\">5<\/span><\/a>\u00c9g vil f\u00e1 a\u00f0 vita hverju hann svarar m\u00e9r<br \/>og skilja hva\u00f0 hann segir vi\u00f0 mig.<br \/> <\/span> <span class=\"ljodatexti\"> <a name=\"6\"><span class=\"versanumer_ljod\">6<\/span><\/a>Mundi hann deila vi\u00f0 mig \u00ed krafti valds s\u00edns?<br \/>Nei, hann mundi gefa m\u00e9r gaum.<br \/> <\/span> <span class=\"ljodatexti\"> <a name=\"7\"><span class=\"versanumer_ljod\">7<\/span><\/a>\u00dear mundi hreinskilinn ma\u00f0ur r\u00f6kr\u00e6\u00f0a vi\u00f0 hann<br \/>og \u00e9g mundi losna endanlega vi\u00f0 d\u00f3mara minn.<br \/> <\/span> <span class=\"ljodatexti\"> <a name=\"8\"><span class=\"versanumer_ljod\">8<\/span><\/a>Gangi \u00e9g \u00e1fram er hann ekki \u00fear<br \/>e\u00f0a aftur \u00e1 bak ver\u00f0 \u00e9g hans ekki var.<br \/> <\/span> <span class=\"ljodatexti\"> <a name=\"9\"><span class=\"versanumer_ljod\">9<\/span><\/a>S\u00e9 hann vinstra megin vi\u00f0 mig<br \/>ver\u00f0 \u00e9g hans ekki var<br \/>og sn\u00fai hann til h\u00e6gri s\u00e9 \u00e9g hann ekki.<br \/> <\/span> <span class=\"ljodatexti\"> <a name=\"10\"><span class=\"versanumer_ljod\">10<\/span><\/a>Hann \u00feekkir veginn sem \u00e9g geng.<br \/>Pr\u00f3fi hann mig reynist \u00e9g sem gull.<br \/> <\/span> <span class=\"ljodatexti\"> <a name=\"11\"><span class=\"versanumer_ljod\">11<\/span><\/a>F\u00f3tur minn \u00fer\u00e6ddi spor hans<br \/>og fylgdi vegi hans \u00e1n \u00feess a\u00f0 v\u00edkja,<br \/> <\/span> <span class=\"ljodatexti\"> <a name=\"12\"><span class=\"versanumer_ljod\">12<\/span><\/a>bo\u00f0um af v\u00f6rum hans \u00e1n \u00feess a\u00f0 hvika,<br \/>\u00ed brj\u00f3sti m\u00e9r var\u00f0veitti \u00e9g or\u00f0in \u00far munni hans.<br \/> <\/span> <span class=\"ljodatexti\"> <a name=\"13\"><span class=\"versanumer_ljod\">13<\/span><\/a>En \u00e1kvar\u00f0i hann, hver hindrar hann?<br \/>Hann gerir \u00fea\u00f0 sem hann vill,<br \/> <\/span> <span class=\"ljodatexti\"> <a name=\"14\"><span class=\"versanumer_ljod\">14<\/span><\/a>l\u00e6tur \u00fea\u00f0 ver\u00f0a sem hann hefur \u00e6tla\u00f0 m\u00e9r<br \/>og hefur margt svipa\u00f0 \u00ed huga.<br \/> <\/span> <span class=\"ljodatexti\"> <a name=\"15\"><span class=\"versanumer_ljod\">15<\/span><\/a>\u00deess vegna skelfist \u00e9g fyrir augliti hans.<br \/>\u00deegar \u00e9g \u00edhuga \u00feetta \u00f3ttast \u00e9g hann.<br \/> <\/span> <span class=\"ljodatexti\"> <a name=\"16\"><span class=\"versanumer_ljod\">16<\/span><\/a>Gu\u00f0 hefur gert mig hugdeigan,<br \/>Hinn alm\u00e1ttki hefur skoti\u00f0 m\u00e9r skelk \u00ed bringu.<br \/> <\/span> <span class=\"ljodatexti\"> <a name=\"17\"><span class=\"versanumer_ljod\">17<\/span><\/a>En \u00e9g er ekki yfirbuga\u00f0ur af myrkri<br \/>\u00fe\u00f3tt skuggi hylji andlit mitt. <\/span> <\/p>\n","protected":false},"excerpt":{"rendered":"<p>Svar Jobs 1 Job svara\u00f0i og sag\u00f0i: 2Enn \u00ed dag m\u00f3tm\u00e6li \u00e9g me\u00f0 kveinst\u00f6fum m\u00ednum,h\u00f6nd Gu\u00f0s hv\u00edlir \u00feungt \u00e1 m\u00e9r og \u00e9g andvarpa. 3\u00c9g vildi a\u00f0 \u00e9g vissi hvar hann er a\u00f0 finnaog g\u00e6ti komist til b\u00fasta\u00f0ar hans. 4\u00c9g \u00e6tla a\u00f0 leggja fyrir hann m\u00e1lme\u00f0 munninn fullan af r\u00f6ksemdum. 5\u00c9g vil f\u00e1 a\u00f0 vita hverju hann svarar m\u00e9rog skilja hva\u00f0 hann segir vi\u00f0 mig. 6Mundi hann deila vi\u00f0 mig \u00ed krafti valds s\u00edns?Nei, hann mundi gefa m\u00e9r gaum. 7\u00dear mundi hreinskilinn ma\u00f0ur r\u00f6kr\u00e6\u00f0a vi\u00f0 hannog \u00e9g mundi losna endanlega vi\u00f0 d\u00f3mara minn. 8Gangi \u00e9g \u00e1fram er hann ekki \u00feare\u00f0a aftur <a href=\"https:\/\/biblian.is\/biblian\/jobsbok-23-kafli\/\"> [&#8230;]<\/a><\/p>\n","protected":false},"author":1,"featured_media":0,"parent":0,"menu_order":0,"comment_status":"open","ping_status":"open","template":"bibliukaflar_NT.php","meta":{"footnotes":""},"class_list":["post-2076","page","type-page","status-publish","hentry"],"_links":{"self":[{"href":"https:\/\/biblian.is\/biblian\/wp-json\/wp\/v2\/pages\/2076","targetHints":{"allow":["GET"]}}],"collection":[{"href":"https:\/\/biblian.is\/biblian\/wp-json\/wp\/v2\/pages"}],"about":[{"href":"https:\/\/biblian.is\/biblian\/wp-json\/wp\/v2\/types\/page"}],"author":[{"embeddable":true,"href":"https:\/\/biblian.is\/biblian\/wp-json\/wp\/v2\/users\/1"}],"replies":[{"embeddable":true,"href":"https:\/\/biblian.is\/biblian\/wp-json\/wp\/v2\/comments?post=2076"}],"version-history":[{"count":0,"href":"https:\/\/biblian.is\/biblian\/wp-json\/wp\/v2\/pages\/2076\/revisions"}],"wp:attachment":[{"href":"https:\/\/biblian.is\/biblian\/wp-json\/wp\/v2\/media?parent=2076"}],"curies":[{"name":"wp","href":"https:\/\/api.w.org\/{rel}","templated":true}]}}