{"id":2075,"date":"2017-12-30T21:01:35","date_gmt":"2017-12-30T21:01:35","guid":{"rendered":"http:\/\/biblian.is\/biblian\/jobsb%c2%97k-22-kafli\/"},"modified":"2024-06-27T02:38:42","modified_gmt":"2024-06-27T02:38:42","slug":"jobsbok-22-kafli","status":"publish","type":"page","link":"https:\/\/biblian.is\/biblian\/jobsbok-22-kafli\/","title":{"rendered":"Jobsb\u00f3k 22. kafli"},"content":{"rendered":"<h2 class=\"millifyrirsogn_2007\">\u00deri\u00f0ji r\u00e6\u00f0ukafli <\/h2>\n<h3 class=\"millifyrirsogn_2007\">\u00deri\u00f0ja r\u00e6\u00f0a El\u00edfasar<\/h3>\n<p><a name=\"1\"><span class=\"versanumer_2007\">1<\/span><\/a> El\u00edfas fr\u00e1 Teman svara\u00f0i og sag\u00f0i:<br \/> <span class=\"ljodatexti\"> <a name=\"2\"><span class=\"versanumer_ljod\">2<\/span><\/a>Vinnur ma\u00f0urinn Gu\u00f0i gagn?<br \/>Nei, vitur ma\u00f0ur vinnur sj\u00e1lfum s\u00e9r gagn.<br \/> <\/span> <span class=\"ljodatexti\"> <a name=\"3\"><span class=\"versanumer_ljod\">3<\/span><\/a>Gle\u00f0st Hinn alm\u00e1ttki yfir r\u00e9ttl\u00e6ti \u00fe\u00ednu?<br \/>Er honum \u00e1vinningur a\u00f0 l\u00fdtalausri breytni \u00feinni?<br \/> <\/span> <span class=\"ljodatexti\"> <a name=\"4\"><span class=\"versanumer_ljod\">4<\/span><\/a>\u00c1v\u00edtar hann \u00feig fyrir gu\u00f0s\u00f3tta \u00feinn<br \/>og dregur \u00feig fyrir d\u00f3m?<br \/> <\/span> <span class=\"ljodatexti\"> <a name=\"5\"><span class=\"versanumer_ljod\">5<\/span><\/a>Er illska \u00fe\u00edn ekki mikil,<br \/>eru afbrot \u00fe\u00edn ekki \u00f3\u00ferj\u00f3tandi?<br \/> <\/span> <span class=\"ljodatexti\"> <a name=\"6\"><span class=\"versanumer_ljod\">6<\/span><\/a>\u00de\u00fa ve\u00f0setur landa \u00fe\u00edna a\u00f0 \u00e1st\u00e6\u00f0ulausu,<br \/>afkl\u00e6\u00f0ir f\u00f3lk og skilur eftir naki\u00f0.<br \/> <\/span> <span class=\"ljodatexti\"> <a name=\"7\"><span class=\"versanumer_ljod\">7<\/span><\/a>\u00d6r\u00feyrstum gafstu ekki vatn a\u00f0 drekka,<br \/>synja\u00f0ir hungru\u00f0um brau\u00f0s.<br \/> <\/span> <span class=\"ljodatexti\"> <a name=\"8\"><span class=\"versanumer_ljod\">8<\/span><\/a>Sterkur ma\u00f0ur \u00e1 landi\u00f0<br \/>og \u00ed \u00fev\u00ed b\u00fdr mikils virtur ma\u00f0ur.<br \/> <\/span> <span class=\"ljodatexti\"> <a name=\"9\"><span class=\"versanumer_ljod\">9<\/span><\/a>\u00de\u00fa sendir ekkjur fr\u00e1 \u00fe\u00e9r t\u00f3mhentar<br \/>og braust ni\u00f0ur m\u00e1tt muna\u00f0arleysingja,<br \/> <\/span> <span class=\"ljodatexti\"> <a name=\"10\"><span class=\"versanumer_ljod\">10<\/span><\/a>\u00feess vegna ertu umkringdur sn\u00f6rum<br \/>og \u00f3v\u00e6nt skelfing hr\u00e6\u00f0ir \u00feig,<br \/> <\/span> <span class=\"ljodatexti\"> <a name=\"11\"><span class=\"versanumer_ljod\">11<\/span><\/a>myrkur byrgir \u00fe\u00e9r s\u00fdn<br \/>og vatnsflaumur f\u00e6rir \u00feig \u00ed kaf.<br \/> <\/span> <span class=\"ljodatexti\"> <a name=\"12\"><span class=\"versanumer_ljod\">12<\/span><\/a>Er Gu\u00f0 ekki himinh\u00e1r?<br \/>Sj\u00e1, hve fjarl\u00e6gustu stj\u00f6rnur eru h\u00e1tt uppi.<br \/> <\/span> <span class=\"ljodatexti\"> <a name=\"13\"><span class=\"versanumer_ljod\">13<\/span><\/a>En \u00fe\u00fa spyr\u00f0: \u201eHva\u00f0 veit Gu\u00f0,<br \/>getur hann d\u00e6mt \u00fea\u00f0 sem er handan vi\u00f0 sk\u00fdsortann?<br \/> <\/span> <span class=\"ljodatexti\"> <a name=\"14\"><span class=\"versanumer_ljod\">14<\/span><\/a>Sk\u00fd hylja hann svo a\u00f0 hann s\u00e9r ekkert,<br \/>hann gengur \u00e1 himinhvelfingunni.\u201c<br \/> <\/span> <span class=\"ljodatexti\"> <a name=\"15\"><span class=\"versanumer_ljod\">15<\/span><\/a>\u00c6tlar \u00fe\u00fa a\u00f0 feta hinn forna st\u00edg<br \/>sem illmenni tr\u00f3\u00f0u?<br \/> <\/span> <span class=\"ljodatexti\"> <a name=\"16\"><span class=\"versanumer_ljod\">16<\/span><\/a>\u00deeim var kippt burt fyrir aldur fram,<br \/>grundv\u00f6llur \u00feeirra skola\u00f0ist burt.<br \/> <\/span> <span class=\"ljodatexti\"> <a name=\"17\"><span class=\"versanumer_ljod\">17<\/span><\/a>\u00deau s\u00f6g\u00f0u vi\u00f0 Gu\u00f0: \u201eFar\u00f0u fr\u00e1 oss,\u201c<br \/>og: \u201eHva\u00f0 getur Hinn alm\u00e1ttki gert oss?\u201c<br \/> <\/span> <span class=\"ljodatexti\"> <a name=\"18\"><span class=\"versanumer_ljod\">18<\/span><\/a>Samt fyllti hann h\u00fas \u00feeirra g\u00e6\u00f0um<br \/>en fyrir\u00e6tlanir \u00f3gu\u00f0legra eru fjarri m\u00e9r.<br \/> <\/span> <span class=\"ljodatexti\"> <a name=\"19\"><span class=\"versanumer_ljod\">19<\/span><\/a>R\u00e9ttl\u00e1tir s\u00e1u \u00feetta og gl\u00f6ddust,<br \/>saklausir h\u00e6ddu \u00fe\u00e1:<br \/> <\/span> <span class=\"ljodatexti\"> <a name=\"20\"><span class=\"versanumer_ljod\">20<\/span><\/a>\u201eAndst\u00e6\u00f0ingum vorum var tort\u00edmt<br \/>og eldur gleypti \u00fe\u00e1 sem eftir voru.\u201c<br \/> <\/span> <span class=\"ljodatexti\"> <a name=\"21\"><span class=\"versanumer_ljod\">21<\/span><\/a>N\u00e1\u00f0u s\u00e1ttum vi\u00f0 Gu\u00f0 og lif\u00f0u \u00ed fri\u00f0i.<br \/>\u00de\u00e1 hl\u00fdtur\u00f0u velgengni.<br \/> <\/span> <span class=\"ljodatexti\"> <a name=\"22\"><span class=\"versanumer_ljod\">22<\/span><\/a> \u00deigg\u00f0u r\u00e1\u00f0 \u00far munni hans,<br \/>legg\u00f0u \u00fe\u00e9r or\u00f0 hans \u00e1 hjarta.<br \/> <\/span> <span class=\"ljodatexti\"> <a name=\"23\"><span class=\"versanumer_ljod\">23<\/span><\/a> Sn\u00fair\u00f0u \u00fe\u00e9r til Hins alm\u00e1ttka og au\u00f0m\u00fdkir \u00feig,<br \/>haldir rangindum fr\u00e1 tjaldi \u00fe\u00ednu,<br \/> <\/span> <span class=\"ljodatexti\"> <a name=\"24\"><span class=\"versanumer_ljod\">24<\/span><\/a> varpir sk\u00edragulli \u00ed dufti\u00f0<br \/>og \u00d3f\u00edrgulli \u00ed l\u00e6kjarm\u00f6lina,<br \/> <\/span> <span class=\"ljodatexti\"> <a name=\"25\"><span class=\"versanumer_ljod\">25<\/span><\/a> ver\u00f0ur Hinn alm\u00e1ttki \u00fe\u00e9r sk\u00edragull<br \/>og sk\u00ednandi silfur,<br \/> <\/span> <span class=\"ljodatexti\"> <a name=\"26\"><span class=\"versanumer_ljod\">26<\/span><\/a> \u00fe\u00e1 muntu gle\u00f0jast yfir Hinum alm\u00e1ttka<br \/>og hefja auglit \u00feitt til Gu\u00f0s.<br \/> <\/span> <span class=\"ljodatexti\"> <a name=\"27\"><span class=\"versanumer_ljod\">27<\/span><\/a> Bi\u00f0jir \u00fe\u00fa til hans b\u00e6nheyrir hann \u00feig<br \/>og \u00fe\u00fa munt standa vi\u00f0 heit \u00fe\u00edn.<br \/> <\/span> <span class=\"ljodatexti\"> <a name=\"28\"><span class=\"versanumer_ljod\">28<\/span><\/a> \u00c1form \u00fe\u00edn munu heppnast<br \/>og birta lj\u00f3ma \u00e1 vegum \u00fe\u00ednum.<br \/> <\/span> <span class=\"ljodatexti\"> <a name=\"29\"><span class=\"versanumer_ljod\">29<\/span><\/a> \u00de\u00fa kallar ni\u00f0url\u00e6g\u00f0a hrokagikki<br \/>en Gu\u00f0 hj\u00e1lpar au\u00f0mj\u00fakum.<br \/> <\/span> <span class=\"ljodatexti\"> <a name=\"30\"><span class=\"versanumer_ljod\">30<\/span><\/a> Hann bjargar saklausum,<br \/>vegna hreinna handa \u00feinna bjargast hann. <\/span> <\/p>\n","protected":false},"excerpt":{"rendered":"<p>\u00deri\u00f0ji r\u00e6\u00f0ukafli \u00deri\u00f0ja r\u00e6\u00f0a El\u00edfasar 1 El\u00edfas fr\u00e1 Teman svara\u00f0i og sag\u00f0i: 2Vinnur ma\u00f0urinn Gu\u00f0i gagn?Nei, vitur ma\u00f0ur vinnur sj\u00e1lfum s\u00e9r gagn. 3Gle\u00f0st Hinn alm\u00e1ttki yfir r\u00e9ttl\u00e6ti \u00fe\u00ednu?Er honum \u00e1vinningur a\u00f0 l\u00fdtalausri breytni \u00feinni? 4\u00c1v\u00edtar hann \u00feig fyrir gu\u00f0s\u00f3tta \u00feinnog dregur \u00feig fyrir d\u00f3m? 5Er illska \u00fe\u00edn ekki mikil,eru afbrot \u00fe\u00edn ekki \u00f3\u00ferj\u00f3tandi? 6\u00de\u00fa ve\u00f0setur landa \u00fe\u00edna a\u00f0 \u00e1st\u00e6\u00f0ulausu,afkl\u00e6\u00f0ir f\u00f3lk og skilur eftir naki\u00f0. 7\u00d6r\u00feyrstum gafstu ekki vatn a\u00f0 drekka,synja\u00f0ir hungru\u00f0um brau\u00f0s. 8Sterkur ma\u00f0ur \u00e1 landi\u00f0og \u00ed \u00fev\u00ed b\u00fdr mikils virtur ma\u00f0ur. 9\u00de\u00fa sendir ekkjur fr\u00e1 \u00fe\u00e9r t\u00f3mhentarog braust ni\u00f0ur m\u00e1tt muna\u00f0arleysingja, 10\u00feess vegna ertu umkringdur sn\u00f6rumog \u00f3v\u00e6nt skelfing hr\u00e6\u00f0ir <a href=\"https:\/\/biblian.is\/biblian\/jobsbok-22-kafli\/\"> [&#8230;]<\/a><\/p>\n","protected":false},"author":1,"featured_media":0,"parent":0,"menu_order":0,"comment_status":"open","ping_status":"open","template":"bibliukaflar_NT.php","meta":{"footnotes":""},"class_list":["post-2075","page","type-page","status-publish","hentry"],"_links":{"self":[{"href":"https:\/\/biblian.is\/biblian\/wp-json\/wp\/v2\/pages\/2075","targetHints":{"allow":["GET"]}}],"collection":[{"href":"https:\/\/biblian.is\/biblian\/wp-json\/wp\/v2\/pages"}],"about":[{"href":"https:\/\/biblian.is\/biblian\/wp-json\/wp\/v2\/types\/page"}],"author":[{"embeddable":true,"href":"https:\/\/biblian.is\/biblian\/wp-json\/wp\/v2\/users\/1"}],"replies":[{"embeddable":true,"href":"https:\/\/biblian.is\/biblian\/wp-json\/wp\/v2\/comments?post=2075"}],"version-history":[{"count":0,"href":"https:\/\/biblian.is\/biblian\/wp-json\/wp\/v2\/pages\/2075\/revisions"}],"wp:attachment":[{"href":"https:\/\/biblian.is\/biblian\/wp-json\/wp\/v2\/media?parent=2075"}],"curies":[{"name":"wp","href":"https:\/\/api.w.org\/{rel}","templated":true}]}}