{"id":2074,"date":"2017-12-30T21:01:35","date_gmt":"2017-12-30T21:01:35","guid":{"rendered":"http:\/\/biblian.is\/biblian\/jobsb%c2%97k-21-kafli\/"},"modified":"2024-06-27T02:38:42","modified_gmt":"2024-06-27T02:38:42","slug":"jobsbok-21-kafli","status":"publish","type":"page","link":"https:\/\/biblian.is\/biblian\/jobsbok-21-kafli\/","title":{"rendered":"Jobsb\u00f3k 21. kafli"},"content":{"rendered":"<h3 class=\"millifyrirsogn_2007\"> Svar Jobs<\/h3>\n<p><a name=\"1\"><span class=\"versanumer_2007\">1<\/span><\/a> Job svara\u00f0i og sag\u00f0i:<br \/> <span class=\"ljodatexti\"> <a name=\"2\"><span class=\"versanumer_ljod\">2<\/span><\/a>Hl\u00fd\u00f0i\u00f0 \u00e1 m\u00e1l mitt me\u00f0 athygli.<br \/>\u00dea\u00f0 v\u00e6ri huggun af y\u00f0ar h\u00e1lfu.<br \/> <\/span> <span class=\"ljodatexti\"> <a name=\"3\"><span class=\"versanumer_ljod\">3<\/span><\/a>S\u00fdni\u00f0 \u00feolinm\u00e6\u00f0i svo a\u00f0 \u00e9g geti tala\u00f0.<br \/>\u00deegar \u00e9g hef tala\u00f0 geti\u00f0 \u00fe\u00e9r h\u00e6tt mig.<br \/> <\/span> <span class=\"ljodatexti\"> <a name=\"4\"><span class=\"versanumer_ljod\">4<\/span><\/a>Beini \u00e9g harmat\u00f6lum m\u00ednum til manna?<br \/>Hv\u00ed skyldi \u00e9g ekki vera \u00f3\u00feolinm\u00f3\u00f0ur?<br \/> <\/span> <span class=\"ljodatexti\"> <a name=\"5\"><span class=\"versanumer_ljod\">5<\/span><\/a>L\u00edti\u00f0 \u00e1 mig og l\u00e1ti\u00f0 y\u00f0ur breg\u00f0a,<br \/>leggi\u00f0 h\u00f6nd \u00e1 munn.<br \/> <\/span> <span class=\"ljodatexti\"> <a name=\"6\"><span class=\"versanumer_ljod\">6<\/span><\/a>Hugsi \u00e9g til \u00feess skelfist \u00e9g<br \/>og skj\u00e1lfti fer um mig.<br \/> <\/span> <span class=\"ljodatexti\"> <a name=\"7\"><span class=\"versanumer_ljod\">7<\/span><\/a>Hvers vegna lifa \u00f3gu\u00f0legir,<br \/>eldast, eflast og styrkjast?<br \/> <\/span> <span class=\"ljodatexti\"> <a name=\"8\"><span class=\"versanumer_ljod\">8<\/span><\/a>B\u00f6rn \u00feeirra dafna hj\u00e1 \u00feeim<br \/>og ni\u00f0jar \u00feeirra fyrir augum \u00feeirra.<br \/> <\/span> <span class=\"ljodatexti\"> <a name=\"9\"><span class=\"versanumer_ljod\">9<\/span><\/a>H\u00fas \u00feeirra eru \u00f3hult og \u00f3ttalaus,<br \/>v\u00f6ndur Gu\u00f0s \u00f3gnar \u00feeim ekki.<br \/> <\/span> <span class=\"ljodatexti\"> <a name=\"10\"><span class=\"versanumer_ljod\">10<\/span><\/a>Naut \u00feeirra kelfir og gagnast,<br \/>k\u00fdr \u00feeirra ber og l\u00e6tur ekki k\u00e1lfi.<br \/> <\/span> <span class=\"ljodatexti\"> <a name=\"11\"><span class=\"versanumer_ljod\">11<\/span><\/a>\u00deeir l\u00e1ta b\u00f6rn s\u00edn \u00fat eins og sau\u00f0ahj\u00f6r\u00f0<br \/>og b\u00f6rnin dansa,<br \/> <\/span> <span class=\"ljodatexti\"> <a name=\"12\"><span class=\"versanumer_ljod\">12<\/span><\/a>\u00feau syngja vi\u00f0 undirleik p\u00e1ku og g\u00edgju<br \/>og fagna vi\u00f0 flautut\u00f3na.<br \/> <\/span> <span class=\"ljodatexti\"> <a name=\"13\"><span class=\"versanumer_ljod\">13<\/span><\/a>\u00deeir nj\u00f3ta l\u00edfsins alla \u00e6vi<br \/>og fara \u00ed fri\u00f0i til undirheima.<br \/> <\/span> <span class=\"ljodatexti\"> <a name=\"14\"><span class=\"versanumer_ljod\">14<\/span><\/a>Samt segja \u00feeir vi\u00f0 Gu\u00f0: \u201eFar\u00f0u fr\u00e1 oss.<br \/>Vegi \u00fe\u00edna viljum v\u00e9r ekki \u00feekkja.<br \/> <\/span> <span class=\"ljodatexti\"> <a name=\"15\"><span class=\"versanumer_ljod\">15<\/span><\/a>Hva\u00f0 er Hinn alm\u00e1ttki, a\u00f0 v\u00e9r skyldum \u00fej\u00f3na honum?<br \/>Hva\u00f0 gagnast oss a\u00f0 leita til hans?\u201c<br \/> <\/span> <span class=\"ljodatexti\"> <a name=\"16\"><span class=\"versanumer_ljod\">16<\/span><\/a>En g\u00e6fan er ekki \u00ed hendi \u00feeirra<br \/>og r\u00e1\u00f0 \u00f3gu\u00f0legra eru m\u00e9r framandi.<br \/> <\/span> <span class=\"ljodatexti\"> <a name=\"17\"><span class=\"versanumer_ljod\">17<\/span><\/a>Hversu oft slokknar \u00e1 lampa \u00f3gu\u00f0legra<br \/>svo a\u00f0 ver\u00f0skuldu\u00f0 \u00f3g\u00e6fa hendir \u00fe\u00e1<br \/>og Gu\u00f0 skammtar \u00feeim kv\u00f6l \u00ed rei\u00f0i sinni?<br \/> <\/span> <span class=\"ljodatexti\"> <a name=\"18\"><span class=\"versanumer_ljod\">18<\/span><\/a>Hversu oft ver\u00f0a \u00feeir \u00fe\u00e1 sem h\u00e1lmur \u00ed vindi<br \/>e\u00f0a fj\u00fakandi hismi \u00ed stormi?<br \/> <\/span> <span class=\"ljodatexti\"> <a name=\"19\"><span class=\"versanumer_ljod\">19<\/span><\/a>Gu\u00f0 \u00e6tti ekki a\u00f0 geyma ni\u00f0jum neins \u00fea\u00f0 b\u00f6l sem honum ber<br \/>heldur gjalda honum sj\u00e1lfum svo a\u00f0 hann kenni \u00e1 \u00fev\u00ed,<br \/> <\/span> <span class=\"ljodatexti\"> <a name=\"20\"><span class=\"versanumer_ljod\">20<\/span><\/a>sj\u00e1i \u00f3farna\u00f0 sinn me\u00f0 eigin augum<br \/>og drekki af rei\u00f0i Hins alm\u00e1ttka.<br \/> <\/span> <span class=\"ljodatexti\"> <a name=\"21\"><span class=\"versanumer_ljod\">21<\/span><\/a>Hva\u00f0 hir\u00f0ir hann um h\u00fas sitt eftir dau\u00f0ann<br \/>\u00feegar tala m\u00e1na\u00f0a hans er fullnu\u00f0?<br \/> <\/span> <span class=\"ljodatexti\"> <a name=\"22\"><span class=\"versanumer_ljod\">22<\/span><\/a> Hver getur fr\u00e6tt Gu\u00f0 um \u00feetta,<br \/>hann sem d\u00e6mir \u00ed upph\u00e6\u00f0um?<br \/> <\/span> <span class=\"ljodatexti\"> <a name=\"23\"><span class=\"versanumer_ljod\">23<\/span><\/a> Einn deyr \u00ed bl\u00f3ma l\u00edfsins<br \/>\u00e1hyggjulaus og \u00e1n\u00e6g\u00f0ur,<br \/> <\/span> <span class=\"ljodatexti\"> <a name=\"24\"><span class=\"versanumer_ljod\">24<\/span><\/a> innyfli hans \u00feakin fitu<br \/>og beinin full af safar\u00edkum merg.<br \/> <\/span> <span class=\"ljodatexti\"> <a name=\"25\"><span class=\"versanumer_ljod\">25<\/span><\/a> En annar deyr bitur \u00ed brag\u00f0i<br \/>og smakka\u00f0i aldrei nein l\u00edfsg\u00e6\u00f0i.<br \/> <\/span> <span class=\"ljodatexti\"> <a name=\"26\"><span class=\"versanumer_ljod\">26<\/span><\/a> \u00deeir hv\u00edla b\u00e1\u00f0ir \u00ed mold<br \/>og ma\u00f0kar hylja \u00fe\u00e1.<br \/> <\/span> <span class=\"ljodatexti\"> <a name=\"27\"><span class=\"versanumer_ljod\">27<\/span><\/a> \u00c9g \u00feekki hugsanir y\u00f0ar<br \/>og r\u00e1\u00f0ager\u00f0ir, a\u00f0 leika mig gr\u00e1tt,<br \/> <\/span> <span class=\"ljodatexti\"> <a name=\"28\"><span class=\"versanumer_ljod\">28<\/span><\/a> \u00fev\u00ed a\u00f0 \u00fe\u00e9r spyrji\u00f0: \u201eHvar er h\u00fas g\u00f6fugmennisins,<br \/>hvar er tjaldi\u00f0 sem \u00f3gu\u00f0legir b\u00faa \u00ed?\u201c<br \/> <\/span> <span class=\"ljodatexti\"> <a name=\"29\"><span class=\"versanumer_ljod\">29<\/span><\/a> Hafi\u00f0 \u00fe\u00e9r ekki spurt fer\u00f0amenn<br \/>\u00fev\u00ed a\u00f0 s\u00f6nnunum \u00feeirra hafni\u00f0 \u00fe\u00e9r ekki?<br \/> <\/span> <span class=\"ljodatexti\"> <a name=\"30\"><span class=\"versanumer_ljod\">30<\/span><\/a> \u00c1 \u00f3heilladeginum ver\u00f0ur hinum vonda \u00feyrmt,<br \/>\u00e1 rei\u00f0ideginum ver\u00f0ur honum skoti\u00f0 undan.<br \/> <\/span> <span class=\"ljodatexti\"> <a name=\"31\"><span class=\"versanumer_ljod\">31<\/span><\/a> Hver lei\u00f0ir honum breytni hans fyrir sj\u00f3nir,<br \/>hver launar honum verk hans?<br \/> <\/span> <span class=\"ljodatexti\"> <a name=\"32\"><span class=\"versanumer_ljod\">32<\/span><\/a> Hann ver\u00f0ur borinn til grafar<br \/>og ver\u00f0ir settir vi\u00f0 gr\u00f6f hans.<br \/> <\/span> <span class=\"ljodatexti\"> <a name=\"33\"><span class=\"versanumer_ljod\">33<\/span><\/a> Moldin \u00ed dalnum veitir honum hv\u00edld.<br \/>Al\u00fej\u00f3\u00f0 fylgir honum<br \/>og aragr\u00fai fer fyrir honum.<br \/> <\/span> <span class=\"ljodatexti\"> <a name=\"34\"><span class=\"versanumer_ljod\">34<\/span><\/a> Hvernig \u00e6tli\u00f0 \u00fe\u00e9r a\u00f0 hugga mig me\u00f0 h\u00e9g\u00f3ma?<br \/>Sv\u00f6r y\u00f0ar eru a\u00f0eins blekkingar. <\/span> <\/p>\n","protected":false},"excerpt":{"rendered":"<p>Svar Jobs 1 Job svara\u00f0i og sag\u00f0i: 2Hl\u00fd\u00f0i\u00f0 \u00e1 m\u00e1l mitt me\u00f0 athygli.\u00dea\u00f0 v\u00e6ri huggun af y\u00f0ar h\u00e1lfu. 3S\u00fdni\u00f0 \u00feolinm\u00e6\u00f0i svo a\u00f0 \u00e9g geti tala\u00f0.\u00deegar \u00e9g hef tala\u00f0 geti\u00f0 \u00fe\u00e9r h\u00e6tt mig. 4Beini \u00e9g harmat\u00f6lum m\u00ednum til manna?Hv\u00ed skyldi \u00e9g ekki vera \u00f3\u00feolinm\u00f3\u00f0ur? 5L\u00edti\u00f0 \u00e1 mig og l\u00e1ti\u00f0 y\u00f0ur breg\u00f0a,leggi\u00f0 h\u00f6nd \u00e1 munn. 6Hugsi \u00e9g til \u00feess skelfist \u00e9gog skj\u00e1lfti fer um mig. 7Hvers vegna lifa \u00f3gu\u00f0legir,eldast, eflast og styrkjast? 8B\u00f6rn \u00feeirra dafna hj\u00e1 \u00feeimog ni\u00f0jar \u00feeirra fyrir augum \u00feeirra. 9H\u00fas \u00feeirra eru \u00f3hult og \u00f3ttalaus,v\u00f6ndur Gu\u00f0s \u00f3gnar \u00feeim ekki. 10Naut \u00feeirra kelfir og gagnast,k\u00fdr \u00feeirra ber og l\u00e6tur ekki <a href=\"https:\/\/biblian.is\/biblian\/jobsbok-21-kafli\/\"> [&#8230;]<\/a><\/p>\n","protected":false},"author":1,"featured_media":0,"parent":0,"menu_order":0,"comment_status":"open","ping_status":"open","template":"bibliukaflar_NT.php","meta":{"footnotes":""},"class_list":["post-2074","page","type-page","status-publish","hentry"],"_links":{"self":[{"href":"https:\/\/biblian.is\/biblian\/wp-json\/wp\/v2\/pages\/2074","targetHints":{"allow":["GET"]}}],"collection":[{"href":"https:\/\/biblian.is\/biblian\/wp-json\/wp\/v2\/pages"}],"about":[{"href":"https:\/\/biblian.is\/biblian\/wp-json\/wp\/v2\/types\/page"}],"author":[{"embeddable":true,"href":"https:\/\/biblian.is\/biblian\/wp-json\/wp\/v2\/users\/1"}],"replies":[{"embeddable":true,"href":"https:\/\/biblian.is\/biblian\/wp-json\/wp\/v2\/comments?post=2074"}],"version-history":[{"count":0,"href":"https:\/\/biblian.is\/biblian\/wp-json\/wp\/v2\/pages\/2074\/revisions"}],"wp:attachment":[{"href":"https:\/\/biblian.is\/biblian\/wp-json\/wp\/v2\/media?parent=2074"}],"curies":[{"name":"wp","href":"https:\/\/api.w.org\/{rel}","templated":true}]}}