{"id":2073,"date":"2017-12-30T21:01:35","date_gmt":"2017-12-30T21:01:35","guid":{"rendered":"http:\/\/biblian.is\/biblian\/jobsb%c2%97k-20-kafli\/"},"modified":"2024-06-27T02:38:42","modified_gmt":"2024-06-27T02:38:42","slug":"jobsbok-20-kafli","status":"publish","type":"page","link":"https:\/\/biblian.is\/biblian\/jobsbok-20-kafli\/","title":{"rendered":"Jobsb\u00f3k 20. kafli"},"content":{"rendered":"<h3 class=\"millifyrirsogn_2007\"> \u00d6nnur r\u00e6\u00f0a S\u00f3fars<\/h3>\n<p><a name=\"1\"><span class=\"versanumer_2007\">1<\/span><\/a> S\u00f3far fr\u00e1 Naama svara\u00f0i og sag\u00f0i:<br \/> <span class=\"ljodatexti\"> <a name=\"2\"><span class=\"versanumer_ljod\">2<\/span><\/a>Hugrenningar m\u00ednar kn\u00fdja \u00e1 um sv\u00f6r,<br \/>\u00e9g er \u00fev\u00ed \u00f3r\u00f3r \u00ed skapi.<br \/> <\/span> <span class=\"ljodatexti\"> <a name=\"3\"><span class=\"versanumer_ljod\">3<\/span><\/a>\u00c9g ver\u00f0 a\u00f0 hlusta \u00e1 m\u00f3\u00f0gandi \u00e1v\u00edtur<br \/>en \u00e9g svara af d\u00f3mgreind minni.<br \/> <\/span> <span class=\"ljodatexti\"> <a name=\"4\"><span class=\"versanumer_ljod\">4<\/span><\/a>Veistu ekki a\u00f0 \u00feessu hefur \u00e6t\u00ed\u00f0 veri\u00f0 \u00feannig vari\u00f0,<br \/>allt fr\u00e1 \u00fev\u00ed Gu\u00f0 setti menn \u00ed heiminn,<br \/> <\/span> <span class=\"ljodatexti\"> <a name=\"5\"><span class=\"versanumer_ljod\">5<\/span><\/a>a\u00f0 f\u00f6gnu\u00f0ur \u00f3gu\u00f0legra er skamm\u00e6r<br \/>og gle\u00f0i rangl\u00e1tra varir \u00f6rskotsstund?<br \/> <\/span> <span class=\"ljodatexti\"> <a name=\"6\"><span class=\"versanumer_ljod\">6<\/span><\/a>\u00de\u00f3tt hroki hans n\u00e1i til himins<br \/>og hvirfill hans nemi vi\u00f0 sk\u00fd<br \/> <\/span> <span class=\"ljodatexti\"> <a name=\"7\"><span class=\"versanumer_ljod\">7<\/span><\/a>hverfur hann samt a\u00f0 fullu eins og hans eigin saur.<br \/>\u00deeir sem s\u00e1u hann spyrja \u00fe\u00e1: \u201eHvar er hann?\u201c<br \/> <\/span> <span class=\"ljodatexti\"> <a name=\"8\"><span class=\"versanumer_ljod\">8<\/span><\/a>Hann l\u00ed\u00f0ur burt eins og draumur og finnst ekki aftur,<br \/>hverfur \u00e1 braut l\u00edkt og n\u00e6turs\u00fdn.<br \/> <\/span> <span class=\"ljodatexti\"> <a name=\"9\"><span class=\"versanumer_ljod\">9<\/span><\/a>Auga\u00f0, sem s\u00e1 hann, s\u00e9r hann ekki framar,<br \/>l\u00edtur hann aldrei aftur \u00ed b\u00fasta\u00f0 hans.<br \/> <\/span> <span class=\"ljodatexti\"> <a name=\"10\"><span class=\"versanumer_ljod\">10<\/span><\/a>B\u00f6rn hans leita \u00e1sj\u00e1r hj\u00e1 snau\u00f0um<br \/>og me\u00f0 eigin h\u00f6ndum ver\u00f0ur hann a\u00f0 afhenda au\u00f0 sinn.<br \/> <\/span> <span class=\"ljodatexti\"> <a name=\"11\"><span class=\"versanumer_ljod\">11<\/span><\/a>\u00de\u00f3tt bein hans s\u00e9u full af \u00e6sku\u00fer\u00f3tti<br \/>leggjast \u00feau samt \u00ed mold me\u00f0 honum.<br \/> <\/span> <span class=\"ljodatexti\"> <a name=\"12\"><span class=\"versanumer_ljod\">12<\/span><\/a>Ver\u00f0i illskan s\u00e6t \u00ed munni hans,<br \/>feli hann hana undir tungu s\u00e9r,<br \/> <\/span> <span class=\"ljodatexti\"> <a name=\"13\"><span class=\"versanumer_ljod\">13<\/span><\/a>geymi hana og sleppi ekki,<br \/>treini hana undir g\u00f3mi s\u00ednum,<br \/> <\/span> <span class=\"ljodatexti\"> <a name=\"14\"><span class=\"versanumer_ljod\">14<\/span><\/a>\u00fe\u00e1 breytist f\u00e6\u00f0an \u00ed i\u00f0rum hans<br \/>og ver\u00f0ur a\u00f0 n\u00f6\u00f0rueitri \u00ed l\u00edkama hans.<br \/> <\/span> <span class=\"ljodatexti\"> <a name=\"15\"><span class=\"versanumer_ljod\">15<\/span><\/a>Au\u00f0num, sem hann gleypti, var\u00f0 hann a\u00f0 sp\u00fdja,<br \/>Gu\u00f0 \u00fevingar hann \u00far kvi\u00f0i hans.<br \/> <\/span> <span class=\"ljodatexti\"> <a name=\"16\"><span class=\"versanumer_ljod\">16<\/span><\/a>Hann saug n\u00f6\u00f0rueitur,<br \/>tunga sl\u00f6ngunnar drap hann.<br \/> <\/span> <span class=\"ljodatexti\"> <a name=\"17\"><span class=\"versanumer_ljod\">17<\/span><\/a>Aldrei f\u00e6r hann a\u00f0 nj\u00f3ta rennandi l\u00e6kja<br \/>e\u00f0a streymandi mj\u00f3lkur og hunangs.<br \/> <\/span> <span class=\"ljodatexti\"> <a name=\"18\"><span class=\"versanumer_ljod\">18<\/span><\/a>Hann skilar aftur \u00e1g\u00f3\u00f0a s\u00ednum og neytir hans aldrei,<br \/>hann f\u00e6r ekki a\u00f0 gle\u00f0jast yfir gr\u00f3\u00f0anum af v\u00f6ruskiptum s\u00ednum<br \/> <\/span> <span class=\"ljodatexti\"> <a name=\"19\"><span class=\"versanumer_ljod\">19<\/span><\/a>\u00fev\u00ed a\u00f0 hann k\u00faga\u00f0i snau\u00f0a og yfirgaf \u00fe\u00e1 s\u00ed\u00f0an.<br \/>Hann s\u00f6lsa\u00f0i undir sig h\u00fas en bygg\u00f0i ekki.<br \/> <\/span> <span class=\"ljodatexti\"> <a name=\"20\"><span class=\"versanumer_ljod\">20<\/span><\/a>Hann var \u00f3se\u00f0jandi<br \/>og komst \u00fev\u00ed ekki undan me\u00f0 \u00fea\u00f0 sem hann haf\u00f0i \u00e1s\u00e6lst.<br \/> <\/span> <span class=\"ljodatexti\"> <a name=\"21\"><span class=\"versanumer_ljod\">21<\/span><\/a>Ekkert komst undan gr\u00e6\u00f0gi hans,<br \/>\u00feess vegna var\u00f0 vels\u00e6ld hans skamm\u00e6.<br \/> <\/span> <span class=\"ljodatexti\"> <a name=\"22\"><span class=\"versanumer_ljod\">22<\/span><\/a> \u00der\u00e1tt fyrir allsn\u00e6gtir kemst hann \u00ed \u00ferengingar,<br \/>allur \u00feungi m\u00e6\u00f0unnar hv\u00edlir \u00e1 honum.<br \/> <\/span> <span class=\"ljodatexti\"> <a name=\"23\"><span class=\"versanumer_ljod\">23<\/span><\/a> \u00dear sem kvi\u00f0ur hans ver\u00f0ur a\u00f0 fyllast<br \/>sendir Gu\u00f0 honum brennandi rei\u00f0i s\u00edna<br \/>og l\u00e6tur skelfingum s\u00ednum rigna yfir hann.<br \/> <\/span> <span class=\"ljodatexti\"> <a name=\"24\"><span class=\"versanumer_ljod\">24<\/span><\/a> Fl\u00fdi hann undan j\u00e1rnvopnum<br \/>mun eirbogi skj\u00f3ta \u00ed gegnum hann.<br \/> <\/span> <span class=\"ljodatexti\"> <a name=\"25\"><span class=\"versanumer_ljod\">25<\/span><\/a> Hann kippir \u00f6rinni \u00far baki s\u00ednu<br \/>og blikandi oddi \u00far gallbl\u00f6\u00f0ru sinni.<br \/>\u00de\u00e1 gr\u00edpur hann skelfing.<br \/> <\/span> <span class=\"ljodatexti\"> <a name=\"26\"><span class=\"versanumer_ljod\">26<\/span><\/a> Myrkri\u00f0 eitt b\u00ed\u00f0ur ni\u00f0ja hans,<br \/>eldur, sem engin bl\u00e6s a\u00f0, gleypir hann<br \/>og ey\u00f0ir \u00fev\u00ed sem eftir er \u00ed tjaldi hans.<br \/> <\/span> <span class=\"ljodatexti\"> <a name=\"27\"><span class=\"versanumer_ljod\">27<\/span><\/a> Himinninn afhj\u00fapar sekt hans<br \/>og j\u00f6r\u00f0in r\u00eds gegn honum.<br \/> <\/span> <span class=\"ljodatexti\"> <a name=\"28\"><span class=\"versanumer_ljod\">28<\/span><\/a> Fl\u00f3\u00f0 skolar burt h\u00fasi hans,<br \/>vatnsflaumur \u00e1 degi rei\u00f0innar.<br \/> <\/span> <span class=\"ljodatexti\"> <a name=\"29\"><span class=\"versanumer_ljod\">29<\/span><\/a> \u00deetta kemur \u00ed hlut gu\u00f0leysingja<br \/>og er erf\u00f0ahluti hans fr\u00e1 Gu\u00f0i. <\/span> <\/p>\n","protected":false},"excerpt":{"rendered":"<p>\u00d6nnur r\u00e6\u00f0a S\u00f3fars 1 S\u00f3far fr\u00e1 Naama svara\u00f0i og sag\u00f0i: 2Hugrenningar m\u00ednar kn\u00fdja \u00e1 um sv\u00f6r,\u00e9g er \u00fev\u00ed \u00f3r\u00f3r \u00ed skapi. 3\u00c9g ver\u00f0 a\u00f0 hlusta \u00e1 m\u00f3\u00f0gandi \u00e1v\u00edturen \u00e9g svara af d\u00f3mgreind minni. 4Veistu ekki a\u00f0 \u00feessu hefur \u00e6t\u00ed\u00f0 veri\u00f0 \u00feannig vari\u00f0,allt fr\u00e1 \u00fev\u00ed Gu\u00f0 setti menn \u00ed heiminn, 5a\u00f0 f\u00f6gnu\u00f0ur \u00f3gu\u00f0legra er skamm\u00e6rog gle\u00f0i rangl\u00e1tra varir \u00f6rskotsstund? 6\u00de\u00f3tt hroki hans n\u00e1i til himinsog hvirfill hans nemi vi\u00f0 sk\u00fd 7hverfur hann samt a\u00f0 fullu eins og hans eigin saur.\u00deeir sem s\u00e1u hann spyrja \u00fe\u00e1: \u201eHvar er hann?\u201c 8Hann l\u00ed\u00f0ur burt eins og draumur og finnst ekki aftur,hverfur \u00e1 braut l\u00edkt <a href=\"https:\/\/biblian.is\/biblian\/jobsbok-20-kafli\/\"> [&#8230;]<\/a><\/p>\n","protected":false},"author":1,"featured_media":0,"parent":0,"menu_order":0,"comment_status":"open","ping_status":"open","template":"bibliukaflar_NT.php","meta":{"footnotes":""},"class_list":["post-2073","page","type-page","status-publish","hentry"],"_links":{"self":[{"href":"https:\/\/biblian.is\/biblian\/wp-json\/wp\/v2\/pages\/2073","targetHints":{"allow":["GET"]}}],"collection":[{"href":"https:\/\/biblian.is\/biblian\/wp-json\/wp\/v2\/pages"}],"about":[{"href":"https:\/\/biblian.is\/biblian\/wp-json\/wp\/v2\/types\/page"}],"author":[{"embeddable":true,"href":"https:\/\/biblian.is\/biblian\/wp-json\/wp\/v2\/users\/1"}],"replies":[{"embeddable":true,"href":"https:\/\/biblian.is\/biblian\/wp-json\/wp\/v2\/comments?post=2073"}],"version-history":[{"count":0,"href":"https:\/\/biblian.is\/biblian\/wp-json\/wp\/v2\/pages\/2073\/revisions"}],"wp:attachment":[{"href":"https:\/\/biblian.is\/biblian\/wp-json\/wp\/v2\/media?parent=2073"}],"curies":[{"name":"wp","href":"https:\/\/api.w.org\/{rel}","templated":true}]}}