{"id":2072,"date":"2017-12-30T21:01:35","date_gmt":"2017-12-30T21:01:35","guid":{"rendered":"http:\/\/biblian.is\/biblian\/jobsb%c2%97k-19-kafli\/"},"modified":"2024-06-27T02:38:41","modified_gmt":"2024-06-27T02:38:41","slug":"jobsbok-19-kafli","status":"publish","type":"page","link":"https:\/\/biblian.is\/biblian\/jobsbok-19-kafli\/","title":{"rendered":"Jobsb\u00f3k 19. kafli"},"content":{"rendered":"<h3 class=\"millifyrirsogn_2007\"> Svar Jobs<\/h3>\n<p><a name=\"1\"><span class=\"versanumer_2007\">1<\/span><\/a> Job svara\u00f0i og sag\u00f0i:<br \/> <span class=\"ljodatexti\"> <a name=\"2\"><span class=\"versanumer_ljod\">2<\/span><\/a>Hversu lengi \u00e6tli\u00f0 \u00fe\u00e9r a\u00f0 angra mig<br \/>og brj\u00f3ta mig ni\u00f0ur me\u00f0 or\u00f0um?<br \/> <\/span> <span class=\"ljodatexti\"> <a name=\"3\"><span class=\"versanumer_ljod\">3<\/span><\/a>N\u00fa hafi\u00f0 \u00fe\u00e9r sm\u00e1na\u00f0 mig t\u00edu sinnum,<br \/>\u00fe\u00e9r skammist y\u00f0ar ekki fyrir a\u00f0 misbj\u00f3\u00f0a m\u00e9r.<br \/> <\/span> <span class=\"ljodatexti\"> <a name=\"4\"><span class=\"versanumer_ljod\">4<\/span><\/a>Hafi m\u00e9r \u00ed raun or\u00f0i\u00f0 eitthva\u00f0 \u00e1<br \/>\u00fe\u00e1 var\u00f0ar misgj\u00f6r\u00f0 m\u00edn mig einan.<br \/> <\/span> <span class=\"ljodatexti\"> <a name=\"5\"><span class=\"versanumer_ljod\">5<\/span><\/a>Ef \u00fe\u00e9r \u00e6tli\u00f0 \u00ed raun og veru a\u00f0 upphefja sj\u00e1lfa y\u00f0ur<br \/>me\u00f0 \u00fev\u00ed a\u00f0 s\u00fdna fram \u00e1 sm\u00e1n m\u00edna<br \/> <\/span> <span class=\"ljodatexti\"> <a name=\"6\"><span class=\"versanumer_ljod\">6<\/span><\/a>skulu\u00f0 \u00fe\u00e9r j\u00e1ta a\u00f0 Gu\u00f0 l\u00edtill\u00e6kka\u00f0i mig<br \/>\u00fear sem hann kasta\u00f0i yfir mig neti s\u00ednu.<br \/> <\/span> <span class=\"ljodatexti\"> <a name=\"7\"><span class=\"versanumer_ljod\">7<\/span><\/a>Hr\u00f3pi \u00e9g \u201eofbeldi\u201c er m\u00e9r ekki svara\u00f0,<br \/>kalli \u00e9g \u00e1 hj\u00e1lp er enga r\u00e9ttv\u00edsi a\u00f0 finna.<br \/> <\/span> <span class=\"ljodatexti\"> <a name=\"8\"><span class=\"versanumer_ljod\">8<\/span><\/a>Hann loka\u00f0i vegi m\u00ednum svo a\u00f0 \u00e9g komst ekki \u00e1fram<br \/>og myrkva\u00f0i lei\u00f0ir m\u00ednar.<br \/> <\/span> <span class=\"ljodatexti\"> <a name=\"9\"><span class=\"versanumer_ljod\">9<\/span><\/a>Hann svipti mig hei\u00f0ri m\u00ednum,<br \/>t\u00f3k k\u00f3r\u00f3nuna af h\u00f6f\u00f0i m\u00e9r.<br \/> <\/span> <span class=\"ljodatexti\"> <a name=\"10\"><span class=\"versanumer_ljod\">10<\/span><\/a>Hann braut mig algj\u00f6rlega ni\u00f0ur<br \/>og uppr\u00e6tti von m\u00edna eins og tr\u00e9.<br \/> <\/span> <span class=\"ljodatexti\"> <a name=\"11\"><span class=\"versanumer_ljod\">11<\/span><\/a>Heift hans brann gegn m\u00e9r<br \/>og hann taldi mig \u00ed h\u00f3pi \u00f3vina sinna.<br \/> <\/span> <span class=\"ljodatexti\"> <a name=\"12\"><span class=\"versanumer_ljod\">12<\/span><\/a>Herskarar hans komu saman,<br \/>ruddu s\u00e9r braut til m\u00edn<br \/>og sl\u00f3gu upp b\u00fa\u00f0um umhverfis tjald mitt.<br \/> <\/span> <span class=\"ljodatexti\"> <a name=\"13\"><span class=\"versanumer_ljod\">13<\/span><\/a>Hann ger\u00f0i br\u00e6\u00f0ur m\u00edna fr\u00e1hverfa m\u00e9r<br \/>og kunningjar m\u00ednir ur\u00f0u m\u00e9r fr\u00e1bitnir.<br \/> <\/span> <span class=\"ljodatexti\"> <a name=\"14\"><span class=\"versanumer_ljod\">14<\/span><\/a>Skyldmenni m\u00edn og kunningjar yfirg\u00e1fu mig,<br \/> <\/span> <span class=\"ljodatexti\"> <a name=\"15\"><span class=\"versanumer_ljod\">15<\/span><\/a>skj\u00f3lst\u00e6\u00f0ingar fj\u00f6lskyldu minnar gleymdu m\u00e9r<br \/>og \u00fej\u00f3nustust\u00falkum m\u00ednum fannst \u00e9g framandi,<br \/>\u00e9g var\u00f0 sem \u00f3kunnugur \u00ed augum \u00feeirra.<br \/> <\/span> <span class=\"ljodatexti\"> <a name=\"16\"><span class=\"versanumer_ljod\">16<\/span><\/a>\u00deegar \u00e9g kalla\u00f0i \u00e1 vinnumann minn svara\u00f0i hann ekki,<br \/>\u00e9g var\u00f0 a\u00f0 bi\u00f0ja hann sj\u00e1lfur.<br \/> <\/span> <span class=\"ljodatexti\"> <a name=\"17\"><span class=\"versanumer_ljod\">17<\/span><\/a>Kona m\u00edn \u00feolir ekki andardr\u00e1tt minn<br \/>og sonum m\u00f3\u00f0ur minnar finnst \u00f3lykt af m\u00e9r.<br \/> <\/span> <span class=\"ljodatexti\"> <a name=\"18\"><span class=\"versanumer_ljod\">18<\/span><\/a>Jafnvel b\u00f6rn fyrirl\u00edta mig.<br \/>\u00deegar \u00e9g r\u00eds upp andm\u00e6la \u00feau m\u00e9r.<br \/> <\/span> <span class=\"ljodatexti\"> <a name=\"19\"><span class=\"versanumer_ljod\">19<\/span><\/a>Tr\u00fana\u00f0arvinir m\u00ednir for\u00f0ast mig<br \/>og \u00feeir sem m\u00e9r \u00feykir v\u00e6nt um sn\u00faast gegn m\u00e9r.<br \/> <\/span> <span class=\"ljodatexti\"> <a name=\"20\"><span class=\"versanumer_ljod\">20<\/span><\/a>Bein m\u00edn l\u00edmast vi\u00f0 h\u00fa\u00f0 m\u00edna og h\u00f6rund.<br \/>\u00c9g held \u00fe\u00f3 l\u00edfi me\u00f0 naumindum.<br \/> <\/span> <span class=\"ljodatexti\"> <a name=\"21\"><span class=\"versanumer_ljod\">21<\/span><\/a>Aumki\u00f0 mig, aumki\u00f0 mig, vinir m\u00ednir,<br \/>\u00fev\u00ed a\u00f0 h\u00f6nd Gu\u00f0s hefur snert mig.<br \/> <\/span> <span class=\"ljodatexti\"> <a name=\"22\"><span class=\"versanumer_ljod\">22<\/span><\/a> Hvers vegna ofs\u00e6ki\u00f0 \u00fe\u00e9r mig eins og Gu\u00f0<br \/>og ver\u00f0i\u00f0 ekki mettir af holdi m\u00ednu?<br \/> <\/span> <span class=\"ljodatexti\"> <a name=\"23\"><span class=\"versanumer_ljod\">23<\/span><\/a> \u00c9g vildi a\u00f0 umm\u00e6li m\u00edn yr\u00f0u skr\u00e1\u00f0,<br \/>\u00e9g vildi a\u00f0 \u00feau yr\u00f0u meitlu\u00f0 sem \u00e1letrun<br \/> <\/span> <span class=\"ljodatexti\"> <a name=\"24\"><span class=\"versanumer_ljod\">24<\/span><\/a> me\u00f0 j\u00e1rnmeitli og bl\u00fdi,<br \/>h\u00f6ggvin \u00ed klett um aldur og \u00e6vi.<br \/> <\/span> <span class=\"ljodatexti\"> <a name=\"25\"><span class=\"versanumer_ljod\">25<\/span><\/a> \u00c9g veit a\u00f0 lausnari minn lifir<br \/>og hann mun s\u00ed\u00f0astur ganga fram \u00e1 foldu.<br \/> <\/span> <span class=\"ljodatexti\"> <a name=\"26\"><span class=\"versanumer_ljod\">26<\/span><\/a> Eftir a\u00f0 \u00feessi h\u00fa\u00f0 m\u00edn er sundurt\u00e6tt<br \/>og allt hold er af m\u00e9r mun \u00e9g l\u00edta Gu\u00f0.<br \/> <\/span> <span class=\"ljodatexti\"> <a name=\"27\"><span class=\"versanumer_ljod\">27<\/span><\/a> \u00c9g mun l\u00edta hann m\u00e9r til g\u00f3\u00f0s,<br \/>augu m\u00edn munu sj\u00e1 hann og engan annan.<br \/>Hjarta\u00f0 brennur af \u00fer\u00e1 \u00ed brj\u00f3sti m\u00e9r.<br \/> <\/span> <span class=\"ljodatexti\"> <a name=\"28\"><span class=\"versanumer_ljod\">28<\/span><\/a> Ef \u00fe\u00e9r segi\u00f0: \u201eV\u00e9r skulum ofs\u00e6kja hann<br \/>og finna r\u00f3t \u00f3g\u00e6funnar hj\u00e1 honum,\u201c<br \/> <\/span> <span class=\"ljodatexti\"> <a name=\"29\"><span class=\"versanumer_ljod\">29<\/span><\/a> skulu\u00f0 \u00fe\u00e9r \u00f3ttast sver\u00f0i\u00f0<br \/>\u00fev\u00ed a\u00f0 fyrir sl\u00edk brot er refsa\u00f0 me\u00f0 sver\u00f0i<br \/>svo a\u00f0 \u00fe\u00e9r skilji\u00f0 a\u00f0 d\u00f3mur er til. <\/span> <\/p>\n","protected":false},"excerpt":{"rendered":"<p>Svar Jobs 1 Job svara\u00f0i og sag\u00f0i: 2Hversu lengi \u00e6tli\u00f0 \u00fe\u00e9r a\u00f0 angra migog brj\u00f3ta mig ni\u00f0ur me\u00f0 or\u00f0um? 3N\u00fa hafi\u00f0 \u00fe\u00e9r sm\u00e1na\u00f0 mig t\u00edu sinnum,\u00fe\u00e9r skammist y\u00f0ar ekki fyrir a\u00f0 misbj\u00f3\u00f0a m\u00e9r. 4Hafi m\u00e9r \u00ed raun or\u00f0i\u00f0 eitthva\u00f0 \u00e1\u00fe\u00e1 var\u00f0ar misgj\u00f6r\u00f0 m\u00edn mig einan. 5Ef \u00fe\u00e9r \u00e6tli\u00f0 \u00ed raun og veru a\u00f0 upphefja sj\u00e1lfa y\u00f0urme\u00f0 \u00fev\u00ed a\u00f0 s\u00fdna fram \u00e1 sm\u00e1n m\u00edna 6skulu\u00f0 \u00fe\u00e9r j\u00e1ta a\u00f0 Gu\u00f0 l\u00edtill\u00e6kka\u00f0i mig\u00fear sem hann kasta\u00f0i yfir mig neti s\u00ednu. 7Hr\u00f3pi \u00e9g \u201eofbeldi\u201c er m\u00e9r ekki svara\u00f0,kalli \u00e9g \u00e1 hj\u00e1lp er enga r\u00e9ttv\u00edsi a\u00f0 finna. 8Hann loka\u00f0i vegi m\u00ednum svo a\u00f0 \u00e9g komst <a href=\"https:\/\/biblian.is\/biblian\/jobsbok-19-kafli\/\"> [&#8230;]<\/a><\/p>\n","protected":false},"author":1,"featured_media":0,"parent":0,"menu_order":0,"comment_status":"open","ping_status":"open","template":"bibliukaflar_NT.php","meta":{"footnotes":""},"class_list":["post-2072","page","type-page","status-publish","hentry"],"_links":{"self":[{"href":"https:\/\/biblian.is\/biblian\/wp-json\/wp\/v2\/pages\/2072","targetHints":{"allow":["GET"]}}],"collection":[{"href":"https:\/\/biblian.is\/biblian\/wp-json\/wp\/v2\/pages"}],"about":[{"href":"https:\/\/biblian.is\/biblian\/wp-json\/wp\/v2\/types\/page"}],"author":[{"embeddable":true,"href":"https:\/\/biblian.is\/biblian\/wp-json\/wp\/v2\/users\/1"}],"replies":[{"embeddable":true,"href":"https:\/\/biblian.is\/biblian\/wp-json\/wp\/v2\/comments?post=2072"}],"version-history":[{"count":0,"href":"https:\/\/biblian.is\/biblian\/wp-json\/wp\/v2\/pages\/2072\/revisions"}],"wp:attachment":[{"href":"https:\/\/biblian.is\/biblian\/wp-json\/wp\/v2\/media?parent=2072"}],"curies":[{"name":"wp","href":"https:\/\/api.w.org\/{rel}","templated":true}]}}