{"id":2071,"date":"2017-12-30T21:01:35","date_gmt":"2017-12-30T21:01:35","guid":{"rendered":"http:\/\/biblian.is\/biblian\/jobsb%c2%97k-18-kafli\/"},"modified":"2024-06-27T02:38:41","modified_gmt":"2024-06-27T02:38:41","slug":"jobsbok-18-kafli","status":"publish","type":"page","link":"https:\/\/biblian.is\/biblian\/jobsbok-18-kafli\/","title":{"rendered":"Jobsb\u00f3k 18. kafli"},"content":{"rendered":"<h3 class=\"millifyrirsogn_2007\"> \u00d6nnur r\u00e6\u00f0a Bildads<\/h3>\n<p><a name=\"1\"><span class=\"versanumer_2007\">1<\/span><\/a> Bildad fr\u00e1 S\u00faa svara\u00f0i og sag\u00f0i:<br \/> <span class=\"ljodatexti\"> <a name=\"2\"><span class=\"versanumer_ljod\">2<\/span><\/a>Hversu lengi \u00e6tli\u00f0 \u00fe\u00e9r a\u00f0 halda aftur af y\u00f0ur?<br \/>Reyni\u00f0 a\u00f0 skilja, \u00fe\u00e1 getum v\u00e9r talast vi\u00f0.<br \/> <\/span> <span class=\"ljodatexti\"> <a name=\"3\"><span class=\"versanumer_ljod\">3<\/span><\/a>Hvers vegna erum v\u00e9r metnir eins og skepnur,<br \/>\u00f3hreinir \u00ed augum y\u00f0ar?<br \/> <\/span> <span class=\"ljodatexti\"> <a name=\"4\"><span class=\"versanumer_ljod\">4<\/span><\/a>\u00de\u00fa sem t\u00e6tir eigi\u00f0 hold \u00ed rei\u00f0i \u00feinni,<br \/>\u00e1 j\u00f6r\u00f0in a\u00f0 ey\u00f0ast \u00fe\u00edn vegna<br \/>og kletturinn a\u00f0 f\u00e6rast \u00far sta\u00f0?<br \/> <\/span> <span class=\"ljodatexti\"> <a name=\"5\"><span class=\"versanumer_ljod\">5<\/span><\/a>Lj\u00f3s \u00f3gu\u00f0legra slokknar<br \/>og bjarminn fr\u00e1 eldi hans l\u00fdsir ekki,<br \/> <\/span> <span class=\"ljodatexti\"> <a name=\"6\"><span class=\"versanumer_ljod\">6<\/span><\/a>birtan myrkvast \u00ed tjaldi hans<br \/>\u00fev\u00ed a\u00f0 lampinn yfir honum slokknar.<br \/> <\/span> <span class=\"ljodatexti\"> <a name=\"7\"><span class=\"versanumer_ljod\">7<\/span><\/a>R\u00f6sklegt f\u00f3tatak hans deyr \u00fat<br \/>og hans eigin r\u00e1\u00f0 steypa honum<br \/> <\/span> <span class=\"ljodatexti\"> <a name=\"8\"><span class=\"versanumer_ljod\">8<\/span><\/a>\u00fev\u00ed a\u00f0 f\u00e6tur hans lenda \u00ed neti,<br \/>hann st\u00edgur \u00ed m\u00f6skvana,<br \/> <\/span> <span class=\"ljodatexti\"> <a name=\"9\"><span class=\"versanumer_ljod\">9<\/span><\/a>snara gr\u00edpur h\u00e6l hans,<br \/>neti\u00f0 heldur honum f\u00f6stum.<br \/> <\/span> <span class=\"ljodatexti\"> <a name=\"10\"><span class=\"versanumer_ljod\">10<\/span><\/a>\u00c1 j\u00f6r\u00f0inni b\u00ed\u00f0ur hans snara \u00ed leyni,<br \/>\u00e1 veginum gildra.<br \/> <\/span> <span class=\"ljodatexti\"> <a name=\"11\"><span class=\"versanumer_ljod\">11<\/span><\/a>\u00d3gnir skelfa hann \u00e1 allar hli\u00f0ar<br \/>og reka hann \u00e1fram, skref fyrir skref.<br \/> <\/span> <span class=\"ljodatexti\"> <a name=\"12\"><span class=\"versanumer_ljod\">12<\/span><\/a>\u00d3g\u00e6fu hans tekur a\u00f0 hungra<br \/>og gl\u00f6tunin b\u00ed\u00f0ur eftir falli hans.<br \/> <\/span> <span class=\"ljodatexti\"> <a name=\"13\"><span class=\"versanumer_ljod\">13<\/span><\/a>S\u00fdki t\u00e6rir h\u00fa\u00f0 hans,<br \/>frumbur\u00f0ur dau\u00f0ans gleypir limina.<br \/> <\/span> <span class=\"ljodatexti\"> <a name=\"14\"><span class=\"versanumer_ljod\">14<\/span><\/a>Hann ver\u00f0ur hrifinn burt \u00far tjaldinu sem hann taldi \u00f6ruggt,<br \/>ver\u00f0ur leiddur fyrir konung skelfinganna.<br \/> <\/span> <span class=\"ljodatexti\"> <a name=\"15\"><span class=\"versanumer_ljod\">15<\/span><\/a>\u00cd tjaldi hans b\u00fdr enginn honum vi\u00f0komandi,<br \/>brennisteini ver\u00f0ur str\u00e1\u00f0 \u00e1 b\u00fasta\u00f0 hans.<br \/> <\/span> <span class=\"ljodatexti\"> <a name=\"16\"><span class=\"versanumer_ljod\">16<\/span><\/a>A\u00f0 ne\u00f0an skr\u00e6lna r\u00e6tur hans,<br \/>a\u00f0 ofan visna greinar hans.<br \/> <\/span> <span class=\"ljodatexti\"> <a name=\"17\"><span class=\"versanumer_ljod\">17<\/span><\/a>Minning hans ver\u00f0ur afm\u00e1\u00f0 af j\u00f6r\u00f0inni,<br \/>nafn hans ver\u00f0ur ekki nefnt \u00e1 v\u00f6llunum.<br \/> <\/span> <span class=\"ljodatexti\"> <a name=\"18\"><span class=\"versanumer_ljod\">18<\/span><\/a>Honum ver\u00f0ur hrint \u00far birtu \u00ed myrkur<br \/>og hann hrakinn \u00far mannheimi.<br \/> <\/span> <span class=\"ljodatexti\"> <a name=\"19\"><span class=\"versanumer_ljod\">19<\/span><\/a>Enga ni\u00f0ja og enga \u00e6ttingja l\u00e6tur hann eftir me\u00f0al \u00fej\u00f3\u00f0arinnar<br \/>og enginn ver\u00f0ur eftir \u00e1 dvalarsta\u00f0 hans.<br \/> <\/span> <span class=\"ljodatexti\"> <a name=\"20\"><span class=\"versanumer_ljod\">20<\/span><\/a>Menn skj\u00e1lfa \u00ed vestri vegna skapad\u00e6gurs hans,<br \/>\u00ed austri fer hrollur um menn.<br \/> <\/span> <span class=\"ljodatexti\"> <a name=\"21\"><span class=\"versanumer_ljod\">21<\/span><\/a>\u00deannig fer fyrir b\u00fasta\u00f0 hins rangl\u00e1ta<br \/>og dvalarsta\u00f0 \u00feess sem \u00feekkir ekki Gu\u00f0. <\/span> <\/p>\n","protected":false},"excerpt":{"rendered":"<p>\u00d6nnur r\u00e6\u00f0a Bildads 1 Bildad fr\u00e1 S\u00faa svara\u00f0i og sag\u00f0i: 2Hversu lengi \u00e6tli\u00f0 \u00fe\u00e9r a\u00f0 halda aftur af y\u00f0ur?Reyni\u00f0 a\u00f0 skilja, \u00fe\u00e1 getum v\u00e9r talast vi\u00f0. 3Hvers vegna erum v\u00e9r metnir eins og skepnur,\u00f3hreinir \u00ed augum y\u00f0ar? 4\u00de\u00fa sem t\u00e6tir eigi\u00f0 hold \u00ed rei\u00f0i \u00feinni,\u00e1 j\u00f6r\u00f0in a\u00f0 ey\u00f0ast \u00fe\u00edn vegnaog kletturinn a\u00f0 f\u00e6rast \u00far sta\u00f0? 5Lj\u00f3s \u00f3gu\u00f0legra slokknarog bjarminn fr\u00e1 eldi hans l\u00fdsir ekki, 6birtan myrkvast \u00ed tjaldi hans\u00fev\u00ed a\u00f0 lampinn yfir honum slokknar. 7R\u00f6sklegt f\u00f3tatak hans deyr \u00fatog hans eigin r\u00e1\u00f0 steypa honum 8\u00fev\u00ed a\u00f0 f\u00e6tur hans lenda \u00ed neti,hann st\u00edgur \u00ed m\u00f6skvana, 9snara gr\u00edpur h\u00e6l hans,neti\u00f0 heldur honum <a href=\"https:\/\/biblian.is\/biblian\/jobsbok-18-kafli\/\"> [&#8230;]<\/a><\/p>\n","protected":false},"author":1,"featured_media":0,"parent":0,"menu_order":0,"comment_status":"open","ping_status":"open","template":"bibliukaflar_NT.php","meta":{"footnotes":""},"class_list":["post-2071","page","type-page","status-publish","hentry"],"_links":{"self":[{"href":"https:\/\/biblian.is\/biblian\/wp-json\/wp\/v2\/pages\/2071","targetHints":{"allow":["GET"]}}],"collection":[{"href":"https:\/\/biblian.is\/biblian\/wp-json\/wp\/v2\/pages"}],"about":[{"href":"https:\/\/biblian.is\/biblian\/wp-json\/wp\/v2\/types\/page"}],"author":[{"embeddable":true,"href":"https:\/\/biblian.is\/biblian\/wp-json\/wp\/v2\/users\/1"}],"replies":[{"embeddable":true,"href":"https:\/\/biblian.is\/biblian\/wp-json\/wp\/v2\/comments?post=2071"}],"version-history":[{"count":0,"href":"https:\/\/biblian.is\/biblian\/wp-json\/wp\/v2\/pages\/2071\/revisions"}],"wp:attachment":[{"href":"https:\/\/biblian.is\/biblian\/wp-json\/wp\/v2\/media?parent=2071"}],"curies":[{"name":"wp","href":"https:\/\/api.w.org\/{rel}","templated":true}]}}