{"id":2069,"date":"2017-12-30T21:01:35","date_gmt":"2017-12-30T21:01:35","guid":{"rendered":"http:\/\/biblian.is\/biblian\/jobsb%c2%97k-16-kafli\/"},"modified":"2024-06-27T02:38:41","modified_gmt":"2024-06-27T02:38:41","slug":"jobsbok-16-kafli","status":"publish","type":"page","link":"https:\/\/biblian.is\/biblian\/jobsbok-16-kafli\/","title":{"rendered":"Jobsb\u00f3k 16. kafli"},"content":{"rendered":"<h3 class=\"millifyrirsogn_2007\"> Svar Jobs<\/h3>\n<p><a name=\"1\"><span class=\"versanumer_2007\">1<\/span><\/a> Job svara\u00f0i og sag\u00f0i:<br \/> <span class=\"ljodatexti\"> <a name=\"2\"><span class=\"versanumer_ljod\">2<\/span><\/a>\u00c9g hef heyrt margt \u00feessu l\u00edkt,<br \/>\u00fe\u00e9r eru\u00f0 \u00fereytandi huggarar, allir sem einn.<br \/> <\/span> <span class=\"ljodatexti\"> <a name=\"3\"><span class=\"versanumer_ljod\">3<\/span><\/a>Er \u00feessu or\u00f0agj\u00e1lfri n\u00fa loki\u00f0<br \/>e\u00f0a hva\u00f0 egnir \u00feig til svara?<br \/> <\/span> <span class=\"ljodatexti\"> <a name=\"4\"><span class=\"versanumer_ljod\">4<\/span><\/a>\u00c9g g\u00e6ti einnig tala\u00f0 eins og \u00fe\u00e9r<br \/>st\u00e6\u00f0u\u00f0 \u00fe\u00e9r \u00ed m\u00ednum sporum,<br \/>g\u00e6ti sett saman r\u00e6\u00f0u gegn y\u00f0ur<br \/>og hrist h\u00f6fu\u00f0i\u00f0 yfir y\u00f0ur.<br \/> <\/span> <span class=\"ljodatexti\"> <a name=\"5\"><span class=\"versanumer_ljod\">5<\/span><\/a>\u00c9g g\u00e6ti stutt y\u00f0ur me\u00f0 munni m\u00ednum<br \/>og ekki spara\u00f0 sam\u00fa\u00f0 me\u00f0 v\u00f6rum m\u00ednum.<br \/> <\/span> <span class=\"ljodatexti\"> <a name=\"6\"><span class=\"versanumer_ljod\">6<\/span><\/a>\u00de\u00f3tt \u00e9g tali deyfir \u00fea\u00f0 ekki kv\u00f6l m\u00edna,<br \/>\u00fe\u00f3tt \u00e9g \u00feegi hverfa ekki \u00fej\u00e1ningar m\u00ednar.<br \/> <\/span> <span class=\"ljodatexti\"> <a name=\"7\"><span class=\"versanumer_ljod\">7<\/span><\/a>J\u00e1, n\u00fa hefur hann \u00fereytt mig.<br \/>\u00de\u00fa eyddir \u00f6llu sem vitna\u00f0i gegn m\u00e9r, \u00ferengdir a\u00f0 m\u00e9r.<br \/> <\/span> <span class=\"ljodatexti\"> <a name=\"8\"><span class=\"versanumer_ljod\">8<\/span><\/a>Hr\u00f6rnun m\u00edn var\u00f0 vitni, reis gegn m\u00e9r<br \/>og tala\u00f0i m\u00f3ti m\u00e9r.<br \/> <\/span> <span class=\"ljodatexti\"> <a name=\"9\"><span class=\"versanumer_ljod\">9<\/span><\/a>Heift hans reif mig og ofs\u00f3tti,<br \/>gn\u00edsti t\u00f6nnum gegn m\u00e9r.<br \/>Fjandmenn m\u00ednir hvesstu \u00e1 mig augun,<br \/> <\/span> <span class=\"ljodatexti\"> <a name=\"10\"><span class=\"versanumer_ljod\">10<\/span><\/a>glenntu upp gini\u00f0 \u00e1 m\u00f3ti m\u00e9r,<br \/>g\u00e1fu m\u00e9r utan undir til h\u00e1\u00f0ungar<br \/>og flykktust gegn m\u00e9r.<br \/> <\/span> <span class=\"ljodatexti\"> <a name=\"11\"><span class=\"versanumer_ljod\">11<\/span><\/a>Gu\u00f0 ofurseldi mig illmenni<br \/>og hratt m\u00e9r \u00ed greipar gu\u00f0leysingja.<br \/> <\/span> <span class=\"ljodatexti\"> <a name=\"12\"><span class=\"versanumer_ljod\">12<\/span><\/a>\u00c9g var \u00e1hyggjulaus en hann hristi mig \u00f3\u00feyrmilega,<br \/>t\u00f3k \u00ed hnakkadrambi\u00f0 \u00e1 m\u00e9r og muldi mig.<br \/>Hann haf\u00f0i mig a\u00f0 skotsp\u00e6ni,<br \/> <\/span> <span class=\"ljodatexti\"> <a name=\"13\"><span class=\"versanumer_ljod\">13<\/span><\/a>\u00f6rvar hans dreif a\u00f0 m\u00e9r \u00far \u00f6llum \u00e1ttum,<br \/>hann klauf n\u00fdru m\u00edn og eir\u00f0i engu,<br \/>l\u00e9t galli\u00f0 \u00far m\u00e9r renna \u00e1 j\u00f6r\u00f0ina.<br \/> <\/span> <span class=\"ljodatexti\"> <a name=\"14\"><span class=\"versanumer_ljod\">14<\/span><\/a>Hann br\u00fdtur \u00ed mig skar\u00f0 eftir skar\u00f0,<br \/>gerir \u00e1hlaup \u00e1 mig eins og herma\u00f0ur.<br \/> <\/span> <span class=\"ljodatexti\"> <a name=\"15\"><span class=\"versanumer_ljod\">15<\/span><\/a>\u00c9g sauma\u00f0i h\u00fa\u00f0 minni sorgarkl\u00e6\u00f0i,<br \/>stakk horni m\u00ednu ofan \u00ed moldina.<br \/> <\/span> <span class=\"ljodatexti\"> <a name=\"16\"><span class=\"versanumer_ljod\">16<\/span><\/a>Andlit mitt er \u00fer\u00fati\u00f0 af gr\u00e1ti<br \/>og d\u00f6kkir baugar undir augunum,<br \/> <\/span> <span class=\"ljodatexti\"> <a name=\"17\"><span class=\"versanumer_ljod\">17<\/span><\/a>\u00fe\u00f3tt hendur m\u00ednar hafi ekki flekkast af ofbeldi<br \/>og b\u00e6n m\u00edn s\u00e9 hrein.<br \/> <\/span> <span class=\"ljodatexti\"> <a name=\"18\"><span class=\"versanumer_ljod\">18<\/span><\/a>J\u00f6r\u00f0, hyl eigi bl\u00f3\u00f0 mitt<br \/>og ney\u00f0ar\u00f3p mitt f\u00e1i engan hv\u00edldarsta\u00f0.<br \/> <\/span> <span class=\"ljodatexti\"> <a name=\"19\"><span class=\"versanumer_ljod\">19<\/span><\/a>En \u00e1 himnum er vottur minn<br \/>og vitni mitt \u00e1 h\u00e6\u00f0um.<br \/> <\/span> <span class=\"ljodatexti\"> <a name=\"20\"><span class=\"versanumer_ljod\">20<\/span><\/a>Vinir m\u00ednir h\u00e6\u00f0a mig,<br \/>auga mitt gr\u00e6tur frammi fyrir Gu\u00f0i,<br \/> <\/span> <span class=\"ljodatexti\"> <a name=\"21\"><span class=\"versanumer_ljod\">21<\/span><\/a>hann skeri \u00far deilum milli manns og Gu\u00f0s<br \/>og manna \u00e1 me\u00f0al<br \/> <\/span> <span class=\"ljodatexti\"> <a name=\"22\"><span class=\"versanumer_ljod\">22<\/span><\/a> \u00fev\u00ed a\u00f0 f\u00e1 \u00e1r munu l\u00ed\u00f0a<br \/>uns \u00e9g fer \u00fe\u00e1 f\u00f6r sem enginn \u00e1 afturkv\u00e6mt \u00far. <\/span> <\/p>\n","protected":false},"excerpt":{"rendered":"<p>Svar Jobs 1 Job svara\u00f0i og sag\u00f0i: 2\u00c9g hef heyrt margt \u00feessu l\u00edkt,\u00fe\u00e9r eru\u00f0 \u00fereytandi huggarar, allir sem einn. 3Er \u00feessu or\u00f0agj\u00e1lfri n\u00fa loki\u00f0e\u00f0a hva\u00f0 egnir \u00feig til svara? 4\u00c9g g\u00e6ti einnig tala\u00f0 eins og \u00fe\u00e9rst\u00e6\u00f0u\u00f0 \u00fe\u00e9r \u00ed m\u00ednum sporum,g\u00e6ti sett saman r\u00e6\u00f0u gegn y\u00f0urog hrist h\u00f6fu\u00f0i\u00f0 yfir y\u00f0ur. 5\u00c9g g\u00e6ti stutt y\u00f0ur me\u00f0 munni m\u00ednumog ekki spara\u00f0 sam\u00fa\u00f0 me\u00f0 v\u00f6rum m\u00ednum. 6\u00de\u00f3tt \u00e9g tali deyfir \u00fea\u00f0 ekki kv\u00f6l m\u00edna,\u00fe\u00f3tt \u00e9g \u00feegi hverfa ekki \u00fej\u00e1ningar m\u00ednar. 7J\u00e1, n\u00fa hefur hann \u00fereytt mig.\u00de\u00fa eyddir \u00f6llu sem vitna\u00f0i gegn m\u00e9r, \u00ferengdir a\u00f0 m\u00e9r. 8Hr\u00f6rnun m\u00edn var\u00f0 vitni, reis gegn m\u00e9rog tala\u00f0i m\u00f3ti <a href=\"https:\/\/biblian.is\/biblian\/jobsbok-16-kafli\/\"> [&#8230;]<\/a><\/p>\n","protected":false},"author":1,"featured_media":0,"parent":0,"menu_order":0,"comment_status":"open","ping_status":"open","template":"bibliukaflar_NT.php","meta":{"footnotes":""},"class_list":["post-2069","page","type-page","status-publish","hentry"],"_links":{"self":[{"href":"https:\/\/biblian.is\/biblian\/wp-json\/wp\/v2\/pages\/2069","targetHints":{"allow":["GET"]}}],"collection":[{"href":"https:\/\/biblian.is\/biblian\/wp-json\/wp\/v2\/pages"}],"about":[{"href":"https:\/\/biblian.is\/biblian\/wp-json\/wp\/v2\/types\/page"}],"author":[{"embeddable":true,"href":"https:\/\/biblian.is\/biblian\/wp-json\/wp\/v2\/users\/1"}],"replies":[{"embeddable":true,"href":"https:\/\/biblian.is\/biblian\/wp-json\/wp\/v2\/comments?post=2069"}],"version-history":[{"count":0,"href":"https:\/\/biblian.is\/biblian\/wp-json\/wp\/v2\/pages\/2069\/revisions"}],"wp:attachment":[{"href":"https:\/\/biblian.is\/biblian\/wp-json\/wp\/v2\/media?parent=2069"}],"curies":[{"name":"wp","href":"https:\/\/api.w.org\/{rel}","templated":true}]}}