{"id":2068,"date":"2017-12-30T21:01:35","date_gmt":"2017-12-30T21:01:35","guid":{"rendered":"http:\/\/biblian.is\/biblian\/jobsb%c2%97k-15-kafli\/"},"modified":"2024-06-27T02:38:41","modified_gmt":"2024-06-27T02:38:41","slug":"jobsbok-15-kafli","status":"publish","type":"page","link":"https:\/\/biblian.is\/biblian\/jobsbok-15-kafli\/","title":{"rendered":"Jobsb\u00f3k 15. kafli"},"content":{"rendered":"<h2 class=\"millifyrirsogn_2007\">Annar r\u00e6\u00f0ukafli <\/h2>\n<h3 class=\"millifyrirsogn_2007\">\u00d6nnur r\u00e6\u00f0a El\u00edfasar<\/h3>\n<p><a name=\"1\"><span class=\"versanumer_2007\">1<\/span><\/a> El\u00edfas fr\u00e1 Teman svara\u00f0i og sag\u00f0i:<br \/> <span class=\"ljodatexti\"> <a name=\"2\"><span class=\"versanumer_ljod\">2<\/span><\/a>Svarar vitur ma\u00f0ur innant\u00f3mum or\u00f0um<br \/>og fyllir brj\u00f3st sitt austanvindi<br \/> <\/span> <span class=\"ljodatexti\"> <a name=\"3\"><span class=\"versanumer_ljod\">3<\/span><\/a>til \u00feess a\u00f0 verja m\u00e1lsta\u00f0 sinn me\u00f0 or\u00f0agj\u00e1lfri?<br \/> <\/span> <span class=\"ljodatexti\"> <a name=\"4\"><span class=\"versanumer_ljod\">4<\/span><\/a>\u00de\u00fa br\u00fdtur jafnvel gu\u00f0s\u00f3ttann ni\u00f0ur,<br \/>gerir l\u00edti\u00f0 \u00far \u00edhugun frammi fyrir augliti Gu\u00f0s.<br \/> <\/span> <span class=\"ljodatexti\"> <a name=\"5\"><span class=\"versanumer_ljod\">5<\/span><\/a>J\u00e1, sekt \u00fe\u00edn leggur \u00fe\u00e9r or\u00f0 \u00ed munn<br \/>og \u00fe\u00fa velur \u00fe\u00e9r tungutak l\u00e6v\u00edsra.<br \/> <\/span> <span class=\"ljodatexti\"> <a name=\"6\"><span class=\"versanumer_ljod\">6<\/span><\/a>Munnur \u00feinn d\u00e6mir \u00feig sekan en ekki \u00e9g<br \/>og varir \u00fe\u00ednar vitna gegn \u00fe\u00e9r.<br \/> <\/span> <span class=\"ljodatexti\"> <a name=\"7\"><span class=\"versanumer_ljod\">7<\/span><\/a>F\u00e6ddist \u00fe\u00fa fyrstur manna,<br \/>komstu \u00ed heiminn \u00e1 undan h\u00e6\u00f0unum?<br \/> <\/span> <span class=\"ljodatexti\"> <a name=\"8\"><span class=\"versanumer_ljod\">8<\/span><\/a>Varstu \u00e1heyrandi \u00ed r\u00e1\u00f0i Gu\u00f0s<br \/>og afla\u00f0ir \u00fe\u00e9r visku \u00fear?<br \/> <\/span> <span class=\"ljodatexti\"> <a name=\"9\"><span class=\"versanumer_ljod\">9<\/span><\/a>Hva\u00f0 veist \u00fe\u00fa sem v\u00e9r vitum ekki,<br \/>hva\u00f0 skilur \u00fe\u00fa sem oss er huli\u00f0?<br \/> <\/span> <span class=\"ljodatexti\"> <a name=\"10\"><span class=\"versanumer_ljod\">10<\/span><\/a>\u00d6ldungar og gr\u00e1h\u00e6r\u00f0ir menn eru \u00e1 me\u00f0al vor,<br \/>mun eldri en fa\u00f0ir \u00feinn.<br \/> <\/span> <span class=\"ljodatexti\"> <a name=\"11\"><span class=\"versanumer_ljod\">11<\/span><\/a>N\u00e6gir \u00fe\u00e9r ekki huggun Gu\u00f0s,<br \/>mildilegt or\u00f0 til \u00fe\u00edn tala\u00f0?<br \/> <\/span> <span class=\"ljodatexti\"> <a name=\"12\"><span class=\"versanumer_ljod\">12<\/span><\/a>Hv\u00ed l\u00e6tur\u00f0u hjarta \u00feitt hlaupa me\u00f0 \u00feig \u00ed g\u00f6nur<br \/>og hvers vegna skj\u00f3ta augu \u00fe\u00edn gneistum<br \/> <\/span> <span class=\"ljodatexti\"> <a name=\"13\"><span class=\"versanumer_ljod\">13<\/span><\/a>er \u00fe\u00fa beinir heift \u00feinni gegn Gu\u00f0i<br \/>og l\u00e6tur \u00fev\u00edl\u00edk or\u00f0 \u00fe\u00e9r um munn fara?<br \/> <\/span> <span class=\"ljodatexti\"> <a name=\"14\"><span class=\"versanumer_ljod\">14<\/span><\/a>Hvernig getur dau\u00f0legur ma\u00f0ur veri\u00f0 hreinn<br \/>og s\u00e1 haft r\u00e9tt fyrir s\u00e9r sem er af konu f\u00e6ddur?<br \/> <\/span> <span class=\"ljodatexti\"> <a name=\"15\"><span class=\"versanumer_ljod\">15<\/span><\/a>Hann getur ekki einu sinni treyst s\u00ednum heil\u00f6gu<br \/>og himinninn er ekki hreinn \u00ed augum hans,<br \/> <\/span> <span class=\"ljodatexti\"> <a name=\"16\"><span class=\"versanumer_ljod\">16<\/span><\/a>hva\u00f0 \u00fe\u00e1 andstyggilegur og spilltur ma\u00f0ur<br \/>sem svelgir \u00ed sig rangl\u00e6ti eins og vatn.<br \/> <\/span> <span class=\"ljodatexti\"> <a name=\"17\"><span class=\"versanumer_ljod\">17<\/span><\/a>N\u00fa \u00e6tla \u00e9g a\u00f0 kenna \u00fe\u00e9r, hlusta\u00f0u \u00e1 mig,<br \/>\u00e9g \u00e6tla a\u00f0 segja fr\u00e1 \u00fev\u00ed sem \u00e9g hef sj\u00e1lfur s\u00e9\u00f0<br \/> <\/span> <span class=\"ljodatexti\"> <a name=\"18\"><span class=\"versanumer_ljod\">18<\/span><\/a>og vitrir menn hafa sagt<br \/>og f\u00f6ldu ekki fyrir fe\u00f0rum s\u00ednum.<br \/> <\/span> <span class=\"ljodatexti\"> <a name=\"19\"><span class=\"versanumer_ljod\">19<\/span><\/a>\u00deeim einum var landi\u00f0 gefi\u00f0<br \/>og enginn \u00f3kunnugur var \u00e1 me\u00f0al \u00feeirra.<br \/> <\/span> <span class=\"ljodatexti\"> <a name=\"20\"><span class=\"versanumer_ljod\">20<\/span><\/a>Gu\u00f0leysinginn kvelst alla \u00e6vidaga s\u00edna<br \/>og ofbeldisma\u00f0urinn \u00feau \u00e1r sem honum eru m\u00e6ld,<br \/> <\/span> <span class=\"ljodatexti\"> <a name=\"21\"><span class=\"versanumer_ljod\">21<\/span><\/a>skelfingar\u00f3p hlj\u00f3ma \u00ed eyrum hans,<br \/>ey\u00f0andinn r\u00e6\u00f0st gegn honum \u00e1 fri\u00f0art\u00edmum.<br \/> <\/span> <span class=\"ljodatexti\"> <a name=\"22\"><span class=\"versanumer_ljod\">22<\/span><\/a> Hann tr\u00fair \u00fev\u00ed ekki a\u00f0 hann sleppi \u00far myrkrinu,<br \/>sver\u00f0i\u00f0 b\u00ed\u00f0ur hans.<br \/> <\/span> <span class=\"ljodatexti\"> <a name=\"23\"><span class=\"versanumer_ljod\">23<\/span><\/a> Hann eigrar um \u00ed leit a\u00f0 brau\u00f0i: \u201eHvar er \u00fea\u00f0?\u201c<br \/>Hann veit a\u00f0 hans b\u00ed\u00f0ur dimmur dagur.<br \/> <\/span> <span class=\"ljodatexti\"> <a name=\"24\"><span class=\"versanumer_ljod\">24<\/span><\/a> \u00derenging og ney\u00f0 skelfa hann,<br \/>bera hann ofurli\u00f0i eins og konungur b\u00fainn til atl\u00f6gu<br \/> <\/span> <span class=\"ljodatexti\"> <a name=\"25\"><span class=\"versanumer_ljod\">25<\/span><\/a> \u00fev\u00ed a\u00f0 hann reiddi h\u00f6nd s\u00edna gegn Gu\u00f0i,<br \/>hreykti s\u00e9r gegn Hinum alm\u00e1ttka,<br \/> <\/span> <span class=\"ljodatexti\"> <a name=\"26\"><span class=\"versanumer_ljod\">26<\/span><\/a> hlj\u00f3p hnakkakerrtur \u00ed m\u00f3ti honum<br \/>b\u00fainn sterkum, hvelfdum skildi<br \/> <\/span> <span class=\"ljodatexti\"> <a name=\"27\"><span class=\"versanumer_ljod\">27<\/span><\/a> \u00fev\u00ed a\u00f0 hann safna\u00f0i spiki \u00e1 andlit sitt<br \/>og hl\u00f3\u00f0 fitu \u00e1 lendar s\u00e9r.<br \/> <\/span> <span class=\"ljodatexti\"> <a name=\"28\"><span class=\"versanumer_ljod\">28<\/span><\/a> Hann settist a\u00f0 \u00ed eyddum borgum,<br \/>\u00ed h\u00fasum \u00fear sem enginn skyldi b\u00faa og \u00e1tti a\u00f0 leggja \u00ed r\u00fast.<br \/> <\/span> <span class=\"ljodatexti\"> <a name=\"29\"><span class=\"versanumer_ljod\">29<\/span><\/a> Hann au\u00f0gast ekki, au\u00f0ur hans var\u00f0veitist ekki<br \/>og korn\u00f6x hans svigna ekki til jar\u00f0ar.<br \/> <\/span> <span class=\"ljodatexti\"> <a name=\"30\"><span class=\"versanumer_ljod\">30<\/span><\/a> Hann sleppur ekki \u00far myrkrinu.<br \/>Gr\u00e6\u00f0lingar hans skr\u00e6lna \u00ed gl\u00f3andi hita<br \/>og hann hverfur \u00ed vindinn.<br \/> <\/span> <span class=\"ljodatexti\"> <a name=\"31\"><span class=\"versanumer_ljod\">31<\/span><\/a> Hann \u00e6tti ekki a\u00f0 rei\u00f0a sig \u00e1 h\u00e9g\u00f3ma, blekkja sj\u00e1lfan sig,<br \/>\u00fev\u00ed a\u00f0 laun hans ver\u00f0a f\u00e1n\u00fdti.<br \/> <\/span> <span class=\"ljodatexti\"> <a name=\"32\"><span class=\"versanumer_ljod\">32<\/span><\/a> \u00c1\u00f0ur en t\u00edmi hans kemur skr\u00e6lnar hann<br \/>og greinar hans gr\u00e6nka ekki,<br \/> <\/span> <span class=\"ljodatexti\"> <a name=\"33\"><span class=\"versanumer_ljod\">33<\/span><\/a> hann l\u00edkist v\u00ednvi\u00f0i sem missir gr\u00e6njaxlana<br \/>og \u00f3l\u00edfutr\u00e9 sem varpar fr\u00e1 s\u00e9r bl\u00f3mum s\u00ednum.<br \/> <\/span> <span class=\"ljodatexti\"> <a name=\"34\"><span class=\"versanumer_ljod\">34<\/span><\/a> \u00d3frj\u00f3r er h\u00f3pur gu\u00f0lausra<br \/>og eldur gleypir tj\u00f6ld m\u00fatu\u00feega,<br \/> <\/span> <span class=\"ljodatexti\"> <a name=\"35\"><span class=\"versanumer_ljod\">35<\/span><\/a> \u00feunga\u00f0ir kv\u00f6l f\u00e6\u00f0a \u00feeir b\u00f6l,<br \/>kvi\u00f0ur \u00feeirra elur af s\u00e9r blekkingu. <\/span> <\/p>\n","protected":false},"excerpt":{"rendered":"<p>Annar r\u00e6\u00f0ukafli \u00d6nnur r\u00e6\u00f0a El\u00edfasar 1 El\u00edfas fr\u00e1 Teman svara\u00f0i og sag\u00f0i: 2Svarar vitur ma\u00f0ur innant\u00f3mum or\u00f0umog fyllir brj\u00f3st sitt austanvindi 3til \u00feess a\u00f0 verja m\u00e1lsta\u00f0 sinn me\u00f0 or\u00f0agj\u00e1lfri? 4\u00de\u00fa br\u00fdtur jafnvel gu\u00f0s\u00f3ttann ni\u00f0ur,gerir l\u00edti\u00f0 \u00far \u00edhugun frammi fyrir augliti Gu\u00f0s. 5J\u00e1, sekt \u00fe\u00edn leggur \u00fe\u00e9r or\u00f0 \u00ed munnog \u00fe\u00fa velur \u00fe\u00e9r tungutak l\u00e6v\u00edsra. 6Munnur \u00feinn d\u00e6mir \u00feig sekan en ekki \u00e9gog varir \u00fe\u00ednar vitna gegn \u00fe\u00e9r. 7F\u00e6ddist \u00fe\u00fa fyrstur manna,komstu \u00ed heiminn \u00e1 undan h\u00e6\u00f0unum? 8Varstu \u00e1heyrandi \u00ed r\u00e1\u00f0i Gu\u00f0sog afla\u00f0ir \u00fe\u00e9r visku \u00fear? 9Hva\u00f0 veist \u00fe\u00fa sem v\u00e9r vitum ekki,hva\u00f0 skilur \u00fe\u00fa sem oss er huli\u00f0? 10\u00d6ldungar og <a href=\"https:\/\/biblian.is\/biblian\/jobsbok-15-kafli\/\"> [&#8230;]<\/a><\/p>\n","protected":false},"author":1,"featured_media":0,"parent":0,"menu_order":0,"comment_status":"open","ping_status":"open","template":"bibliukaflar_NT.php","meta":{"footnotes":""},"class_list":["post-2068","page","type-page","status-publish","hentry"],"_links":{"self":[{"href":"https:\/\/biblian.is\/biblian\/wp-json\/wp\/v2\/pages\/2068","targetHints":{"allow":["GET"]}}],"collection":[{"href":"https:\/\/biblian.is\/biblian\/wp-json\/wp\/v2\/pages"}],"about":[{"href":"https:\/\/biblian.is\/biblian\/wp-json\/wp\/v2\/types\/page"}],"author":[{"embeddable":true,"href":"https:\/\/biblian.is\/biblian\/wp-json\/wp\/v2\/users\/1"}],"replies":[{"embeddable":true,"href":"https:\/\/biblian.is\/biblian\/wp-json\/wp\/v2\/comments?post=2068"}],"version-history":[{"count":0,"href":"https:\/\/biblian.is\/biblian\/wp-json\/wp\/v2\/pages\/2068\/revisions"}],"wp:attachment":[{"href":"https:\/\/biblian.is\/biblian\/wp-json\/wp\/v2\/media?parent=2068"}],"curies":[{"name":"wp","href":"https:\/\/api.w.org\/{rel}","templated":true}]}}