{"id":2067,"date":"2017-12-30T21:01:35","date_gmt":"2017-12-30T21:01:35","guid":{"rendered":"http:\/\/biblian.is\/biblian\/jobsb%c2%97k-14-kafli\/"},"modified":"2024-06-27T02:38:41","modified_gmt":"2024-06-27T02:38:41","slug":"jobsbok-14-kafli","status":"publish","type":"page","link":"https:\/\/biblian.is\/biblian\/jobsbok-14-kafli\/","title":{"rendered":"Jobsb\u00f3k 14. kafli"},"content":{"rendered":"<p><span class=\"ljodatexti\"> <a name=\"1\"><span class=\"versanumer_ljod\">1<\/span><\/a>Ma\u00f0ur, af konu f\u00e6ddur,<br \/> <\/span> <span class=\"ljodatexti\"> lifir f\u00e1a \u00e6vidaga, fulla af eir\u00f0arleysi.<br \/> <\/span> <span class=\"ljodatexti\"> <a name=\"2\"><span class=\"versanumer_ljod\">2<\/span><\/a>Hann vex eins og bl\u00f3m og visnar,<br \/>hverfur sem hvikull skuggi.<br \/> <\/span> <span class=\"ljodatexti\"> <a name=\"3\"><span class=\"versanumer_ljod\">3<\/span><\/a>Samt hefur\u00f0u \u00e1 honum vakandi auga<br \/>og kallar hann fyrir d\u00f3m \u00feinn.<br \/> <\/span> <span class=\"ljodatexti\"> <a name=\"4\"><span class=\"versanumer_ljod\">4<\/span><\/a>Hver getur leitt hreint af \u00f3hreinu?<br \/>Ekki nokkur ma\u00f0ur.<br \/> <\/span> <span class=\"ljodatexti\"> <a name=\"5\"><span class=\"versanumer_ljod\">5<\/span><\/a>Hafi \u00e6vidagar hans veri\u00f0 \u00e1kvar\u00f0a\u00f0ir<br \/>og tala m\u00e1na\u00f0a hans \u00e1kve\u00f0in af \u00fe\u00e9r,<br \/>hafir\u00f0u sett honum m\u00f6rk sem hann kemst ekki yfir,<br \/> <\/span> <span class=\"ljodatexti\"> <a name=\"6\"><span class=\"versanumer_ljod\">6<\/span><\/a>l\u00edttu \u00fe\u00e1 af honum svo a\u00f0 hann f\u00e1i hv\u00edld<br \/>og geti gla\u00f0st yfir degi s\u00ednum eins og daglaunama\u00f0ur.<br \/> <\/span> <span class=\"ljodatexti\"> <a name=\"7\"><span class=\"versanumer_ljod\">7<\/span><\/a>Tr\u00e9\u00f0 \u00e1 s\u00e9r framt\u00ed\u00f0,<br \/>ver\u00f0i \u00fea\u00f0 h\u00f6ggvi\u00f0 vex \u00fea\u00f0 \u00e1 n\u00fd<br \/>og teinungarnir halda \u00e1fram a\u00f0 vaxa.<br \/> <\/span> <span class=\"ljodatexti\"> <a name=\"8\"><span class=\"versanumer_ljod\">8<\/span><\/a>\u00de\u00f3tt r\u00f3tin eldist \u00ed j\u00f6r\u00f0inni<br \/>og stofninn deyi \u00ed moldinni<br \/> <\/span> <span class=\"ljodatexti\"> <a name=\"9\"><span class=\"versanumer_ljod\">9<\/span><\/a>vex \u00fea\u00f0 \u00e1fram fyrir kraft vatnsins<br \/>og ber greinar eins og ungur kvistur.<br \/> <\/span> <span class=\"ljodatexti\"> <a name=\"10\"><span class=\"versanumer_ljod\">10<\/span><\/a>En deyi ma\u00f0urinn liggur hann m\u00e1ttvana,<br \/>gefi ma\u00f0urinn upp andann, hva\u00f0 ver\u00f0ur \u00fe\u00e1 um hann?<br \/> <\/span> <span class=\"ljodatexti\"> <a name=\"11\"><span class=\"versanumer_ljod\">11<\/span><\/a>Vatn hverfur \u00far hafinu,<br \/>flj\u00f3ti\u00f0 r\u00e9nar og \u00feornar upp,<br \/> <\/span> <span class=\"ljodatexti\"> <a name=\"12\"><span class=\"versanumer_ljod\">12<\/span><\/a>ma\u00f0urinn leggst til hv\u00edldar og r\u00eds ekki upp aftur.<br \/>Hann vaknar ekki fyrr en himinninn ferst,<br \/>hann ver\u00f0ur ekki vakinn af svefni s\u00ednum.<br \/> <\/span> <span class=\"ljodatexti\"> <a name=\"13\"><span class=\"versanumer_ljod\">13<\/span><\/a>\u00c6, a\u00f0 \u00fe\u00fa vildir fela mig \u00ed undirheimum,<br \/>hylja mig uns rei\u00f0i \u00feinni slotar,<br \/>\u00e1kve\u00f0a m\u00e9r stund og minnast m\u00edn \u00fe\u00e1.<br \/> <\/span> <span class=\"ljodatexti\"> <a name=\"14\"><span class=\"versanumer_ljod\">14<\/span><\/a>\u00deegar ma\u00f0urinn deyr, lifnar hann \u00fe\u00e1 aftur?<br \/>\u00de\u00e1 h\u00e9ldi \u00e9g \u00fat alla daga her\u00fej\u00f3nustunnar<br \/>uns s\u00e1 k\u00e6mi sem leysti mig af.<br \/> <\/span> <span class=\"ljodatexti\"> <a name=\"15\"><span class=\"versanumer_ljod\">15<\/span><\/a>\u00de\u00e1 hr\u00f3pa\u00f0ir \u00fe\u00fa og \u00e9g svara\u00f0i \u00fe\u00e9r,<br \/>\u00fe\u00fa mundir \u00fer\u00e1 verk handa \u00feinna.<br \/> <\/span> <span class=\"ljodatexti\"> <a name=\"16\"><span class=\"versanumer_ljod\">16<\/span><\/a>\u00de\u00fa teldir skref m\u00edn,<br \/>g\u00e6ttir ekki a\u00f0 v\u00edxlsporum m\u00ednum.<br \/> <\/span> <span class=\"ljodatexti\"> <a name=\"17\"><span class=\"versanumer_ljod\">17<\/span><\/a>Synd m\u00edna mundir\u00f0u innsigla \u00ed b\u00f6ggli<br \/>og kalka yfir sekt m\u00edna.<br \/> <\/span> <span class=\"ljodatexti\"> <a name=\"18\"><span class=\"versanumer_ljod\">18<\/span><\/a>Fjall getur hruni\u00f0 og molna\u00f0<br \/>og klettur f\u00e6rst \u00far sta\u00f0.<br \/> <\/span> <span class=\"ljodatexti\"> <a name=\"19\"><span class=\"versanumer_ljod\">19<\/span><\/a>Vatn holar steina<br \/>og steypiregn skolar burt jar\u00f0vegi.<br \/>\u00deannig gerir \u00fe\u00fa von mannsins a\u00f0 engu.<br \/> <\/span> <span class=\"ljodatexti\"> <a name=\"20\"><span class=\"versanumer_ljod\">20<\/span><\/a>\u00de\u00fa ber\u00f0 hann ofurli\u00f0i um aldur og \u00e6vi<br \/>og hann hverfur \u00e1 braut.<br \/>\u00de\u00fa afmyndar \u00e1sj\u00f3nu hans<br \/>og sendir hann fr\u00e1 \u00fe\u00e9r.<br \/> <\/span> <span class=\"ljodatexti\"> <a name=\"21\"><span class=\"versanumer_ljod\">21<\/span><\/a>Komist b\u00f6rn hans til vir\u00f0ingar<br \/>veit hann \u00fea\u00f0 ekki,<br \/>ver\u00f0i \u00feau l\u00edtils metin<br \/>tekur hann ekki eftir \u00fev\u00ed,<br \/> <\/span> <span class=\"ljodatexti\"> <a name=\"22\"><span class=\"versanumer_ljod\">22<\/span><\/a> \u00fev\u00ed a\u00f0 l\u00edkami hans skynjar a\u00f0eins eigin kv\u00f6l<br \/>og hugur hans hryggist a\u00f0eins sj\u00e1lfs s\u00edn vegna. <\/span> <\/p>\n","protected":false},"excerpt":{"rendered":"<p>1Ma\u00f0ur, af konu f\u00e6ddur, lifir f\u00e1a \u00e6vidaga, fulla af eir\u00f0arleysi. 2Hann vex eins og bl\u00f3m og visnar,hverfur sem hvikull skuggi. 3Samt hefur\u00f0u \u00e1 honum vakandi augaog kallar hann fyrir d\u00f3m \u00feinn. 4Hver getur leitt hreint af \u00f3hreinu?Ekki nokkur ma\u00f0ur. 5Hafi \u00e6vidagar hans veri\u00f0 \u00e1kvar\u00f0a\u00f0irog tala m\u00e1na\u00f0a hans \u00e1kve\u00f0in af \u00fe\u00e9r,hafir\u00f0u sett honum m\u00f6rk sem hann kemst ekki yfir, 6l\u00edttu \u00fe\u00e1 af honum svo a\u00f0 hann f\u00e1i hv\u00edldog geti gla\u00f0st yfir degi s\u00ednum eins og daglaunama\u00f0ur. 7Tr\u00e9\u00f0 \u00e1 s\u00e9r framt\u00ed\u00f0,ver\u00f0i \u00fea\u00f0 h\u00f6ggvi\u00f0 vex \u00fea\u00f0 \u00e1 n\u00fdog teinungarnir halda \u00e1fram a\u00f0 vaxa. 8\u00de\u00f3tt r\u00f3tin eldist \u00ed j\u00f6r\u00f0inniog stofninn deyi \u00ed moldinni 9vex <a href=\"https:\/\/biblian.is\/biblian\/jobsbok-14-kafli\/\"> [&#8230;]<\/a><\/p>\n","protected":false},"author":1,"featured_media":0,"parent":0,"menu_order":0,"comment_status":"open","ping_status":"open","template":"bibliukaflar_NT.php","meta":{"footnotes":""},"class_list":["post-2067","page","type-page","status-publish","hentry"],"_links":{"self":[{"href":"https:\/\/biblian.is\/biblian\/wp-json\/wp\/v2\/pages\/2067","targetHints":{"allow":["GET"]}}],"collection":[{"href":"https:\/\/biblian.is\/biblian\/wp-json\/wp\/v2\/pages"}],"about":[{"href":"https:\/\/biblian.is\/biblian\/wp-json\/wp\/v2\/types\/page"}],"author":[{"embeddable":true,"href":"https:\/\/biblian.is\/biblian\/wp-json\/wp\/v2\/users\/1"}],"replies":[{"embeddable":true,"href":"https:\/\/biblian.is\/biblian\/wp-json\/wp\/v2\/comments?post=2067"}],"version-history":[{"count":0,"href":"https:\/\/biblian.is\/biblian\/wp-json\/wp\/v2\/pages\/2067\/revisions"}],"wp:attachment":[{"href":"https:\/\/biblian.is\/biblian\/wp-json\/wp\/v2\/media?parent=2067"}],"curies":[{"name":"wp","href":"https:\/\/api.w.org\/{rel}","templated":true}]}}