{"id":2065,"date":"2017-12-30T21:01:35","date_gmt":"2017-12-30T21:01:35","guid":{"rendered":"http:\/\/biblian.is\/biblian\/jobsb%c2%97k-12-kafli\/"},"modified":"2024-06-27T02:38:40","modified_gmt":"2024-06-27T02:38:40","slug":"jobsbok-12-kafli","status":"publish","type":"page","link":"https:\/\/biblian.is\/biblian\/jobsbok-12-kafli\/","title":{"rendered":"Jobsb\u00f3k 12. kafli"},"content":{"rendered":"<h3 class=\"millifyrirsogn_2007\"> Svar Jobs<\/h3>\n<p><a name=\"1\"><span class=\"versanumer_2007\">1<\/span><\/a> Job svara\u00f0i og sag\u00f0i:<br \/> <span class=\"ljodatexti\"> <a name=\"2\"><span class=\"versanumer_ljod\">2<\/span><\/a>Sannarlega eru\u00f0 \u00fe\u00e9r vitrir<br \/>og spekin deyr \u00fat me\u00f0 y\u00f0ur.<br \/> <\/span> <span class=\"ljodatexti\"> <a name=\"3\"><span class=\"versanumer_ljod\">3<\/span><\/a>\u00c9g hef l\u00edka vit eins og \u00fe\u00e9r.<br \/>Og hverjum er ekki kunnugt um \u00fea\u00f0?<br \/> <\/span> <span class=\"ljodatexti\"> <a name=\"4\"><span class=\"versanumer_ljod\">4<\/span><\/a>\u00c9g var\u00f0 a\u00f0 athl\u00e6gi me\u00f0al vina minna,<br \/>\u00e9g sem \u00e1kalla\u00f0i Gu\u00f0 og var b\u00e6nheyr\u00f0ur,<br \/>r\u00e9ttl\u00e1tur og flekklaus ma\u00f0ur var\u00f0 a\u00f0 athl\u00e6gi.<br \/> <\/span> <span class=\"ljodatexti\"> <a name=\"5\"><span class=\"versanumer_ljod\">5<\/span><\/a>Hinum \u00f3hulta finnst \u00f3g\u00e6fan fyrirlitleg<br \/>en h\u00fan er v\u00eds \u00feeim sem hrasar.<br \/> <\/span> <span class=\"ljodatexti\"> <a name=\"6\"><span class=\"versanumer_ljod\">6<\/span><\/a>Tj\u00f6ld ofbeldismanna eru l\u00e1tin \u00f3\u00e1reitt<br \/>og \u00feeir eru \u00f3hultir sem vekja rei\u00f0i Gu\u00f0s,<br \/>sem telja sig hafa Gu\u00f0 \u00ed hendi s\u00e9r.<br \/> <\/span> <span class=\"ljodatexti\"> <a name=\"7\"><span class=\"versanumer_ljod\">7<\/span><\/a>Spyr\u00f0u skepnurnar svo a\u00f0 \u00fe\u00e6r kenni \u00fe\u00e9r,<br \/>fugla himins og \u00feeir munu sk\u00fdra \u00fe\u00e9r fr\u00e1<br \/> <\/span> <span class=\"ljodatexti\"> <a name=\"8\"><span class=\"versanumer_ljod\">8<\/span><\/a>e\u00f0a d\u00fdr merkurinnar svo a\u00f0 \u00feau kenni \u00fe\u00e9r,<br \/>og fiskar hafsins geta einnig sagt \u00fe\u00e9r fr\u00e1 \u00feessu.<br \/> <\/span> <span class=\"ljodatexti\"> <a name=\"9\"><span class=\"versanumer_ljod\">9<\/span><\/a>Hvert \u00feeirra skyldi ekki vita<br \/>a\u00f0 h\u00f6nd Drottins hefur gert \u00feetta,<br \/> <\/span> <span class=\"ljodatexti\"> <a name=\"10\"><span class=\"versanumer_ljod\">10<\/span><\/a>a\u00f0 l\u00edfskraftur alls sem lifir er \u00ed hendi hans<br \/>og l\u00edfsandi allra dau\u00f0legra manna?<br \/> <\/span> <span class=\"ljodatexti\"> <a name=\"11\"><span class=\"versanumer_ljod\">11<\/span><\/a>Pr\u00f3far eyra\u00f0 ekki or\u00f0in<br \/>og finnur g\u00f3murinn ekki brag\u00f0 a\u00f0 matnum?<br \/> <\/span> <span class=\"ljodatexti\"> <a name=\"12\"><span class=\"versanumer_ljod\">12<\/span><\/a>Er spekina a\u00f0 finna hj\u00e1 \u00f6ldungum<br \/>og hyggindin hj\u00e1 langl\u00edfum?<br \/> <\/span> <span class=\"ljodatexti\"> <a name=\"13\"><span class=\"versanumer_ljod\">13<\/span><\/a>Hj\u00e1 Gu\u00f0i er speki og kraftur,<br \/>hj\u00e1 honum er r\u00e1\u00f0snilld og hyggindi.<br \/> <\/span> <span class=\"ljodatexti\"> <a name=\"14\"><span class=\"versanumer_ljod\">14<\/span><\/a>\u00dea\u00f0 sem hann r\u00edfur ni\u00f0ur ver\u00f0ur ekki endurreist,<br \/>fyrir \u00feeim sem hann l\u00e6sir inni ver\u00f0ur ekki upp loki\u00f0.<br \/> <\/span> <span class=\"ljodatexti\"> <a name=\"15\"><span class=\"versanumer_ljod\">15<\/span><\/a>St\u00f6\u00f0vi hann vatnsflauminn \u00feornar hann,<br \/>sleppi hann honum lausum ey\u00f0ir hann landinu.<br \/> <\/span> <span class=\"ljodatexti\"> <a name=\"16\"><span class=\"versanumer_ljod\">16<\/span><\/a>Hj\u00e1 honum er m\u00e1ttur og viska,<br \/>hans eru \u00feeir sem villast og villa um.<br \/> <\/span> <span class=\"ljodatexti\"> <a name=\"17\"><span class=\"versanumer_ljod\">17<\/span><\/a>Hann lei\u00f0ir r\u00e1\u00f0gjafa berf\u00e6tta \u00e1 braut,<br \/>gerir d\u00f3mara a\u00f0 gl\u00f3pum,<br \/> <\/span> <span class=\"ljodatexti\"> <a name=\"18\"><span class=\"versanumer_ljod\">18<\/span><\/a>leysir fj\u00f6tra konunga<br \/>og bindur reipi um lendar \u00feeirra,<br \/> <\/span> <span class=\"ljodatexti\"> <a name=\"19\"><span class=\"versanumer_ljod\">19<\/span><\/a>lei\u00f0ir presta berf\u00e6tta \u00e1 braut<br \/>og steypir fornum valda\u00e6ttum.<br \/> <\/span> <span class=\"ljodatexti\"> <a name=\"20\"><span class=\"versanumer_ljod\">20<\/span><\/a>Hann r\u00e6nir m\u00e6lskumenn m\u00e1linu,<br \/>sviptir \u00f6ldunga d\u00f3mgreind,<br \/> <\/span> <span class=\"ljodatexti\"> <a name=\"21\"><span class=\"versanumer_ljod\">21<\/span><\/a>eys sm\u00e1n yfir tignarmenni<br \/>og slakar \u00e1 belti hinna st\u00e6ltu.<br \/> <\/span> <span class=\"ljodatexti\"> <a name=\"22\"><span class=\"versanumer_ljod\">22<\/span><\/a> Hann lei\u00f0ir hi\u00f0 hulda fram \u00far myrkrinu<br \/>og dregur dimmuna fram \u00ed birtuna.<br \/> <\/span> <span class=\"ljodatexti\"> <a name=\"23\"><span class=\"versanumer_ljod\">23<\/span><\/a> Hann eflir \u00fej\u00f3\u00f0ir og tort\u00edmir \u00feeim,<br \/>brei\u00f0ir \u00fe\u00e6r \u00fat og uppr\u00e6tir \u00fe\u00e6r,<br \/> <\/span> <span class=\"ljodatexti\"> <a name=\"24\"><span class=\"versanumer_ljod\">24<\/span><\/a> sviptir h\u00f6f\u00f0ingja landsins viti,<br \/>l\u00e6tur \u00fe\u00e1 r\u00e1fa um vegalausa au\u00f0n,<br \/> <\/span> <span class=\"ljodatexti\"> <a name=\"25\"><span class=\"versanumer_ljod\">25<\/span><\/a> f\u00e1lma \u00ed gl\u00f3rulausu myrkri,<br \/>reikula \u00ed spori eins og drukkna menn. <\/span> <\/p>\n","protected":false},"excerpt":{"rendered":"<p>Svar Jobs 1 Job svara\u00f0i og sag\u00f0i: 2Sannarlega eru\u00f0 \u00fe\u00e9r vitrirog spekin deyr \u00fat me\u00f0 y\u00f0ur. 3\u00c9g hef l\u00edka vit eins og \u00fe\u00e9r.Og hverjum er ekki kunnugt um \u00fea\u00f0? 4\u00c9g var\u00f0 a\u00f0 athl\u00e6gi me\u00f0al vina minna,\u00e9g sem \u00e1kalla\u00f0i Gu\u00f0 og var b\u00e6nheyr\u00f0ur,r\u00e9ttl\u00e1tur og flekklaus ma\u00f0ur var\u00f0 a\u00f0 athl\u00e6gi. 5Hinum \u00f3hulta finnst \u00f3g\u00e6fan fyrirlitlegen h\u00fan er v\u00eds \u00feeim sem hrasar. 6Tj\u00f6ld ofbeldismanna eru l\u00e1tin \u00f3\u00e1reittog \u00feeir eru \u00f3hultir sem vekja rei\u00f0i Gu\u00f0s,sem telja sig hafa Gu\u00f0 \u00ed hendi s\u00e9r. 7Spyr\u00f0u skepnurnar svo a\u00f0 \u00fe\u00e6r kenni \u00fe\u00e9r,fugla himins og \u00feeir munu sk\u00fdra \u00fe\u00e9r fr\u00e1 8e\u00f0a d\u00fdr merkurinnar svo a\u00f0 \u00feau kenni \u00fe\u00e9r,og <a href=\"https:\/\/biblian.is\/biblian\/jobsbok-12-kafli\/\"> [&#8230;]<\/a><\/p>\n","protected":false},"author":1,"featured_media":0,"parent":0,"menu_order":0,"comment_status":"open","ping_status":"open","template":"bibliukaflar_NT.php","meta":{"footnotes":""},"class_list":["post-2065","page","type-page","status-publish","hentry"],"_links":{"self":[{"href":"https:\/\/biblian.is\/biblian\/wp-json\/wp\/v2\/pages\/2065","targetHints":{"allow":["GET"]}}],"collection":[{"href":"https:\/\/biblian.is\/biblian\/wp-json\/wp\/v2\/pages"}],"about":[{"href":"https:\/\/biblian.is\/biblian\/wp-json\/wp\/v2\/types\/page"}],"author":[{"embeddable":true,"href":"https:\/\/biblian.is\/biblian\/wp-json\/wp\/v2\/users\/1"}],"replies":[{"embeddable":true,"href":"https:\/\/biblian.is\/biblian\/wp-json\/wp\/v2\/comments?post=2065"}],"version-history":[{"count":0,"href":"https:\/\/biblian.is\/biblian\/wp-json\/wp\/v2\/pages\/2065\/revisions"}],"wp:attachment":[{"href":"https:\/\/biblian.is\/biblian\/wp-json\/wp\/v2\/media?parent=2065"}],"curies":[{"name":"wp","href":"https:\/\/api.w.org\/{rel}","templated":true}]}}