{"id":2064,"date":"2017-12-30T21:01:35","date_gmt":"2017-12-30T21:01:35","guid":{"rendered":"http:\/\/biblian.is\/biblian\/jobsb%c2%97k-11-kafli\/"},"modified":"2024-06-27T02:38:40","modified_gmt":"2024-06-27T02:38:40","slug":"jobsbok-11-kafli","status":"publish","type":"page","link":"https:\/\/biblian.is\/biblian\/jobsbok-11-kafli\/","title":{"rendered":"Jobsb\u00f3k 11. kafli"},"content":{"rendered":"<h3 class=\"millifyrirsogn_2007\"> Fyrsta r\u00e6\u00f0a S\u00f3fars<\/h3>\n<p><a name=\"1\"><span class=\"versanumer_2007\">1<\/span><\/a> S\u00f3far fr\u00e1 Naama svara\u00f0i og sag\u00f0i:<br \/> <span class=\"ljodatexti\"> <a name=\"2\"><span class=\"versanumer_ljod\">2<\/span><\/a>Skal or\u00f0aflaumnum ekki svara\u00f0<br \/>e\u00f0a \u00e1 s\u00e1 m\u00e1l\u00f3\u00f0i a\u00f0 teljast hafa r\u00e9tt fyrir s\u00e9r?<br \/> <\/span> <span class=\"ljodatexti\"> <a name=\"3\"><span class=\"versanumer_ljod\">3<\/span><\/a>\u00c1 fleipur \u00feitt a\u00f0 gera menn or\u00f0lausa<br \/>svo a\u00f0 \u00fe\u00fa getir spotta\u00f0 \u00e1n \u00feess a\u00f0 nokkur geri \u00fe\u00e9r sk\u00f6mm?<br \/> <\/span> <span class=\"ljodatexti\"> <a name=\"4\"><span class=\"versanumer_ljod\">4<\/span><\/a>\u00de\u00fa segir: \u201eBo\u00f0skapur minn er sk\u00fdr<br \/>og \u00e9g hef veri\u00f0 hreinn \u00ed augum \u00fe\u00ednum.\u201c<br \/> <\/span> <span class=\"ljodatexti\"> <a name=\"5\"><span class=\"versanumer_ljod\">5<\/span><\/a>\u00c9g vildi \u00f3ska a\u00f0 Gu\u00f0 tala\u00f0i,<br \/>lyki upp v\u00f6rum s\u00ednum gegn \u00fe\u00e9r<br \/> <\/span> <span class=\"ljodatexti\"> <a name=\"6\"><span class=\"versanumer_ljod\">6<\/span><\/a>og sk\u00fdr\u00f0i \u00fe\u00e9r fr\u00e1 leyndard\u00f3mum spekinnar<br \/>sem er jafngildi kraftaverka.<br \/>\u00de\u00e1 mundir\u00f0u vi\u00f0urkenna,<br \/>a\u00f0 \u00fe\u00edn vegna hefur Gu\u00f0 gleymt \u00fdmsum syndum \u00fe\u00ednum.<br \/> <\/span> <span class=\"ljodatexti\"> <a name=\"7\"><span class=\"versanumer_ljod\">7<\/span><\/a>N\u00e6r\u00f0u til botns \u00ed dj\u00fapi Gu\u00f0s<br \/>e\u00f0a a\u00f0 ystu m\u00f6rkum Hins alm\u00e1ttka?<br \/> <\/span> <span class=\"ljodatexti\"> <a name=\"8\"><span class=\"versanumer_ljod\">8<\/span><\/a>\u00deau liggja h\u00e6rra himni, hverju f\u00e6r\u00f0u \u00e1orka\u00f0 \u00fear?<br \/>D\u00fdpra en undirheimar, hva\u00f0 f\u00e6r\u00f0 \u00fe\u00fa vita\u00f0?<br \/> <\/span> <span class=\"ljodatexti\"> <a name=\"9\"><span class=\"versanumer_ljod\">9<\/span><\/a>\u00deau eru lengri en j\u00f6r\u00f0in m\u00e6list,<br \/>v\u00ed\u00f0ari en hafi\u00f0.<br \/> <\/span> <span class=\"ljodatexti\"> <a name=\"10\"><span class=\"versanumer_ljod\">10<\/span><\/a>Ef hann fer um og tekur fanga<br \/>e\u00f0a stefnir m\u00f6nnum fyrir r\u00e9tt,<br \/>hver f\u00e6r \u00fe\u00e1 aftra\u00f0 honum?<br \/> <\/span> <span class=\"ljodatexti\"> <a name=\"11\"><span class=\"versanumer_ljod\">11<\/span><\/a>Hann \u00feekkir \u00fe\u00e1 einskisver\u00f0u,<br \/>s\u00e9r rangl\u00e6ti og gefur \u00fev\u00ed g\u00e6tur.<br \/> <\/span> <span class=\"ljodatexti\"> <a name=\"12\"><span class=\"versanumer_ljod\">12<\/span><\/a>Ef heimskur ma\u00f0ur ver\u00f0ur skynsamur<br \/>getur villiasni eins f\u00e6\u00f0st sem ma\u00f0ur.<br \/> <\/span> <span class=\"ljodatexti\"> <a name=\"13\"><span class=\"versanumer_ljod\">13<\/span><\/a>Ef \u00fe\u00fa undirb\u00fdr\u00f0 hjarta \u00feitt<br \/>og brei\u00f0ir \u00fat l\u00f3fa \u00fe\u00edna til hans,<br \/> <\/span> <span class=\"ljodatexti\"> <a name=\"14\"><span class=\"versanumer_ljod\">14<\/span><\/a>&#8211; ef misgj\u00f6r\u00f0 er \u00ed hendi \u00feinni \u00fe\u00e1 fjarl\u00e6g hana<br \/>og l\u00e1t eigi \u00f3r\u00e9tt b\u00faa \u00ed tj\u00f6ldum \u00fe\u00ednum &#8211;<br \/> <\/span> <span class=\"ljodatexti\"> <a name=\"15\"><span class=\"versanumer_ljod\">15<\/span><\/a>j\u00e1, \u00fe\u00e1 munt \u00fe\u00fa flekklaus hefja h\u00f6fu\u00f0 \u00feitt,<br \/>munt standa fastur og eigi \u00feurfa a\u00f0 \u00f3ttast.<br \/> <\/span> <span class=\"ljodatexti\"> <a name=\"16\"><span class=\"versanumer_ljod\">16<\/span><\/a>\u00de\u00e1 gleymir \u00fe\u00fa \u00fej\u00e1ningu \u00feinni,<br \/>minnist hennar eins og vatns sem runni\u00f0 hefur hj\u00e1<br \/> <\/span> <span class=\"ljodatexti\"> <a name=\"17\"><span class=\"versanumer_ljod\">17<\/span><\/a>og l\u00edfi\u00f0 ver\u00f0ur bjartara en h\u00e1degi<br \/>og myrkri\u00f0 ver\u00f0ur sem morgunn.<br \/> <\/span> <span class=\"ljodatexti\"> <a name=\"18\"><span class=\"versanumer_ljod\">18<\/span><\/a>\u00de\u00fa ver\u00f0ur \u00f6ruggur \u00fev\u00ed a\u00f0 enn er von,<br \/>n\u00fdtur verndar og sefur \u00f3hultur.<br \/> <\/span> <span class=\"ljodatexti\"> <a name=\"19\"><span class=\"versanumer_ljod\">19<\/span><\/a>\u00de\u00fa munt hv\u00edlast \u00e1n \u00feess a\u00f0 nokkur r\u00edfi \u00feig upp<br \/>og margir reyna a\u00f0 koma s\u00e9r \u00ed mj\u00fakinn hj\u00e1 \u00fe\u00e9r.<br \/> <\/span> <span class=\"ljodatexti\"> <a name=\"20\"><span class=\"versanumer_ljod\">20<\/span><\/a>En augu gu\u00f0lausra daprast,<br \/>\u00feeir eiga s\u00e9r ekkert h\u00e6li<br \/>og eina von \u00feeirra er a\u00f0 gefa upp andann. <\/span> <\/p>\n","protected":false},"excerpt":{"rendered":"<p>Fyrsta r\u00e6\u00f0a S\u00f3fars 1 S\u00f3far fr\u00e1 Naama svara\u00f0i og sag\u00f0i: 2Skal or\u00f0aflaumnum ekki svara\u00f0e\u00f0a \u00e1 s\u00e1 m\u00e1l\u00f3\u00f0i a\u00f0 teljast hafa r\u00e9tt fyrir s\u00e9r? 3\u00c1 fleipur \u00feitt a\u00f0 gera menn or\u00f0lausasvo a\u00f0 \u00fe\u00fa getir spotta\u00f0 \u00e1n \u00feess a\u00f0 nokkur geri \u00fe\u00e9r sk\u00f6mm? 4\u00de\u00fa segir: \u201eBo\u00f0skapur minn er sk\u00fdrog \u00e9g hef veri\u00f0 hreinn \u00ed augum \u00fe\u00ednum.\u201c 5\u00c9g vildi \u00f3ska a\u00f0 Gu\u00f0 tala\u00f0i,lyki upp v\u00f6rum s\u00ednum gegn \u00fe\u00e9r 6og sk\u00fdr\u00f0i \u00fe\u00e9r fr\u00e1 leyndard\u00f3mum spekinnarsem er jafngildi kraftaverka.\u00de\u00e1 mundir\u00f0u vi\u00f0urkenna,a\u00f0 \u00fe\u00edn vegna hefur Gu\u00f0 gleymt \u00fdmsum syndum \u00fe\u00ednum. 7N\u00e6r\u00f0u til botns \u00ed dj\u00fapi Gu\u00f0se\u00f0a a\u00f0 ystu m\u00f6rkum Hins alm\u00e1ttka? 8\u00deau liggja h\u00e6rra himni, hverju <a href=\"https:\/\/biblian.is\/biblian\/jobsbok-11-kafli\/\"> [&#8230;]<\/a><\/p>\n","protected":false},"author":1,"featured_media":0,"parent":0,"menu_order":0,"comment_status":"open","ping_status":"open","template":"bibliukaflar_NT.php","meta":{"footnotes":""},"class_list":["post-2064","page","type-page","status-publish","hentry"],"_links":{"self":[{"href":"https:\/\/biblian.is\/biblian\/wp-json\/wp\/v2\/pages\/2064","targetHints":{"allow":["GET"]}}],"collection":[{"href":"https:\/\/biblian.is\/biblian\/wp-json\/wp\/v2\/pages"}],"about":[{"href":"https:\/\/biblian.is\/biblian\/wp-json\/wp\/v2\/types\/page"}],"author":[{"embeddable":true,"href":"https:\/\/biblian.is\/biblian\/wp-json\/wp\/v2\/users\/1"}],"replies":[{"embeddable":true,"href":"https:\/\/biblian.is\/biblian\/wp-json\/wp\/v2\/comments?post=2064"}],"version-history":[{"count":0,"href":"https:\/\/biblian.is\/biblian\/wp-json\/wp\/v2\/pages\/2064\/revisions"}],"wp:attachment":[{"href":"https:\/\/biblian.is\/biblian\/wp-json\/wp\/v2\/media?parent=2064"}],"curies":[{"name":"wp","href":"https:\/\/api.w.org\/{rel}","templated":true}]}}