{"id":2063,"date":"2017-12-30T21:01:35","date_gmt":"2017-12-30T21:01:35","guid":{"rendered":"http:\/\/biblian.is\/biblian\/jobsb%c2%97k-10-kafli\/"},"modified":"2024-06-27T02:38:40","modified_gmt":"2024-06-27T02:38:40","slug":"jobsbok-10-kafli","status":"publish","type":"page","link":"https:\/\/biblian.is\/biblian\/jobsbok-10-kafli\/","title":{"rendered":"Jobsb\u00f3k 10. kafli"},"content":{"rendered":"<p><span class=\"ljodatexti\"> <a name=\"1\"><span class=\"versanumer_ljod\">1<\/span><\/a>M\u00e9r b\u00fd\u00f0ur vi\u00f0 l\u00edfi m\u00ednu,<br \/> \u00e9g \u00e6tla a\u00f0 gefa kveinst\u00f6fum m\u00ednum lausan tauminn,<br \/>tala af bitrum huga.<br \/> <a name=\"2\"><span class=\"versanumer_ljod\">2<\/span><\/a>\u00c9g segi vi\u00f0 Gu\u00f0: Sakfelldu mig ekki,<br \/>sk\u00fdr\u00f0u fyrir m\u00e9r hvers vegna \u00fe\u00fa \u00e1k\u00e6rir mig.<br \/> <a name=\"3\"><span class=\"versanumer_ljod\">3<\/span><\/a>Er \u00fea\u00f0 \u00fe\u00e9r \u00e1vinningur a\u00f0 beita ofbeldi,<br \/>a\u00f0 hafna verki handa \u00feinna<br \/>og l\u00e1ta lj\u00f3s sk\u00edna yfir r\u00e1\u00f0abrugg gu\u00f0lausra?<br \/> <\/span> <span class=\"ljodatexti\"> <a name=\"4\"><span class=\"versanumer_ljod\">4<\/span><\/a>Hefur \u00fe\u00fa augu dau\u00f0legs manns,<br \/>s\u00e9r\u00f0u eins og menn sj\u00e1?<br \/> <\/span> <span class=\"ljodatexti\"> <a name=\"5\"><span class=\"versanumer_ljod\">5<\/span><\/a>Eru dagar \u00fe\u00ednir eins og dagar dau\u00f0legra,<br \/>\u00e1r \u00fe\u00edn eins og manns\u00e6vin?<br \/> <\/span> <span class=\"ljodatexti\"> <a name=\"6\"><span class=\"versanumer_ljod\">6<\/span><\/a>\u00de\u00fa leitar misgj\u00f6r\u00f0a minna,<br \/>spyr\u00f0 um synd m\u00edna<br \/> <\/span> <span class=\"ljodatexti\"> <a name=\"7\"><span class=\"versanumer_ljod\">7<\/span><\/a>\u00fe\u00f3 a\u00f0 \u00fe\u00fa vitir a\u00f0 \u00e9g er ekki sekur<br \/>og enginn sl\u00edti mig \u00far hendi \u00fe\u00e9r.<br \/> <\/span> <span class=\"ljodatexti\"> <a name=\"8\"><span class=\"versanumer_ljod\">8<\/span><\/a>Hendur \u00fe\u00ednar m\u00f3tu\u00f0u mig og sk\u00f6pu\u00f0u,<br \/>s\u00ed\u00f0an snerir \u00fe\u00fa fr\u00e1 m\u00e9r og tort\u00edmdir m\u00e9r.<br \/> <\/span> <span class=\"ljodatexti\"> <a name=\"9\"><span class=\"versanumer_ljod\">9<\/span><\/a>Minnstu \u00feess a\u00f0 \u00fe\u00fa m\u00f3ta\u00f0ir mig \u00far leir,<br \/>\u00e6tlar \u00fe\u00fa a\u00f0 gera mig aftur a\u00f0 mold?<br \/> <\/span> <span class=\"ljodatexti\"> <a name=\"10\"><span class=\"versanumer_ljod\">10<\/span><\/a>Helltir \u00fe\u00fa m\u00e9r ekki sem mj\u00f3lk<br \/>og hleyptir mig eins og ost?<br \/> <\/span> <span class=\"ljodatexti\"> <a name=\"11\"><span class=\"versanumer_ljod\">11<\/span><\/a>\u00de\u00fa kl\u00e6ddir mig h\u00f6rundi og holdi<br \/>og fl\u00e9tta\u00f0ir mig \u00far beinum og sinum,<br \/> <\/span> <span class=\"ljodatexti\"> <a name=\"12\"><span class=\"versanumer_ljod\">12<\/span><\/a>gafst m\u00e9r l\u00edf og n\u00e1\u00f0<br \/>og vaktir yfir andardr\u00e6tti m\u00ednum.<br \/> <\/span> <span class=\"ljodatexti\"> <a name=\"13\"><span class=\"versanumer_ljod\">13<\/span><\/a>En \u00feetta faldir \u00fe\u00fa \u00ed hjarta \u00fe\u00e9r,<br \/>\u00e9g vissi a\u00f0 \u00fe\u00fa haf\u00f0ir \u00feetta \u00ed huga.<br \/> <\/span> <span class=\"ljodatexti\"> <a name=\"14\"><span class=\"versanumer_ljod\">14<\/span><\/a>\u00c6tla\u00f0ir \u00fe\u00fa a\u00f0 fylgjast me\u00f0 m\u00e9r ef \u00e9g syndga\u00f0i<br \/>og ekki s\u00fdkna mig af misgj\u00f6r\u00f0 minni?<br \/> <\/span> <span class=\"ljodatexti\"> <a name=\"15\"><span class=\"versanumer_ljod\">15<\/span><\/a>Vei m\u00e9r, v\u00e6ri \u00e9g sekur.<br \/>V\u00e6ri \u00e9g saklaus g\u00e6ti \u00e9g samt ekki bori\u00f0 h\u00f6fu\u00f0i\u00f0 h\u00e1tt,<br \/>\u00e9g er metta\u00f0ur sm\u00e1n, drukkinn af eymd.<br \/> <\/span> <span class=\"ljodatexti\"> <a name=\"16\"><span class=\"versanumer_ljod\">16<\/span><\/a>En b\u00e6ri \u00e9g h\u00f6fu\u00f0i\u00f0 h\u00e1tt mundir \u00fe\u00fa elta mig eins og lj\u00f3n<br \/>og fara aftur me\u00f0 mig \u00e1 undursamlegan h\u00e1tt,<br \/> <\/span> <span class=\"ljodatexti\"> <a name=\"17\"><span class=\"versanumer_ljod\">17<\/span><\/a>lei\u00f0a fram vitni \u00fe\u00edn gegn m\u00e9r a\u00f0 n\u00fdju,<br \/>auka \u00f3vild \u00fe\u00edna \u00ed minn gar\u00f0<br \/>og stefna hverri hersveitinni af annarri gegn m\u00e9r.<br \/> <\/span> <span class=\"ljodatexti\"> <a name=\"18\"><span class=\"versanumer_ljod\">18<\/span><\/a>Hv\u00ed hj\u00e1lpa\u00f0ir \u00fe\u00fa m\u00e9r \u00far m\u00f3\u00f0urkvi\u00f0i?<br \/>Hef\u00f0i \u00e9g d\u00e1i\u00f0 \u00e1\u00f0ur en nokkurt auga leit mig<br \/> <\/span> <span class=\"ljodatexti\"> <a name=\"19\"><span class=\"versanumer_ljod\">19<\/span><\/a>v\u00e6ri eins og \u00e9g hef\u00f0i aldrei veri\u00f0 til,<br \/>hef\u00f0i veri\u00f0 borinn fr\u00e1 m\u00f3\u00f0url\u00edfi til grafar.<br \/> <\/span> <span class=\"ljodatexti\"> <a name=\"20\"><span class=\"versanumer_ljod\">20<\/span><\/a>\u00c1 \u00e9g ekki f\u00e1a \u00e6vidaga \u00f3lifa\u00f0a?<br \/>Far\u00f0u fr\u00e1 m\u00e9r svo a\u00f0 \u00e9g megi gle\u00f0jast \u00f6rl\u00edti\u00f0<br \/> <\/span> <span class=\"ljodatexti\"> <a name=\"21\"><span class=\"versanumer_ljod\">21<\/span><\/a>\u00e1\u00f0ur en \u00e9g fer og kem aldrei aftur,<br \/>fer \u00ed land myrkurs og ni\u00f0dimmu,<br \/> <\/span> <span class=\"ljodatexti\"> <a name=\"22\"><span class=\"versanumer_ljod\">22<\/span><\/a> land svartamyrkurs og sorta.<br \/>Ni\u00f0dimma r\u00edkir \u00fear og \u00f3rei\u00f0a,<br \/>\u00fear er birtan sj\u00e1lf sem svartn\u00e6tti. <\/span> <\/p>\n","protected":false},"excerpt":{"rendered":"<p>1M\u00e9r b\u00fd\u00f0ur vi\u00f0 l\u00edfi m\u00ednu, \u00e9g \u00e6tla a\u00f0 gefa kveinst\u00f6fum m\u00ednum lausan tauminn,tala af bitrum huga. 2\u00c9g segi vi\u00f0 Gu\u00f0: Sakfelldu mig ekki,sk\u00fdr\u00f0u fyrir m\u00e9r hvers vegna \u00fe\u00fa \u00e1k\u00e6rir mig. 3Er \u00fea\u00f0 \u00fe\u00e9r \u00e1vinningur a\u00f0 beita ofbeldi,a\u00f0 hafna verki handa \u00feinnaog l\u00e1ta lj\u00f3s sk\u00edna yfir r\u00e1\u00f0abrugg gu\u00f0lausra? 4Hefur \u00fe\u00fa augu dau\u00f0legs manns,s\u00e9r\u00f0u eins og menn sj\u00e1? 5Eru dagar \u00fe\u00ednir eins og dagar dau\u00f0legra,\u00e1r \u00fe\u00edn eins og manns\u00e6vin? 6\u00de\u00fa leitar misgj\u00f6r\u00f0a minna,spyr\u00f0 um synd m\u00edna 7\u00fe\u00f3 a\u00f0 \u00fe\u00fa vitir a\u00f0 \u00e9g er ekki sekurog enginn sl\u00edti mig \u00far hendi \u00fe\u00e9r. 8Hendur \u00fe\u00ednar m\u00f3tu\u00f0u mig og sk\u00f6pu\u00f0u,s\u00ed\u00f0an snerir \u00fe\u00fa fr\u00e1 m\u00e9r og <a href=\"https:\/\/biblian.is\/biblian\/jobsbok-10-kafli\/\"> [&#8230;]<\/a><\/p>\n","protected":false},"author":1,"featured_media":0,"parent":0,"menu_order":0,"comment_status":"open","ping_status":"open","template":"bibliukaflar_NT.php","meta":{"footnotes":""},"class_list":["post-2063","page","type-page","status-publish","hentry"],"_links":{"self":[{"href":"https:\/\/biblian.is\/biblian\/wp-json\/wp\/v2\/pages\/2063","targetHints":{"allow":["GET"]}}],"collection":[{"href":"https:\/\/biblian.is\/biblian\/wp-json\/wp\/v2\/pages"}],"about":[{"href":"https:\/\/biblian.is\/biblian\/wp-json\/wp\/v2\/types\/page"}],"author":[{"embeddable":true,"href":"https:\/\/biblian.is\/biblian\/wp-json\/wp\/v2\/users\/1"}],"replies":[{"embeddable":true,"href":"https:\/\/biblian.is\/biblian\/wp-json\/wp\/v2\/comments?post=2063"}],"version-history":[{"count":0,"href":"https:\/\/biblian.is\/biblian\/wp-json\/wp\/v2\/pages\/2063\/revisions"}],"wp:attachment":[{"href":"https:\/\/biblian.is\/biblian\/wp-json\/wp\/v2\/media?parent=2063"}],"curies":[{"name":"wp","href":"https:\/\/api.w.org\/{rel}","templated":true}]}}