{"id":2062,"date":"2017-12-30T21:01:35","date_gmt":"2017-12-30T21:01:35","guid":{"rendered":"http:\/\/biblian.is\/biblian\/jobsb%c2%97k-9-kafli\/"},"modified":"2024-06-27T02:38:46","modified_gmt":"2024-06-27T02:38:46","slug":"jobsbok-9-kafli","status":"publish","type":"page","link":"https:\/\/biblian.is\/biblian\/jobsbok-9-kafli\/","title":{"rendered":"Jobsb\u00f3k 9. kafli"},"content":{"rendered":"<h3 class=\"millifyrirsogn_2007\"> Andm\u00e6li Jobs<\/h3>\n<p><a name=\"1\"><span class=\"versanumer_2007\">1<\/span><\/a> Job svara\u00f0i og sag\u00f0i:<br \/> <span class=\"ljodatexti\"> <a name=\"2\"><span class=\"versanumer_ljod\">2<\/span><\/a>V\u00edst vissi \u00e9g a\u00f0 \u00feessu er \u00feannig fari\u00f0<br \/>\u00fev\u00ed a\u00f0 hvernig getur ma\u00f0urinn haft r\u00e9tt fyrir s\u00e9r gagnvart Gu\u00f0i?<br \/> <\/span> <span class=\"ljodatexti\"> <a name=\"3\"><span class=\"versanumer_ljod\">3<\/span><\/a>Vilji hann deila vi\u00f0 Gu\u00f0<br \/>getur hann ekki svara\u00f0 einni spurningu af \u00fe\u00fasund.<br \/> <\/span> <span class=\"ljodatexti\"> <a name=\"4\"><span class=\"versanumer_ljod\">4<\/span><\/a>Gu\u00f0 er vitur \u00ed hjarta og mikill a\u00f0 m\u00e6tti,<br \/>hver hefur bo\u00f0i\u00f0 honum birginn \u00e1n \u00feess a\u00f0 saka?<br \/> <\/span> <span class=\"ljodatexti\"> <a name=\"5\"><span class=\"versanumer_ljod\">5<\/span><\/a>Hann flytur fj\u00f6ll \u00feeim a\u00f0 \u00f3v\u00f6rum,<br \/>hann umturnar \u00feeim \u00ed rei\u00f0i sinni,<br \/> <\/span> <span class=\"ljodatexti\"> <a name=\"6\"><span class=\"versanumer_ljod\">6<\/span><\/a>hann hr\u00e6rir j\u00f6r\u00f0ina \u00far sta\u00f0<br \/>svo a\u00f0 sto\u00f0ir hennar n\u00f6tra,<br \/> <\/span> <span class=\"ljodatexti\"> <a name=\"7\"><span class=\"versanumer_ljod\">7<\/span><\/a>hann skipar s\u00f3linni fyrir og h\u00fan kemur ekki upp<br \/>og hann innsiglar stj\u00f6rnurnar,<br \/> <\/span> <span class=\"ljodatexti\"> <a name=\"8\"><span class=\"versanumer_ljod\">8<\/span><\/a>hann einn \u00feandi himininn \u00fat<br \/>og gengur \u00e1 \u00f6lduf\u00f6ldum hafsins,<br \/> <\/span> <span class=\"ljodatexti\"> <a name=\"9\"><span class=\"versanumer_ljod\">9<\/span><\/a>hann sk\u00f3p Karlsvagninn og \u00d3r\u00edon,<br \/>Sj\u00f6stj\u00f6rnuna og stj\u00f6rnumerkin \u00ed su\u00f0ri.<br \/> <\/span> <span class=\"ljodatexti\"> <a name=\"10\"><span class=\"versanumer_ljod\">10<\/span><\/a>Hann vinnur st\u00f3rvirki sem ekki ver\u00f0a k\u00f6nnu\u00f0<br \/>og kraftaverk sem ekki ver\u00f0a talin.<br \/> <\/span> <span class=\"ljodatexti\"> <a name=\"11\"><span class=\"versanumer_ljod\">11<\/span><\/a>Gangi hann fram hj\u00e1 m\u00e9r s\u00e9 \u00e9g hann ekki,<br \/>fari hann hj\u00e1 ver\u00f0 \u00e9g hans ekki var.<br \/> <\/span> <span class=\"ljodatexti\"> <a name=\"12\"><span class=\"versanumer_ljod\">12<\/span><\/a>Hann hrifsar burt, hver hindrar hann?<br \/>Hver getur spurt hann: \u201eHva\u00f0 ertu a\u00f0 gera?\u201c<br \/> <\/span> <span class=\"ljodatexti\"> <a name=\"13\"><span class=\"versanumer_ljod\">13<\/span><\/a>Gu\u00f0 hemur ekki rei\u00f0i s\u00edna,<br \/>\u00feeir sem hj\u00e1lpu\u00f0u Rahab beyg\u00f0u sig undir hann.<br \/> <\/span> <span class=\"ljodatexti\"> <a name=\"14\"><span class=\"versanumer_ljod\">14<\/span><\/a>Hvernig \u00e1 \u00e9g a\u00f0 geta svara\u00f0 honum,<br \/>vali\u00f0 or\u00f0 m\u00edn gegn honum?<br \/> <\/span> <span class=\"ljodatexti\"> <a name=\"15\"><span class=\"versanumer_ljod\">15<\/span><\/a>\u00de\u00f3 a\u00f0 \u00e9g hef\u00f0i r\u00e9tt fyrir m\u00e9r g\u00e6ti \u00e9g ekki svara\u00f0<br \/>og yr\u00f0i a\u00f0 bi\u00f0ja d\u00f3mara minn miskunnar.<br \/> <\/span> <span class=\"ljodatexti\"> <a name=\"16\"><span class=\"versanumer_ljod\">16<\/span><\/a>Mundi hann svara m\u00e9r ef \u00e9g hr\u00f3pa\u00f0i?<br \/>\u00c9g held a\u00f0 hann leg\u00f0i ekki hlustir vi\u00f0 hr\u00f3pi m\u00ednu,<br \/> <\/span> <span class=\"ljodatexti\"> <a name=\"17\"><span class=\"versanumer_ljod\">17<\/span><\/a>hann sem feykir m\u00e9r \u00ed storminum<br \/>og fj\u00f6lgar s\u00e1rum m\u00ednum a\u00f0 \u00e1st\u00e6\u00f0ulausu.<br \/> <\/span> <span class=\"ljodatexti\"> <a name=\"18\"><span class=\"versanumer_ljod\">18<\/span><\/a>Hann l\u00e6tur mig ekki n\u00e1 andanum<br \/>en mettar mig beiskju.<br \/> <\/span> <span class=\"ljodatexti\"> <a name=\"19\"><span class=\"versanumer_ljod\">19<\/span><\/a>S\u00e9 um kraft a\u00f0 r\u00e6\u00f0a er m\u00e1tturinn hans,<br \/>s\u00e9 um r\u00e9tt a\u00f0 r\u00e6\u00f0a hver vill \u00fe\u00e1 stefna honum?<br \/> <\/span> <span class=\"ljodatexti\"> <a name=\"20\"><span class=\"versanumer_ljod\">20<\/span><\/a>Hef\u00f0i \u00e9g r\u00e9tt fyrir m\u00e9r sakfelldi mig munnur minn,<br \/>v\u00e6ri \u00e9g saklaus k\u00e6mi hann sektinni \u00e1 mig.<br \/> <\/span> <span class=\"ljodatexti\"> <a name=\"21\"><span class=\"versanumer_ljod\">21<\/span><\/a>\u00c9g er saklaus og m\u00e9r er sama um l\u00edf mitt,<br \/>\u00e9g met \u00fea\u00f0 einskis.<br \/> <\/span> <span class=\"ljodatexti\"> <a name=\"22\"><span class=\"versanumer_ljod\">22<\/span><\/a> Allt ber a\u00f0 sama brunni, \u00fev\u00ed segi \u00e9g:<br \/>Saklausum og \u00f3gu\u00f0legum tort\u00edmir hann.<br \/> <\/span> <span class=\"ljodatexti\"> <a name=\"23\"><span class=\"versanumer_ljod\">23<\/span><\/a> \u00deegar svipan dey\u00f0ir \u00f3v\u00e6nt<br \/>h\u00e6\u00f0ir hann angist hinna saklausu.<br \/> <\/span> <span class=\"ljodatexti\"> <a name=\"24\"><span class=\"versanumer_ljod\">24<\/span><\/a> Falli land gu\u00f0lausum \u00ed greipar<br \/>byrgir hann augu d\u00f3maranna.<br \/>Ef ekki hann, hver \u00fe\u00e1?<br \/> <\/span> <span class=\"ljodatexti\"> <a name=\"25\"><span class=\"versanumer_ljod\">25<\/span><\/a> \u00c6vidagar m\u00ednir geysast \u00e1fram eins og hra\u00f0bo\u00f0i,<br \/>\u00feeir \u00fej\u00f3ta hj\u00e1 \u00e1n \u00feess a\u00f0 l\u00edta heill,<br \/> <\/span> <span class=\"ljodatexti\"> <a name=\"26\"><span class=\"versanumer_ljod\">26<\/span><\/a> renna \u00e1fram eins og reyrb\u00e1tur,<br \/>l\u00edkt og \u00f6rn sem steypir s\u00e9r yfir br\u00e1\u00f0.<br \/> <\/span> <span class=\"ljodatexti\"> <a name=\"27\"><span class=\"versanumer_ljod\">27<\/span><\/a> Ef \u00e9g hugsa: \u201e\u00c9g \u00e6tla a\u00f0 gleyma harmi m\u00ednum,<br \/>breyta um svip og ver\u00f0a gla\u00f0legur,\u201c<br \/> <\/span> <span class=\"ljodatexti\"> <a name=\"28\"><span class=\"versanumer_ljod\">28<\/span><\/a> \u00fe\u00e1 hryllir mig vi\u00f0 \u00fej\u00e1ningum m\u00ednum,<br \/>\u00e9g veit a\u00f0 \u00fe\u00fa s\u00fdknar mig ekki.<br \/> <\/span> <span class=\"ljodatexti\"> <a name=\"29\"><span class=\"versanumer_ljod\">29<\/span><\/a> \u00c9g er \u00feegar sakfelldur,<br \/>hvers vegna erfi\u00f0a \u00e9g \u00fe\u00e1 til einskis?<br \/> <\/span> <span class=\"ljodatexti\"> <a name=\"30\"><span class=\"versanumer_ljod\">30<\/span><\/a> \u00dev\u00e6gi \u00e9g m\u00e9r \u00far snj\u00f3<br \/>og hreinsa\u00f0i hendur m\u00ednar me\u00f0 l\u00fat<br \/> <\/span> <span class=\"ljodatexti\"> <a name=\"31\"><span class=\"versanumer_ljod\">31<\/span><\/a> mundir \u00fe\u00fa d\u00fdfa m\u00e9r \u00ed d\u00edki\u00f0<br \/>svo a\u00f0 kl\u00e6\u00f0um m\u00ednum by\u00f0i vi\u00f0 m\u00e9r.<br \/> <\/span> <span class=\"ljodatexti\"> <a name=\"32\"><span class=\"versanumer_ljod\">32<\/span><\/a> Gu\u00f0 er ekki ma\u00f0ur eins og \u00e9g, a\u00f0 \u00e9g geti svara\u00f0 honum<br \/>og vi\u00f0 m\u00e6st fyrir r\u00e9tti.<br \/> <\/span> <span class=\"ljodatexti\"> <a name=\"33\"><span class=\"versanumer_ljod\">33<\/span><\/a> Enginn er til sem getur skori\u00f0 \u00far m\u00e1lum vorum<br \/>og lagt h\u00f6nd s\u00edna yfir oss b\u00e1\u00f0a.<br \/> <\/span> <span class=\"ljodatexti\"> <a name=\"34\"><span class=\"versanumer_ljod\">34<\/span><\/a> \u00c9g vildi a\u00f0 hann l\u00e9tti af m\u00e9r svipu sinni<br \/>svo a\u00f0 \u00f3ttinn vi\u00f0 hann kvelji mig ekki framar.<br \/> <\/span> <span class=\"ljodatexti\"> <a name=\"35\"><span class=\"versanumer_ljod\">35<\/span><\/a> \u00de\u00e1 mun \u00e9g tala \u00e1n \u00feess a\u00f0 skelfast hann<br \/>en eins og komi\u00f0 er fyrir m\u00e9r get \u00e9g \u00fea\u00f0 ekki. <\/span> <\/p>\n","protected":false},"excerpt":{"rendered":"<p>Andm\u00e6li Jobs 1 Job svara\u00f0i og sag\u00f0i: 2V\u00edst vissi \u00e9g a\u00f0 \u00feessu er \u00feannig fari\u00f0\u00fev\u00ed a\u00f0 hvernig getur ma\u00f0urinn haft r\u00e9tt fyrir s\u00e9r gagnvart Gu\u00f0i? 3Vilji hann deila vi\u00f0 Gu\u00f0getur hann ekki svara\u00f0 einni spurningu af \u00fe\u00fasund. 4Gu\u00f0 er vitur \u00ed hjarta og mikill a\u00f0 m\u00e6tti,hver hefur bo\u00f0i\u00f0 honum birginn \u00e1n \u00feess a\u00f0 saka? 5Hann flytur fj\u00f6ll \u00feeim a\u00f0 \u00f3v\u00f6rum,hann umturnar \u00feeim \u00ed rei\u00f0i sinni, 6hann hr\u00e6rir j\u00f6r\u00f0ina \u00far sta\u00f0svo a\u00f0 sto\u00f0ir hennar n\u00f6tra, 7hann skipar s\u00f3linni fyrir og h\u00fan kemur ekki uppog hann innsiglar stj\u00f6rnurnar, 8hann einn \u00feandi himininn \u00fatog gengur \u00e1 \u00f6lduf\u00f6ldum hafsins, 9hann sk\u00f3p Karlsvagninn og \u00d3r\u00edon,Sj\u00f6stj\u00f6rnuna <a href=\"https:\/\/biblian.is\/biblian\/jobsbok-9-kafli\/\"> [&#8230;]<\/a><\/p>\n","protected":false},"author":1,"featured_media":0,"parent":0,"menu_order":0,"comment_status":"open","ping_status":"open","template":"bibliukaflar_NT.php","meta":{"footnotes":""},"class_list":["post-2062","page","type-page","status-publish","hentry"],"_links":{"self":[{"href":"https:\/\/biblian.is\/biblian\/wp-json\/wp\/v2\/pages\/2062","targetHints":{"allow":["GET"]}}],"collection":[{"href":"https:\/\/biblian.is\/biblian\/wp-json\/wp\/v2\/pages"}],"about":[{"href":"https:\/\/biblian.is\/biblian\/wp-json\/wp\/v2\/types\/page"}],"author":[{"embeddable":true,"href":"https:\/\/biblian.is\/biblian\/wp-json\/wp\/v2\/users\/1"}],"replies":[{"embeddable":true,"href":"https:\/\/biblian.is\/biblian\/wp-json\/wp\/v2\/comments?post=2062"}],"version-history":[{"count":0,"href":"https:\/\/biblian.is\/biblian\/wp-json\/wp\/v2\/pages\/2062\/revisions"}],"wp:attachment":[{"href":"https:\/\/biblian.is\/biblian\/wp-json\/wp\/v2\/media?parent=2062"}],"curies":[{"name":"wp","href":"https:\/\/api.w.org\/{rel}","templated":true}]}}