{"id":2061,"date":"2017-12-30T21:01:35","date_gmt":"2017-12-30T21:01:35","guid":{"rendered":"http:\/\/biblian.is\/biblian\/jobsb%c2%97k-8-kafli\/"},"modified":"2024-06-27T02:38:46","modified_gmt":"2024-06-27T02:38:46","slug":"jobsbok-8-kafli","status":"publish","type":"page","link":"https:\/\/biblian.is\/biblian\/jobsbok-8-kafli\/","title":{"rendered":"Jobsb\u00f3k 8. kafli"},"content":{"rendered":"<h3 class=\"millifyrirsogn_2007\"> Fyrsta r\u00e6\u00f0a Bildads<\/h3>\n<p><a name=\"1\"><span class=\"versanumer_2007\">1<\/span><\/a> \u00de\u00e1 svara\u00f0i Bildad fr\u00e1 S\u00faa og sag\u00f0i:<br \/> <span class=\"ljodatexti\"> <a name=\"2\"><span class=\"versanumer_ljod\">2<\/span><\/a>Hversu lengi \u00e6tlar \u00fe\u00fa a\u00f0 tala \u00feannig?<br \/>Or\u00f0in \u00ed munni \u00fe\u00ednum eru hvassvi\u00f0ri.<br \/> <\/span> <span class=\"ljodatexti\"> <a name=\"3\"><span class=\"versanumer_ljod\">3<\/span><\/a>Hallar Gu\u00f0 r\u00e9ttinum<br \/>e\u00f0a hallar Hinn alm\u00e1ttki r\u00e9ttl\u00e6tinu?<br \/> <\/span> <span class=\"ljodatexti\"> <a name=\"4\"><span class=\"versanumer_ljod\">4<\/span><\/a>Hafi b\u00f6rn \u00fe\u00edn syndga\u00f0 gegn honum<br \/>ofurseldi hann \u00feau eigin misgj\u00f6r\u00f0um.<br \/> <\/span> <span class=\"ljodatexti\"> <a name=\"5\"><span class=\"versanumer_ljod\">5<\/span><\/a>Hafir \u00fe\u00fa sj\u00e1lfur gert \u00fea\u00f0<br \/>skaltu leita Gu\u00f0s<br \/>og bi\u00f0ja Hinn alm\u00e1ttka miskunnar.<br \/> <\/span> <span class=\"ljodatexti\"> <a name=\"6\"><span class=\"versanumer_ljod\">6<\/span><\/a>S\u00e9rtu hreinn og beinn<br \/>mun hann vakna til a\u00f0 sinna \u00fe\u00e9r<br \/>og endurreisa b\u00fasta\u00f0 \u00feinn eins og \u00fe\u00fa ver\u00f0skuldar.<br \/> <\/span> <span class=\"ljodatexti\"> <a name=\"7\"><span class=\"versanumer_ljod\">7<\/span><\/a>\u00de\u00e1 ver\u00f0ur fort\u00ed\u00f0 \u00fe\u00edn l\u00e9ttv\u00e6g<br \/>en framt\u00ed\u00f0 \u00fe\u00edn gl\u00e6st.<br \/> <\/span> <span class=\"ljodatexti\"> <a name=\"8\"><span class=\"versanumer_ljod\">8<\/span><\/a>Spyr\u00f0u fyrri kynsl\u00f3\u00f0ir<br \/>og gef\u00f0u gaum a\u00f0 reynslu fe\u00f0ranna<br \/> <\/span> <span class=\"ljodatexti\"> <a name=\"9\"><span class=\"versanumer_ljod\">9<\/span><\/a>\u00fev\u00ed a\u00f0 v\u00e9r erum fr\u00e1 \u00fev\u00ed \u00ed g\u00e6r og vitum ekkert<br \/>og dagar vorir \u00e1 j\u00f6r\u00f0inni eru skuggi.<br \/> <\/span> <span class=\"ljodatexti\"> <a name=\"10\"><span class=\"versanumer_ljod\">10<\/span><\/a>Munu \u00feeir ekki fr\u00e6\u00f0a \u00feig, segja \u00fe\u00e9r fr\u00e1<br \/>og flytja bo\u00f0skap \u00far hugarheimi s\u00ednum?<br \/> <\/span> <span class=\"ljodatexti\"> <a name=\"11\"><span class=\"versanumer_ljod\">11<\/span><\/a>\u201eVex pap\u00fdrussef nema \u00ed m\u00fdri,<br \/>sprettur st\u00f6r \u00e1n vatns?<br \/> <\/span> <span class=\"ljodatexti\"> <a name=\"12\"><span class=\"versanumer_ljod\">12<\/span><\/a>\u00d3slegi\u00f0 og \u00ed bl\u00f3ma<br \/>skr\u00e6lnar \u00fea\u00f0 \u00e1 undan \u00f6\u00f0ru grasi.\u201c<br \/> <\/span> <span class=\"ljodatexti\"> <a name=\"13\"><span class=\"versanumer_ljod\">13<\/span><\/a>\u00deannig fer fyrir \u00f6llum sem gleyma Gu\u00f0i<br \/>og von gu\u00f0leysingjans ver\u00f0ur a\u00f0 engu.<br \/> <\/span> <span class=\"ljodatexti\"> <a name=\"14\"><span class=\"versanumer_ljod\">14<\/span><\/a>Hann treystir veikum \u00fer\u00e1\u00f0um,<br \/>rei\u00f0ir sig \u00e1 k\u00f6ngurl\u00f3arvef.<br \/> <\/span> <span class=\"ljodatexti\"> <a name=\"15\"><span class=\"versanumer_ljod\">15<\/span><\/a>Hann sty\u00f0ur sig vi\u00f0 h\u00fas sitt en \u00fea\u00f0 stendur ekki,<br \/>gr\u00edpur \u00ed \u00fea\u00f0 en \u00fea\u00f0 l\u00e6tur undan.<br \/> <\/span> <span class=\"ljodatexti\"> <a name=\"16\"><span class=\"versanumer_ljod\">16<\/span><\/a>Hann er safar\u00edk jurt \u00ed s\u00f3lskini<br \/>og r\u00f3tarskotin teygja sig um gar\u00f0inn.<br \/> <\/span> <span class=\"ljodatexti\"> <a name=\"17\"><span class=\"versanumer_ljod\">17<\/span><\/a>R\u00e6tur hans fl\u00e9ttast um grj\u00f3ti\u00f0<br \/>og festast milli steina.<br \/> <\/span> <span class=\"ljodatexti\"> <a name=\"18\"><span class=\"versanumer_ljod\">18<\/span><\/a>Ver\u00f0i hann uppr\u00e6ttur af sta\u00f0 s\u00ednum<br \/>hafnar sta\u00f0urinn honum og segir: \u201e\u00c9g hef aldrei s\u00e9\u00f0 \u00feig \u00e1\u00f0ur.\u201c<br \/> <\/span> <span class=\"ljodatexti\"> <a name=\"19\"><span class=\"versanumer_ljod\">19<\/span><\/a>J\u00e1, \u00feannig rennur \u00e6vi hans \u00fat \u00ed sandinn<br \/>en annar sprettur \u00far moldinni.<br \/> <\/span> <span class=\"ljodatexti\"> <a name=\"20\"><span class=\"versanumer_ljod\">20<\/span><\/a>Nei, Gu\u00f0 hafnar aldrei hinum vammlausa,<br \/>styrkir ekki h\u00f6nd illvirkjans.<br \/> <\/span> <span class=\"ljodatexti\"> <a name=\"21\"><span class=\"versanumer_ljod\">21<\/span><\/a>Einhvern t\u00edma fyllir hann munn \u00feinn hl\u00e1tri<br \/>og varir \u00fe\u00ednar gle\u00f0ihr\u00f3pum.<br \/> <\/span> <span class=\"ljodatexti\"> <a name=\"22\"><span class=\"versanumer_ljod\">22<\/span><\/a> Hatursmenn \u00fe\u00ednir hyljast sm\u00e1n<br \/>og tjald gu\u00f0leysingja stendur ekki lengur. <\/span> <\/p>\n","protected":false},"excerpt":{"rendered":"<p>Fyrsta r\u00e6\u00f0a Bildads 1 \u00de\u00e1 svara\u00f0i Bildad fr\u00e1 S\u00faa og sag\u00f0i: 2Hversu lengi \u00e6tlar \u00fe\u00fa a\u00f0 tala \u00feannig?Or\u00f0in \u00ed munni \u00fe\u00ednum eru hvassvi\u00f0ri. 3Hallar Gu\u00f0 r\u00e9ttinume\u00f0a hallar Hinn alm\u00e1ttki r\u00e9ttl\u00e6tinu? 4Hafi b\u00f6rn \u00fe\u00edn syndga\u00f0 gegn honumofurseldi hann \u00feau eigin misgj\u00f6r\u00f0um. 5Hafir \u00fe\u00fa sj\u00e1lfur gert \u00fea\u00f0skaltu leita Gu\u00f0sog bi\u00f0ja Hinn alm\u00e1ttka miskunnar. 6S\u00e9rtu hreinn og beinnmun hann vakna til a\u00f0 sinna \u00fe\u00e9rog endurreisa b\u00fasta\u00f0 \u00feinn eins og \u00fe\u00fa ver\u00f0skuldar. 7\u00de\u00e1 ver\u00f0ur fort\u00ed\u00f0 \u00fe\u00edn l\u00e9ttv\u00e6gen framt\u00ed\u00f0 \u00fe\u00edn gl\u00e6st. 8Spyr\u00f0u fyrri kynsl\u00f3\u00f0irog gef\u00f0u gaum a\u00f0 reynslu fe\u00f0ranna 9\u00fev\u00ed a\u00f0 v\u00e9r erum fr\u00e1 \u00fev\u00ed \u00ed g\u00e6r og vitum ekkertog dagar vorir \u00e1 j\u00f6r\u00f0inni eru <a href=\"https:\/\/biblian.is\/biblian\/jobsbok-8-kafli\/\"> [&#8230;]<\/a><\/p>\n","protected":false},"author":1,"featured_media":0,"parent":0,"menu_order":0,"comment_status":"open","ping_status":"open","template":"bibliukaflar_NT.php","meta":{"footnotes":""},"class_list":["post-2061","page","type-page","status-publish","hentry"],"_links":{"self":[{"href":"https:\/\/biblian.is\/biblian\/wp-json\/wp\/v2\/pages\/2061","targetHints":{"allow":["GET"]}}],"collection":[{"href":"https:\/\/biblian.is\/biblian\/wp-json\/wp\/v2\/pages"}],"about":[{"href":"https:\/\/biblian.is\/biblian\/wp-json\/wp\/v2\/types\/page"}],"author":[{"embeddable":true,"href":"https:\/\/biblian.is\/biblian\/wp-json\/wp\/v2\/users\/1"}],"replies":[{"embeddable":true,"href":"https:\/\/biblian.is\/biblian\/wp-json\/wp\/v2\/comments?post=2061"}],"version-history":[{"count":0,"href":"https:\/\/biblian.is\/biblian\/wp-json\/wp\/v2\/pages\/2061\/revisions"}],"wp:attachment":[{"href":"https:\/\/biblian.is\/biblian\/wp-json\/wp\/v2\/media?parent=2061"}],"curies":[{"name":"wp","href":"https:\/\/api.w.org\/{rel}","templated":true}]}}