{"id":2060,"date":"2017-12-30T21:01:35","date_gmt":"2017-12-30T21:01:35","guid":{"rendered":"http:\/\/biblian.is\/biblian\/jobsb%c2%97k-7-kafli\/"},"modified":"2024-06-27T02:38:46","modified_gmt":"2024-06-27T02:38:46","slug":"jobsbok-7-kafli","status":"publish","type":"page","link":"https:\/\/biblian.is\/biblian\/jobsbok-7-kafli\/","title":{"rendered":"Jobsb\u00f3k 7. kafli"},"content":{"rendered":"<p><span class=\"ljodatexti\"> <a name=\"1\"><span class=\"versanumer_ljod\">1<\/span><\/a>Er hlutskipti mannsins \u00e1 j\u00f6r\u00f0inni ekki her\u00fej\u00f3nusta<br \/> <\/span> <span class=\"ljodatexti\"> og \u00e6vidagar hans eins og m\u00e1lali\u00f0a?<br \/> <\/span> <span class=\"ljodatexti\"> <a name=\"2\"><span class=\"versanumer_ljod\">2<\/span><\/a>Hann er eins og \u00fer\u00e6ll sem \u00fer\u00e1ir skugga,<br \/>daglaunama\u00f0ur sem b\u00ed\u00f0ur launa sinna.<br \/> <\/span> <span class=\"ljodatexti\"> <a name=\"3\"><span class=\"versanumer_ljod\">3<\/span><\/a>\u00deannig t\u00f3k \u00e9g m\u00e6\u00f0um\u00e1nu\u00f0i \u00ed arf<br \/>og f\u00e9kk \u00fejakandi n\u00e6tur a\u00f0 hlutskipti.<br \/> <\/span> <span class=\"ljodatexti\"> <a name=\"4\"><span class=\"versanumer_ljod\">4<\/span><\/a>\u00deegar \u00e9g leggst til svefns hugsa \u00e9g:<br \/>\u201eHven\u00e6r kemst \u00e9g \u00e1 f\u00e6tur?\u201c<br \/>En kv\u00f6ldi\u00f0 er langt og \u00f3eir\u00f0 kvelur mig uns dagur rennur.<br \/> <\/span> <span class=\"ljodatexti\"> <a name=\"5\"><span class=\"versanumer_ljod\">5<\/span><\/a>L\u00edkami minn er \u00feakinn ormum og hr\u00fa\u00f0ri,<br \/>h\u00fa\u00f0 m\u00edn skorpin og rifin.<br \/> <\/span> <span class=\"ljodatexti\"> <a name=\"6\"><span class=\"versanumer_ljod\">6<\/span><\/a>Hra\u00f0ar en skytta vefarans \u00fej\u00f3ta dagar m\u00ednir<br \/>og hverfa \u00e1n vonar.<br \/> <\/span> <span class=\"ljodatexti\"> <a name=\"7\"><span class=\"versanumer_ljod\">7<\/span><\/a>Mundu a\u00f0 \u00e6vi m\u00edn er andgustur,<br \/>aldrei framar mun auga mitt l\u00edta g\u00e6fu.<br \/> <\/span> <span class=\"ljodatexti\"> <a name=\"8\"><span class=\"versanumer_ljod\">8<\/span><\/a>Auga, sem n\u00fa horfir \u00e1 mig, mun ekki sj\u00e1 mig framar,<br \/>augu \u00fe\u00edn leita m\u00edn en \u00e9g ver\u00f0 horfinn.<br \/> <\/span> <span class=\"ljodatexti\"> <a name=\"9\"><span class=\"versanumer_ljod\">9<\/span><\/a>Sk\u00fd hverfur, l\u00ed\u00f0ur burt,<br \/>eins kemur enginn upp aftur sem fer ni\u00f0ur \u00ed undirheima.<br \/> <\/span> <span class=\"ljodatexti\"> <a name=\"10\"><span class=\"versanumer_ljod\">10<\/span><\/a>Hann kemur ekki framar \u00ed h\u00fas sitt<br \/>og sta\u00f0ur hans \u00feekkir hann ekki framar.<br \/> <\/span> <span class=\"ljodatexti\"> <a name=\"11\"><span class=\"versanumer_ljod\">11<\/span><\/a>\u00c9g mun ekki hefta tungu m\u00edna,<br \/>\u00ed angist minni vil \u00e9g tala,<br \/>\u00ed beiskju minni vil \u00e9g kveina.<br \/> <\/span> <span class=\"ljodatexti\"> <a name=\"12\"><span class=\"versanumer_ljod\">12<\/span><\/a>Er \u00e9g haf e\u00f0a s\u00e6skr\u00edmsli<br \/>\u00fear sem \u00fe\u00fa setur v\u00f6r\u00f0 yfir mig?<br \/> <\/span> <span class=\"ljodatexti\"> <a name=\"13\"><span class=\"versanumer_ljod\">13<\/span><\/a>Ef \u00e9g hugsa: \u201eR\u00fami\u00f0 huggar mig,<br \/>hv\u00edla m\u00edn ber \u00fej\u00e1ninguna me\u00f0 m\u00e9r,\u201c<br \/> <\/span> <span class=\"ljodatexti\"> <a name=\"14\"><span class=\"versanumer_ljod\">14<\/span><\/a>\u00fe\u00e1 hrellir \u00fe\u00fa mig me\u00f0 draumum,<br \/>skelfir mig me\u00f0 s\u00fdnum<br \/> <\/span> <span class=\"ljodatexti\"> <a name=\"15\"><span class=\"versanumer_ljod\">15<\/span><\/a>svo a\u00f0 \u00e9g vil heldur kafna,<br \/>k\u00fds dau\u00f0ann fremur en \u00feessa \u00fej\u00e1ningu.<br \/> <\/span> <span class=\"ljodatexti\"> <a name=\"16\"><span class=\"versanumer_ljod\">16<\/span><\/a>\u00c9g er uppgefinn, \u00e9g vil ekki lifa lengur,<br \/>slepptu m\u00e9r, dagar m\u00ednir eru sem vindgustur.<br \/> <\/span> <span class=\"ljodatexti\"> <a name=\"17\"><span class=\"versanumer_ljod\">17<\/span><\/a>Hva\u00f0 er ma\u00f0urinn, a\u00f0 \u00fe\u00fa metir hann svo mikils<br \/>og s\u00fdnir honum umhyggju,<br \/> <\/span> <span class=\"ljodatexti\"> <a name=\"18\"><span class=\"versanumer_ljod\">18<\/span><\/a>vitjir hans hvern morgun<br \/>og reynir hann hverja stund?<br \/> <\/span> <span class=\"ljodatexti\"> <a name=\"19\"><span class=\"versanumer_ljod\">19<\/span><\/a>Hven\u00e6r \u00e6tlar\u00f0u a\u00f0 l\u00edta af m\u00e9r,<br \/>sleppa af m\u00e9r hendinni eitt andartak?<br \/> <\/span> <span class=\"ljodatexti\"> <a name=\"20\"><span class=\"versanumer_ljod\">20<\/span><\/a>Hef \u00e9g syndga\u00f0? Hva\u00f0 hef \u00e9g gert \u00fe\u00e9r, v\u00f6r\u00f0ur manna?<br \/>Hv\u00ed haf\u00f0ir\u00f0u mig a\u00f0 skotsp\u00e6ni<br \/>svo a\u00f0 \u00e9g var\u00f0 sj\u00e1lfum m\u00e9r byr\u00f0i?<br \/> <\/span> <span class=\"ljodatexti\"> <a name=\"21\"><span class=\"versanumer_ljod\">21<\/span><\/a>Hv\u00ed fyrirgefur\u00f0u ekki synd m\u00edna<br \/>og tekur burt sekt m\u00edna?<br \/>\u00dev\u00ed a\u00f0 n\u00fa leggst \u00e9g til hv\u00edldar \u00ed mold,<br \/>leitir \u00fe\u00fa m\u00edn er \u00e9g ekki framar til. <\/span> <\/p>\n","protected":false},"excerpt":{"rendered":"<p>1Er hlutskipti mannsins \u00e1 j\u00f6r\u00f0inni ekki her\u00fej\u00f3nusta og \u00e6vidagar hans eins og m\u00e1lali\u00f0a? 2Hann er eins og \u00fer\u00e6ll sem \u00fer\u00e1ir skugga,daglaunama\u00f0ur sem b\u00ed\u00f0ur launa sinna. 3\u00deannig t\u00f3k \u00e9g m\u00e6\u00f0um\u00e1nu\u00f0i \u00ed arfog f\u00e9kk \u00fejakandi n\u00e6tur a\u00f0 hlutskipti. 4\u00deegar \u00e9g leggst til svefns hugsa \u00e9g:\u201eHven\u00e6r kemst \u00e9g \u00e1 f\u00e6tur?\u201cEn kv\u00f6ldi\u00f0 er langt og \u00f3eir\u00f0 kvelur mig uns dagur rennur. 5L\u00edkami minn er \u00feakinn ormum og hr\u00fa\u00f0ri,h\u00fa\u00f0 m\u00edn skorpin og rifin. 6Hra\u00f0ar en skytta vefarans \u00fej\u00f3ta dagar m\u00ednirog hverfa \u00e1n vonar. 7Mundu a\u00f0 \u00e6vi m\u00edn er andgustur,aldrei framar mun auga mitt l\u00edta g\u00e6fu. 8Auga, sem n\u00fa horfir \u00e1 mig, mun ekki sj\u00e1 mig <a href=\"https:\/\/biblian.is\/biblian\/jobsbok-7-kafli\/\"> [&#8230;]<\/a><\/p>\n","protected":false},"author":1,"featured_media":0,"parent":0,"menu_order":0,"comment_status":"open","ping_status":"open","template":"bibliukaflar_NT.php","meta":{"footnotes":""},"class_list":["post-2060","page","type-page","status-publish","hentry"],"_links":{"self":[{"href":"https:\/\/biblian.is\/biblian\/wp-json\/wp\/v2\/pages\/2060","targetHints":{"allow":["GET"]}}],"collection":[{"href":"https:\/\/biblian.is\/biblian\/wp-json\/wp\/v2\/pages"}],"about":[{"href":"https:\/\/biblian.is\/biblian\/wp-json\/wp\/v2\/types\/page"}],"author":[{"embeddable":true,"href":"https:\/\/biblian.is\/biblian\/wp-json\/wp\/v2\/users\/1"}],"replies":[{"embeddable":true,"href":"https:\/\/biblian.is\/biblian\/wp-json\/wp\/v2\/comments?post=2060"}],"version-history":[{"count":0,"href":"https:\/\/biblian.is\/biblian\/wp-json\/wp\/v2\/pages\/2060\/revisions"}],"wp:attachment":[{"href":"https:\/\/biblian.is\/biblian\/wp-json\/wp\/v2\/media?parent=2060"}],"curies":[{"name":"wp","href":"https:\/\/api.w.org\/{rel}","templated":true}]}}