{"id":2059,"date":"2017-12-30T21:01:35","date_gmt":"2017-12-30T21:01:35","guid":{"rendered":"http:\/\/biblian.is\/biblian\/jobsb%c2%97k-6-kafli\/"},"modified":"2024-06-27T02:38:46","modified_gmt":"2024-06-27T02:38:46","slug":"jobsbok-6-kafli","status":"publish","type":"page","link":"https:\/\/biblian.is\/biblian\/jobsbok-6-kafli\/","title":{"rendered":"Jobsb\u00f3k 6. kafli"},"content":{"rendered":"<h3 class=\"millifyrirsogn_2007\"> Svar Jobs<\/h3>\n<p><a name=\"1\"><span class=\"versanumer_2007\">1<\/span><\/a> Job svara\u00f0i og sag\u00f0i:<br \/> <span class=\"ljodatexti\"> <a name=\"2\"><span class=\"versanumer_ljod\">2<\/span><\/a>\u00c9g vildi a\u00f0 gremja m\u00edn v\u00e6ri vegin<br \/>og \u00fej\u00e1ning m\u00edn l\u00f6g\u00f0 \u00e1 vogarsk\u00e1lar.<br \/> <\/span> <span class=\"ljodatexti\"> <a name=\"3\"><span class=\"versanumer_ljod\">3<\/span><\/a>\u00dear e\u00f0 h\u00fan er \u00feyngri en sandur sj\u00e1varins<br \/>voru or\u00f0 m\u00edn m\u00e6lt \u00ed g\u00e1leysi.<br \/> <\/span> <span class=\"ljodatexti\"> <a name=\"4\"><span class=\"versanumer_ljod\">4<\/span><\/a>J\u00e1, \u00f6rvar Hins alm\u00e1ttka sitja \u00ed m\u00e9r,<br \/>andi minn drekkur eitur \u00feeirra,<br \/>\u00f3gnir Gu\u00f0s ste\u00f0ja a\u00f0 m\u00e9r.<br \/> <\/span> <span class=\"ljodatexti\"> <a name=\"5\"><span class=\"versanumer_ljod\">5<\/span><\/a>Rymur villiasni yfir gr\u00e6ngresinu?<br \/>\u00d6skrar naut yfir f\u00f3\u00f0ri s\u00ednu?<br \/> <\/span> <span class=\"ljodatexti\"> <a name=\"6\"><span class=\"versanumer_ljod\">6<\/span><\/a>Ver\u00f0ur hi\u00f0 brag\u00f0lausa eti\u00f0 saltlaust?<br \/>Er nokkurt brag\u00f0 a\u00f0 hv\u00edtu \u00ed eggi?<br \/> <\/span> <span class=\"ljodatexti\"> <a name=\"7\"><span class=\"versanumer_ljod\">7<\/span><\/a>Mig velgir vi\u00f0 a\u00f0 snerta \u00feetta,<br \/>\u00fea\u00f0 er m\u00e9r eins og \u00f3hreinn matur.<br \/> <\/span> <span class=\"ljodatexti\"> <a name=\"8\"><span class=\"versanumer_ljod\">8<\/span><\/a>Hver getur or\u00f0i\u00f0 vi\u00f0 \u00f3sk minni?<br \/>Gu\u00f0 l\u00e1ti von m\u00edna r\u00e6tast.<br \/> <\/span> <span class=\"ljodatexti\"> <a name=\"9\"><span class=\"versanumer_ljod\">9<\/span><\/a>\u00c9g vildi a\u00f0 Gu\u00f0i \u00fe\u00f3kna\u00f0ist a\u00f0 merja mig sundur,<br \/>r\u00e9tta fram h\u00f6ndina og skera \u00e1 l\u00edfs\u00fer\u00e1\u00f0inn.<br \/> <\/span> <span class=\"ljodatexti\"> <a name=\"10\"><span class=\"versanumer_ljod\">10<\/span><\/a>\u00dea\u00f0 yr\u00f0i m\u00e9r til huggunar og \u00e9g mundi hoppa af gle\u00f0i<br \/>\u00ed v\u00e6g\u00f0arlausri \u00fej\u00e1ningunni<br \/>\u00fev\u00ed a\u00f0 \u00e9g hef ekki afneita\u00f0 or\u00f0um hans.<br \/> <\/span> <span class=\"ljodatexti\"> <a name=\"11\"><span class=\"versanumer_ljod\">11<\/span><\/a>Hver er styrkur minn, a\u00f0 \u00e9g geti haldi\u00f0 \u00feetta \u00fat,<br \/>og hverjar horfur m\u00ednar, a\u00f0 \u00e9g geti veri\u00f0 \u00feolinm\u00f3\u00f0ur?<br \/> <\/span> <span class=\"ljodatexti\"> <a name=\"12\"><span class=\"versanumer_ljod\">12<\/span><\/a>Er \u00e9g styrkur sem klettur?<br \/>Er l\u00edkami minn \u00far eir?<br \/> <\/span> <span class=\"ljodatexti\"> <a name=\"13\"><span class=\"versanumer_ljod\">13<\/span><\/a>Nei, \u00e9g er \u00f3f\u00e6r um a\u00f0 hj\u00e1lpa m\u00e9r sj\u00e1lfur<br \/>og \u00e9g f\u00e6 engu \u00e1orka\u00f0. <\/span> <\/p>\n<h3 class=\"millifyrirsogn_2007\">Haldl\u00edtil vin\u00e1tta<\/h3>\n<p> <span class=\"ljodatexti\"> <a name=\"14\"><span class=\"versanumer_ljod\">14<\/span><\/a>S\u00e1 sem synjar vini um sam\u00fa\u00f0<br \/>er h\u00e6ttur a\u00f0 \u00f3ttast Hinn alm\u00e1ttka.<br \/> <\/span> <span class=\"ljodatexti\"> <a name=\"15\"><span class=\"versanumer_ljod\">15<\/span><\/a>Br\u00e6\u00f0ur m\u00ednir brug\u00f0ust eins og l\u00e6kur,<br \/>l\u00edkt og farvegir sem t\u00e6mast.<br \/> <\/span> <span class=\"ljodatexti\"> <a name=\"16\"><span class=\"versanumer_ljod\">16<\/span><\/a>\u00deeir eru fullir af krapa<br \/>og snj\u00f3rinn hverfur \u00ed \u00feeim<br \/> <\/span> <span class=\"ljodatexti\"> <a name=\"17\"><span class=\"versanumer_ljod\">17<\/span><\/a>en ver\u00f0a vatnslitlir \u00feegar hitnar,<br \/>\u00feorna upp \u00ed hitanum, hver \u00e1 s\u00ednum sta\u00f0.<br \/> <\/span> <span class=\"ljodatexti\"> <a name=\"18\"><span class=\"versanumer_ljod\">18<\/span><\/a>\u00dalfaldalestir beyg\u00f0u af lei\u00f0,<br \/>h\u00e9ldu \u00fat \u00ed au\u00f0nina og f\u00f3rust.<br \/> <\/span> <span class=\"ljodatexti\"> <a name=\"19\"><span class=\"versanumer_ljod\">19<\/span><\/a>Kaupmannalestir fr\u00e1 Tema leitu\u00f0u \u00feeirra,<br \/>lei\u00f0angrar fr\u00e1 Saba v\u00e6ntu \u00feeirra.<br \/> <\/span> <span class=\"ljodatexti\"> <a name=\"20\"><span class=\"versanumer_ljod\">20<\/span><\/a>\u00deeir ur\u00f0u sneyptir af \u00fev\u00ed a\u00f0 vonin br\u00e1st,<br \/>vonsviknir \u00feegar \u00feeir n\u00e1\u00f0u \u00feanga\u00f0.<br \/> <\/span> <span class=\"ljodatexti\"> <a name=\"21\"><span class=\"versanumer_ljod\">21<\/span><\/a>\u00deannig eru\u00f0 \u00fe\u00e9r or\u00f0nir m\u00e9r,<br \/>\u00fe\u00e9r horfi\u00f0 \u00e1 eitthva\u00f0 \u00f3gnv\u00e6nlegt og skelfist.<br \/> <\/span> <span class=\"ljodatexti\"> <a name=\"22\"><span class=\"versanumer_ljod\">22<\/span><\/a> Hef \u00e9g sagt: \u201eF\u00e6ri\u00f0 m\u00e9r eitthva\u00f0,<br \/>gefi\u00f0 m\u00e9r af eignum y\u00f0ar,<br \/> <\/span> <span class=\"ljodatexti\"> <a name=\"23\"><span class=\"versanumer_ljod\">23<\/span><\/a> bjargi\u00f0 m\u00e9r \u00far h\u00f6ndum k\u00fagara<br \/>og kaupi\u00f0 mig lausan \u00far greipum ofbeldismanna?\u201c<br \/> <\/span> <span class=\"ljodatexti\"> <a name=\"24\"><span class=\"versanumer_ljod\">24<\/span><\/a> Fr\u00e6\u00f0i\u00f0 mig og \u00e9g skal \u00feegja,<br \/>s\u00fdni\u00f0 m\u00e9r \u00ed hverju m\u00e9r var\u00f0 \u00e1.<br \/> <\/span> <span class=\"ljodatexti\"> <a name=\"25\"><span class=\"versanumer_ljod\">25<\/span><\/a> Geta einl\u00e6g or\u00f0 s\u00e6rt,<br \/>hva\u00f0 hyggist \u00fe\u00e9r \u00e1telja?<br \/> <\/span> <span class=\"ljodatexti\"> <a name=\"26\"><span class=\"versanumer_ljod\">26<\/span><\/a> \u00c6tli\u00f0 \u00fe\u00e9r a\u00f0 \u00e1telja or\u00f0?<br \/>Hverfa or\u00f0 \u00f6rvilna\u00f0s manns \u00fat \u00ed lofti\u00f0?<br \/> <\/span> <span class=\"ljodatexti\"> <a name=\"27\"><span class=\"versanumer_ljod\">27<\/span><\/a> Kasti\u00f0 \u00fe\u00e9r hlut um muna\u00f0arleysingja<br \/>og semji\u00f0 \u00fe\u00e9r um a\u00f0 selja vin y\u00f0ar?<br \/> <\/span> <span class=\"ljodatexti\"> <a name=\"28\"><span class=\"versanumer_ljod\">28<\/span><\/a> L\u00edti\u00f0 n\u00fa til m\u00edn,<br \/>\u00e9g mun ekki lj\u00faga upp \u00ed opi\u00f0 ge\u00f0i\u00f0 \u00e1 y\u00f0ur.<br \/> <\/span> <span class=\"ljodatexti\"> <a name=\"29\"><span class=\"versanumer_ljod\">29<\/span><\/a> Hverfi\u00f0 aftur, ekkert rangl\u00e6ti m\u00e1 vi\u00f0gangast.<br \/>J\u00e1, hverfi\u00f0 aftur, enn hef \u00e9g r\u00e9tt fyrir m\u00e9r um \u00feetta.<br \/> <\/span> <span class=\"ljodatexti\"> <a name=\"30\"><span class=\"versanumer_ljod\">30<\/span><\/a> Er rangl\u00e6ti \u00e1 tungu m\u00e9r?<br \/>Skynjar g\u00f3mur minn ekki brag\u00f0 a\u00f0 \u00fev\u00ed sem er spillt? <\/span> <\/p>\n","protected":false},"excerpt":{"rendered":"<p>Svar Jobs 1 Job svara\u00f0i og sag\u00f0i: 2\u00c9g vildi a\u00f0 gremja m\u00edn v\u00e6ri veginog \u00fej\u00e1ning m\u00edn l\u00f6g\u00f0 \u00e1 vogarsk\u00e1lar. 3\u00dear e\u00f0 h\u00fan er \u00feyngri en sandur sj\u00e1varinsvoru or\u00f0 m\u00edn m\u00e6lt \u00ed g\u00e1leysi. 4J\u00e1, \u00f6rvar Hins alm\u00e1ttka sitja \u00ed m\u00e9r,andi minn drekkur eitur \u00feeirra,\u00f3gnir Gu\u00f0s ste\u00f0ja a\u00f0 m\u00e9r. 5Rymur villiasni yfir gr\u00e6ngresinu?\u00d6skrar naut yfir f\u00f3\u00f0ri s\u00ednu? 6Ver\u00f0ur hi\u00f0 brag\u00f0lausa eti\u00f0 saltlaust?Er nokkurt brag\u00f0 a\u00f0 hv\u00edtu \u00ed eggi? 7Mig velgir vi\u00f0 a\u00f0 snerta \u00feetta,\u00fea\u00f0 er m\u00e9r eins og \u00f3hreinn matur. 8Hver getur or\u00f0i\u00f0 vi\u00f0 \u00f3sk minni?Gu\u00f0 l\u00e1ti von m\u00edna r\u00e6tast. 9\u00c9g vildi a\u00f0 Gu\u00f0i \u00fe\u00f3kna\u00f0ist a\u00f0 merja mig sundur,r\u00e9tta fram h\u00f6ndina og <a href=\"https:\/\/biblian.is\/biblian\/jobsbok-6-kafli\/\"> [&#8230;]<\/a><\/p>\n","protected":false},"author":1,"featured_media":0,"parent":0,"menu_order":0,"comment_status":"open","ping_status":"open","template":"bibliukaflar_NT.php","meta":{"footnotes":""},"class_list":["post-2059","page","type-page","status-publish","hentry"],"_links":{"self":[{"href":"https:\/\/biblian.is\/biblian\/wp-json\/wp\/v2\/pages\/2059","targetHints":{"allow":["GET"]}}],"collection":[{"href":"https:\/\/biblian.is\/biblian\/wp-json\/wp\/v2\/pages"}],"about":[{"href":"https:\/\/biblian.is\/biblian\/wp-json\/wp\/v2\/types\/page"}],"author":[{"embeddable":true,"href":"https:\/\/biblian.is\/biblian\/wp-json\/wp\/v2\/users\/1"}],"replies":[{"embeddable":true,"href":"https:\/\/biblian.is\/biblian\/wp-json\/wp\/v2\/comments?post=2059"}],"version-history":[{"count":0,"href":"https:\/\/biblian.is\/biblian\/wp-json\/wp\/v2\/pages\/2059\/revisions"}],"wp:attachment":[{"href":"https:\/\/biblian.is\/biblian\/wp-json\/wp\/v2\/media?parent=2059"}],"curies":[{"name":"wp","href":"https:\/\/api.w.org\/{rel}","templated":true}]}}