{"id":2058,"date":"2017-12-30T21:01:35","date_gmt":"2017-12-30T21:01:35","guid":{"rendered":"http:\/\/biblian.is\/biblian\/jobsb%c2%97k-5-kafli\/"},"modified":"2024-06-27T02:38:46","modified_gmt":"2024-06-27T02:38:46","slug":"jobsbok-5-kafli","status":"publish","type":"page","link":"https:\/\/biblian.is\/biblian\/jobsbok-5-kafli\/","title":{"rendered":"Jobsb\u00f3k 5. kafli"},"content":{"rendered":"<p><span class=\"ljodatexti\"> <a name=\"1\"><span class=\"versanumer_ljod\">1<\/span><\/a>Hr\u00f3pa\u00f0u n\u00fa. Heldur \u00fe\u00fa a\u00f0 einhver svari \u00fe\u00e9r? <\/span> <span class=\"ljodatexti\"> Til hvers hinna heil\u00f6gu \u00e6tlar\u00f0u a\u00f0 sn\u00faa \u00fe\u00e9r?<br \/> <\/span> <span class=\"ljodatexti\"> <a name=\"2\"><span class=\"versanumer_ljod\">2<\/span><\/a>Gremjan gerir \u00fat af vi\u00f0 heimskingjann<br \/>og \u00e1kafinn ver\u00f0ur einfeldningnum a\u00f0 bana.<br \/> <\/span> <span class=\"ljodatexti\"> <a name=\"3\"><span class=\"versanumer_ljod\">3<\/span><\/a>\u00c9g hef sj\u00e1lfur s\u00e9\u00f0 heimskingja festa r\u00e6tur<br \/>en \u00e9g form\u00e6lti b\u00fasta\u00f0 hans \u00feegar \u00ed sta\u00f0.<br \/> <\/span> <span class=\"ljodatexti\"> <a name=\"4\"><span class=\"versanumer_ljod\">4<\/span><\/a>B\u00f6rn hans voru heillum horfin<br \/>og tro\u00f0in ni\u00f0ur \u00ed borgarhli\u00f0inu<br \/>\u00fear sem enginn var til a\u00f0 bjarga \u00feeim.<br \/> <\/span> <span class=\"ljodatexti\"> <a name=\"5\"><span class=\"versanumer_ljod\">5<\/span><\/a>Uppskeru hans \u00e1t hungra\u00f0ur ma\u00f0ur,<br \/>s\u00f3tti hana jafnvel inn \u00ed \u00feyrna,<br \/>hinn \u00feyrsti \u00e1s\u00e6ldist au\u00f0 hans.<br \/> <\/span> <span class=\"ljodatexti\"> <a name=\"6\"><span class=\"versanumer_ljod\">6<\/span><\/a>Nei, b\u00f6li\u00f0 sprettur ekki \u00far moldinni<br \/>og \u00fej\u00e1ningin vex ekki \u00far jar\u00f0veginum<br \/> <\/span> <span class=\"ljodatexti\"> <a name=\"7\"><span class=\"versanumer_ljod\">7<\/span><\/a>heldur er ma\u00f0urinn borinn til b\u00f6ls<br \/>eins og neistar sem \u00feeytast upp.<br \/> <\/span> <span class=\"ljodatexti\"> <a name=\"8\"><span class=\"versanumer_ljod\">8<\/span><\/a>\u00c9g mundi leita til Gu\u00f0s<br \/>og leggja m\u00e1l m\u00edn fyrir hann<br \/> <\/span> <span class=\"ljodatexti\"> <a name=\"9\"><span class=\"versanumer_ljod\">9<\/span><\/a>sem vinnur \u00f3m\u00e6ld st\u00f3rvirki,<br \/>kraftaverk sem ekki ver\u00f0ur t\u00f6lu \u00e1 komi\u00f0.<br \/> <\/span> <span class=\"ljodatexti\"> <a name=\"10\"><span class=\"versanumer_ljod\">10<\/span><\/a>Hann gefur j\u00f6r\u00f0inni regn<br \/>og sendir vatn yfir vellina.<br \/> <\/span> <span class=\"ljodatexti\"> <a name=\"11\"><span class=\"versanumer_ljod\">11<\/span><\/a>Hann upphefur sm\u00e6lingja<br \/>og syrgjendum ver\u00f0ur hj\u00e1lpa\u00f0.<br \/> <\/span> <span class=\"ljodatexti\"> <a name=\"12\"><span class=\"versanumer_ljod\">12<\/span><\/a>Hann spillir r\u00e1\u00f0um l\u00e6v\u00edsra<br \/>og hendur \u00feeirra f\u00e1 engu \u00e1orka\u00f0.<br \/> <\/span> <span class=\"ljodatexti\"> <a name=\"13\"><span class=\"versanumer_ljod\">13<\/span><\/a>Hann geldur sl\u00f3ttugum \u00ed s\u00f6mu mynt<br \/>og brag\u00f0v\u00edsir falla \u00e1 eigin brag\u00f0i<br \/> <\/span> <span class=\"ljodatexti\"> <a name=\"14\"><span class=\"versanumer_ljod\">14<\/span><\/a>svo a\u00f0 \u00feeir lenda \u00ed myrkri um mi\u00f0jan dag<br \/>og \u00fereifa fyrir s\u00e9r \u00e1 h\u00e1degi eins og um n\u00f3tt.<br \/> <\/span> <span class=\"ljodatexti\"> <a name=\"15\"><span class=\"versanumer_ljod\">15<\/span><\/a>Hann bjargar snau\u00f0um fr\u00e1 sver\u00f0i munns \u00feeirra<br \/>og \u00far greipum hins volduga.<br \/> <\/span> <span class=\"ljodatexti\"> <a name=\"16\"><span class=\"versanumer_ljod\">16<\/span><\/a>\u00deannig \u00f6\u00f0last hinn hj\u00e1lparlausi von<br \/>og vonskan lokar gini s\u00ednu.<br \/> <\/span> <span class=\"ljodatexti\"> <a name=\"17\"><span class=\"versanumer_ljod\">17<\/span><\/a>S\u00e6ll er s\u00e1 sem Gu\u00f0 lei\u00f0beinir,<br \/>s\u00e1 sem hafnar ekki \u00f6gun Hins alm\u00e1ttka<br \/> <\/span> <span class=\"ljodatexti\"> <a name=\"18\"><span class=\"versanumer_ljod\">18<\/span><\/a>\u00fev\u00ed a\u00f0 hann s\u00e6rir en bindur um,<br \/>hann sl\u00e6r en hendur hans gr\u00e6\u00f0a.<br \/> <\/span> <span class=\"ljodatexti\"> <a name=\"19\"><span class=\"versanumer_ljod\">19<\/span><\/a>\u00dar sex nau\u00f0um bjargar hann \u00fe\u00e9r,<br \/>\u00ed \u00feeirri sj\u00f6undu snertir \u00feig ekkert illt.<br \/> <\/span> <span class=\"ljodatexti\"> <a name=\"20\"><span class=\"versanumer_ljod\">20<\/span><\/a>\u00cd hall\u00e6ri bjargar hann \u00fe\u00e9r fr\u00e1 dau\u00f0a<br \/>og fr\u00e1 m\u00e6tti sver\u00f0sins \u00ed str\u00ed\u00f0i.<br \/> <\/span> <span class=\"ljodatexti\"> <a name=\"21\"><span class=\"versanumer_ljod\">21<\/span><\/a>\u00de\u00fa ver\u00f0ur varinn fyrir svipu tungunnar<br \/>og \u00fearft ekkert a\u00f0 \u00f3ttast \u00feegar ey\u00f0ingin kemur,<br \/> <\/span> <span class=\"ljodatexti\"> <a name=\"22\"><span class=\"versanumer_ljod\">22<\/span><\/a> \u00fe\u00fa getur hlegi\u00f0 a\u00f0 ey\u00f0ingu og hungri<br \/>og villid\u00fdrin \u00fearftu ekki a\u00f0 \u00f3ttast.<br \/> <\/span> <span class=\"ljodatexti\"> <a name=\"23\"><span class=\"versanumer_ljod\">23<\/span><\/a> \u00de\u00fa ert \u00ed bandalagi vi\u00f0 steinana \u00e1 sl\u00e9ttunni<br \/>og d\u00fdr merkurinnar eru \u00fe\u00e9r vinveitt,<br \/> <\/span> <span class=\"ljodatexti\"> <a name=\"24\"><span class=\"versanumer_ljod\">24<\/span><\/a> \u00fe\u00fa ver\u00f0ur \u00feess v\u00eds a\u00f0 tjald \u00feitt er \u00f3hult<br \/>og sko\u00f0ir \u00fe\u00fa b\u00fasta\u00f0 \u00feinn s\u00e9r\u00f0u a\u00f0 ekkert skortir,<br \/> <\/span> <span class=\"ljodatexti\"> <a name=\"25\"><span class=\"versanumer_ljod\">25<\/span><\/a> \u00fe\u00fa kemst a\u00f0 raun um a\u00f0 ni\u00f0jar \u00fe\u00ednir eru margir,<br \/>afkv\u00e6mi \u00fe\u00edn sem gras \u00e1 grundu,<br \/> <\/span> <span class=\"ljodatexti\"> <a name=\"26\"><span class=\"versanumer_ljod\">26<\/span><\/a> \u00fe\u00fa n\u00fdtur heilsu \u00fear til \u00fe\u00fa ver\u00f0ur grafinn<br \/>l\u00edkt og kornknippi sem s\u00f3tt er \u00e1 r\u00e9ttum t\u00edma.<br \/> <\/span> <span class=\"ljodatexti\"> <a name=\"27\"><span class=\"versanumer_ljod\">27<\/span><\/a> \u00deetta h\u00f6fum v\u00e9r hugleitt, \u00feannig er \u00fea\u00f0.<br \/>V\u00e9r h\u00f6fum hlusta\u00f0, haf\u00f0u \u00fea\u00f0 hugfast. <\/span> <\/p>\n","protected":false},"excerpt":{"rendered":"<p>1Hr\u00f3pa\u00f0u n\u00fa. Heldur \u00fe\u00fa a\u00f0 einhver svari \u00fe\u00e9r? Til hvers hinna heil\u00f6gu \u00e6tlar\u00f0u a\u00f0 sn\u00faa \u00fe\u00e9r? 2Gremjan gerir \u00fat af vi\u00f0 heimskingjannog \u00e1kafinn ver\u00f0ur einfeldningnum a\u00f0 bana. 3\u00c9g hef sj\u00e1lfur s\u00e9\u00f0 heimskingja festa r\u00e6turen \u00e9g form\u00e6lti b\u00fasta\u00f0 hans \u00feegar \u00ed sta\u00f0. 4B\u00f6rn hans voru heillum horfinog tro\u00f0in ni\u00f0ur \u00ed borgarhli\u00f0inu\u00fear sem enginn var til a\u00f0 bjarga \u00feeim. 5Uppskeru hans \u00e1t hungra\u00f0ur ma\u00f0ur,s\u00f3tti hana jafnvel inn \u00ed \u00feyrna,hinn \u00feyrsti \u00e1s\u00e6ldist au\u00f0 hans. 6Nei, b\u00f6li\u00f0 sprettur ekki \u00far moldinniog \u00fej\u00e1ningin vex ekki \u00far jar\u00f0veginum 7heldur er ma\u00f0urinn borinn til b\u00f6lseins og neistar sem \u00feeytast upp. 8\u00c9g mundi leita til Gu\u00f0sog leggja m\u00e1l <a href=\"https:\/\/biblian.is\/biblian\/jobsbok-5-kafli\/\"> [&#8230;]<\/a><\/p>\n","protected":false},"author":1,"featured_media":0,"parent":0,"menu_order":0,"comment_status":"open","ping_status":"open","template":"bibliukaflar_NT.php","meta":{"footnotes":""},"class_list":["post-2058","page","type-page","status-publish","hentry"],"_links":{"self":[{"href":"https:\/\/biblian.is\/biblian\/wp-json\/wp\/v2\/pages\/2058","targetHints":{"allow":["GET"]}}],"collection":[{"href":"https:\/\/biblian.is\/biblian\/wp-json\/wp\/v2\/pages"}],"about":[{"href":"https:\/\/biblian.is\/biblian\/wp-json\/wp\/v2\/types\/page"}],"author":[{"embeddable":true,"href":"https:\/\/biblian.is\/biblian\/wp-json\/wp\/v2\/users\/1"}],"replies":[{"embeddable":true,"href":"https:\/\/biblian.is\/biblian\/wp-json\/wp\/v2\/comments?post=2058"}],"version-history":[{"count":0,"href":"https:\/\/biblian.is\/biblian\/wp-json\/wp\/v2\/pages\/2058\/revisions"}],"wp:attachment":[{"href":"https:\/\/biblian.is\/biblian\/wp-json\/wp\/v2\/media?parent=2058"}],"curies":[{"name":"wp","href":"https:\/\/api.w.org\/{rel}","templated":true}]}}