{"id":2057,"date":"2017-12-30T21:01:30","date_gmt":"2017-12-30T21:01:30","guid":{"rendered":"http:\/\/biblian.is\/biblian\/jobsb%c2%97k-4-kafli\/"},"modified":"2024-06-27T02:38:45","modified_gmt":"2024-06-27T02:38:45","slug":"jobsbok-4-kafli","status":"publish","type":"page","link":"https:\/\/biblian.is\/biblian\/jobsbok-4-kafli\/","title":{"rendered":"Jobsb\u00f3k 4. kafli"},"content":{"rendered":"<h3 class=\"millifyrirsogn_2007\"> Fyrsta r\u00e6\u00f0a El\u00edfasar<\/h3>\n<p><a name=\"1\"><span class=\"versanumer_2007\">1<\/span><\/a> El\u00edfas fr\u00e1 Teman svara\u00f0i og sag\u00f0i:<br \/> <span class=\"ljodatexti\"> <a name=\"2\"><span class=\"versanumer_ljod\">2<\/span><\/a>Misl\u00edkar \u00fe\u00e9r a\u00f0 reynt s\u00e9 a\u00f0 tala vi\u00f0 \u00feig?<br \/>Hver f\u00e6r samt or\u00f0a bundist?<br \/> <\/span> <span class=\"ljodatexti\"> <a name=\"3\"><span class=\"versanumer_ljod\">3<\/span><\/a>\u00de\u00fa hefur lei\u00f0beint m\u00f6rgum,<br \/>magn\u00ferota hendur hefur \u00fe\u00fa styrkt.<br \/> <\/span> <span class=\"ljodatexti\"> <a name=\"4\"><span class=\"versanumer_ljod\">4<\/span><\/a>Or\u00f0 \u00fe\u00edn reistu \u00e1 f\u00e6tur \u00feann sem hrasa\u00f0i,<br \/>\u00fe\u00fa studdir \u00feau hn\u00e9 sem l\u00e9tu undan.<br \/> <\/span> <span class=\"ljodatexti\"> <a name=\"5\"><span class=\"versanumer_ljod\">5<\/span><\/a>N\u00fa hendir \u00fea\u00f0 \u00feig og \u00fe\u00fa missir m\u00f3\u00f0inn,<br \/>\u00fea\u00f0 snertir \u00feig og \u00fe\u00fa kiknar.<br \/> <\/span> <span class=\"ljodatexti\"> <a name=\"6\"><span class=\"versanumer_ljod\">6<\/span><\/a>\u00c1ttu ekki athvarf \u00ed gu\u00f0hr\u00e6\u00f0slunni,<br \/>er flekklaus vegur \u00feinn ekki von \u00fe\u00edn?<br \/> <\/span> <span class=\"ljodatexti\"> <a name=\"7\"><span class=\"versanumer_ljod\">7<\/span><\/a>Hugleiddu hvort saklausum hafi veri\u00f0 granda\u00f0,<br \/>hvar r\u00e9ttl\u00e1tum hafi veri\u00f0 eytt.<br \/> <\/span> <span class=\"ljodatexti\"> <a name=\"8\"><span class=\"versanumer_ljod\">8<\/span><\/a>\u00dea\u00f0 hef \u00e9g s\u00e9\u00f0.<br \/>\u00deeir sem pl\u00e6g\u00f0u illsku og s\u00e1\u00f0u b\u00f6li<br \/>hafa uppskori\u00f0 samkv\u00e6mt \u00fev\u00ed,<br \/> <\/span> <span class=\"ljodatexti\"> <a name=\"9\"><span class=\"versanumer_ljod\">9<\/span><\/a>\u00feeir hurfu fyrir andgusti Gu\u00f0s,<br \/>fyrir rei\u00f0ibl\u00e6stri hans ur\u00f0u \u00feeir a\u00f0 engu.<br \/> <\/span> <span class=\"ljodatexti\"> <a name=\"10\"><span class=\"versanumer_ljod\">10<\/span><\/a>Lj\u00f3ni\u00f0 \u00f6skrar og hvolpur \u00feess urrar<br \/>en lj\u00f3nstennurnar ver\u00f0a brotnar.<br \/> <\/span> <span class=\"ljodatexti\"> <a name=\"11\"><span class=\"versanumer_ljod\">11<\/span><\/a>Lj\u00f3ni\u00f0 deyr ef \u00fea\u00f0 skortir br\u00e1\u00f0<br \/>og hvolpar lj\u00f3nynjunnar tv\u00edstrast.<br \/> <\/span> <span class=\"ljodatexti\"> <a name=\"12\"><span class=\"versanumer_ljod\">12<\/span><\/a>En til m\u00edn lauma\u00f0ist or\u00f0,<br \/>eyra mitt heyr\u00f0i hv\u00edsla\u00f0,<br \/> <\/span> <span class=\"ljodatexti\"> <a name=\"13\"><span class=\"versanumer_ljod\">13<\/span><\/a>\u00ed hugrenningum \u00fat fr\u00e1 draums\u00fdn um n\u00f3tt<br \/>\u00feegar svefnh\u00f6fgi leggst \u00e1 menn.<br \/> <\/span> <span class=\"ljodatexti\"> <a name=\"14\"><span class=\"versanumer_ljod\">14<\/span><\/a>Skelfing greip mig og skj\u00e1lfti<br \/>svo a\u00f0 \u00f6ll bein m\u00edn n\u00f6tru\u00f0u<br \/> <\/span> <span class=\"ljodatexti\"> <a name=\"15\"><span class=\"versanumer_ljod\">15<\/span><\/a>og vindgustur straukst um andlit mitt,<br \/>h\u00e1rin risu \u00e1 l\u00edkama m\u00ednum.<br \/> <\/span> <span class=\"ljodatexti\"> <a name=\"16\"><span class=\"versanumer_ljod\">16<\/span><\/a>Einhver st\u00f3\u00f0 \u00fearna, \u00e9g greindi ekki \u00fatlit hans,<br \/>einhver vera var fyrir augum m\u00e9r<br \/>og \u00e9g heyr\u00f0i hv\u00edslandi r\u00f6dd:<br \/> <\/span> <span class=\"ljodatexti\"> <a name=\"17\"><span class=\"versanumer_ljod\">17<\/span><\/a>\u201eHefur dau\u00f0legur ma\u00f0ur r\u00e9tt fyrir s\u00e9r gagnvart Gu\u00f0i,<br \/>er nokkur hreinn frammi fyrir \u00feeim sem skapa\u00f0i hann?<br \/> <\/span> <span class=\"ljodatexti\"> <a name=\"18\"><span class=\"versanumer_ljod\">18<\/span><\/a>Sj\u00e1, hann getur ekki treyst \u00fej\u00f3num s\u00ednum<br \/>og finnur afgl\u00f6p hj\u00e1 englum s\u00ednum,<br \/> <\/span> <span class=\"ljodatexti\"> <a name=\"19\"><span class=\"versanumer_ljod\">19<\/span><\/a>hva\u00f0 \u00fe\u00e1 hj\u00e1 \u00feeim sem b\u00faa \u00ed leirh\u00fasum<br \/>sem grundv\u00f6llu\u00f0 eru \u00e1 sandi.<br \/>\u00deeir ver\u00f0a mar\u00f0ir sundur sem m\u00f6lur,<br \/> <\/span> <span class=\"ljodatexti\"> <a name=\"20\"><span class=\"versanumer_ljod\">20<\/span><\/a>slegnir fr\u00e1 morgni til kv\u00f6lds,<br \/>\u00feeir munu hverfa um aldur og \u00e6vi<br \/>og enginn tekur eftir \u00fev\u00ed.<br \/> <\/span> <span class=\"ljodatexti\"> <a name=\"21\"><span class=\"versanumer_ljod\">21<\/span><\/a>Ver\u00f0ur tjaldstagi \u00feeirra ekki kippt upp?<br \/>\u00deeir munu deyja skilningsvana.\u201c <\/span> <\/p>\n","protected":false},"excerpt":{"rendered":"<p>Fyrsta r\u00e6\u00f0a El\u00edfasar 1 El\u00edfas fr\u00e1 Teman svara\u00f0i og sag\u00f0i: 2Misl\u00edkar \u00fe\u00e9r a\u00f0 reynt s\u00e9 a\u00f0 tala vi\u00f0 \u00feig?Hver f\u00e6r samt or\u00f0a bundist? 3\u00de\u00fa hefur lei\u00f0beint m\u00f6rgum,magn\u00ferota hendur hefur \u00fe\u00fa styrkt. 4Or\u00f0 \u00fe\u00edn reistu \u00e1 f\u00e6tur \u00feann sem hrasa\u00f0i,\u00fe\u00fa studdir \u00feau hn\u00e9 sem l\u00e9tu undan. 5N\u00fa hendir \u00fea\u00f0 \u00feig og \u00fe\u00fa missir m\u00f3\u00f0inn,\u00fea\u00f0 snertir \u00feig og \u00fe\u00fa kiknar. 6\u00c1ttu ekki athvarf \u00ed gu\u00f0hr\u00e6\u00f0slunni,er flekklaus vegur \u00feinn ekki von \u00fe\u00edn? 7Hugleiddu hvort saklausum hafi veri\u00f0 granda\u00f0,hvar r\u00e9ttl\u00e1tum hafi veri\u00f0 eytt. 8\u00dea\u00f0 hef \u00e9g s\u00e9\u00f0.\u00deeir sem pl\u00e6g\u00f0u illsku og s\u00e1\u00f0u b\u00f6lihafa uppskori\u00f0 samkv\u00e6mt \u00fev\u00ed, 9\u00feeir hurfu fyrir andgusti Gu\u00f0s,fyrir rei\u00f0ibl\u00e6stri hans ur\u00f0u <a href=\"https:\/\/biblian.is\/biblian\/jobsbok-4-kafli\/\"> [&#8230;]<\/a><\/p>\n","protected":false},"author":1,"featured_media":0,"parent":0,"menu_order":0,"comment_status":"open","ping_status":"open","template":"bibliukaflar_NT.php","meta":{"footnotes":""},"class_list":["post-2057","page","type-page","status-publish","hentry"],"_links":{"self":[{"href":"https:\/\/biblian.is\/biblian\/wp-json\/wp\/v2\/pages\/2057","targetHints":{"allow":["GET"]}}],"collection":[{"href":"https:\/\/biblian.is\/biblian\/wp-json\/wp\/v2\/pages"}],"about":[{"href":"https:\/\/biblian.is\/biblian\/wp-json\/wp\/v2\/types\/page"}],"author":[{"embeddable":true,"href":"https:\/\/biblian.is\/biblian\/wp-json\/wp\/v2\/users\/1"}],"replies":[{"embeddable":true,"href":"https:\/\/biblian.is\/biblian\/wp-json\/wp\/v2\/comments?post=2057"}],"version-history":[{"count":0,"href":"https:\/\/biblian.is\/biblian\/wp-json\/wp\/v2\/pages\/2057\/revisions"}],"wp:attachment":[{"href":"https:\/\/biblian.is\/biblian\/wp-json\/wp\/v2\/media?parent=2057"}],"curies":[{"name":"wp","href":"https:\/\/api.w.org\/{rel}","templated":true}]}}