{"id":2056,"date":"2017-12-30T21:01:30","date_gmt":"2017-12-30T21:01:30","guid":{"rendered":"http:\/\/biblian.is\/biblian\/jobsb%c2%97k-3-kafli\/"},"modified":"2024-06-27T02:38:43","modified_gmt":"2024-06-27T02:38:43","slug":"jobsbok-3-kafli","status":"publish","type":"page","link":"https:\/\/biblian.is\/biblian\/jobsbok-3-kafli\/","title":{"rendered":"Jobsb\u00f3k 3. kafli"},"content":{"rendered":"<h2 class=\"millifyrirsogn_2007\">Fyrsti r\u00e6\u00f0ukafli <\/h2>\n<h3 class=\"millifyrirsogn_2007\">Angurlj\u00f3\u00f0 Jobs<\/h3>\n<p><a name=\"1\"><span class=\"versanumer_2007\">1<\/span><\/a> \u00de\u00e1 lauk Job upp munni s\u00ednum og form\u00e6lti f\u00e6\u00f0ingardegi s\u00ednum.<br \/> <a name=\"2\"><span class=\"versanumer_2007\">2<\/span><\/a> Job t\u00f3k til m\u00e1ls og sag\u00f0i:<br \/> <span class=\"ljodatexti\"> <a name=\"3\"><span class=\"versanumer_ljod\">3<\/span><\/a>Farist s\u00e1 dagur sem \u00e9g f\u00e6ddist \u00e1<br \/>og n\u00f3ttin sem sag\u00f0i: \u201eSveinbarn er geti\u00f0.\u201c<br \/> <\/span> <span class=\"ljodatexti\"> <a name=\"4\"><span class=\"versanumer_ljod\">4<\/span><\/a>S\u00e1 dagur ver\u00f0i a\u00f0 myrkri,<br \/>Gu\u00f0 \u00e1 h\u00e6\u00f0um spyrji ekki eftir honum,<br \/>engin birta lj\u00f3mi yfir honum.<br \/> <\/span> <span class=\"ljodatexti\"> <a name=\"5\"><span class=\"versanumer_ljod\">5<\/span><\/a>Sorti og myrkur heimti hann til s\u00edn,<br \/>sk\u00fdja\u00feykkni leggist yfir hann,<br \/>s\u00f3lmyrkvi skelfi hann.<br \/> <\/span> <span class=\"ljodatexti\"> <a name=\"6\"><span class=\"versanumer_ljod\">6<\/span><\/a>Ni\u00f0amyrkur hremmi \u00fe\u00e1 n\u00f3tt,<br \/>h\u00fan teljist ekki me\u00f0 d\u00f6gum \u00e1rsins,<br \/>h\u00fan reiknist ekki til neins m\u00e1na\u00f0ar.<br \/> <\/span> <span class=\"ljodatexti\"> <a name=\"7\"><span class=\"versanumer_ljod\">7<\/span><\/a>S\u00fa n\u00f3tt ver\u00f0i \u00f3frj\u00f3,<br \/>engin fagna\u00f0ar\u00f3p kve\u00f0i vi\u00f0,<br \/> <\/span> <span class=\"ljodatexti\"> <a name=\"8\"><span class=\"versanumer_ljod\">8<\/span><\/a>\u00feeir sem b\u00f6lva deginum form\u00e6li henni,<br \/>\u00feeir geta vali\u00f0 Levjatan. <span class=\"nedan_mal\" title=\" Levjatan var dreki e\u00f0a skr\u00edmsl \u00ed fornum sk\u00f6punars\u00f6gum er merkti \u00f3skapna\u00f0inn sem sigra\u00f0ur var \u00feegar heimurinn var skapa\u00f0ur. Levjatan merkir einnig \u00fe\u00e1 \u00f3gn sem stafar af dau\u00f0a og tort\u00edmingu.\">[<\/span> <br \/> <\/span> <span class=\"ljodatexti\"> <a name=\"9\"><span class=\"versanumer_ljod\">9<\/span><\/a>Stj\u00f6rnur hennar hef\u00f0u betur veri\u00f0 dimmar vi\u00f0 birtingu,<br \/>engin birta komi\u00f0 \u00fe\u00f3tt h\u00fan v\u00e6nti hennar<br \/>og h\u00fan hef\u00f0i ekki liti\u00f0 lj\u00f3ma morgunro\u00f0ans<br \/> <\/span> <span class=\"ljodatexti\"> <a name=\"10\"><span class=\"versanumer_ljod\">10<\/span><\/a>\u00fev\u00ed a\u00f0 h\u00fan loka\u00f0i ekki fyrir m\u00e9r dyrum m\u00f3\u00f0url\u00edfsins<br \/>og byrg\u00f0i ekki \u00fej\u00e1ninguna fyrir augum m\u00ednum.<br \/> <\/span> <span class=\"ljodatexti\"> <a name=\"11\"><span class=\"versanumer_ljod\">11<\/span><\/a>Hv\u00ed d\u00f3 \u00e9g ekki n\u00fdkominn \u00far m\u00f3\u00f0urskauti,<br \/>anda\u00f0ist er \u00e9g kom \u00far m\u00f3\u00f0url\u00edfi?<br \/> <\/span> <span class=\"ljodatexti\"> <a name=\"12\"><span class=\"versanumer_ljod\">12<\/span><\/a>Hvers vegna t\u00f3ku hn\u00e9 \u00e1 m\u00f3ti m\u00e9r<br \/>og brj\u00f3st handa m\u00e9r a\u00f0 sj\u00faga?<br \/> <\/span> <span class=\"ljodatexti\"> <a name=\"13\"><span class=\"versanumer_ljod\">13<\/span><\/a>N\u00fa g\u00e6ti \u00e9g legi\u00f0 og hv\u00edlst,<br \/>sofi\u00f0 og haft n\u00e6\u00f0i<br \/> <\/span> <span class=\"ljodatexti\"> <a name=\"14\"><span class=\"versanumer_ljod\">14<\/span><\/a>me\u00f0 konungum og r\u00e1\u00f0am\u00f6nnum jar\u00f0arinnar,<br \/>sem reistu s\u00e9r hallir \u00far r\u00fastum,<br \/> <\/span> <span class=\"ljodatexti\"> <a name=\"15\"><span class=\"versanumer_ljod\">15<\/span><\/a>e\u00f0a me\u00f0 h\u00f6f\u00f0ingjum sem \u00e1ttu gull,<br \/>fylltu h\u00fas s\u00edn silfri.<br \/> <\/span> <span class=\"ljodatexti\"> <a name=\"16\"><span class=\"versanumer_ljod\">16<\/span><\/a>E\u00f0a \u00e9g v\u00e6ri ekki til frekar en fyrirburi sem leynt er,<br \/>b\u00f6rn sem aldrei litu dagsins lj\u00f3s.<br \/> <\/span> <span class=\"ljodatexti\"> <a name=\"17\"><span class=\"versanumer_ljod\">17<\/span><\/a>\u00dear h\u00e6tta rangl\u00e1tir a\u00f0 hamast,<br \/>\u00fear hv\u00edlast \u00f6rmagna\u00f0ir.<br \/> <\/span> <span class=\"ljodatexti\"> <a name=\"18\"><span class=\"versanumer_ljod\">18<\/span><\/a>Bandingjar hv\u00edlast saman,<br \/>k\u00f6ll var\u00f0arins heyra \u00feeir ekki.<br \/> <\/span> <span class=\"ljodatexti\"> <a name=\"19\"><span class=\"versanumer_ljod\">19<\/span><\/a>H\u00e1ir og l\u00e1gir eru \u00fear jafnir<br \/>og \u00fer\u00e6llinn er laus vi\u00f0 h\u00fasb\u00f3nda sinn.<br \/> <\/span> <span class=\"ljodatexti\"> <a name=\"20\"><span class=\"versanumer_ljod\">20<\/span><\/a>Hvers vegna gefur hann \u00fej\u00e1\u00f0um lj\u00f3s<br \/>og bitrum l\u00edf,<br \/> <\/span> <span class=\"ljodatexti\"> <a name=\"21\"><span class=\"versanumer_ljod\">21<\/span><\/a>\u00feeim sem \u00fer\u00e1 dau\u00f0ann \u00e1n \u00feess hann komi<br \/>og grafa \u00e1kafar eftir honum en fj\u00e1rsj\u00f3\u00f0um,<br \/> <\/span> <span class=\"ljodatexti\"> <a name=\"22\"><span class=\"versanumer_ljod\">22<\/span><\/a> \u00feeim sem gle\u00f0jast yfir steindys<br \/>og fagna ef \u00feeir finna gr\u00f6f,<br \/> <\/span> <span class=\"ljodatexti\"> <a name=\"23\"><span class=\"versanumer_ljod\">23<\/span><\/a> manninum sem enga lei\u00f0 finnur<br \/>og Gu\u00f0 hefur kr\u00f3a\u00f0 af?<br \/> <\/span> <span class=\"ljodatexti\"> <a name=\"24\"><span class=\"versanumer_ljod\">24<\/span><\/a> \u00deegar \u00e9g \u00e6tla a\u00f0 matast styn \u00e9g,<br \/>harmakvein m\u00edn streyma sem vatn.<br \/> <\/span> <span class=\"ljodatexti\"> <a name=\"25\"><span class=\"versanumer_ljod\">25<\/span><\/a> \u00dea\u00f0 sem \u00e9g \u00f3tta\u00f0ist kom yfir mig,<br \/>\u00fea\u00f0 sem \u00e9g skelfdist henti mig.<br \/> <\/span> <span class=\"ljodatexti\"> <a name=\"26\"><span class=\"versanumer_ljod\">26<\/span><\/a> \u00c9g naut hvorki n\u00e6\u00f0is n\u00e9 fri\u00f0ar,<br \/>\u00e9g hv\u00edldist ekki en m\u00e6ddist \u00e1 n\u00fd. <\/span> <\/p>\n","protected":false},"excerpt":{"rendered":"<p>Fyrsti r\u00e6\u00f0ukafli Angurlj\u00f3\u00f0 Jobs 1 \u00de\u00e1 lauk Job upp munni s\u00ednum og form\u00e6lti f\u00e6\u00f0ingardegi s\u00ednum. 2 Job t\u00f3k til m\u00e1ls og sag\u00f0i: 3Farist s\u00e1 dagur sem \u00e9g f\u00e6ddist \u00e1og n\u00f3ttin sem sag\u00f0i: \u201eSveinbarn er geti\u00f0.\u201c 4S\u00e1 dagur ver\u00f0i a\u00f0 myrkri,Gu\u00f0 \u00e1 h\u00e6\u00f0um spyrji ekki eftir honum,engin birta lj\u00f3mi yfir honum. 5Sorti og myrkur heimti hann til s\u00edn,sk\u00fdja\u00feykkni leggist yfir hann,s\u00f3lmyrkvi skelfi hann. 6Ni\u00f0amyrkur hremmi \u00fe\u00e1 n\u00f3tt,h\u00fan teljist ekki me\u00f0 d\u00f6gum \u00e1rsins,h\u00fan reiknist ekki til neins m\u00e1na\u00f0ar. 7S\u00fa n\u00f3tt ver\u00f0i \u00f3frj\u00f3,engin fagna\u00f0ar\u00f3p kve\u00f0i vi\u00f0, 8\u00feeir sem b\u00f6lva deginum form\u00e6li henni,\u00feeir geta vali\u00f0 Levjatan. [ 9Stj\u00f6rnur hennar hef\u00f0u betur veri\u00f0 dimmar vi\u00f0 <a href=\"https:\/\/biblian.is\/biblian\/jobsbok-3-kafli\/\"> [&#8230;]<\/a><\/p>\n","protected":false},"author":1,"featured_media":0,"parent":0,"menu_order":0,"comment_status":"open","ping_status":"open","template":"bibliukaflar_NT.php","meta":{"footnotes":""},"class_list":["post-2056","page","type-page","status-publish","hentry"],"_links":{"self":[{"href":"https:\/\/biblian.is\/biblian\/wp-json\/wp\/v2\/pages\/2056","targetHints":{"allow":["GET"]}}],"collection":[{"href":"https:\/\/biblian.is\/biblian\/wp-json\/wp\/v2\/pages"}],"about":[{"href":"https:\/\/biblian.is\/biblian\/wp-json\/wp\/v2\/types\/page"}],"author":[{"embeddable":true,"href":"https:\/\/biblian.is\/biblian\/wp-json\/wp\/v2\/users\/1"}],"replies":[{"embeddable":true,"href":"https:\/\/biblian.is\/biblian\/wp-json\/wp\/v2\/comments?post=2056"}],"version-history":[{"count":0,"href":"https:\/\/biblian.is\/biblian\/wp-json\/wp\/v2\/pages\/2056\/revisions"}],"wp:attachment":[{"href":"https:\/\/biblian.is\/biblian\/wp-json\/wp\/v2\/media?parent=2056"}],"curies":[{"name":"wp","href":"https:\/\/api.w.org\/{rel}","templated":true}]}}