{"id":2054,"date":"2017-12-30T21:01:30","date_gmt":"2017-12-30T21:01:30","guid":{"rendered":"http:\/\/biblian.is\/biblian\/jobsb%c2%97k-1-kafli\/"},"modified":"2024-06-27T02:38:40","modified_gmt":"2024-06-27T02:38:40","slug":"jobsbok-1-kafli","status":"publish","type":"page","link":"https:\/\/biblian.is\/biblian\/jobsbok-1-kafli\/","title":{"rendered":"Jobsb\u00f3k 1. kafli"},"content":{"rendered":"<h3 class=\"millifyrirsogn_2007\"> Gu\u00f0r\u00e6kni og hamingja Jobs<\/h3>\n<p><a name=\"1\"><span class=\"versanumer_2007\">1<\/span><\/a> Einu sinni var ma\u00f0ur \u00ed \u00daslandi sem Job h\u00e9t. Hann var r\u00e1\u00f0vandur og r\u00e9ttl\u00e1tur, \u00f3tta\u00f0ist Gu\u00f0 og for\u00f0a\u00f0ist illt. <a name=\"2\"><span class=\"versanumer_2007\">2<\/span><\/a> Hann eigna\u00f0ist sj\u00f6 syni og \u00ferj\u00e1r d\u00e6tur. <a name=\"3\"><span class=\"versanumer_2007\">3<\/span><\/a> Hann \u00e1tti sj\u00f6 \u00fe\u00fasund fj\u00e1r, \u00ferj\u00fa \u00fe\u00fasund \u00falfalda, fimm hundru\u00f0 sameyki nauta, fimm hundru\u00f0 \u00f6snur og fj\u00f6lda \u00fer\u00e6la. \u00deessi ma\u00f0ur var \u00f6llum \u00f6\u00f0rum au\u00f0ugri \u00ed l\u00f6ndunum fyrir austan.<br \/> <a name=\"4\"><span class=\"versanumer_2007\">4<\/span><\/a> Synir hans h\u00f6f\u00f0u \u00fe\u00e1 venju a\u00f0 efna til veislu heima hj\u00e1 s\u00e9r, hver \u00feeirra \u00e1 \u00e1kve\u00f0num degi. \u00de\u00e1 bu\u00f0u \u00feeir systrum s\u00ednum \u00feremur a\u00f0 eta og drekka me\u00f0 s\u00e9r. <a name=\"5\"><span class=\"versanumer_2007\">5<\/span><\/a> \u00deegar veisludagarnir voru li\u00f0nir sendi Job eftir \u00feeim og helga\u00f0i \u00feau. \u00deann morgun f\u00f3r Job snemma \u00e1 f\u00e6tur og f\u00e6r\u00f0i brennif\u00f3rnir fyrir hvert \u00feeirra \u00fev\u00ed a\u00f0 hann hugsa\u00f0i: \u201eEf til vill hafa b\u00f6rn m\u00edn syndga\u00f0 og form\u00e6lt Gu\u00f0i \u00ed hjarta s\u00e9r.\u201c \u00deetta ger\u00f0i Job \u00ed hvert skipti.<\/p>\n<h3 class=\"millifyrirsogn_2007\">Fyrri pr\u00f3fraun Jobs<\/h3>\n<p><a name=\"6\"><span class=\"versanumer_2007\">6<\/span><\/a> Dag nokkurn bar svo til a\u00f0 synir Gu\u00f0s komu og gengu fyrir Drottin og var Satan \u00e1 me\u00f0al \u00feeirra. <a name=\"7\"><span class=\"versanumer_2007\">7<\/span><\/a> Drottinn spur\u00f0i Satan: \u201eHva\u00f0an kemur \u00fe\u00fa?\u201c Satan svara\u00f0i Drottni og sag\u00f0i: \u201e\u00c9g hef veri\u00f0 \u00e1 fer\u00f0alagi hinga\u00f0 og \u00feanga\u00f0 um j\u00f6r\u00f0ina.\u201c <a name=\"8\"><span class=\"versanumer_2007\">8<\/span><\/a> \u00de\u00e1 spur\u00f0i Drottinn Satan: \u201eVeittir \u00fe\u00fa athygli \u00fej\u00f3ni m\u00ednum, Job? Enginn ma\u00f0ur \u00e1 j\u00f6r\u00f0inni er jafnr\u00e1\u00f0vandur og r\u00e9ttl\u00e1tur og hann. Hann \u00f3ttast Gu\u00f0 og for\u00f0ast illt.\u201c <a name=\"9\"><span class=\"versanumer_2007\">9<\/span><\/a> Satan svara\u00f0i Drottni og sag\u00f0i: \u201eEr Job gu\u00f0hr\u00e6ddur a\u00f0 \u00e1st\u00e6\u00f0ulausu? Hefur \u00fe\u00fa ekki vernda\u00f0 hann, h\u00fas hans og eignir \u00e1 alla lund? <a name=\"10\"><span class=\"versanumer_2007\">10<\/span><\/a> \u00de\u00fa hefur blessa\u00f0 st\u00f6rf hans og f\u00e9na\u00f0ur hans hefur dreift s\u00e9r um landi\u00f0. <a name=\"11\"><span class=\"versanumer_2007\">11<\/span><\/a> En r\u00e9ttu \u00fat h\u00f6nd \u00fe\u00edna og snertu allt sem hann \u00e1, \u00fe\u00e1 mun hann vissulega form\u00e6la \u00fe\u00e9r upp \u00ed opi\u00f0 ge\u00f0i\u00f0.\u201c <a name=\"12\"><span class=\"versanumer_2007\">12<\/span><\/a> Drottinn sag\u00f0i vi\u00f0 Satan: \u201eAllar eigur hans eru \u00e1 \u00fe\u00ednu valdi en gegn honum sj\u00e1lfum m\u00e1ttu ekki r\u00e9tta h\u00f6nd \u00fe\u00edna.\u201c<br \/>S\u00ed\u00f0an f\u00f3r Satan fr\u00e1 augliti Drottins.<br \/> <a name=\"13\"><span class=\"versanumer_2007\">13<\/span><\/a> N\u00fa bar svo til einn daginn \u00feegar synir hans og d\u00e6tur \u00e1tu og drukku v\u00edn heima hj\u00e1 elsta br\u00f3\u00f0ur s\u00ednum <a name=\"14\"><span class=\"versanumer_2007\">14<\/span><\/a> a\u00f0 sendibo\u00f0i kom til Jobs og sag\u00f0i: \u201eNautin voru a\u00f0 draga pl\u00f3ginn og asnarnir \u00e1 beit \u00ed grenndinni <a name=\"15\"><span class=\"versanumer_2007\">15<\/span><\/a> \u00feegar Sabear ger\u00f0u \u00e1r\u00e1s og t\u00f3ku \u00feau me\u00f0 s\u00e9r en felldu piltana me\u00f0 sver\u00f0seggjum. \u00c9g komst einn undan og get flutt \u00fe\u00e9r t\u00ed\u00f0indin.\u201c<br \/> <a name=\"16\"><span class=\"versanumer_2007\">16<\/span><\/a> \u00c1\u00f0ur en hann haf\u00f0i loki\u00f0 m\u00e1li s\u00ednu kom annar og sag\u00f0i: \u201eEldur Gu\u00f0s f\u00e9ll af himni, kveikti \u00ed sau\u00f0unum og piltunum og gleypti \u00fe\u00e1. \u00c9g komst einn undan og get flutt \u00fe\u00e9r t\u00ed\u00f0indin.\u201c<br \/> <a name=\"17\"><span class=\"versanumer_2007\">17<\/span><\/a> \u00c1\u00f0ur en hann haf\u00f0i loki\u00f0 m\u00e1li s\u00ednu kom enn annar og sag\u00f0i: \u201eKaldear fylktu \u00feremur flokkum, r\u00e9\u00f0ust \u00e1 \u00falfaldana og t\u00f3ku \u00fe\u00e1 me\u00f0 s\u00e9r en felldu piltana me\u00f0 sver\u00f0seggjum. \u00c9g komst einn undan og get flutt \u00fe\u00e9r t\u00ed\u00f0indin.\u201c<br \/> <a name=\"18\"><span class=\"versanumer_2007\">18<\/span><\/a> \u00c1\u00f0ur en hann haf\u00f0i loki\u00f0 m\u00e1li s\u00ednu kom enn einn sendibo\u00f0i og sag\u00f0i: \u201eSynir \u00fe\u00ednir og d\u00e6tur \u00e1tu og drukku v\u00edn heima hj\u00e1 elsta br\u00f3\u00f0urnum <a name=\"19\"><span class=\"versanumer_2007\">19<\/span><\/a> \u00feegar mikill stormur \u00far ey\u00f0im\u00f6rkinni skall yfir og braut ni\u00f0ur \u00f6ll fj\u00f6gur horn h\u00fassins. \u00dea\u00f0 hrundi yfir ungmennin og \u00feau l\u00e9tu l\u00edfi\u00f0.\u201c<br \/> <a name=\"20\"><span class=\"versanumer_2007\">20<\/span><\/a> \u00de\u00e1 reis Job \u00e1 f\u00e6tur, reif kl\u00e6\u00f0i s\u00edn og skar h\u00e1r sitt. <a name=\"21\"><span class=\"versanumer_2007\">21<\/span><\/a> \u00dev\u00ed n\u00e6st l\u00e9t hann fallast \u00e1 j\u00f6r\u00f0ina og ba\u00f0st fyrir me\u00f0 \u00feessum or\u00f0um:<br \/> <span class=\"ljodatexti\"> Nakinn kom \u00e9g af m\u00f3\u00f0urskauti<br \/>og nakinn hverf \u00e9g \u00feanga\u00f0 aftur,<br \/>Drottinn gaf og Drottinn t\u00f3k,<br \/>lofa\u00f0 veri nafn Drottins. <\/span> <br \/> <a name=\"22\"><span class=\"versanumer_2007\">22<\/span><\/a> \u00der\u00e1tt fyrir allt \u00feetta syndga\u00f0i Job ekki og \u00e1lasa\u00f0i Gu\u00f0i ekki.<\/p>\n","protected":false},"excerpt":{"rendered":"<p>Gu\u00f0r\u00e6kni og hamingja Jobs 1 Einu sinni var ma\u00f0ur \u00ed \u00daslandi sem Job h\u00e9t. Hann var r\u00e1\u00f0vandur og r\u00e9ttl\u00e1tur, \u00f3tta\u00f0ist Gu\u00f0 og for\u00f0a\u00f0ist illt. 2 Hann eigna\u00f0ist sj\u00f6 syni og \u00ferj\u00e1r d\u00e6tur. 3 Hann \u00e1tti sj\u00f6 \u00fe\u00fasund fj\u00e1r, \u00ferj\u00fa \u00fe\u00fasund \u00falfalda, fimm hundru\u00f0 sameyki nauta, fimm hundru\u00f0 \u00f6snur og fj\u00f6lda \u00fer\u00e6la. \u00deessi ma\u00f0ur var \u00f6llum \u00f6\u00f0rum au\u00f0ugri \u00ed l\u00f6ndunum fyrir austan. 4 Synir hans h\u00f6f\u00f0u \u00fe\u00e1 venju a\u00f0 efna til veislu heima hj\u00e1 s\u00e9r, hver \u00feeirra \u00e1 \u00e1kve\u00f0num degi. \u00de\u00e1 bu\u00f0u \u00feeir systrum s\u00ednum \u00feremur a\u00f0 eta og drekka me\u00f0 s\u00e9r. 5 \u00deegar veisludagarnir voru li\u00f0nir sendi Job eftir \u00feeim <a href=\"https:\/\/biblian.is\/biblian\/jobsbok-1-kafli\/\"> [&#8230;]<\/a><\/p>\n","protected":false},"author":1,"featured_media":0,"parent":0,"menu_order":0,"comment_status":"open","ping_status":"open","template":"bibliukaflar_NT.php","meta":{"footnotes":""},"class_list":["post-2054","page","type-page","status-publish","hentry"],"_links":{"self":[{"href":"https:\/\/biblian.is\/biblian\/wp-json\/wp\/v2\/pages\/2054","targetHints":{"allow":["GET"]}}],"collection":[{"href":"https:\/\/biblian.is\/biblian\/wp-json\/wp\/v2\/pages"}],"about":[{"href":"https:\/\/biblian.is\/biblian\/wp-json\/wp\/v2\/types\/page"}],"author":[{"embeddable":true,"href":"https:\/\/biblian.is\/biblian\/wp-json\/wp\/v2\/users\/1"}],"replies":[{"embeddable":true,"href":"https:\/\/biblian.is\/biblian\/wp-json\/wp\/v2\/comments?post=2054"}],"version-history":[{"count":0,"href":"https:\/\/biblian.is\/biblian\/wp-json\/wp\/v2\/pages\/2054\/revisions"}],"wp:attachment":[{"href":"https:\/\/biblian.is\/biblian\/wp-json\/wp\/v2\/media?parent=2054"}],"curies":[{"name":"wp","href":"https:\/\/api.w.org\/{rel}","templated":true}]}}