{"id":2051,"date":"2017-12-30T21:01:30","date_gmt":"2017-12-30T21:01:30","guid":{"rendered":"http:\/\/biblian.is\/biblian\/esterarb%c2%97k-8-kafli\/"},"modified":"2023-02-25T04:38:33","modified_gmt":"2023-02-25T04:38:33","slug":"esterarbok-8-kafli","status":"publish","type":"page","link":"https:\/\/biblian.is\/biblian\/esterarbok-8-kafli\/","title":{"rendered":"Esterarb\u00f3k 8. kafli"},"content":{"rendered":"<h3 class=\"millifyrirsogn_2007\"> N\u00fd tilskipun um Gy\u00f0inga<\/h3>\n<p><a name=\"1\"><span class=\"versanumer_2007\">1<\/span><\/a> Sama dag gaf Xerxes konungur Ester drottningu h\u00fas Hamans Agagsni\u00f0ja, hatursmanns Gy\u00f0inga. Mordeka\u00ed gekk fyrir konung en Ester haf\u00f0i sagt honum hvers vir\u00f0i hann v\u00e6ri s\u00e9r. <a name=\"2\"><span class=\"versanumer_2007\">2<\/span><\/a> Konungur dr\u00f3 af hendi s\u00e9r innsiglishringinn, sem hann haf\u00f0i l\u00e1ti\u00f0 taka af Haman, og f\u00e9kk Mordeka\u00ed hann. Og Ester f\u00e9kk Mordeka\u00ed yfirr\u00e1\u00f0 yfir h\u00fasi Hamans.<br \/> <a name=\"3\"><span class=\"versanumer_2007\">3<\/span><\/a> Ester tala\u00f0i enn vi\u00f0 konung, f\u00e9ll til f\u00f3ta honum og gr\u00e1tb\u00e6ndi hann a\u00f0 afst\u00fdra \u00feeim f\u00f3lskuverkum sem Haman Agagsni\u00f0ji haf\u00f0i r\u00e1\u00f0gert a\u00f0 vinna Gy\u00f0ingum. <a name=\"4\"><span class=\"versanumer_2007\">4<\/span><\/a> Konungur r\u00e9tti \u00fe\u00e1 fram gullsprota sinn \u00e1 m\u00f3ti Ester en h\u00fan st\u00f3\u00f0 upp og gekk fyrir konung <a name=\"5\"><span class=\"versanumer_2007\">5<\/span><\/a> og sag\u00f0i: \u201e\u00de\u00f3knist \u00fea\u00f0 konungi og hafi \u00e9g fundi\u00f0 n\u00e1\u00f0 fyrir augum hans og konungi s\u00e9 \u00fea\u00f0 ekki \u00e1 m\u00f3ti skapi og hafi hann m\u00e6tur \u00e1 m\u00e9r, \u00fe\u00e1 gefi hann \u00fat skriflega tilskipun um a\u00f0 \u00f3n\u00fdta allar r\u00e1\u00f0ager\u00f0irnar og svo br\u00e9f \u00feau er Agagsni\u00f0jinn Haman Hamdatason l\u00e9t rita um a\u00f0 Gy\u00f0ingum skyldi tort\u00edmt \u00ed \u00f6llum h\u00e9ru\u00f0um konungsr\u00edkisins. <a name=\"6\"><span class=\"versanumer_2007\">6<\/span><\/a> Hvernig g\u00e6ti \u00e9g afbori\u00f0 a\u00f0 horfa upp \u00e1 \u00f3g\u00e6funa sem n\u00fa vofir yfir \u00fej\u00f3\u00f0 minni og hvernig fengi \u00e9g \u00feola\u00f0 a\u00f0 sj\u00e1 \u00e6ttmennum m\u00ednum tort\u00edmt?\u201c<br \/> <a name=\"7\"><span class=\"versanumer_2007\">7<\/span><\/a> Xerxes konungur sag\u00f0i \u00fe\u00e1 vi\u00f0 Ester drottningu og Gy\u00f0inginn Mordeka\u00ed: \u201eH\u00fasi\u00f0, sem Haman \u00e1tti, hef \u00e9g gefi\u00f0 Ester. Og hann hefur sj\u00e1lfur veri\u00f0 festur \u00e1 g\u00e1lga vegna \u00feess a\u00f0 hann haf\u00f0i unni\u00f0 Gy\u00f0ingum mein. <a name=\"8\"><span class=\"versanumer_2007\">8<\/span><\/a> Semji\u00f0 \u00fev\u00ed tilskipun um Gy\u00f0inga \u00ed nafni konungs, eftir \u00fev\u00ed sem ykkur \u00fe\u00f3knast, og sta\u00f0festi\u00f0 br\u00e9fi\u00f0 me\u00f0 innsiglishring konungs. Br\u00e9f, rita\u00f0 \u00ed nafni konungs og innsigla\u00f0 me\u00f0 innsiglishring hans, ver\u00f0ur aldrei afturkalla\u00f0.\u201c<br \/> <a name=\"9\"><span class=\"versanumer_2007\">9<\/span><\/a> \u00c1 tuttugasta og \u00feri\u00f0ja degi \u00feri\u00f0ja m\u00e1na\u00f0ar, m\u00e1na\u00f0arins s\u00edvan, voru ritarar konungs kalla\u00f0ir saman. Ritu\u00f0u \u00feeir hva\u00f0 eina, sem Mordeka\u00ed m\u00e6lti fyrir, til Gy\u00f0inga, til skattlandsstj\u00f3ranna, landsh\u00f6f\u00f0ingjanna og h\u00f6f\u00f0ingja h\u00e9ra\u00f0anna hundra\u00f0 tuttugu og sj\u00f6, allt fr\u00e1 Indlandi til E\u00fe\u00ed\u00f3p\u00edu, til hvers h\u00e9ra\u00f0s me\u00f0 letri \u00feess h\u00e9ra\u00f0s, til hverrar \u00fej\u00f3\u00f0ar \u00e1 tungu hennar og jafnframt til Gy\u00f0inga me\u00f0 \u00feeirra letri og \u00e1 \u00feeirra tungu. <a name=\"10\"><span class=\"versanumer_2007\">10<\/span><\/a> Mordeka\u00ed rita\u00f0i \u00ed nafni Xerxesar konungs og haf\u00f0i innsiglishring konungs til sta\u00f0festingar. Og hra\u00f0bo\u00f0ar voru sendir me\u00f0 br\u00e9fin \u00e1 \u00farvalsg\u00e6\u00f0ingum \u00far hesth\u00fasum konungs. <a name=\"11\"><span class=\"versanumer_2007\">11<\/span><\/a> \u00cd br\u00e9funum veitti konungur Gy\u00f0ingum \u00ed s\u00e9rhverri borg heimild til a\u00f0 safna li\u00f0i til sj\u00e1lfsvarnar, ey\u00f0a, dey\u00f0a og tort\u00edma li\u00f0safla hverrar \u00feeirrar \u00fej\u00f3\u00f0ar e\u00f0a h\u00e9ra\u00f0s, sem veittist gegn \u00feeim, jafnvel b\u00f6rnum og konum, og hafa fj\u00e1rmuni \u00feeirra a\u00f0 r\u00e1nsfeng <a name=\"12\"><span class=\"versanumer_2007\">12<\/span><\/a> \u00e1 tilteknum degi \u00ed \u00f6llum h\u00e9ru\u00f0um r\u00edkis Xerxesar konungs, \u00ferett\u00e1nda degi t\u00f3lfta m\u00e1na\u00f0ar, m\u00e1na\u00f0arins adar.<\/p>\n<h3 class=\"millifyrirsogn_2007\">Gy\u00f0ingum heimila\u00f0 a\u00f0 sn\u00faast til varnar<\/h3>\n<p><a name=\"13\"><span class=\"versanumer_2007\">13<\/span><\/a> Eftirrit af br\u00e9finu skyldi gefi\u00f0 \u00fat og birt sem l\u00f6g \u00ed hverju h\u00e9ra\u00f0i svo a\u00f0 \u00f6llum \u00fej\u00f3\u00f0unum yr\u00f0i \u00feetta lj\u00f3st og til \u00feess a\u00f0 Gy\u00f0ingar g\u00e6tu haft vi\u00f0b\u00fana\u00f0 \u00feennan dag til a\u00f0 koma fram hefndum \u00e1 \u00f3vinum s\u00ednum. <a name=\"14\"><span class=\"versanumer_2007\">14<\/span><\/a> Hra\u00f0bo\u00f0arnir h\u00e9ldu tafarlaust af sta\u00f0 \u00e1 konungsg\u00e6\u00f0ingum a\u00f0 bo\u00f0i konungs um lei\u00f0 og l\u00f6gin voru birt \u00ed virkisborginni S\u00fasa.<br \/> <a name=\"15\"><span class=\"versanumer_2007\">15<\/span><\/a> Mordeka\u00ed gekk \u00fat fr\u00e1 konungi \u00ed konunglegum skr\u00fa\u00f0a, fj\u00f3lubl\u00e1um og hv\u00edtum. Hann bar st\u00f3ra gullk\u00f3r\u00f3nu \u00e1 h\u00f6f\u00f0i og var kl\u00e6ddur m\u00f6ttli \u00far drifhv\u00edtu og purpurarau\u00f0u l\u00edni. Og fagna\u00f0ar\u00f3p kv\u00e1\u00f0u vi\u00f0 \u00ed borginni S\u00fasa. <a name=\"16\"><span class=\"versanumer_2007\">16<\/span><\/a> Gy\u00f0ingar nutu lj\u00f3ss og gle\u00f0i, fagna\u00f0ar og hei\u00f0urs. <a name=\"17\"><span class=\"versanumer_2007\">17<\/span><\/a> \u00cd \u00f6llum h\u00e9ru\u00f0um og \u00f6llum borgum, \u00fear sem tilskipun og l\u00f6g konungs voru birt, gl\u00f6ddust Gy\u00f0ingar og f\u00f6gnu\u00f0u, h\u00e9ldu veislur og ger\u00f0u s\u00e9r \u00feann dag margt til h\u00e1t\u00ed\u00f0abrig\u00f0a. Og margir \u00edb\u00faar af \u00f6\u00f0ru \u00fej\u00f3\u00f0erni t\u00f3ku Gy\u00f0ingatr\u00fa \u00fev\u00ed a\u00f0 \u00f3tti vi\u00f0 Gy\u00f0inga var yfir \u00fe\u00e1 kominn.<\/p>\n","protected":false},"excerpt":{"rendered":"<p>N\u00fd tilskipun um Gy\u00f0inga 1 Sama dag gaf Xerxes konungur Ester drottningu h\u00fas Hamans Agagsni\u00f0ja, hatursmanns Gy\u00f0inga. Mordeka\u00ed gekk fyrir konung en Ester haf\u00f0i sagt honum hvers vir\u00f0i hann v\u00e6ri s\u00e9r. 2 Konungur dr\u00f3 af hendi s\u00e9r innsiglishringinn, sem hann haf\u00f0i l\u00e1ti\u00f0 taka af Haman, og f\u00e9kk Mordeka\u00ed hann. Og Ester f\u00e9kk Mordeka\u00ed yfirr\u00e1\u00f0 yfir h\u00fasi Hamans. 3 Ester tala\u00f0i enn vi\u00f0 konung, f\u00e9ll til f\u00f3ta honum og gr\u00e1tb\u00e6ndi hann a\u00f0 afst\u00fdra \u00feeim f\u00f3lskuverkum sem Haman Agagsni\u00f0ji haf\u00f0i r\u00e1\u00f0gert a\u00f0 vinna Gy\u00f0ingum. 4 Konungur r\u00e9tti \u00fe\u00e1 fram gullsprota sinn \u00e1 m\u00f3ti Ester en h\u00fan st\u00f3\u00f0 upp og gekk fyrir konung <a href=\"https:\/\/biblian.is\/biblian\/esterarbok-8-kafli\/\"> [&#8230;]<\/a><\/p>\n","protected":false},"author":1,"featured_media":0,"parent":0,"menu_order":0,"comment_status":"open","ping_status":"open","template":"bibliukaflar_NT.php","meta":{"footnotes":""},"class_list":["post-2051","page","type-page","status-publish","hentry"],"_links":{"self":[{"href":"https:\/\/biblian.is\/biblian\/wp-json\/wp\/v2\/pages\/2051","targetHints":{"allow":["GET"]}}],"collection":[{"href":"https:\/\/biblian.is\/biblian\/wp-json\/wp\/v2\/pages"}],"about":[{"href":"https:\/\/biblian.is\/biblian\/wp-json\/wp\/v2\/types\/page"}],"author":[{"embeddable":true,"href":"https:\/\/biblian.is\/biblian\/wp-json\/wp\/v2\/users\/1"}],"replies":[{"embeddable":true,"href":"https:\/\/biblian.is\/biblian\/wp-json\/wp\/v2\/comments?post=2051"}],"version-history":[{"count":0,"href":"https:\/\/biblian.is\/biblian\/wp-json\/wp\/v2\/pages\/2051\/revisions"}],"wp:attachment":[{"href":"https:\/\/biblian.is\/biblian\/wp-json\/wp\/v2\/media?parent=2051"}],"curies":[{"name":"wp","href":"https:\/\/api.w.org\/{rel}","templated":true}]}}