{"id":2050,"date":"2017-12-30T21:01:30","date_gmt":"2017-12-30T21:01:30","guid":{"rendered":"http:\/\/biblian.is\/biblian\/esterarb%c2%97k-7-kafli\/"},"modified":"2023-02-25T04:38:33","modified_gmt":"2023-02-25T04:38:33","slug":"esterarbok-7-kafli","status":"publish","type":"page","link":"https:\/\/biblian.is\/biblian\/esterarbok-7-kafli\/","title":{"rendered":"Esterarb\u00f3k 7. kafli"},"content":{"rendered":"<p><a name=\"1\"><span class=\"versanumer_2007\">1<\/span><\/a> Er konungur og Haman komu til veislu hj\u00e1 Ester drottningu <a name=\"2\"><span class=\"versanumer_2007\">2<\/span><\/a> spur\u00f0i konungur hana hins sama og daginn \u00e1\u00f0ur \u00feegar \u00feau voru sest a\u00f0 drykkju: \u201eHvers \u00f3skar\u00f0u \u00fe\u00e9r, Ester drottning? \u00dea\u00f0 skal veitast \u00fe\u00e9r. Hva\u00f0 viltu bi\u00f0ja um? \u00de\u00f3tt \u00fe\u00fa bi\u00f0jir um h\u00e1lft konungsr\u00edki\u00f0 mun \u00e9g ver\u00f0a vi\u00f0 \u00feeirri b\u00f3n.\u201c<br \/> <a name=\"3\"><span class=\"versanumer_2007\">3<\/span><\/a> \u00de\u00e1 svara\u00f0i Ester drottning: \u201eHafi \u00e9g fundi\u00f0 n\u00e1\u00f0 fyrir augum \u00fe\u00ednum og \u00fe\u00f3knist \u00fea\u00f0 konunginum er \u00f3sk m\u00edn s\u00fa a\u00f0 \u00e9g f\u00e1i a\u00f0 halda l\u00edfi og a\u00f0 \u00fej\u00f3\u00f0 m\u00edn ver\u00f0i m\u00e9r gefin fyrir b\u00e6nasta\u00f0 minn. <a name=\"4\"><span class=\"versanumer_2007\">4<\/span><\/a> Vi\u00f0 h\u00f6fum veri\u00f0 seld, \u00e9g og \u00fej\u00f3\u00f0 m\u00edn, til ey\u00f0ingar, dau\u00f0a og tort\u00edmingar. Hef\u00f0um vi\u00f0 a\u00f0eins veri\u00f0 seld mansali sem \u00fer\u00e6lar og amb\u00e1ttir hef\u00f0i \u00e9g \u00feaga\u00f0 enda v\u00e6ri \u00e1nau\u00f0 okkar \u00fe\u00e1 ekki \u00feess ver\u00f0 a\u00f0 konungur hef\u00f0i af henni \u00f3n\u00e6\u00f0i.\u201c<span class=\"nedan_mal\" title=\" \u00d6nnur hugsanleg \u00fe\u00fd\u00f0ing: \u2026 hef\u00f0i fjandma\u00f0ur okkar unni\u00f0 \u00fe\u00e9r \u00f3b\u00e6tanlegan ska\u00f0a?\">[<\/span> <br \/> <a name=\"5\"><span class=\"versanumer_2007\">5<\/span><\/a> \u00de\u00e1 sag\u00f0i Xerxes konungur a\u00f0 brag\u00f0i vi\u00f0 Ester drottningu: \u201eHver er s\u00e1 sem dirfist a\u00f0 gera sl\u00edkt og hvar er hann?\u201c<br \/> <a name=\"6\"><span class=\"versanumer_2007\">6<\/span><\/a> Ester svara\u00f0i: \u201eS\u00e1 ofr\u00edkisma\u00f0ur og \u00f3vinur er hrakmenni\u00f0 hann Haman.\u201c Haman var\u00f0 n\u00fa dau\u00f0hr\u00e6ddur vi\u00f0 \u00feau konung og drottningu. <a name=\"7\"><span class=\"versanumer_2007\">7<\/span><\/a> Konungur spratt upp fr\u00e1 drykkjunni \u00e6varei\u00f0ur og gekk \u00fat \u00ed hallargar\u00f0inn. Haman var\u00f0 eftir og hug\u00f0ist bi\u00f0ja Ester drottningu a\u00f0 \u00feyrma l\u00edfi s\u00ednu \u00fev\u00ed a\u00f0 hann s\u00e1 a\u00f0 einskis g\u00f3\u00f0s var a\u00f0 v\u00e6nta af konungi.<br \/> <a name=\"8\"><span class=\"versanumer_2007\">8<\/span><\/a> \u00deegar konungur sneri aftur inn \u00ed veislusalinn utan \u00far hallargar\u00f0inum haf\u00f0i Haman l\u00e1ti\u00f0 sig falla \u00e1 hv\u00edlubekk \u00feann sem Ester sat \u00e1. \u00de\u00e1 sag\u00f0i konungur: \u201e\u00c6tlar hann n\u00fa l\u00edka a\u00f0 fara a\u00f0 nau\u00f0ga drottningunni fyrir augunum \u00e1 m\u00e9r h\u00e9r \u00ed h\u00f6llinni?\u201c Ekki haf\u00f0i konungur fyrr sleppt or\u00f0inu en menn dr\u00f3gu hulu yfir andlit Hamans.<br \/> <a name=\"9\"><span class=\"versanumer_2007\">9<\/span><\/a> Harb\u00f3na, einn af geldingum konungs, sag\u00f0i \u00fe\u00e1: \u201eHaman l\u00e9t reisa g\u00e1lga og \u00e6tla\u00f0i hann Mordeka\u00ed, manninum sem \u00fe\u00f3 haf\u00f0i bjarga\u00f0 konungi me\u00f0 or\u00f0um s\u00ednum. Og n\u00fa stendur g\u00e1lginn tilb\u00fainn \u00ed h\u00fasagar\u00f0i Hamans, fimmt\u00edu \u00e1lnir \u00e1 h\u00e6\u00f0.\u201c \u00de\u00e1 sag\u00f0i konungur: \u201eFesti\u00f0 Haman \u00e1 hann!\u201c<br \/> <a name=\"10\"><span class=\"versanumer_2007\">10<\/span><\/a> Og Haman var festur \u00e1 g\u00e1lgann sem hann sj\u00e1lfur haf\u00f0i reist og \u00e6tla\u00f0 Mordeka\u00ed. Eftir \u00feetta milda\u00f0ist rei\u00f0i konungs.<\/p>\n","protected":false},"excerpt":{"rendered":"<p>1 Er konungur og Haman komu til veislu hj\u00e1 Ester drottningu 2 spur\u00f0i konungur hana hins sama og daginn \u00e1\u00f0ur \u00feegar \u00feau voru sest a\u00f0 drykkju: \u201eHvers \u00f3skar\u00f0u \u00fe\u00e9r, Ester drottning? \u00dea\u00f0 skal veitast \u00fe\u00e9r. Hva\u00f0 viltu bi\u00f0ja um? \u00de\u00f3tt \u00fe\u00fa bi\u00f0jir um h\u00e1lft konungsr\u00edki\u00f0 mun \u00e9g ver\u00f0a vi\u00f0 \u00feeirri b\u00f3n.\u201c 3 \u00de\u00e1 svara\u00f0i Ester drottning: \u201eHafi \u00e9g fundi\u00f0 n\u00e1\u00f0 fyrir augum \u00fe\u00ednum og \u00fe\u00f3knist \u00fea\u00f0 konunginum er \u00f3sk m\u00edn s\u00fa a\u00f0 \u00e9g f\u00e1i a\u00f0 halda l\u00edfi og a\u00f0 \u00fej\u00f3\u00f0 m\u00edn ver\u00f0i m\u00e9r gefin fyrir b\u00e6nasta\u00f0 minn. 4 Vi\u00f0 h\u00f6fum veri\u00f0 seld, \u00e9g og \u00fej\u00f3\u00f0 m\u00edn, til ey\u00f0ingar, dau\u00f0a og <a href=\"https:\/\/biblian.is\/biblian\/esterarbok-7-kafli\/\"> [&#8230;]<\/a><\/p>\n","protected":false},"author":1,"featured_media":0,"parent":0,"menu_order":0,"comment_status":"open","ping_status":"open","template":"bibliukaflar_NT.php","meta":{"footnotes":""},"class_list":["post-2050","page","type-page","status-publish","hentry"],"_links":{"self":[{"href":"https:\/\/biblian.is\/biblian\/wp-json\/wp\/v2\/pages\/2050","targetHints":{"allow":["GET"]}}],"collection":[{"href":"https:\/\/biblian.is\/biblian\/wp-json\/wp\/v2\/pages"}],"about":[{"href":"https:\/\/biblian.is\/biblian\/wp-json\/wp\/v2\/types\/page"}],"author":[{"embeddable":true,"href":"https:\/\/biblian.is\/biblian\/wp-json\/wp\/v2\/users\/1"}],"replies":[{"embeddable":true,"href":"https:\/\/biblian.is\/biblian\/wp-json\/wp\/v2\/comments?post=2050"}],"version-history":[{"count":0,"href":"https:\/\/biblian.is\/biblian\/wp-json\/wp\/v2\/pages\/2050\/revisions"}],"wp:attachment":[{"href":"https:\/\/biblian.is\/biblian\/wp-json\/wp\/v2\/media?parent=2050"}],"curies":[{"name":"wp","href":"https:\/\/api.w.org\/{rel}","templated":true}]}}