{"id":2049,"date":"2017-12-30T21:01:30","date_gmt":"2017-12-30T21:01:30","guid":{"rendered":"http:\/\/biblian.is\/biblian\/esterarb%c2%97k-6-kafli\/"},"modified":"2023-02-25T04:38:32","modified_gmt":"2023-02-25T04:38:32","slug":"esterarbok-6-kafli","status":"publish","type":"page","link":"https:\/\/biblian.is\/biblian\/esterarbok-6-kafli\/","title":{"rendered":"Esterarb\u00f3k 6. kafli"},"content":{"rendered":"<h3 class=\"millifyrirsogn_2007\"> Haman blekktur<\/h3>\n<p><a name=\"1\"><span class=\"versanumer_2007\">1<\/span><\/a> Um n\u00f3ttina var\u00f0 konungur andvaka. Bau\u00f0 hann \u00fe\u00e1 a\u00f0 komi\u00f0 v\u00e6ri til s\u00edn me\u00f0 Ann\u00e1lab\u00f3kina, b\u00f3k \u00fe\u00e1 sem geymdi minnisver\u00f0 t\u00ed\u00f0indi, og var lesi\u00f0 \u00far henni fyrir hann. <a name=\"2\"><span class=\"versanumer_2007\">2<\/span><\/a> \u00dear fannst skr\u00e1\u00f0 hvernig Mordeka\u00ed haf\u00f0i komi\u00f0 upp um tvo geldinga konungs, hli\u00f0ver\u00f0ina Bigtan og Teres, sem s\u00f3st h\u00f6f\u00f0u eftir l\u00edfi Xerxesar konungs. <a name=\"3\"><span class=\"versanumer_2007\">3<\/span><\/a> Konungur spur\u00f0i: \u201eHva\u00f0a hei\u00f0ur e\u00f0a upphef\u00f0 hlaut Mordeka\u00ed fyrir \u00feetta?\u201c \u201eHann hlaut ekkert a\u00f0 launum,\u201c sv\u00f6ru\u00f0u konungssveinarnir sem \u00fej\u00f3nu\u00f0u honum.<br \/> <a name=\"4\"><span class=\"versanumer_2007\">4<\/span><\/a> \u00de\u00e1 sag\u00f0i konungur: \u201eHver er \u00fati \u00ed forgar\u00f0inum?\u201c Haman var \u00fe\u00e1 einmitt \u00e1 lei\u00f0 inn \u00ed ytri forgar\u00f0 hallarinnar til a\u00f0 tala um \u00fea\u00f0 vi\u00f0 konung a\u00f0 Mordeka\u00ed skyldi festur \u00e1 g\u00e1lgann sem hann haf\u00f0i reist og \u00e6tla\u00f0 honum. <a name=\"5\"><span class=\"versanumer_2007\">5<\/span><\/a> Sveinar konungs sv\u00f6ru\u00f0u: \u201eHaman er \u00fati \u00ed forgar\u00f0inum.\u201c Konungur sag\u00f0i \u00feeim a\u00f0 v\u00edsa honum inn. <a name=\"6\"><span class=\"versanumer_2007\">6<\/span><\/a> \u00deegar Haman gekk inn sag\u00f0i konungur vi\u00f0 hann: \u201eHva\u00f0 \u00e1 a\u00f0 gera fyrir \u00feann mann sem konungur vill s\u00fdna hei\u00f0ur?\u201c \u00de\u00e1 hugsa\u00f0i Haman me\u00f0 s\u00e9r: \u201eHvern skyldi konungur vilja hei\u00f0ra fremur en mig?\u201c <a name=\"7\"><span class=\"versanumer_2007\">7<\/span><\/a> Hann svara\u00f0i konungi: \u201eVilji konungur s\u00fdna einhverjum hei\u00f0ur <a name=\"8\"><span class=\"versanumer_2007\">8<\/span><\/a> \u00fe\u00e1 skal s\u00e6kja konungleg skr\u00fa\u00f0kl\u00e6\u00f0i, sem konungur hefur sj\u00e1lfur bori\u00f0, og setja konunglegt h\u00f6fu\u00f0dj\u00e1sn \u00e1 hest sem konungur hefur ri\u00f0i\u00f0. <a name=\"9\"><span class=\"versanumer_2007\">9<\/span><\/a> Skr\u00fa\u00f0kl\u00e6\u00f0in og hestinn skal f\u00e1 einum \u00e6\u00f0sta tignamanni konungs. Manninn, sem konungur vill hei\u00f0ra, skal hann f\u00e6ra \u00ed skr\u00fa\u00f0kl\u00e6\u00f0in, l\u00e1ta hann s\u00ed\u00f0an r\u00ed\u00f0a hestinum um borgartorgi\u00f0 og hr\u00f3pa fyrir honum: \u00deannig er gert vi\u00f0 \u00feann mann sem konungur vill hei\u00f0ra.\u201c<br \/> <a name=\"10\"><span class=\"versanumer_2007\">10<\/span><\/a> Konungur sag\u00f0i \u00fe\u00e1 vi\u00f0 Haman: \u201eS\u00e6ktu skr\u00fa\u00f0kl\u00e6\u00f0in og hestinn tafarlaust eins og \u00fe\u00fa tala\u00f0ir um og ger\u00f0u eins vi\u00f0 Gy\u00f0inginn Mordeka\u00ed sem situr h\u00e9r \u00ed hallarhli\u00f0inu. Og l\u00e1ttu ekkert \u00e1 vanta af \u00fev\u00ed sem \u00fe\u00fa varst a\u00f0 telja upp.\u201c <a name=\"11\"><span class=\"versanumer_2007\">11<\/span><\/a> Haman s\u00f3tti hestinn og skr\u00fa\u00f0kl\u00e6\u00f0in, f\u00e6r\u00f0i Mordeka\u00ed \u00ed \u00feau, l\u00e9t hann s\u00ed\u00f0an r\u00ed\u00f0a um borgartorgi\u00f0 og hr\u00f3pa\u00f0i fyrir honum: \u201e\u00deannig er gert vi\u00f0 \u00feann mann sem konungur vill hei\u00f0ra.\u201c <a name=\"12\"><span class=\"versanumer_2007\">12<\/span><\/a> S\u00ed\u00f0an f\u00f3r Mordeka\u00ed aftur a\u00f0 hallarhli\u00f0inu en Haman skunda\u00f0i heim \u00e1 lei\u00f0 hnugginn \u00ed skapi og huldi \u00e1sj\u00f3nu s\u00edna. <a name=\"13\"><span class=\"versanumer_2007\">13<\/span><\/a> Haman greindi Seres, konu sinni, og vinum s\u00ednum fr\u00e1 \u00f6llu sem komi\u00f0 haf\u00f0i fyrir hann. Og kona hans, Seres, og r\u00e1\u00f0hollir vinir hans s\u00f6g\u00f0u vi\u00f0 hann: \u201e\u00dea\u00f0 er fari\u00f0 a\u00f0 halla \u00e1 \u00feig \u00ed samskiptum vi\u00f0 Mordeka\u00ed \u00feennan. Og s\u00e9 hann af \u00e6tt Gy\u00f0inga ert \u00fe\u00fa einskis megnugur og \u00f6ruggt a\u00f0 \u00fe\u00fa b\u00ed\u00f0ur l\u00e6gri hlut fyrir honum.\u201c<\/p>\n<h3 class=\"millifyrirsogn_2007\">Bo\u00f0 Esterar. Endalok Hamans<\/h3>\n<p><a name=\"14\"><span class=\"versanumer_2007\">14<\/span><\/a> Me\u00f0an \u00e1 \u00feessum samr\u00e6\u00f0um st\u00f3\u00f0 komu geldingar konungs og fylgdu Haman \u00ed skyndi til veislunnar sem Ester haf\u00f0i bo\u00f0i\u00f0 til.<\/p>\n","protected":false},"excerpt":{"rendered":"<p>Haman blekktur 1 Um n\u00f3ttina var\u00f0 konungur andvaka. Bau\u00f0 hann \u00fe\u00e1 a\u00f0 komi\u00f0 v\u00e6ri til s\u00edn me\u00f0 Ann\u00e1lab\u00f3kina, b\u00f3k \u00fe\u00e1 sem geymdi minnisver\u00f0 t\u00ed\u00f0indi, og var lesi\u00f0 \u00far henni fyrir hann. 2 \u00dear fannst skr\u00e1\u00f0 hvernig Mordeka\u00ed haf\u00f0i komi\u00f0 upp um tvo geldinga konungs, hli\u00f0ver\u00f0ina Bigtan og Teres, sem s\u00f3st h\u00f6f\u00f0u eftir l\u00edfi Xerxesar konungs. 3 Konungur spur\u00f0i: \u201eHva\u00f0a hei\u00f0ur e\u00f0a upphef\u00f0 hlaut Mordeka\u00ed fyrir \u00feetta?\u201c \u201eHann hlaut ekkert a\u00f0 launum,\u201c sv\u00f6ru\u00f0u konungssveinarnir sem \u00fej\u00f3nu\u00f0u honum. 4 \u00de\u00e1 sag\u00f0i konungur: \u201eHver er \u00fati \u00ed forgar\u00f0inum?\u201c Haman var \u00fe\u00e1 einmitt \u00e1 lei\u00f0 inn \u00ed ytri forgar\u00f0 hallarinnar til a\u00f0 tala um <a href=\"https:\/\/biblian.is\/biblian\/esterarbok-6-kafli\/\"> [&#8230;]<\/a><\/p>\n","protected":false},"author":1,"featured_media":0,"parent":0,"menu_order":0,"comment_status":"open","ping_status":"open","template":"bibliukaflar_NT.php","meta":{"footnotes":""},"class_list":["post-2049","page","type-page","status-publish","hentry"],"_links":{"self":[{"href":"https:\/\/biblian.is\/biblian\/wp-json\/wp\/v2\/pages\/2049","targetHints":{"allow":["GET"]}}],"collection":[{"href":"https:\/\/biblian.is\/biblian\/wp-json\/wp\/v2\/pages"}],"about":[{"href":"https:\/\/biblian.is\/biblian\/wp-json\/wp\/v2\/types\/page"}],"author":[{"embeddable":true,"href":"https:\/\/biblian.is\/biblian\/wp-json\/wp\/v2\/users\/1"}],"replies":[{"embeddable":true,"href":"https:\/\/biblian.is\/biblian\/wp-json\/wp\/v2\/comments?post=2049"}],"version-history":[{"count":0,"href":"https:\/\/biblian.is\/biblian\/wp-json\/wp\/v2\/pages\/2049\/revisions"}],"wp:attachment":[{"href":"https:\/\/biblian.is\/biblian\/wp-json\/wp\/v2\/media?parent=2049"}],"curies":[{"name":"wp","href":"https:\/\/api.w.org\/{rel}","templated":true}]}}