{"id":2048,"date":"2017-12-30T21:01:30","date_gmt":"2017-12-30T21:01:30","guid":{"rendered":"http:\/\/biblian.is\/biblian\/esterarb%c2%97k-5-kafli\/"},"modified":"2023-02-25T04:38:32","modified_gmt":"2023-02-25T04:38:32","slug":"esterarbok-5-kafli","status":"publish","type":"page","link":"https:\/\/biblian.is\/biblian\/esterarbok-5-kafli\/","title":{"rendered":"Esterarb\u00f3k 5. kafli"},"content":{"rendered":"<h3 class=\"millifyrirsogn_2007\"> Ester gengur fyrir konung<\/h3>\n<p><a name=\"1\"><span class=\"versanumer_2007\">1<\/span><\/a> \u00c1 \u00feri\u00f0ja degi kl\u00e6ddist Ester drottningarskr\u00fa\u00f0a s\u00ednum og gekk inn \u00ed innri hallargar\u00f0inn andsp\u00e6nis konungsh\u00f6llinni sj\u00e1lfri. \u00dear sat konungur \u00ed h\u00e1s\u00e6ti s\u00ednu \u00ed hallarsalnum gegnt dyrum hallarinnar. <a name=\"2\"><span class=\"versanumer_2007\">2<\/span><\/a> \u00deegar konungur s\u00e1 Ester drottningu standa \u00fati fyrir gast honum vel a\u00f0 henni og r\u00e9tti gullsprotann, sem hann haf\u00f0i \u00ed hendi s\u00e9r, \u00ed \u00e1tt til hennar en Ester gekk til hans og snerti oddinn \u00e1 sprotanum. <a name=\"3\"><span class=\"versanumer_2007\">3<\/span><\/a> Konungur sag\u00f0i vi\u00f0 hana: \u201eHva\u00f0 er a\u00f0, Ester drottning, hvers \u00f3skar\u00f0u? B\u00e6\u00f0ir\u00f0u mig um h\u00e1lft konungsr\u00edki\u00f0 yr\u00f0i \u00e9g jafnvel vi\u00f0 \u00feeirri \u00f3sk.\u201c<br \/> <a name=\"4\"><span class=\"versanumer_2007\">4<\/span><\/a> En Ester sag\u00f0i: \u201e\u00de\u00f3knist \u00fea\u00f0 konungi vil \u00e9g bi\u00f0ja hann a\u00f0 koma \u00ed dag \u00e1samt Haman til veislu sem \u00e9g hef b\u00fai\u00f0 honum.\u201c<br \/> <a name=\"5\"><span class=\"versanumer_2007\">5<\/span><\/a> Konungur ba\u00f0 menn a\u00f0 s\u00e6kja Haman \u00feegar \u00ed sta\u00f0 svo a\u00f0 \u00feeir g\u00e6tu \u00feegi\u00f0 bo\u00f0 Esterar. \u00deeir Haman h\u00e9ldu til veislunnar sem Ester haf\u00f0i b\u00fai\u00f0 \u00feeim <a name=\"6\"><span class=\"versanumer_2007\">6<\/span><\/a> og eftir a\u00f0 \u00feau voru sest a\u00f0 drykkju sag\u00f0i konungur vi\u00f0 Ester: \u201eBi\u00f0 mig hvers sem \u00fe\u00fa \u00f3skar og \u00fea\u00f0 skal \u00e9g veita \u00fe\u00e9r. Bi\u00f0jir \u00fe\u00fa mig um h\u00e1lft konungsr\u00edki\u00f0 skal \u00fea\u00f0 ver\u00f0a \u00feitt.\u201c<br \/> <a name=\"7\"><span class=\"versanumer_2007\">7<\/span><\/a> Ester svara\u00f0i: \u201e\u00deetta er \u00f3sk m\u00edn og b\u00f3n: <a name=\"8\"><span class=\"versanumer_2007\">8<\/span><\/a> Hafi \u00e9g falli\u00f0 konunginum \u00ed ge\u00f0 og \u00fe\u00f3knist konunginum a\u00f0 ver\u00f0a vi\u00f0 \u00f3sk minni og b\u00f3n bi\u00f0 \u00e9g hann a\u00f0 koma \u00e1 morgun \u00e1samt Haman til veislu sem \u00e9g \u00e6tla a\u00f0 halda \u00feeim. \u00de\u00e1 skal \u00e9g fara a\u00f0 or\u00f0um konungs.\u201c <a name=\"9\"><span class=\"versanumer_2007\">9<\/span><\/a> Haman gekk \u00fat \u00fea\u00f0an \u00feennan dag \u00e1n\u00e6g\u00f0ur og \u00ed besta skapi. En \u00fe\u00e1 kom hann auga \u00e1 Mordeka\u00ed \u00ed hallarhli\u00f0inu og \u00feegar hann s\u00e1 a\u00f0 Mordeka\u00ed hvorki st\u00f3\u00f0 upp fyrir honum n\u00e9 s\u00fdndi honum vir\u00f0ingu \u00e1 nokkra lund var\u00f0 Haman honum afar rei\u00f0ur. <a name=\"10\"><span class=\"versanumer_2007\">10<\/span><\/a> \u00de\u00f3 stillti hann sig og h\u00e9lt \u00e1fram heim \u00e1 lei\u00f0. \u00deegar \u00feanga\u00f0 kom l\u00e9t hann senda eftir g\u00f3\u00f0vinum s\u00ednum og Seres, konu sinni, <a name=\"11\"><span class=\"versanumer_2007\">11<\/span><\/a> og gorta\u00f0i vi\u00f0 \u00feau af au\u00f0\u00e6fum s\u00ednum, fj\u00f6lda sona sinna, \u00feeim frama sem hann haf\u00f0i hloti\u00f0 af konungi og \u00fev\u00ed hvernig konungur haf\u00f0i sett hann til \u00e6\u00f0ri metor\u00f0a en nokkurn annan af h\u00f6f\u00f0ingjum s\u00ednum og emb\u00e6ttism\u00f6nnum. <a name=\"12\"><span class=\"versanumer_2007\">12<\/span><\/a> \u201eJ\u00e1,\u201c sag\u00f0i Haman, \u201eEster drottning bau\u00f0 engum til veislunnar nema m\u00e9r og konungi. Og \u00e1 morgun b\u00fd\u00f0ur h\u00fan m\u00e9r enn til veislu me\u00f0 konunginum. <a name=\"13\"><span class=\"versanumer_2007\">13<\/span><\/a> En ekkert af \u00feessu er m\u00e9r til gle\u00f0i me\u00f0an \u00e9g s\u00e9 Gy\u00f0inginn Mordeka\u00ed sitja \u00ed hallarhli\u00f0inu.\u201c<br \/> <a name=\"14\"><span class=\"versanumer_2007\">14<\/span><\/a> \u00de\u00e1 s\u00f6g\u00f0u \u00feau Seres, kona hans, og allir vinir hans vi\u00f0 hann: \u201eL\u00e1ttu reisa fimmt\u00edu \u00e1lna h\u00e1an g\u00e1lga og tala\u00f0u um \u00fea\u00f0 vi\u00f0 konung \u00ed fyrram\u00e1li\u00f0 a\u00f0 Mordeka\u00ed ver\u00f0i festur \u00e1 hann. Eftir \u00fea\u00f0 getur\u00f0u fari\u00f0 gla\u00f0ur til veislunnar me\u00f0 konungi.\u201c \u00deetta \u00fe\u00f3tti Haman \u00fej\u00f3\u00f0r\u00e1\u00f0 og l\u00e9t hann reisa g\u00e1lgann.<\/p>\n","protected":false},"excerpt":{"rendered":"<p>Ester gengur fyrir konung 1 \u00c1 \u00feri\u00f0ja degi kl\u00e6ddist Ester drottningarskr\u00fa\u00f0a s\u00ednum og gekk inn \u00ed innri hallargar\u00f0inn andsp\u00e6nis konungsh\u00f6llinni sj\u00e1lfri. \u00dear sat konungur \u00ed h\u00e1s\u00e6ti s\u00ednu \u00ed hallarsalnum gegnt dyrum hallarinnar. 2 \u00deegar konungur s\u00e1 Ester drottningu standa \u00fati fyrir gast honum vel a\u00f0 henni og r\u00e9tti gullsprotann, sem hann haf\u00f0i \u00ed hendi s\u00e9r, \u00ed \u00e1tt til hennar en Ester gekk til hans og snerti oddinn \u00e1 sprotanum. 3 Konungur sag\u00f0i vi\u00f0 hana: \u201eHva\u00f0 er a\u00f0, Ester drottning, hvers \u00f3skar\u00f0u? B\u00e6\u00f0ir\u00f0u mig um h\u00e1lft konungsr\u00edki\u00f0 yr\u00f0i \u00e9g jafnvel vi\u00f0 \u00feeirri \u00f3sk.\u201c 4 En Ester sag\u00f0i: \u201e\u00de\u00f3knist \u00fea\u00f0 konungi vil <a href=\"https:\/\/biblian.is\/biblian\/esterarbok-5-kafli\/\"> [&#8230;]<\/a><\/p>\n","protected":false},"author":1,"featured_media":0,"parent":0,"menu_order":0,"comment_status":"open","ping_status":"open","template":"bibliukaflar_NT.php","meta":{"footnotes":""},"class_list":["post-2048","page","type-page","status-publish","hentry"],"_links":{"self":[{"href":"https:\/\/biblian.is\/biblian\/wp-json\/wp\/v2\/pages\/2048","targetHints":{"allow":["GET"]}}],"collection":[{"href":"https:\/\/biblian.is\/biblian\/wp-json\/wp\/v2\/pages"}],"about":[{"href":"https:\/\/biblian.is\/biblian\/wp-json\/wp\/v2\/types\/page"}],"author":[{"embeddable":true,"href":"https:\/\/biblian.is\/biblian\/wp-json\/wp\/v2\/users\/1"}],"replies":[{"embeddable":true,"href":"https:\/\/biblian.is\/biblian\/wp-json\/wp\/v2\/comments?post=2048"}],"version-history":[{"count":0,"href":"https:\/\/biblian.is\/biblian\/wp-json\/wp\/v2\/pages\/2048\/revisions"}],"wp:attachment":[{"href":"https:\/\/biblian.is\/biblian\/wp-json\/wp\/v2\/media?parent=2048"}],"curies":[{"name":"wp","href":"https:\/\/api.w.org\/{rel}","templated":true}]}}