{"id":2047,"date":"2017-12-30T21:01:30","date_gmt":"2017-12-30T21:01:30","guid":{"rendered":"http:\/\/biblian.is\/biblian\/esterarb%c2%97k-4-kafli\/"},"modified":"2023-02-25T04:38:32","modified_gmt":"2023-02-25T04:38:32","slug":"esterarbok-4-kafli","status":"publish","type":"page","link":"https:\/\/biblian.is\/biblian\/esterarbok-4-kafli\/","title":{"rendered":"Esterarb\u00f3k 4. kafli"},"content":{"rendered":"<h3 class=\"millifyrirsogn_2007\"> Mordeka\u00ed bi\u00f0ur um hj\u00e1lp<\/h3>\n<p><a name=\"1\"><span class=\"versanumer_2007\">1<\/span><\/a> Er Mordeka\u00ed fr\u00e9tti hvernig m\u00e1lum var komi\u00f0 reif hann kl\u00e6\u00f0i s\u00edn og kl\u00e6ddist sekk og \u00f6sku, gekk s\u00ed\u00f0an \u00fat \u00ed mi\u00f0ja borgina, kveina\u00f0i h\u00e1tt og beisklega <a name=\"2\"><span class=\"versanumer_2007\">2<\/span><\/a> og gekk a\u00f0 hallarhli\u00f0inu. Inn um \u00fea\u00f0 m\u00e1tti enginn fara sem kl\u00e6ddur var h\u00e6rusekk. <a name=\"3\"><span class=\"versanumer_2007\">3<\/span><\/a> \u00cd \u00f6llum h\u00e9ru\u00f0um var\u00f0 mikill harmur me\u00f0al Gy\u00f0inga \u00feegar fregna\u00f0ist um bo\u00f0 konungs og tilskipun. \u00deeir f\u00f6stu\u00f0u, gr\u00e9tu, b\u00f6r\u00f0u s\u00e9r \u00e1 brj\u00f3st og flestir ger\u00f0u s\u00e9r flet \u00far sekk og \u00f6sku.<br \/> <a name=\"4\"><span class=\"versanumer_2007\">4<\/span><\/a> \u00deegar \u00feernur og geldingar Esterar komu til hennar og s\u00f6g\u00f0u henni fr\u00e1 \u00feessu var drottningu mj\u00f6g brug\u00f0i\u00f0. H\u00fan l\u00e9t senda Mordeka\u00ed f\u00f6t svo a\u00f0 hann g\u00e6ti skipt \u00e1 \u00feeim og sekknum. En hann neita\u00f0i a\u00f0 taka vi\u00f0 \u00feeim. <a name=\"5\"><span class=\"versanumer_2007\">5<\/span><\/a> Ester kalla\u00f0i \u00fe\u00e1 til s\u00edn Hatak, einn af geldingum konungs sem hann haf\u00f0i sett til a\u00f0 \u00fej\u00f3na henni. Sag\u00f0i h\u00fan honum a\u00f0 fara til Mordeka\u00ed og spyrja hva\u00f0 ama\u00f0i a\u00f0 honum og hverju \u00fea\u00f0 s\u00e6tti. <a name=\"6\"><span class=\"versanumer_2007\">6<\/span><\/a> Hatak gekk \u00fat til Mordeka\u00ed \u00e1 torgi\u00f0 fyrir framan hallarhli\u00f0i\u00f0 <a name=\"7\"><span class=\"versanumer_2007\">7<\/span><\/a> og Mordeka\u00ed greindi honum fr\u00e1 \u00f6llu sem fyrir hann haf\u00f0i komi\u00f0 og einnig fj\u00e1rf\u00falgunni, sem Haman haf\u00f0i lofa\u00f0 a\u00f0 leggja \u00ed sj\u00f3\u00f0i konungs, yr\u00f0i honum leyft a\u00f0 tort\u00edma Gy\u00f0ingum. <a name=\"8\"><span class=\"versanumer_2007\">8<\/span><\/a> Hann f\u00e9kk honum einnig afrit af tilskipuninni um tort\u00edmingu Gy\u00f0inga sem gefin haf\u00f0i veri\u00f0 \u00fat \u00ed S\u00fasa. Ba\u00f0 hann a\u00f0 Ester yr\u00f0i s\u00fdnt br\u00e9fi\u00f0, henni s\u00f6g\u00f0 t\u00ed\u00f0indin og h\u00fan be\u00f0in a\u00f0 ganga fyrir konung til a\u00f0 gr\u00e1tb\u00e6na hann um miskunn og bi\u00f0ja \u00fej\u00f3\u00f0 sinni v\u00e6g\u00f0ar.<br \/> <a name=\"9\"><span class=\"versanumer_2007\">9<\/span><\/a> Hatak f\u00f3r og flutti Ester or\u00f0 Mordeka\u00ed <a name=\"10\"><span class=\"versanumer_2007\">10<\/span><\/a> og ba\u00f0 Ester hann \u00fe\u00e1 a\u00f0 flytja Mordeka\u00ed \u00feetta svar: <a name=\"11\"><span class=\"versanumer_2007\">11<\/span><\/a> \u201eAllir \u00fej\u00f3nar konungs og \u00feegnar \u00ed l\u00f6ndum hans vita a\u00f0 ein l\u00f6g gilda um hvern mann, karl e\u00f0a konu, sem gengur fyrir konung inn \u00ed innri gar\u00f0 hallarinnar \u00e1n \u00feess a\u00f0 konungur hafi bo\u00f0a\u00f0 hann til s\u00edn. Hans b\u00ed\u00f0ur dau\u00f0arefsing nema \u00fev\u00ed a\u00f0eins a\u00f0 konungur r\u00e9tti fram gullsprota sinn til marks um a\u00f0 hann megi halda l\u00edfi. N\u00fa eru \u00ferj\u00e1t\u00edu dagar li\u00f0nir s\u00ed\u00f0an \u00e9g var s\u00ed\u00f0ast k\u00f6llu\u00f0 inn til konungs.\u201c<br \/> <a name=\"12\"><span class=\"versanumer_2007\">12<\/span><\/a> \u00deegar Mordeka\u00ed voru flutt or\u00f0 Esterar <a name=\"13\"><span class=\"versanumer_2007\">13<\/span><\/a> ba\u00f0 hann um a\u00f0 \u00feessu svari yr\u00f0i skila\u00f0 til hennar: \u201e\u00de\u00fa skalt ekki \u00e6tla \u00fe\u00e9r \u00fe\u00e1 dul a\u00f0 \u00fe\u00fa ver\u00f0ir h\u00f3lpin, ein allra Gy\u00f0inga, \u00fe\u00f3tt \u00fe\u00fa dveljist \u00ed konungsh\u00f6ll. <a name=\"14\"><span class=\"versanumer_2007\">14<\/span><\/a> Fari svo a\u00f0 \u00fe\u00fa \u00feegir n\u00fa mun Gy\u00f0ingum eigi a\u00f0 s\u00ed\u00f0ur berast hj\u00e1lp og frelsun \u00far \u00f6\u00f0rum sta\u00f0. En \u00fea\u00f0 yr\u00f0u endalok \u00fe\u00edn og \u00e6ttar f\u00f6\u00f0ur \u00fe\u00edns. Hver veit nema \u00fe\u00fa hafir or\u00f0i\u00f0 drottning n\u00fa vegna \u00feessara atbur\u00f0a?\u201c<br \/> <a name=\"15\"><span class=\"versanumer_2007\">15<\/span><\/a> \u00de\u00e1 sendi Ester \u00feessi sv\u00f6r til Mordeka\u00ed: <a name=\"16\"><span class=\"versanumer_2007\">16<\/span><\/a> \u201eFar\u00f0u og kalla\u00f0u saman alla Gy\u00f0inga sem n\u00fa er a\u00f0 finna \u00ed S\u00fasa. Haldi\u00f0 f\u00f6stu m\u00edn vegna og eti\u00f0 hvorki n\u00e9 drekki\u00f0 \u00ed \u00ferj\u00e1 s\u00f3larhringa, hvorki \u00e1 n\u00f3ttu n\u00e9 degi. Eins munum vi\u00f0 fasta, \u00e9g og \u00feernur m\u00ednar. S\u00ed\u00f0an geng \u00e9g fyrir konung enda \u00fe\u00f3tt \u00fea\u00f0 s\u00e9 andst\u00e6tt l\u00f6gunum. Ef \u00e9g dey \u00fe\u00e1 dey \u00e9g.\u201c<br \/> <a name=\"17\"><span class=\"versanumer_2007\">17<\/span><\/a> Mordeka\u00ed gekk \u00fe\u00e1 burt og f\u00f3r a\u00f0 \u00f6llu eins og Ester haf\u00f0i lagt fyrir.<\/p>\n","protected":false},"excerpt":{"rendered":"<p>Mordeka\u00ed bi\u00f0ur um hj\u00e1lp 1 Er Mordeka\u00ed fr\u00e9tti hvernig m\u00e1lum var komi\u00f0 reif hann kl\u00e6\u00f0i s\u00edn og kl\u00e6ddist sekk og \u00f6sku, gekk s\u00ed\u00f0an \u00fat \u00ed mi\u00f0ja borgina, kveina\u00f0i h\u00e1tt og beisklega 2 og gekk a\u00f0 hallarhli\u00f0inu. Inn um \u00fea\u00f0 m\u00e1tti enginn fara sem kl\u00e6ddur var h\u00e6rusekk. 3 \u00cd \u00f6llum h\u00e9ru\u00f0um var\u00f0 mikill harmur me\u00f0al Gy\u00f0inga \u00feegar fregna\u00f0ist um bo\u00f0 konungs og tilskipun. \u00deeir f\u00f6stu\u00f0u, gr\u00e9tu, b\u00f6r\u00f0u s\u00e9r \u00e1 brj\u00f3st og flestir ger\u00f0u s\u00e9r flet \u00far sekk og \u00f6sku. 4 \u00deegar \u00feernur og geldingar Esterar komu til hennar og s\u00f6g\u00f0u henni fr\u00e1 \u00feessu var drottningu mj\u00f6g brug\u00f0i\u00f0. H\u00fan l\u00e9t senda Mordeka\u00ed <a href=\"https:\/\/biblian.is\/biblian\/esterarbok-4-kafli\/\"> [&#8230;]<\/a><\/p>\n","protected":false},"author":1,"featured_media":0,"parent":0,"menu_order":0,"comment_status":"open","ping_status":"open","template":"bibliukaflar_NT.php","meta":{"footnotes":""},"class_list":["post-2047","page","type-page","status-publish","hentry"],"_links":{"self":[{"href":"https:\/\/biblian.is\/biblian\/wp-json\/wp\/v2\/pages\/2047","targetHints":{"allow":["GET"]}}],"collection":[{"href":"https:\/\/biblian.is\/biblian\/wp-json\/wp\/v2\/pages"}],"about":[{"href":"https:\/\/biblian.is\/biblian\/wp-json\/wp\/v2\/types\/page"}],"author":[{"embeddable":true,"href":"https:\/\/biblian.is\/biblian\/wp-json\/wp\/v2\/users\/1"}],"replies":[{"embeddable":true,"href":"https:\/\/biblian.is\/biblian\/wp-json\/wp\/v2\/comments?post=2047"}],"version-history":[{"count":0,"href":"https:\/\/biblian.is\/biblian\/wp-json\/wp\/v2\/pages\/2047\/revisions"}],"wp:attachment":[{"href":"https:\/\/biblian.is\/biblian\/wp-json\/wp\/v2\/media?parent=2047"}],"curies":[{"name":"wp","href":"https:\/\/api.w.org\/{rel}","templated":true}]}}