{"id":2046,"date":"2017-12-30T21:01:30","date_gmt":"2017-12-30T21:01:30","guid":{"rendered":"http:\/\/biblian.is\/biblian\/esterarb%c2%97k-3-kafli\/"},"modified":"2023-02-25T04:38:31","modified_gmt":"2023-02-25T04:38:31","slug":"esterarbok-3-kafli","status":"publish","type":"page","link":"https:\/\/biblian.is\/biblian\/esterarbok-3-kafli\/","title":{"rendered":"Esterarb\u00f3k 3. kafli"},"content":{"rendered":"<p><a name=\"1\"><span class=\"versanumer_2007\">1<\/span><\/a> Eftir \u00feennan atbur\u00f0 h\u00e6kka\u00f0i Xerxes konungur Haman, son Hamdata og afkomanda Agags, \u00ed tign, h\u00f3f hann til mikilla metor\u00f0a og setti hann yfir a\u00f0ra h\u00f6f\u00f0ingja s\u00edna. <a name=\"2\"><span class=\"versanumer_2007\">2<\/span><\/a> A\u00f0 skipan konungs skyldu allir \u00fej\u00f3nar hans \u00ed hallarhli\u00f0i falla \u00e1 kn\u00e9 og l\u00fata Haman. En Mordeka\u00ed f\u00e9ll hvorki \u00e1 kn\u00e9 n\u00e9 laut honum. <a name=\"3\"><span class=\"versanumer_2007\">3<\/span><\/a> \u00de\u00e1 spur\u00f0u \u00fej\u00f3nar konungs \u00ed hallarhli\u00f0i: \u201eHvers vegna hefur\u00f0u skipun konungs a\u00f0 engu?\u201c <a name=\"4\"><span class=\"versanumer_2007\">4<\/span><\/a> Dag eftir dag h\u00f6f\u00f0u \u00feeir or\u00f0 \u00e1 \u00feessu en hann skeytti \u00fev\u00ed ekki. \u00deeir s\u00f6g\u00f0u Haman fr\u00e1 \u00feessu til a\u00f0 sj\u00e1 hvort Mordeka\u00ed k\u00e6mist upp me\u00f0 \u00feetta en hann haf\u00f0i sagt \u00feeim a\u00f0 hann v\u00e6ri Gy\u00f0ingur. <a name=\"5\"><span class=\"versanumer_2007\">5<\/span><\/a> Er Haman s\u00e1 a\u00f0 Mordeka\u00ed f\u00e9ll hvorki \u00e1 kn\u00e9 n\u00e9 laut honum var\u00f0 hann afar rei\u00f0ur. <a name=\"6\"><span class=\"versanumer_2007\">6<\/span><\/a> En honum \u00fe\u00f3tti l\u00edti\u00f0 unni\u00f0 vi\u00f0 a\u00f0 leggja hendur \u00e1 Mordeka\u00ed einan. Haf\u00f0i honum veri\u00f0 sk\u00fdrt fr\u00e1 \u00fej\u00f3\u00f0erni Mordeka\u00ed og hugleiddi Haman n\u00fa hvernig gerey\u00f0a m\u00e6tti saml\u00f6ndum Mordeka\u00ed, \u00f6llum Gy\u00f0ingum \u00ed r\u00edki Xerxesar.<\/p>\n<h3 class=\"millifyrirsogn_2007\">Tilskipun um tort\u00edmingu Gy\u00f0inga<\/h3>\n<p><a name=\"7\"><span class=\"versanumer_2007\">7<\/span><\/a> \u00cd fyrsta m\u00e1nu\u00f0i t\u00f3lfta stj\u00f3rnar\u00e1rs Xerxesar, m\u00e1nu\u00f0inum n\u00edsan, var hlutkesti varpa\u00f0, svonefndum p\u00far, a\u00f0 Haman vi\u00f0st\u00f6ddum. Me\u00f0 hlutkestinu skyldi \u00e1kvar\u00f0a\u00f0ur b\u00e6\u00f0i m\u00e1nu\u00f0ur og m\u00e1na\u00f0ardagur. Hlutir f\u00e9llu \u00feannig a\u00f0 upp kom \u00ferett\u00e1ndi dagur<span class=\"nedan_mal\" title=\" \u00cd hebreska textann vantar or\u00f0in \u201e\u00ferett\u00e1ndi dagur\u201c og er \u00feeim auki\u00f0 inn \u00ed samr\u00e6mi vi\u00f0 gr\u00edska og s\u00fdrlenska textann.\">[<\/span> t\u00f3lfta m\u00e1na\u00f0ar \u00e1rsins en s\u00e1 m\u00e1nu\u00f0ur nefnist adar.<br \/> <a name=\"8\"><span class=\"versanumer_2007\">8<\/span><\/a> \u00de\u00e1 sag\u00f0i Haman vi\u00f0 Xerxes konung: \u201eMe\u00f0al \u00fej\u00f3\u00f0anna hvarvetna \u00ed h\u00e9ru\u00f0um r\u00edkis \u00fe\u00edns er ein \u00fej\u00f3\u00f0 sem hefur dreifst v\u00ed\u00f0a og sker sig \u00far \u00f6llum \u00f6\u00f0rum \u00fej\u00f3\u00f0um. L\u00f6g \u00feessarar \u00fej\u00f3\u00f0ar eru fr\u00e1brug\u00f0in l\u00f6gum allra annarra \u00fej\u00f3\u00f0a, l\u00f6g konungs vir\u00f0ir h\u00fan a\u00f0 vettugi. Ver\u00f0ur ekki vi\u00f0 \u00fea\u00f0 una\u00f0 a\u00f0 konungur l\u00e1ti \u00feetta \u00f3\u00e1tali\u00f0. <a name=\"9\"><span class=\"versanumer_2007\">9<\/span><\/a> S\u00e9 \u00fea\u00f0 konungi \u00fe\u00f3knanlegt \u00fearf a\u00f0 gefa \u00fat skriflega tilskipun um a\u00f0 ey\u00f0a \u00feessari \u00fej\u00f3\u00f0. Og sj\u00e1lfur skal \u00e9g grei\u00f0a fj\u00e1rheimtum\u00f6nnunum t\u00edu \u00fe\u00fasund talentur silfurs sem f\u00e6r\u00f0ar ver\u00f0i \u00ed sj\u00f3\u00f0i konungs.\u201c<br \/> <a name=\"10\"><span class=\"versanumer_2007\">10<\/span><\/a> \u00de\u00e1 dr\u00f3 konungur innsiglishring sinn af hendi s\u00e9r og f\u00e9kk hann Agagsni\u00f0janum Haman, syni Hamdata og hatursmanni Gy\u00f0inga. <a name=\"11\"><span class=\"versanumer_2007\">11<\/span><\/a> \u201eHaltu silfrinu,\u201c sag\u00f0i konungur vi\u00f0 Haman, \u201eog far\u00f0u me\u00f0 \u00feessa \u00fej\u00f3\u00f0 eins og \u00fe\u00fa vilt.\u201c <a name=\"12\"><span class=\"versanumer_2007\">12<\/span><\/a> \u00c1 \u00ferett\u00e1nda degi fyrsta m\u00e1na\u00f0arins var riturum konungs stefnt saman og tilskipun skr\u00e1\u00f0 sem \u00ed \u00f6llu var eftir fyrirm\u00e6lum Hamans. Var h\u00fan s\u00ed\u00f0an send \u00f6llum skattlandsstj\u00f3rum konungs, svo og h\u00e9ra\u00f0sh\u00f6f\u00f0ingjum og lei\u00f0togum s\u00e9rhverrar \u00fej\u00f3\u00f0ar, til hvers h\u00e9ra\u00f0s me\u00f0 letri \u00fev\u00ed sem \u00fear var nota\u00f0 og til hverrar \u00fej\u00f3\u00f0ar \u00e1 tungu hennar. Var tilskipunin gefin \u00ed nafni Xerxesar konungs og sta\u00f0fest me\u00f0 innsigli hans. <a name=\"13\"><span class=\"versanumer_2007\">13<\/span><\/a> Br\u00e9fin voru s\u00ed\u00f0an send me\u00f0 hra\u00f0bo\u00f0um til allra h\u00e9ra\u00f0a konungsr\u00edkisins. Fyrirm\u00e6lin voru \u00feau a\u00f0 \u00e1 einum degi, \u00ferett\u00e1nda degi t\u00f3lfta m\u00e1na\u00f0arins, m\u00e1na\u00f0arins adar, skyldi ey\u00f0a \u00f6llum Gy\u00f0ingum, dey\u00f0a \u00fe\u00e1 og tort\u00edma \u00feeim, ungum og \u00f6ldnum, jafnt konum sem b\u00f6rnum, en hald skyldi lagt \u00e1 eigur \u00feeirra. <a name=\"14\"><span class=\"versanumer_2007\">14<\/span><\/a> \u00de\u00e1 skyldi einnig gefi\u00f0 \u00fat eftirrit af br\u00e9finu. Lagagildi skyldi \u00fea\u00f0 hafa \u00ed hverju h\u00e9ra\u00f0i og \u00fea\u00f0 birt \u00f6llum \u00fej\u00f3\u00f0unum \u00feannig a\u00f0 \u00fe\u00e6r yr\u00f0u vi\u00f0b\u00fanar \u00feessum degi. <a name=\"15\"><span class=\"versanumer_2007\">15<\/span><\/a> A\u00f0 bo\u00f0i konungs h\u00e9ldu hra\u00f0bo\u00f0ar af sta\u00f0 \u00ed skyndi, jafnskj\u00f3tt og l\u00f6gin h\u00f6f\u00f0u veri\u00f0 kynnt \u00ed virkisborginni S\u00fasa. \u00deeir konungur og Haman settust a\u00f0 drykkju en \u00ed S\u00fasa voru menn felmtri slegnir.<\/p>\n","protected":false},"excerpt":{"rendered":"<p>1 Eftir \u00feennan atbur\u00f0 h\u00e6kka\u00f0i Xerxes konungur Haman, son Hamdata og afkomanda Agags, \u00ed tign, h\u00f3f hann til mikilla metor\u00f0a og setti hann yfir a\u00f0ra h\u00f6f\u00f0ingja s\u00edna. 2 A\u00f0 skipan konungs skyldu allir \u00fej\u00f3nar hans \u00ed hallarhli\u00f0i falla \u00e1 kn\u00e9 og l\u00fata Haman. En Mordeka\u00ed f\u00e9ll hvorki \u00e1 kn\u00e9 n\u00e9 laut honum. 3 \u00de\u00e1 spur\u00f0u \u00fej\u00f3nar konungs \u00ed hallarhli\u00f0i: \u201eHvers vegna hefur\u00f0u skipun konungs a\u00f0 engu?\u201c 4 Dag eftir dag h\u00f6f\u00f0u \u00feeir or\u00f0 \u00e1 \u00feessu en hann skeytti \u00fev\u00ed ekki. \u00deeir s\u00f6g\u00f0u Haman fr\u00e1 \u00feessu til a\u00f0 sj\u00e1 hvort Mordeka\u00ed k\u00e6mist upp me\u00f0 \u00feetta en hann haf\u00f0i sagt \u00feeim a\u00f0 <a href=\"https:\/\/biblian.is\/biblian\/esterarbok-3-kafli\/\"> [&#8230;]<\/a><\/p>\n","protected":false},"author":1,"featured_media":0,"parent":0,"menu_order":0,"comment_status":"open","ping_status":"open","template":"bibliukaflar_NT.php","meta":{"footnotes":""},"class_list":["post-2046","page","type-page","status-publish","hentry"],"_links":{"self":[{"href":"https:\/\/biblian.is\/biblian\/wp-json\/wp\/v2\/pages\/2046","targetHints":{"allow":["GET"]}}],"collection":[{"href":"https:\/\/biblian.is\/biblian\/wp-json\/wp\/v2\/pages"}],"about":[{"href":"https:\/\/biblian.is\/biblian\/wp-json\/wp\/v2\/types\/page"}],"author":[{"embeddable":true,"href":"https:\/\/biblian.is\/biblian\/wp-json\/wp\/v2\/users\/1"}],"replies":[{"embeddable":true,"href":"https:\/\/biblian.is\/biblian\/wp-json\/wp\/v2\/comments?post=2046"}],"version-history":[{"count":0,"href":"https:\/\/biblian.is\/biblian\/wp-json\/wp\/v2\/pages\/2046\/revisions"}],"wp:attachment":[{"href":"https:\/\/biblian.is\/biblian\/wp-json\/wp\/v2\/media?parent=2046"}],"curies":[{"name":"wp","href":"https:\/\/api.w.org\/{rel}","templated":true}]}}